{"id":1070,"date":"2019-12-21T15:30:05","date_gmt":"2019-12-21T13:30:05","guid":{"rendered":"http:\/\/oh2ap.fi\/?page_id=1070"},"modified":"2026-01-05T19:57:45","modified_gmt":"2026-01-05T17:57:45","slug":"perusluokan-viikonloppu-kurssi","status":"publish","type":"page","link":"http:\/\/oh2ap.fi\/?page_id=1070","title":{"rendered":"Perusluokan viikonloppu-kurssi &#8211; esimerkkin\u00e4 2020"},"content":{"rendered":"\n<p>OH2AP j\u00e4rjest\u00e4\u00e4 talvella 2020 perusluokan tutkintoon t\u00e4ht\u00e4\u00e4v\u00e4n viikonloppu-intensiivikurssin niille, joiden ajank\u00e4ytt\u00f6\u00e4 viikolla rajoittaa ansio- tai kouluty\u00f6. Kolmessa viikonlopussa k\u00e4yd\u00e4\u00e4n l\u00e4pi K-moduli (m\u00e4\u00e4r\u00e4ykset) ja T1-moduli (tekniikan perusteet). Kurssit ovat koko p\u00e4iv\u00e4n (6 h.) lauantaina ja sunnuntaina, alustavasti klo 10 &#8211; 17,&nbsp; seuraavasti:<br>\u2013 25-26.1.<br>\u2013 15-16.2.<br>\u2013 29.2. \u2013 1.3.<br>Kurssin lopuksi on mahdollisuus osallistua tutkintoon. Ilmoittautuminen kurssille kerhon s-postiin: \u201doh2ap (at) oh2ap.fi\u201d (osoite p\u00e4ivitetty 02.2024).<\/p>\n\n\n\n<p><a href=\"http:\/\/oh2ap.fi\/wp-content\/uploads\/2019\/12\/Ra-kurssi-talvi-2020-ohjelma-luonnos.pdf\">Ra-kurssi talvi 2020 ohjelma &#8211; luonnos<\/a>&nbsp; . Kurssimateriaalimaksu on 30.- \u20ac , mihin sis\u00e4ltyy kerhon j\u00e4senmaksu. Aikaisemmille kursseille osallistuneilta ei maksua.<\/p>\n","protected":false},"excerpt":{"rendered":"<p>OH2AP j\u00e4rjest\u00e4\u00e4 talvella 2020 perusluokan tutkintoon t\u00e4ht\u00e4\u00e4v\u00e4n viikonloppu-intensiivikurssin niille, joiden ajank\u00e4ytt\u00f6\u00e4 viikolla rajoittaa ansio- tai kouluty\u00f6. Kolmessa viikonlopussa k\u00e4yd\u00e4\u00e4n l\u00e4pi K-moduli (m\u00e4\u00e4r\u00e4ykset) ja T1-moduli (tekniikan perusteet). Kurssit ovat koko p\u00e4iv\u00e4n (6 h.) lauantaina ja sunnuntaina, alustavasti klo 10 &#8211; 17,&nbsp; seuraavasti:\u2013 25-26.1.\u2013 15-16.2.\u2013 29.2. \u2013 1.3.Kurssin lopuksi on mahdollisuus osallistua tutkintoon. Ilmoittautuminen kurssille kerhon s-postiin: [&hellip;]<\/p>\n","protected":false},"author":8,"featured_media":0,"parent":593,"menu_order":3,"comment_status":"closed","ping_status":"closed","template":"page-templates\/full-width.php","meta":{"footnotes":""},"class_list":["post-1070","page","type-page","status-publish","hentry"],"_links":{"self":[{"href":"http:\/\/oh2ap.fi\/index.php?rest_route=\/wp\/v2\/pages\/1070","targetHints":{"allow":["GET"]}}],"collection":[{"href":"http:\/\/oh2ap.fi\/index.php?rest_route=\/wp\/v2\/pages"}],"about":[{"href":"http:\/\/oh2ap.fi\/index.php?rest_route=\/wp\/v2\/types\/page"}],"author":[{"embeddable":true,"href":"http:\/\/oh2ap.fi\/index.php?rest_route=\/wp\/v2\/users\/8"}],"replies":[{"embeddable":true,"href":"http:\/\/oh2ap.fi\/index.php?rest_route=%2Fwp%2Fv2%2Fcomments&post=1070"}],"version-history":[{"count":10,"href":"http:\/\/oh2ap.fi\/index.php?rest_route=\/wp\/v2\/pages\/1070\/revisions"}],"predecessor-version":[{"id":5228,"href":"http:\/\/oh2ap.fi\/index.php?rest_route=\/wp\/v2\/pages\/1070\/revisions\/5228"}],"up":[{"embeddable":true,"href":"http:\/\/oh2ap.fi\/index.php?rest_route=\/wp\/v2\/pages\/593"}],"wp:attachment":[{"href":"http:\/\/oh2ap.fi\/index.php?rest_route=%2Fwp%2Fv2%2Fmedia&parent=1070"}],"curies":[{"name":"wp","href":"https:\/\/api.w.org\/{rel}","templated":true}]}}