{"id":2707,"date":"2023-11-30T11:51:32","date_gmt":"2023-11-30T09:51:32","guid":{"rendered":"http:\/\/oh2ap.fi\/?page_id=2707"},"modified":"2026-02-18T17:00:52","modified_gmt":"2026-02-18T15:00:52","slug":"qsl-korttipalvelu","status":"publish","type":"page","link":"http:\/\/oh2ap.fi\/?page_id=2707","title":{"rendered":"QSL-korttipalvelu"},"content":{"rendered":"<p>Kun olet kerhon ja SRAL:n j\u00e4sen, voit halutessasi pyyt\u00e4\u00e4 SRAL:n t\u00e4m\u00e4n piirin QSL-manageria toimittamaan tulevat korttisi kerholle, mist\u00e4 ne ovat noudettavissa korttihyllyk\u00f6n omasta lokerostasi. L\u00e4htev\u00e4t QSL-korttisi voit tuoda kerholle, mist\u00e4 ne toimitetaan SRAL:n QSL-palveluun edelleen l\u00e4hetett\u00e4viksi.<\/p>\n<p>Jos haluat omat QSL-korttisi n\u00e4in kerhon palvelun kautta, ole yhteydess\u00e4 kerhon QSL-manageriin: Markku Malinen, OH2CTS.\u00a0\u00a0 (omakutsu &#8221;\u00e4t&#8221; oh2ap piste fi )<\/p>\n<p>QSL-korttien suunnitteluun ja painattamiseen saat neuvoja kerholaisilta: kysy Markulta.<\/p>\n<h2>&#8217;Geneerinen&#8217; QSL-kortti uusille amat\u00f6\u00f6reille<\/h2>\n<p>Kerho on hankkinut nipun &#8217;geneerisi\u00e4&#8217; QSL-kortteja niille amat\u00f6\u00f6reille, joilla ei viel\u00e4 ole omaa QSL-korttia. Korttiin laitetaan k\u00e4sin kirjoittaen tai tarroina oma kutsu etupuolelle sek\u00e4 omat tiedot, vasta-aseman tunnus ja yhteyden tiedot k\u00e4\u00e4nt\u00f6puolelle .<\/p>\n<p>Kortteja saa tarvittaessa kerholta hintaan 1 \u20ac \/10 kpl.\u00a0 T\u00e4ss\u00e4 kuva:\u00a0<\/p>\n\n\n<figure class=\"wp-block-image size-large\"><a href=\"http:\/\/oh2ap.fi\/wp-content\/uploads\/2024\/11\/generic_qsl_card.jpg\" data-rel=\"lightbox-image-0\" data-rl_title=\"\" data-rl_caption=\"\" title=\"\"><img loading=\"lazy\" decoding=\"async\" width=\"805\" height=\"1024\" src=\"http:\/\/oh2ap.fi\/wp-content\/uploads\/2024\/11\/generic_qsl_card-805x1024.jpg\" alt=\"\" class=\"wp-image-3372\" srcset=\"http:\/\/oh2ap.fi\/wp-content\/uploads\/2024\/11\/generic_qsl_card-805x1024.jpg 805w, http:\/\/oh2ap.fi\/wp-content\/uploads\/2024\/11\/generic_qsl_card-236x300.jpg 236w, http:\/\/oh2ap.fi\/wp-content\/uploads\/2024\/11\/generic_qsl_card-768x977.jpg 768w, http:\/\/oh2ap.fi\/wp-content\/uploads\/2024\/11\/generic_qsl_card-1207x1536.jpg 1207w, http:\/\/oh2ap.fi\/wp-content\/uploads\/2024\/11\/generic_qsl_card-1610x2048.jpg 1610w, http:\/\/oh2ap.fi\/wp-content\/uploads\/2024\/11\/generic_qsl_card-624x794.jpg 624w, http:\/\/oh2ap.fi\/wp-content\/uploads\/2024\/11\/generic_qsl_card.jpg 1709w\" sizes=\"auto, (max-width: 805px) 100vw, 805px\" \/><\/a><\/figure>\n","protected":false},"excerpt":{"rendered":"<p>Kun olet kerhon ja SRAL:n j\u00e4sen, voit halutessasi pyyt\u00e4\u00e4 SRAL:n t\u00e4m\u00e4n piirin QSL-manageria toimittamaan tulevat korttisi kerholle, mist\u00e4 ne ovat noudettavissa korttihyllyk\u00f6n omasta lokerostasi. L\u00e4htev\u00e4t QSL-korttisi voit tuoda kerholle, mist\u00e4 ne toimitetaan SRAL:n QSL-palveluun edelleen l\u00e4hetett\u00e4viksi. Jos haluat omat QSL-korttisi n\u00e4in kerhon palvelun kautta, ole yhteydess\u00e4 kerhon QSL-manageriin: Markku Malinen, OH2CTS.\u00a0\u00a0 (omakutsu &#8221;\u00e4t&#8221; oh2ap piste [&hellip;]<\/p>\n","protected":false},"author":8,"featured_media":0,"parent":6,"menu_order":4,"comment_status":"closed","ping_status":"closed","template":"page-templates\/full-width.php","meta":{"footnotes":""},"class_list":["post-2707","page","type-page","status-publish","hentry"],"_links":{"self":[{"href":"http:\/\/oh2ap.fi\/index.php?rest_route=\/wp\/v2\/pages\/2707","targetHints":{"allow":["GET"]}}],"collection":[{"href":"http:\/\/oh2ap.fi\/index.php?rest_route=\/wp\/v2\/pages"}],"about":[{"href":"http:\/\/oh2ap.fi\/index.php?rest_route=\/wp\/v2\/types\/page"}],"author":[{"embeddable":true,"href":"http:\/\/oh2ap.fi\/index.php?rest_route=\/wp\/v2\/users\/8"}],"replies":[{"embeddable":true,"href":"http:\/\/oh2ap.fi\/index.php?rest_route=%2Fwp%2Fv2%2Fcomments&post=2707"}],"version-history":[{"count":20,"href":"http:\/\/oh2ap.fi\/index.php?rest_route=\/wp\/v2\/pages\/2707\/revisions"}],"predecessor-version":[{"id":5324,"href":"http:\/\/oh2ap.fi\/index.php?rest_route=\/wp\/v2\/pages\/2707\/revisions\/5324"}],"up":[{"embeddable":true,"href":"http:\/\/oh2ap.fi\/index.php?rest_route=\/wp\/v2\/pages\/6"}],"wp:attachment":[{"href":"http:\/\/oh2ap.fi\/index.php?rest_route=%2Fwp%2Fv2%2Fmedia&parent=2707"}],"curies":[{"name":"wp","href":"https:\/\/api.w.org\/{rel}","templated":true}]}}