{"id":660,"date":"2017-03-28T16:34:13","date_gmt":"2017-03-28T13:34:13","guid":{"rendered":"http:\/\/oh2ap.fi\/?page_id=660"},"modified":"2025-11-03T12:43:19","modified_gmt":"2025-11-03T10:43:19","slug":"vanhoja-bc-radioita","status":"publish","type":"page","link":"http:\/\/oh2ap.fi\/?page_id=660","title":{"rendered":"Vanhoja bc-radioita"},"content":{"rendered":"\n<p><style type=\"text\/css\">\n\t<!-- @page { margin: 2cm } P { margin-bottom: 0.21cm } A:link { so-language: zxx } --><br \/>\t<\/style><\/p>\n\n\n\n<p>Jarmo OH2GJL on l\u00f6yt\u00e4nyt kiinnostavan sarjan kuvia vanhoista radioista &#8211; oluttuopin alusissa.<\/p>\n\n\n\n<p>Radio Hamburg on koonnut sarjan kuvia upeista vanhoista saksalaisista radioista \u2013 &#8217;Sammlung der tollen alten Radios&#8217; . Vanhimpana kuvassa on vuoden 1924 yksiputkinen vastaanotin \u2013 samoilta vuosilta jolloin Suomessa kokeiltiin ensimm\u00e4isi\u00e4 &#8217;yleisradiol\u00e4hetyksi\u00e4&#8217; . Uusimpana joukosta on vuoden 1955 Nordmende, joka muodoltaan on jo sit\u00e4, mit\u00e4 meist\u00e4 vanhimpien lapsuudenkodissa oli uutisten, s\u00e4\u00e4tiedotuksen ja Lauantain Toivottujen kuuntelemista varten.<\/p>\n\n\n\n<p>K\u00e4\u00e4nt\u00f6puolelta l\u00f6ytyy tuttua hevosaiheista kuvitusta..<\/p>\n\n\n\n<figure class=\"wp-block-gallery has-nested-images columns-4 is-cropped wp-block-gallery-1 is-layout-flex wp-block-gallery-is-layout-flex\">\n<figure class=\"wp-block-image size-large\"><img loading=\"lazy\" decoding=\"async\" width=\"1024\" height=\"1024\" data-id=\"634\" src=\"https:\/\/oh2ap.fi\/wp-content\/uploads\/2017\/03\/Holsten-Owin-R52G-1933-1024x1024.jpg\" alt=\"\" class=\"wp-image-634\" srcset=\"http:\/\/oh2ap.fi\/wp-content\/uploads\/2017\/03\/Holsten-Owin-R52G-1933-1024x1024.jpg 1024w, http:\/\/oh2ap.fi\/wp-content\/uploads\/2017\/03\/Holsten-Owin-R52G-1933-150x150.jpg 150w, http:\/\/oh2ap.fi\/wp-content\/uploads\/2017\/03\/Holsten-Owin-R52G-1933-300x300.jpg 300w, http:\/\/oh2ap.fi\/wp-content\/uploads\/2017\/03\/Holsten-Owin-R52G-1933-768x767.jpg 768w, http:\/\/oh2ap.fi\/wp-content\/uploads\/2017\/03\/Holsten-Owin-R52G-1933-624x623.jpg 624w, http:\/\/oh2ap.fi\/wp-content\/uploads\/2017\/03\/Holsten-Owin-R52G-1933.jpg 1113w\" sizes=\"auto, (max-width: 1024px) 100vw, 1024px\" \/><\/figure>\n\n\n\n<figure class=\"wp-block-image size-large\"><img loading=\"lazy\" decoding=\"async\" width=\"1006\" height=\"1024\" data-id=\"633\" src=\"https:\/\/oh2ap.fi\/wp-content\/uploads\/2017\/03\/Holsten-Nora-W31-1931-1006x1024.jpg\" alt=\"\" class=\"wp-image-633\" srcset=\"http:\/\/oh2ap.fi\/wp-content\/uploads\/2017\/03\/Holsten-Nora-W31-1931-1006x1024.jpg 1006w, http:\/\/oh2ap.fi\/wp-content\/uploads\/2017\/03\/Holsten-Nora-W31-1931-295x300.jpg 295w, http:\/\/oh2ap.fi\/wp-content\/uploads\/2017\/03\/Holsten-Nora-W31-1931-768x782.jpg 768w, http:\/\/oh2ap.fi\/wp-content\/uploads\/2017\/03\/Holsten-Nora-W31-1931-624x635.jpg 624w, http:\/\/oh2ap.fi\/wp-content\/uploads\/2017\/03\/Holsten-Nora-W31-1931.jpg 1113w\" sizes=\"auto, (max-width: 1006px) 100vw, 1006px\" \/><\/figure>\n\n\n\n<figure class=\"wp-block-image size-large\"><img loading=\"lazy\" decoding=\"async\" width=\"1006\" height=\"1024\" data-id=\"632\" src=\"https:\/\/oh2ap.fi\/wp-content\/uploads\/2017\/03\/Holsten-Saba-H28-1928-1006x1024.jpg\" alt=\"\" class=\"wp-image-632\" srcset=\"http:\/\/oh2ap.fi\/wp-content\/uploads\/2017\/03\/Holsten-Saba-H28-1928-1006x1024.jpg 1006w, http:\/\/oh2ap.fi\/wp-content\/uploads\/2017\/03\/Holsten-Saba-H28-1928-295x300.jpg 295w, http:\/\/oh2ap.fi\/wp-content\/uploads\/2017\/03\/Holsten-Saba-H28-1928-768x782.jpg 768w, http:\/\/oh2ap.fi\/wp-content\/uploads\/2017\/03\/Holsten-Saba-H28-1928-624x635.jpg 624w, http:\/\/oh2ap.fi\/wp-content\/uploads\/2017\/03\/Holsten-Saba-H28-1928.jpg 1113w\" sizes=\"auto, (max-width: 1006px) 100vw, 1006px\" \/><\/figure>\n\n\n\n<figure class=\"wp-block-image size-large\"><img loading=\"lazy\" decoding=\"async\" width=\"1006\" height=\"1024\" data-id=\"631\" src=\"https:\/\/oh2ap.fi\/wp-content\/uploads\/2017\/03\/Holsten-EinRohrEmpfanger-1924-1006x1024.jpg\" alt=\"\" class=\"wp-image-631\" srcset=\"http:\/\/oh2ap.fi\/wp-content\/uploads\/2017\/03\/Holsten-EinRohrEmpfanger-1924-1006x1024.jpg 1006w, http:\/\/oh2ap.fi\/wp-content\/uploads\/2017\/03\/Holsten-EinRohrEmpfanger-1924-295x300.jpg 295w, http:\/\/oh2ap.fi\/wp-content\/uploads\/2017\/03\/Holsten-EinRohrEmpfanger-1924-768x782.jpg 768w, http:\/\/oh2ap.fi\/wp-content\/uploads\/2017\/03\/Holsten-EinRohrEmpfanger-1924-624x635.jpg 624w, http:\/\/oh2ap.fi\/wp-content\/uploads\/2017\/03\/Holsten-EinRohrEmpfanger-1924.jpg 1113w\" sizes=\"auto, (max-width: 1006px) 100vw, 1006px\" \/><\/figure>\n\n\n\n<figure class=\"wp-block-image size-large\"><img loading=\"lazy\" decoding=\"async\" width=\"1024\" height=\"1024\" data-id=\"630\" src=\"https:\/\/oh2ap.fi\/wp-content\/uploads\/2017\/03\/Holsten-k\u00e4\u00e4nt\u00f6puoli-1024x1024.jpg\" alt=\"\" class=\"wp-image-630\" srcset=\"http:\/\/oh2ap.fi\/wp-content\/uploads\/2017\/03\/Holsten-k\u00e4\u00e4nt\u00f6puoli-1024x1024.jpg 1024w, http:\/\/oh2ap.fi\/wp-content\/uploads\/2017\/03\/Holsten-k\u00e4\u00e4nt\u00f6puoli-150x150.jpg 150w, http:\/\/oh2ap.fi\/wp-content\/uploads\/2017\/03\/Holsten-k\u00e4\u00e4nt\u00f6puoli-300x300.jpg 300w, http:\/\/oh2ap.fi\/wp-content\/uploads\/2017\/03\/Holsten-k\u00e4\u00e4nt\u00f6puoli-768x767.jpg 768w, http:\/\/oh2ap.fi\/wp-content\/uploads\/2017\/03\/Holsten-k\u00e4\u00e4nt\u00f6puoli-624x623.jpg 624w, http:\/\/oh2ap.fi\/wp-content\/uploads\/2017\/03\/Holsten-k\u00e4\u00e4nt\u00f6puoli.jpg 1113w\" sizes=\"auto, (max-width: 1024px) 100vw, 1024px\" \/><\/figure>\n\n\n\n<figure class=\"wp-block-image size-large\"><img loading=\"lazy\" decoding=\"async\" width=\"1006\" height=\"1024\" data-id=\"629\" src=\"https:\/\/oh2ap.fi\/wp-content\/uploads\/2017\/03\/Holsten-Nordmende-Carmen-1955-1006x1024.jpg\" alt=\"\" class=\"wp-image-629\" srcset=\"http:\/\/oh2ap.fi\/wp-content\/uploads\/2017\/03\/Holsten-Nordmende-Carmen-1955-1006x1024.jpg 1006w, http:\/\/oh2ap.fi\/wp-content\/uploads\/2017\/03\/Holsten-Nordmende-Carmen-1955-295x300.jpg 295w, http:\/\/oh2ap.fi\/wp-content\/uploads\/2017\/03\/Holsten-Nordmende-Carmen-1955-768x782.jpg 768w, http:\/\/oh2ap.fi\/wp-content\/uploads\/2017\/03\/Holsten-Nordmende-Carmen-1955-624x635.jpg 624w, http:\/\/oh2ap.fi\/wp-content\/uploads\/2017\/03\/Holsten-Nordmende-Carmen-1955.jpg 1113w\" sizes=\"auto, (max-width: 1006px) 100vw, 1006px\" \/><\/figure>\n\n\n\n<figure class=\"wp-block-image size-large\"><img loading=\"lazy\" decoding=\"async\" width=\"1006\" height=\"1024\" data-id=\"628\" src=\"https:\/\/oh2ap.fi\/wp-content\/uploads\/2017\/03\/Holsten-Telefunken-T4347GWK-1948-1006x1024.jpg\" alt=\"\" class=\"wp-image-628\" srcset=\"http:\/\/oh2ap.fi\/wp-content\/uploads\/2017\/03\/Holsten-Telefunken-T4347GWK-1948-1006x1024.jpg 1006w, http:\/\/oh2ap.fi\/wp-content\/uploads\/2017\/03\/Holsten-Telefunken-T4347GWK-1948-295x300.jpg 295w, http:\/\/oh2ap.fi\/wp-content\/uploads\/2017\/03\/Holsten-Telefunken-T4347GWK-1948-768x782.jpg 768w, http:\/\/oh2ap.fi\/wp-content\/uploads\/2017\/03\/Holsten-Telefunken-T4347GWK-1948-624x635.jpg 624w, http:\/\/oh2ap.fi\/wp-content\/uploads\/2017\/03\/Holsten-Telefunken-T4347GWK-1948.jpg 1113w\" sizes=\"auto, (max-width: 1006px) 100vw, 1006px\" \/><\/figure>\n\n\n\n<figure class=\"wp-block-image size-large\"><img loading=\"lazy\" decoding=\"async\" width=\"1019\" height=\"1024\" data-id=\"627\" src=\"https:\/\/oh2ap.fi\/wp-content\/uploads\/2017\/03\/Holsten-Ingelen-Geographie-1939-1019x1024.jpg\" alt=\"\" class=\"wp-image-627\" srcset=\"http:\/\/oh2ap.fi\/wp-content\/uploads\/2017\/03\/Holsten-Ingelen-Geographie-1939-1019x1024.jpg 1019w, http:\/\/oh2ap.fi\/wp-content\/uploads\/2017\/03\/Holsten-Ingelen-Geographie-1939-150x150.jpg 150w, http:\/\/oh2ap.fi\/wp-content\/uploads\/2017\/03\/Holsten-Ingelen-Geographie-1939-298x300.jpg 298w, http:\/\/oh2ap.fi\/wp-content\/uploads\/2017\/03\/Holsten-Ingelen-Geographie-1939-768x772.jpg 768w, http:\/\/oh2ap.fi\/wp-content\/uploads\/2017\/03\/Holsten-Ingelen-Geographie-1939-624x627.jpg 624w, http:\/\/oh2ap.fi\/wp-content\/uploads\/2017\/03\/Holsten-Ingelen-Geographie-1939.jpg 1127w\" sizes=\"auto, (max-width: 1019px) 100vw, 1019px\" \/><\/figure>\n\n\n\n<figure class=\"wp-block-image size-large\"><img loading=\"lazy\" decoding=\"async\" width=\"1006\" height=\"1024\" data-id=\"626\" src=\"https:\/\/oh2ap.fi\/wp-content\/uploads\/2017\/03\/Holsten-Schaub-Super-229-1938-1006x1024.jpg\" alt=\"\" class=\"wp-image-626\" srcset=\"http:\/\/oh2ap.fi\/wp-content\/uploads\/2017\/03\/Holsten-Schaub-Super-229-1938-1006x1024.jpg 1006w, http:\/\/oh2ap.fi\/wp-content\/uploads\/2017\/03\/Holsten-Schaub-Super-229-1938-295x300.jpg 295w, http:\/\/oh2ap.fi\/wp-content\/uploads\/2017\/03\/Holsten-Schaub-Super-229-1938-768x782.jpg 768w, http:\/\/oh2ap.fi\/wp-content\/uploads\/2017\/03\/Holsten-Schaub-Super-229-1938-624x635.jpg 624w, http:\/\/oh2ap.fi\/wp-content\/uploads\/2017\/03\/Holsten-Schaub-Super-229-1938.jpg 1113w\" sizes=\"auto, (max-width: 1006px) 100vw, 1006px\" \/><\/figure>\n\n\n\n<figure class=\"wp-block-image size-large\"><img loading=\"lazy\" decoding=\"async\" width=\"1006\" height=\"1024\" data-id=\"625\" src=\"https:\/\/oh2ap.fi\/wp-content\/uploads\/2017\/03\/Holsten-Volksempf\u00e4nger-1937-1006x1024.jpg\" alt=\"\" class=\"wp-image-625\" srcset=\"http:\/\/oh2ap.fi\/wp-content\/uploads\/2017\/03\/Holsten-Volksempf\u00e4nger-1937-1006x1024.jpg 1006w, http:\/\/oh2ap.fi\/wp-content\/uploads\/2017\/03\/Holsten-Volksempf\u00e4nger-1937-295x300.jpg 295w, http:\/\/oh2ap.fi\/wp-content\/uploads\/2017\/03\/Holsten-Volksempf\u00e4nger-1937-768x782.jpg 768w, http:\/\/oh2ap.fi\/wp-content\/uploads\/2017\/03\/Holsten-Volksempf\u00e4nger-1937-624x635.jpg 624w, http:\/\/oh2ap.fi\/wp-content\/uploads\/2017\/03\/Holsten-Volksempf\u00e4nger-1937.jpg 1113w\" sizes=\"auto, (max-width: 1006px) 100vw, 1006px\" \/><\/figure>\n\n\n\n<figure class=\"wp-block-image size-large\"><img loading=\"lazy\" decoding=\"async\" width=\"1006\" height=\"1024\" data-id=\"624\" src=\"https:\/\/oh2ap.fi\/wp-content\/uploads\/2017\/03\/Holsten-Loewe-Opta-1937-1006x1024.jpg\" alt=\"\" class=\"wp-image-624\" srcset=\"http:\/\/oh2ap.fi\/wp-content\/uploads\/2017\/03\/Holsten-Loewe-Opta-1937-1006x1024.jpg 1006w, http:\/\/oh2ap.fi\/wp-content\/uploads\/2017\/03\/Holsten-Loewe-Opta-1937-295x300.jpg 295w, http:\/\/oh2ap.fi\/wp-content\/uploads\/2017\/03\/Holsten-Loewe-Opta-1937-768x782.jpg 768w, http:\/\/oh2ap.fi\/wp-content\/uploads\/2017\/03\/Holsten-Loewe-Opta-1937-624x635.jpg 624w, http:\/\/oh2ap.fi\/wp-content\/uploads\/2017\/03\/Holsten-Loewe-Opta-1937.jpg 1113w\" sizes=\"auto, (max-width: 1006px) 100vw, 1006px\" \/><\/figure>\n\n\n\n<figure class=\"wp-block-image size-large\"><img loading=\"lazy\" decoding=\"async\" width=\"1019\" height=\"1024\" data-id=\"623\" src=\"https:\/\/oh2ap.fi\/wp-content\/uploads\/2017\/03\/Holsten-K\u00f6rting-SB3330W-1935-1019x1024.jpg\" alt=\"\" class=\"wp-image-623\" srcset=\"http:\/\/oh2ap.fi\/wp-content\/uploads\/2017\/03\/Holsten-K\u00f6rting-SB3330W-1935-1019x1024.jpg 1019w, http:\/\/oh2ap.fi\/wp-content\/uploads\/2017\/03\/Holsten-K\u00f6rting-SB3330W-1935-150x150.jpg 150w, http:\/\/oh2ap.fi\/wp-content\/uploads\/2017\/03\/Holsten-K\u00f6rting-SB3330W-1935-298x300.jpg 298w, http:\/\/oh2ap.fi\/wp-content\/uploads\/2017\/03\/Holsten-K\u00f6rting-SB3330W-1935-768x772.jpg 768w, http:\/\/oh2ap.fi\/wp-content\/uploads\/2017\/03\/Holsten-K\u00f6rting-SB3330W-1935-624x627.jpg 624w, http:\/\/oh2ap.fi\/wp-content\/uploads\/2017\/03\/Holsten-K\u00f6rting-SB3330W-1935.jpg 1127w\" sizes=\"auto, (max-width: 1019px) 100vw, 1019px\" \/><\/figure>\n\n\n\n<figure class=\"wp-block-image size-large\"><img loading=\"lazy\" decoding=\"async\" width=\"1024\" height=\"1017\" data-id=\"622\" src=\"https:\/\/oh2ap.fi\/wp-content\/uploads\/2017\/03\/Holsten-Seibt-Roland-1933-1024x1017.jpg\" alt=\"\" class=\"wp-image-622\" srcset=\"http:\/\/oh2ap.fi\/wp-content\/uploads\/2017\/03\/Holsten-Seibt-Roland-1933-1024x1017.jpg 1024w, http:\/\/oh2ap.fi\/wp-content\/uploads\/2017\/03\/Holsten-Seibt-Roland-1933-150x150.jpg 150w, http:\/\/oh2ap.fi\/wp-content\/uploads\/2017\/03\/Holsten-Seibt-Roland-1933-300x298.jpg 300w, http:\/\/oh2ap.fi\/wp-content\/uploads\/2017\/03\/Holsten-Seibt-Roland-1933-768x762.jpg 768w, http:\/\/oh2ap.fi\/wp-content\/uploads\/2017\/03\/Holsten-Seibt-Roland-1933-624x620.jpg 624w, http:\/\/oh2ap.fi\/wp-content\/uploads\/2017\/03\/Holsten-Seibt-Roland-1933.jpg 1113w\" sizes=\"auto, (max-width: 1024px) 100vw, 1024px\" \/><\/figure>\n\n\n\n<figure class=\"wp-block-image\"><a href=\"http:\/\/oh2ap.fi\/wp-content\/uploads\/2018\/04\/Tonfunkradio-Violetta-1954.jpg\" data-rel=\"lightbox-image-0\" data-rl_title=\"\" data-rl_caption=\"\" title=\"\"><img loading=\"lazy\" decoding=\"async\" width=\"300\" height=\"297\" data-id=\"849\" src=\"http:\/\/oh2ap.fi\/wp-content\/uploads\/2018\/04\/Tonfunkradio-Violetta-1954-300x297.jpg\" alt=\"\" class=\"wp-image-849\" srcset=\"http:\/\/oh2ap.fi\/wp-content\/uploads\/2018\/04\/Tonfunkradio-Violetta-1954-300x297.jpg 300w, http:\/\/oh2ap.fi\/wp-content\/uploads\/2018\/04\/Tonfunkradio-Violetta-1954-150x150.jpg 150w, http:\/\/oh2ap.fi\/wp-content\/uploads\/2018\/04\/Tonfunkradio-Violetta-1954-768x761.jpg 768w, http:\/\/oh2ap.fi\/wp-content\/uploads\/2018\/04\/Tonfunkradio-Violetta-1954-1024x1015.jpg 1024w, http:\/\/oh2ap.fi\/wp-content\/uploads\/2018\/04\/Tonfunkradio-Violetta-1954-624x618.jpg 624w, http:\/\/oh2ap.fi\/wp-content\/uploads\/2018\/04\/Tonfunkradio-Violetta-1954.jpg 1087w\" sizes=\"auto, (max-width: 300px) 100vw, 300px\" \/><\/a><\/figure>\n\n\n\n<figure class=\"wp-block-image\"><a href=\"http:\/\/oh2ap.fi\/wp-content\/uploads\/2018\/04\/Lorenz-ERNA-426-1926.jpg\" data-rel=\"lightbox-image-1\" data-rl_title=\"\" data-rl_caption=\"\" title=\"\"><img loading=\"lazy\" decoding=\"async\" width=\"300\" height=\"300\" data-id=\"845\" src=\"http:\/\/oh2ap.fi\/wp-content\/uploads\/2018\/04\/Lorenz-ERNA-426-1926-300x300.jpg\" alt=\"\" class=\"wp-image-845\" srcset=\"http:\/\/oh2ap.fi\/wp-content\/uploads\/2018\/04\/Lorenz-ERNA-426-1926-300x300.jpg 300w, http:\/\/oh2ap.fi\/wp-content\/uploads\/2018\/04\/Lorenz-ERNA-426-1926-150x150.jpg 150w, http:\/\/oh2ap.fi\/wp-content\/uploads\/2018\/04\/Lorenz-ERNA-426-1926-768x768.jpg 768w, http:\/\/oh2ap.fi\/wp-content\/uploads\/2018\/04\/Lorenz-ERNA-426-1926-1024x1024.jpg 1024w, http:\/\/oh2ap.fi\/wp-content\/uploads\/2018\/04\/Lorenz-ERNA-426-1926-624x624.jpg 624w, http:\/\/oh2ap.fi\/wp-content\/uploads\/2018\/04\/Lorenz-ERNA-426-1926.jpg 1106w\" sizes=\"auto, (max-width: 300px) 100vw, 300px\" \/><\/a><\/figure>\n\n\n\n<figure class=\"wp-block-image\"><a href=\"http:\/\/oh2ap.fi\/wp-content\/uploads\/2018\/04\/Loewe-Botschafter-1934.jpg\" data-rel=\"lightbox-image-2\" data-rl_title=\"\" data-rl_caption=\"\" title=\"\"><img loading=\"lazy\" decoding=\"async\" width=\"300\" height=\"297\" data-id=\"844\" src=\"http:\/\/oh2ap.fi\/wp-content\/uploads\/2018\/04\/Loewe-Botschafter-1934-300x297.jpg\" alt=\"\" class=\"wp-image-844\" srcset=\"http:\/\/oh2ap.fi\/wp-content\/uploads\/2018\/04\/Loewe-Botschafter-1934-300x297.jpg 300w, http:\/\/oh2ap.fi\/wp-content\/uploads\/2018\/04\/Loewe-Botschafter-1934-150x150.jpg 150w, http:\/\/oh2ap.fi\/wp-content\/uploads\/2018\/04\/Loewe-Botschafter-1934-768x761.jpg 768w, http:\/\/oh2ap.fi\/wp-content\/uploads\/2018\/04\/Loewe-Botschafter-1934-1024x1015.jpg 1024w, http:\/\/oh2ap.fi\/wp-content\/uploads\/2018\/04\/Loewe-Botschafter-1934-624x618.jpg 624w, http:\/\/oh2ap.fi\/wp-content\/uploads\/2018\/04\/Loewe-Botschafter-1934.jpg 1087w\" sizes=\"auto, (max-width: 300px) 100vw, 300px\" \/><\/a><\/figure>\n<\/figure>\n\n\n\n<p><\/p>\n","protected":false},"excerpt":{"rendered":"<p>Jarmo OH2GJL on l\u00f6yt\u00e4nyt kiinnostavan sarjan kuvia vanhoista radioista &#8211; oluttuopin alusissa. Radio Hamburg on koonnut sarjan kuvia upeista vanhoista saksalaisista radioista \u2013 &#8217;Sammlung der tollen alten Radios&#8217; . Vanhimpana kuvassa on vuoden 1924 yksiputkinen vastaanotin \u2013 samoilta vuosilta jolloin Suomessa kokeiltiin ensimm\u00e4isi\u00e4 &#8217;yleisradiol\u00e4hetyksi\u00e4&#8217; . Uusimpana joukosta on vuoden 1955 Nordmende, joka muodoltaan on jo [&hellip;]<\/p>\n","protected":false},"author":8,"featured_media":0,"parent":360,"menu_order":3,"comment_status":"closed","ping_status":"closed","template":"page-templates\/full-width.php","meta":{"footnotes":""},"class_list":["post-660","page","type-page","status-publish","hentry"],"_links":{"self":[{"href":"http:\/\/oh2ap.fi\/index.php?rest_route=\/wp\/v2\/pages\/660","targetHints":{"allow":["GET"]}}],"collection":[{"href":"http:\/\/oh2ap.fi\/index.php?rest_route=\/wp\/v2\/pages"}],"about":[{"href":"http:\/\/oh2ap.fi\/index.php?rest_route=\/wp\/v2\/types\/page"}],"author":[{"embeddable":true,"href":"http:\/\/oh2ap.fi\/index.php?rest_route=\/wp\/v2\/users\/8"}],"replies":[{"embeddable":true,"href":"http:\/\/oh2ap.fi\/index.php?rest_route=%2Fwp%2Fv2%2Fcomments&post=660"}],"version-history":[{"count":7,"href":"http:\/\/oh2ap.fi\/index.php?rest_route=\/wp\/v2\/pages\/660\/revisions"}],"predecessor-version":[{"id":5108,"href":"http:\/\/oh2ap.fi\/index.php?rest_route=\/wp\/v2\/pages\/660\/revisions\/5108"}],"up":[{"embeddable":true,"href":"http:\/\/oh2ap.fi\/index.php?rest_route=\/wp\/v2\/pages\/360"}],"wp:attachment":[{"href":"http:\/\/oh2ap.fi\/index.php?rest_route=%2Fwp%2Fv2%2Fmedia&parent=660"}],"curies":[{"name":"wp","href":"https:\/\/api.w.org\/{rel}","templated":true}]}}