{"id":106,"date":"2015-03-30T17:15:52","date_gmt":"2015-03-30T14:15:52","guid":{"rendered":"http:\/\/oh2ap.fi\/?page_id=106"},"modified":"2026-03-12T23:31:22","modified_gmt":"2026-03-12T21:31:22","slug":"kalenteri-2","status":"publish","type":"page","link":"https:\/\/oh2ap.fi\/?page_id=106","title":{"rendered":"Erikoiskutsut"},"content":{"rendered":"\n<h1 class=\"wp-block-heading\">Erikoiskutsu OF60AP<\/h1>\n\n\n\n<figure class=\"wp-block-image size-large\"><a href=\"https:\/\/oh2ap.fi\/wp-content\/uploads\/2026\/02\/OF60AP.jpg\" data-rel=\"lightbox-image-0\" data-rl_title=\"\" data-rl_caption=\"\" title=\"\"><img loading=\"lazy\" decoding=\"async\" width=\"1024\" height=\"666\" src=\"https:\/\/oh2ap.fi\/wp-content\/uploads\/2026\/02\/OF60AP-1024x666.jpg\" alt=\"\" class=\"wp-image-5328\" srcset=\"https:\/\/oh2ap.fi\/wp-content\/uploads\/2026\/02\/OF60AP-1024x666.jpg 1024w, https:\/\/oh2ap.fi\/wp-content\/uploads\/2026\/02\/OF60AP-300x195.jpg 300w, https:\/\/oh2ap.fi\/wp-content\/uploads\/2026\/02\/OF60AP-768x500.jpg 768w, https:\/\/oh2ap.fi\/wp-content\/uploads\/2026\/02\/OF60AP-1536x999.jpg 1536w, https:\/\/oh2ap.fi\/wp-content\/uploads\/2026\/02\/OF60AP-2048x1332.jpg 2048w, https:\/\/oh2ap.fi\/wp-content\/uploads\/2026\/02\/OF60AP-624x406.jpg 624w\" sizes=\"auto, (max-width: 1024px) 100vw, 1024px\" \/><\/a><\/figure>\n\n\n\n<p>Kerhomme haki 60. toimintavuotensa ajalle 1.1. -31.12.2025 erikoiskutsun OF60AP. Kutsu oli kerhon j\u00e4senten k\u00e4ytett\u00e4viss\u00e4 eri aktiviteetteihin. OH2AP:n nelj\u00e4ll\u00e4 kutsulla pidettiin vuoden mittn yli 33.000 QSO:a. N\u00e4ist\u00e4 yhteyksist\u00e4 eniten pidettiin digimodeilla ja CW:ll\u00e4.<\/p>\n\n\n\n<h1 class=\"wp-block-heading\">OF60AP awardi<\/h1>\n\n\n\n<p>OH2AP-kerhon 60-vuotis-Juhlavuoden 2025 aikana oli radioamat\u00f6\u00f6reill\u00e4 tilaisuus saada awardi yhteyksist\u00e4\u00e4n kerhoasemamme kutsuihin OH2AP, OH2NP, OH2OV ja OF60AP useammalla eri taajuusalueella ja modella.  Awardiluokat olivat Perus (10 pistett\u00e4) Pronssi (20 p.), Hopea (40 p.) ja Kulta (60 pistett\u00e4).<\/p>\n\n\n\n<p>Awardipisteet on nyt laskettu asemien lokitiedoista ja awardit l\u00e4hetetty s\u00e4hk\u00f6postitse vastaanottajilleen. Ellet ole awardiasi saanut s\u00e4hk\u00f6postiisi, ole yhteydess\u00e4 kerhon s\u00e4hk\u00f6postiosoitteeseen <em>oh2ap<\/em> &#8221;\u00e4t&#8221; <em>oh2ap<\/em> &#8221;piste&#8221; <em>fi<\/em>. <\/p>\n\n\n\n<h1 class=\"wp-block-heading\">60-v. aktiviteettiawardi kerhon j\u00e4senille<\/h1>\n\n\n\n<p>Kerhon j\u00e4senet saivat Juhlavuoden aktiviteettiawardin pit\u00e4m\u00e4ll\u00e4 yhteyksi\u00e4 kerhon kutsuilla OF60AP, OH2AP, OH2NP ja OH2OV vuoden 2025 aikana. Awardiluokat olivat Perus (10 pistett\u00e4), Pronssi (20 p.), Hopea (40 p.), Kulta (60 p.) ja &#8217;Mestariluokka&#8217;.<br>Awardien sajat on laskettu lokitiedostoista ja jaossa vastaanottajilleen.<\/p>\n\n\n\n<p><\/p>\n\n\n\n<h1 class=\"wp-block-heading\">Muut erikoiskutsut:<\/h1>\n\n\n\n<h2 class=\"wp-block-heading\">OH2NP<\/h2>\n\n\n\n<figure class=\"wp-block-image\"><img loading=\"lazy\" decoding=\"async\" width=\"300\" height=\"195\" src=\"http:\/\/oh2ap.fi\/wp-content\/uploads\/2019\/10\/OH2NP_qsl_pieni.jpg\" alt=\"\" class=\"wp-image-1033\"\/><\/figure>\n\n\n\n<p><\/p>\n\n\n\n<p>Kerhomme OH2AP perustettiin v.1965 J\u00e4rvenp\u00e4\u00e4ss\u00e4 OM Oke Kaarelan, OH2NP (sk), ex OH6OP, aloitteesta. Oke oli aikanaan my\u00f6s SRAL:n puheenjohtaja ja liiton kunniaj\u00e4sen. OH2AP hankki Oken kutsun kerhon k\u00e4ytt\u00f6\u00f6n muistoasemana erikoistilaisuuksia varten.<\/p>\n\n\n\n<h2 class=\"wp-block-heading\">OH2OV<\/h2>\n\n\n\n<figure class=\"wp-block-image\"><img loading=\"lazy\" decoding=\"async\" width=\"300\" height=\"189\" src=\"http:\/\/oh2ap.fi\/wp-content\/uploads\/2019\/10\/OH2OV-qsl-pieni.jpg\" alt=\"\" class=\"wp-image-1034\"\/><\/figure>\n\n\n\n<p><\/p>\n\n\n\n<p>Erkki Koivukangas OH2OV <span style=\"font-family: Arial;\">(sk)&nbsp;oli kerhon perustajaj\u00e4seni\u00e4 ja aktiivi tukija. Kerhon t\u00e4ytt\u00e4ess\u00e4 40 v.&nbsp; varasimme Erkin kutsun OH2OV k\u00e4ytett\u00e4v\u00e4ksi erikoistilaisuuksissa.<\/span><\/p>\n\n\n\n<h2 class=\"wp-block-heading\">OH100FIN &nbsp; &nbsp; &nbsp;&nbsp; (vain v. 2017)<\/h2>\n\n\n\n<figure class=\"wp-block-image size-medium\"><img loading=\"lazy\" decoding=\"async\" width=\"300\" height=\"195\" src=\"https:\/\/oh2ap.fi\/wp-content\/uploads\/2015\/03\/OH100FINqsl_-f-300x195.jpg\" alt=\"\" class=\"wp-image-620\" srcset=\"https:\/\/oh2ap.fi\/wp-content\/uploads\/2015\/03\/OH100FINqsl_-f-300x195.jpg 300w, https:\/\/oh2ap.fi\/wp-content\/uploads\/2015\/03\/OH100FINqsl_-f-768x500.jpg 768w, https:\/\/oh2ap.fi\/wp-content\/uploads\/2015\/03\/OH100FINqsl_-f-624x406.jpg 624w, https:\/\/oh2ap.fi\/wp-content\/uploads\/2015\/03\/OH100FINqsl_-f.jpg 828w\" sizes=\"auto, (max-width: 300px) 100vw, 300px\" \/><\/figure>\n\n\n\n<p><\/p>\n\n\n\n<p>Kerho varasi v. 2017 ajaksi Itsen\u00e4isyyden Juhlavuoden erikoiskutsun OH100FIN. Kampanjan tuloksena oli 6000 qsoa eri puolille maailmaa. Eniten kutsua pitiv\u00e4t \u00e4\u00e4ness\u00e4 Keke OG55W kuitaten eka sijan luokassaan RSGB DX-kontestissa ja RAEM-2017 Krenkel Memorial-kontestissa ja erikoismaininnan RAI-kontestissa, sek\u00e4 Raili OH2HOD, totaali 5600 yhteytt\u00e4. Jari OH2BU ajoi kutsulla Syysottelun ssb-osassa luokkansa k\u00e4rkituloksen. Kaikille vasta-asemille on l\u00e4htenyt kortti bureaun kautta ja kilpailu-qso&#8217;t on ladattu LotW:iin.<\/p>\n\n\n\n<p>.<\/p>\n\n\n\n<p><\/p>\n\n\n\n<p><\/p>\n","protected":false},"excerpt":{"rendered":"<p>Erikoiskutsu OF60AP Kerhomme haki 60. toimintavuotensa ajalle 1.1. -31.12.2025 erikoiskutsun OF60AP. Kutsu oli kerhon j\u00e4senten k\u00e4ytett\u00e4viss\u00e4 eri aktiviteetteihin. OH2AP:n nelj\u00e4ll\u00e4 kutsulla pidettiin vuoden mittn yli 33.000 QSO:a. N\u00e4ist\u00e4 yhteyksist\u00e4 eniten pidettiin digimodeilla ja CW:ll\u00e4. OF60AP awardi OH2AP-kerhon 60-vuotis-Juhlavuoden 2025 aikana oli radioamat\u00f6\u00f6reill\u00e4 tilaisuus saada awardi yhteyksist\u00e4\u00e4n kerhoasemamme kutsuihin OH2AP, OH2NP, OH2OV ja OF60AP useammalla eri [&hellip;]<\/p>\n","protected":false},"author":8,"featured_media":0,"parent":6,"menu_order":3,"comment_status":"closed","ping_status":"closed","template":"page-templates\/full-width.php","meta":{"footnotes":""},"class_list":["post-106","page","type-page","status-publish","hentry"],"_links":{"self":[{"href":"https:\/\/oh2ap.fi\/index.php?rest_route=\/wp\/v2\/pages\/106","targetHints":{"allow":["GET"]}}],"collection":[{"href":"https:\/\/oh2ap.fi\/index.php?rest_route=\/wp\/v2\/pages"}],"about":[{"href":"https:\/\/oh2ap.fi\/index.php?rest_route=\/wp\/v2\/types\/page"}],"author":[{"embeddable":true,"href":"https:\/\/oh2ap.fi\/index.php?rest_route=\/wp\/v2\/users\/8"}],"replies":[{"embeddable":true,"href":"https:\/\/oh2ap.fi\/index.php?rest_route=%2Fwp%2Fv2%2Fcomments&post=106"}],"version-history":[{"count":57,"href":"https:\/\/oh2ap.fi\/index.php?rest_route=\/wp\/v2\/pages\/106\/revisions"}],"predecessor-version":[{"id":5387,"href":"https:\/\/oh2ap.fi\/index.php?rest_route=\/wp\/v2\/pages\/106\/revisions\/5387"}],"up":[{"embeddable":true,"href":"https:\/\/oh2ap.fi\/index.php?rest_route=\/wp\/v2\/pages\/6"}],"wp:attachment":[{"href":"https:\/\/oh2ap.fi\/index.php?rest_route=%2Fwp%2Fv2%2Fmedia&parent=106"}],"curies":[{"name":"wp","href":"https:\/\/api.w.org\/{rel}","templated":true}]}}