{"id":1087,"date":"2019-12-25T16:22:46","date_gmt":"2019-12-25T14:22:46","guid":{"rendered":"http:\/\/oh2ap.fi\/?page_id=1087"},"modified":"2022-05-19T21:35:13","modified_gmt":"2022-05-19T18:35:13","slug":"jaksoajastin","status":"publish","type":"page","link":"https:\/\/oh2ap.fi\/?page_id=1087","title":{"rendered":"Jaksoajastin (sequencer)"},"content":{"rendered":"<p lang=\"fi-FI\"><span style=\"color: #000000;\"><span style=\"font-family: Arial, sans-serif;\"><span style=\"font-size: medium;\">Ajastimia tarvitaan toimintojen ketjutukseen esimerkiksi linukoiden ohjaamisessa. <\/span><\/span><\/span><span style=\"color: #000000;\"><span style=\"font-family: Arial, sans-serif;\"><span style=\"font-size: medium;\">Tapahtumaketju voisi n\u00e4ytt\u00e4\u00e4 seuraavalta: Kun tangenttia painetaan, ensin sam<\/span><\/span><\/span><span style=\"color: #000000;\"><span style=\"font-family: Arial, sans-serif;\"><span style=\"font-size: medium;\">mutetaan virta esivahvistimelta. Sitten kytket\u00e4\u00e4n vastaanoton \/ l\u00e4hetyksen koak<\/span><\/span><\/span><span style=\"color: #000000;\"><span style=\"font-family: Arial, sans-serif;\"><span style=\"font-size: medium;\">siaalireleet l\u00e4hetysasentoon. Kytket\u00e4\u00e4n j\u00e4nnite linukkaan ja viimeiseksi linukan <\/span><\/span><\/span><span style=\"color: #000000;\"><span style=\"font-family: Arial, sans-serif;\"><span style=\"font-size: medium;\">bias-j\u00e4nnitteet. Tangentin vapautuessa toimintaketju puretaan p\u00e4invastaisessa j\u00e4rjestyksess\u00e4.<\/span><\/span><\/span><\/p>\n<p lang=\"fi-FI\">Kari OH2NFZ<\/p>\n<p lang=\"fi-FI\"><a href=\"http:\/\/oh2ap.fi\/wp-content\/uploads\/2019\/12\/OH2NFZ_Jaksoajastin.pdf\">OH2NFZ_Jaksoajastin kuvaus<\/a>\u00a0\u00a0\u00a0\u00a0\u00a0 <a href=\"http:\/\/oh2ap.fi\/wp-content\/uploads\/2019\/12\/OH2NFZ_Jaksoajastin_piirikaavio.png\" data-rel=\"lightbox-image-0\" data-rl_title=\"\" data-rl_caption=\"\" title=\"\"><img loading=\"lazy\" decoding=\"async\" class=\"alignnone wp-image-1092\" src=\"http:\/\/oh2ap.fi\/wp-content\/uploads\/2019\/12\/OH2NFZ_Jaksoajastin_piirikaavio-300x207.png\" alt=\"\" width=\"119\" height=\"82\" srcset=\"https:\/\/oh2ap.fi\/wp-content\/uploads\/2019\/12\/OH2NFZ_Jaksoajastin_piirikaavio-300x207.png 300w, https:\/\/oh2ap.fi\/wp-content\/uploads\/2019\/12\/OH2NFZ_Jaksoajastin_piirikaavio-768x529.png 768w, https:\/\/oh2ap.fi\/wp-content\/uploads\/2019\/12\/OH2NFZ_Jaksoajastin_piirikaavio-1024x705.png 1024w, https:\/\/oh2ap.fi\/wp-content\/uploads\/2019\/12\/OH2NFZ_Jaksoajastin_piirikaavio-624x430.png 624w\" sizes=\"auto, (max-width: 119px) 100vw, 119px\" \/><\/a>\u00a0\u00a0\u00a0\u00a0 <a href=\"http:\/\/oh2ap.fi\/wp-content\/uploads\/2019\/12\/OH2NFZ_Jaksoajastin_-valotusmaski.png\" data-rel=\"lightbox-image-1\" data-rl_title=\"\" data-rl_caption=\"\" title=\"\"><img loading=\"lazy\" decoding=\"async\" class=\"alignnone wp-image-1093\" src=\"http:\/\/oh2ap.fi\/wp-content\/uploads\/2019\/12\/OH2NFZ_Jaksoajastin_-valotusmaski-218x300.png\" alt=\"\" width=\"88\" height=\"121\" srcset=\"https:\/\/oh2ap.fi\/wp-content\/uploads\/2019\/12\/OH2NFZ_Jaksoajastin_-valotusmaski-218x300.png 218w, https:\/\/oh2ap.fi\/wp-content\/uploads\/2019\/12\/OH2NFZ_Jaksoajastin_-valotusmaski-768x1057.png 768w, https:\/\/oh2ap.fi\/wp-content\/uploads\/2019\/12\/OH2NFZ_Jaksoajastin_-valotusmaski-744x1024.png 744w, https:\/\/oh2ap.fi\/wp-content\/uploads\/2019\/12\/OH2NFZ_Jaksoajastin_-valotusmaski-624x859.png 624w, https:\/\/oh2ap.fi\/wp-content\/uploads\/2019\/12\/OH2NFZ_Jaksoajastin_-valotusmaski.png 1727w\" sizes=\"auto, (max-width: 88px) 100vw, 88px\" \/><\/a>\u00a0\u00a0\u00a0 <a href=\"http:\/\/oh2ap.fi\/wp-content\/uploads\/2019\/12\/OH2NFZ_Jaksoajastin_kuva_med.jpg\" data-rel=\"lightbox-image-2\" data-rl_title=\"\" data-rl_caption=\"\" title=\"\"><img loading=\"lazy\" decoding=\"async\" class=\"alignnone wp-image-1094\" src=\"http:\/\/oh2ap.fi\/wp-content\/uploads\/2019\/12\/OH2NFZ_Jaksoajastin_kuva_med-300x200.jpg\" alt=\"\" width=\"126\" height=\"84\" srcset=\"https:\/\/oh2ap.fi\/wp-content\/uploads\/2019\/12\/OH2NFZ_Jaksoajastin_kuva_med-300x200.jpg 300w, https:\/\/oh2ap.fi\/wp-content\/uploads\/2019\/12\/OH2NFZ_Jaksoajastin_kuva_med-768x511.jpg 768w, https:\/\/oh2ap.fi\/wp-content\/uploads\/2019\/12\/OH2NFZ_Jaksoajastin_kuva_med-624x416.jpg 624w, https:\/\/oh2ap.fi\/wp-content\/uploads\/2019\/12\/OH2NFZ_Jaksoajastin_kuva_med.jpg 1000w\" sizes=\"auto, (max-width: 126px) 100vw, 126px\" \/><\/a><\/p>\n<p lang=\"fi-FI\">Huom: Webbisivua varten kuvien kokoa on pienennetty. Alkuper\u00e4isen kokoisen kuvan esim. piirilevyn tekoa varten saa OH2AP:lta tai kirjoittajalta.<\/p>\n","protected":false},"excerpt":{"rendered":"<p>Ajastimia tarvitaan toimintojen ketjutukseen esimerkiksi linukoiden ohjaamisessa. Tapahtumaketju voisi n\u00e4ytt\u00e4\u00e4 seuraavalta: Kun tangenttia painetaan, ensin sammutetaan virta esivahvistimelta. Sitten kytket\u00e4\u00e4n vastaanoton \/ l\u00e4hetyksen koaksiaalireleet l\u00e4hetysasentoon. Kytket\u00e4\u00e4n j\u00e4nnite linukkaan ja viimeiseksi linukan bias-j\u00e4nnitteet. Tangentin vapautuessa toimintaketju puretaan p\u00e4invastaisessa j\u00e4rjestyksess\u00e4. Kari OH2NFZ OH2NFZ_Jaksoajastin kuvaus\u00a0\u00a0\u00a0\u00a0\u00a0 \u00a0\u00a0\u00a0\u00a0 \u00a0\u00a0\u00a0 Huom: Webbisivua varten kuvien kokoa on pienennetty. Alkuper\u00e4isen kokoisen kuvan esim. [&hellip;]<\/p>\n","protected":false},"author":8,"featured_media":0,"parent":502,"menu_order":11,"comment_status":"closed","ping_status":"closed","template":"","meta":{"footnotes":""},"class_list":["post-1087","page","type-page","status-publish","hentry"],"_links":{"self":[{"href":"https:\/\/oh2ap.fi\/index.php?rest_route=\/wp\/v2\/pages\/1087","targetHints":{"allow":["GET"]}}],"collection":[{"href":"https:\/\/oh2ap.fi\/index.php?rest_route=\/wp\/v2\/pages"}],"about":[{"href":"https:\/\/oh2ap.fi\/index.php?rest_route=\/wp\/v2\/types\/page"}],"author":[{"embeddable":true,"href":"https:\/\/oh2ap.fi\/index.php?rest_route=\/wp\/v2\/users\/8"}],"replies":[{"embeddable":true,"href":"https:\/\/oh2ap.fi\/index.php?rest_route=%2Fwp%2Fv2%2Fcomments&post=1087"}],"version-history":[{"count":8,"href":"https:\/\/oh2ap.fi\/index.php?rest_route=\/wp\/v2\/pages\/1087\/revisions"}],"predecessor-version":[{"id":1111,"href":"https:\/\/oh2ap.fi\/index.php?rest_route=\/wp\/v2\/pages\/1087\/revisions\/1111"}],"up":[{"embeddable":true,"href":"https:\/\/oh2ap.fi\/index.php?rest_route=\/wp\/v2\/pages\/502"}],"wp:attachment":[{"href":"https:\/\/oh2ap.fi\/index.php?rest_route=%2Fwp%2Fv2%2Fmedia&parent=1087"}],"curies":[{"name":"wp","href":"https:\/\/api.w.org\/{rel}","templated":true}]}}