{"id":1164,"date":"2020-05-19T16:36:37","date_gmt":"2020-05-19T13:36:37","guid":{"rendered":"http:\/\/oh2ap.fi\/?page_id=1164"},"modified":"2026-03-29T18:57:54","modified_gmt":"2026-03-29T15:57:54","slug":"kirpputori","status":"publish","type":"page","link":"https:\/\/oh2ap.fi\/?page_id=1164","title":{"rendered":"Kirpputori"},"content":{"rendered":"\n<p>T\u00e4lt\u00e4 sivulta l\u00f6yd\u00e4t kerhon myyntiin tarjoamia radioamat\u00f6\u00f6rilaitteita ja -tarvikkeita, mm. &#8221;silent key&#8221; -asemien laitteita. Listalla olevialaitteita on p\u00e4\u00e4osin katsottavissa ja kokeiltavissa kerhotilassa, muusta romppeesta voi tiedustella.<\/p>\n\n\n\n<p><em>Huomio:  loput tavarat l\u00e4htev\u00e4t alkukes\u00e4st\u00e4 SRAL:n kes\u00e4leirille, eli pid\u00e4 kiirett\u00e4 ja k\u00e4y katsomassa \/hakemassa haluamasi tavara nyt kerholta !<\/em><\/p>\n\n\n\n<div class=\"wp-block-query is-layout-flow wp-block-query-is-layout-flow\"><ul class=\"list-style-none wp-block-post-template is-layout-flow wp-block-post-template-is-layout-flow\"><li class=\"wp-block-post post-4252 page type-page status-publish hentry\">\n\n<div class=\"wp-block-group\" style=\"padding-top:30px;padding-right:30px;padding-bottom:30px;padding-left:30px\"><div class=\"wp-block-group__inner-container is-layout-flow wp-block-group-is-layout-flow\"><h2 class=\"wp-block-post-title\"><a href=\"https:\/\/oh2ap.fi\/?page_id=4252\" target=\"_self\" >Ky\u00f6stin OH2BFQ laitteita:<\/a><\/h2>\n\n<div class=\"entry-content wp-block-post-content is-layout-flow wp-block-post-content-is-layout-flow\">\n<ul class=\"wp-block-list\">\n<li>Yaesu FT-450D -transceiveri  HF + 6 m<br>Hintapyynt\u00f6 350 \u20ac<\/li>\n\n\n\n<li>Jetfon PC F25 Pro -virtal\u00e4hde  25 A<br>Hintapyynt\u00f6 75 \u20ac<\/li>\n\n\n\n<li>&#8211;pakettina  hp.  400 \u20ac<\/li>\n<\/ul>\n\n\n\n<p><\/p>\n<\/div>\n\n<div class=\"wp-block-post-date\"><time datetime=\"2025-07-29T09:29:24+03:00\">29.7.2025<\/time><\/div><\/div><\/div>\n\n<\/li><li class=\"wp-block-post post-3302 page type-page status-publish hentry\">\n\n<div class=\"wp-block-group\" style=\"padding-top:30px;padding-right:30px;padding-bottom:30px;padding-left:30px\"><div class=\"wp-block-group__inner-container is-layout-flow wp-block-group-is-layout-flow\"><h2 class=\"wp-block-post-title\"><a href=\"https:\/\/oh2ap.fi\/?page_id=3302\" target=\"_self\" >Heikin OH2HCR (sk) laitteita:<\/a><\/h2>\n\n<div class=\"entry-content wp-block-post-content is-layout-flow wp-block-post-content-is-layout-flow\">\n<p>P\u00e4ivitetty 12.3.2026 \/ TA<\/p>\n\n\n\n<h2 class=\"wp-block-heading\"><strong>Antennimasto kalusteineen<\/strong><\/h2>\n\n\n\n<p>VHF-UHF -painotteisesta mastopaketista l\u00f6ytyy:<\/p>\n\n\n\n<ul class=\"wp-block-list\">\n<li>6 m dipolielementti, 2 m yagi-antenni, 70 cm tupla-yagi ja niihin signaalisplitteri, 24 cm pitk\u00e4 yagi, 2 m \/ 70cm yli 3-metrinen vertikaali mastoputken yl\u00e4p\u00e4\u00e4h\u00e4n<\/li>\n<\/ul>\n\n\n\n<p>Maston alaosa on n. 5 m alumiiniristikko, sen yl\u00e4p\u00e4\u00e4h\u00e4n n. 6 m antenniputki Yaesu G-650C rotaattorilla ja rotaattorin ohjaimella sek\u00e4 tukilaakerilla. Antennimaston ristikko-alaosa seisoi maassa ja oli yl\u00e4p\u00e4\u00e4st\u00e4\u00e4n tuettu rivitalon p\u00e4\u00e4tyyn, yl\u00e4osan putki oli pystyss\u00e4 t\u00e4ss\u00e4 ilman haruksia, eli aika &#8221;siisti&#8221; j\u00e4rjestely.<\/p>\n\n\n\n<p><em>Tee tarjous vaikka koko paketista !<\/em><\/p>\n\n\n\n<h2 class=\"wp-block-heading\"><strong>Erillisi\u00e4 antennitarvikkeita<\/strong><\/h2>\n\n\n\n<p>Antennirotaattori Altai, pienemmille antenneille<br>Hintapyynt\u00f6 100 \u20ac<\/p>\n\n\n\n<h2 class=\"wp-block-heading\"><strong>Radiot<\/strong><\/h2>\n\n\n\n<ul class=\"wp-block-list\">\n<li>Kenwood TM-255 C 144 MHz all-mode transceiver<br>Etulevy-modulin kiinnike l\u00f6ys\u00e4, kohinasalpa oikkuilee, n\u00e4yt\u00f6n valo pime\u00e4n\u00e4<br>Hintapyynt\u00f6 80 \u20ac<\/li>\n<\/ul>\n\n\n\n<p><\/p>\n<\/div>\n\n<div class=\"wp-block-post-date\"><time datetime=\"2024-10-23T20:48:12+03:00\">23.10.2024<\/time><\/div><\/div><\/div>\n\n<\/li><li class=\"wp-block-post post-2012 page type-page status-publish hentry\">\n\n<div class=\"wp-block-group\" style=\"padding-top:30px;padding-right:30px;padding-bottom:30px;padding-left:30px\"><div class=\"wp-block-group__inner-container is-layout-flow wp-block-group-is-layout-flow\"><h2 class=\"wp-block-post-title\"><a href=\"https:\/\/oh2ap.fi\/?page_id=2012\" target=\"_self\" >Helgen OH2DY (sk) laitteita<\/a><\/h2>\n\n<div class=\"entry-content wp-block-post-content is-layout-flow wp-block-post-content-is-layout-flow\">\n<p>P\u00e4ivitetty 12.3.2026 \/ TA<\/p>\n\n\n\n<h1 class=\"wp-block-heading\">Mittalaitteita<\/h1>\n\n\n\n<ul class=\"wp-block-list\">\n<li><span style=\"font-size: medium;\">BIRD THRULINE tehomittarin anturimodulit:<\/span><br><span style=\"font-size: medium;\">5W\/400-1000 MHz, 25 W\/400-1000 MHz, 25 W\/100-250 MHz, 500 W\/2-30 MHz<\/span><br><span style=\"font-size: medium;\">1 kpl 80\u20ac <\/span>;  <span style=\"font-size: medium;\">2 kpl 140 \u20ac<\/span>;  <span style=\"font-size: medium;\">3 kpl 180<\/span> \u20ac;  <span style=\"font-size: medium;\">4 kpl: 200 \u20ac\u00a0ja mittari (jossa v\u00e4h\u00e4n h\u00e4ikk\u00e4\u00e4) kaupan p\u00e4\u00e4lle varaosiksi<\/span>.<\/li>\n<\/ul>\n\n\n\n<h1 class=\"wp-block-heading\">Muuta<\/h1>\n\n\n\n<ul class=\"wp-block-list\">\n<li>Nostalgia-putkiradiosetti<br>Hintapyynt\u00f6 10 \u20ac<\/li>\n\n\n\n<li>Yaesu G-650C rotaattorin ohjain<br>Hintapyynt\u00f6 40 \u20ac<\/li>\n\n\n\n<li>Radioputkia\n<ul class=\"wp-block-list\">\n<li>Vastaanotinputket&nbsp;1 \u20ac \/ kpl<\/li>\n\n\n\n<li>L\u00e4hetinputket&nbsp; 5 \u20ac \u2013&nbsp;10 \u20ac \/kpl<\/li>\n<\/ul>\n<\/li>\n<\/ul>\n\n\n\n<p><\/p>\n\n\n\n<p><\/p>\n<\/div>\n\n<div class=\"wp-block-post-date\"><time datetime=\"2022-09-18T18:32:21+03:00\">18.9.2022<\/time><\/div><\/div><\/div>\n\n<\/li><li class=\"wp-block-post post-1166 page type-page status-publish hentry\">\n\n<div class=\"wp-block-group\" style=\"padding-top:30px;padding-right:30px;padding-bottom:30px;padding-left:30px\"><div class=\"wp-block-group__inner-container is-layout-flow wp-block-group-is-layout-flow\"><h2 class=\"wp-block-post-title\"><a href=\"https:\/\/oh2ap.fi\/?page_id=1166\" target=\"_self\" >OH2EC:n (sk) laitteita<\/a><\/h2>\n\n<div class=\"entry-content wp-block-post-content is-layout-flow wp-block-post-content-is-layout-flow\">\n<p>P\u00e4ivitetty 12.3.2026 \/ TA<\/p>\n\n\n\n<h1 class=\"wp-block-heading\">Rigit<\/h1>\n\n\n\n<p>Heathkit HW-101 transceiver &amp; HP-238 virtal\u00e4hde<br>3.5 \/ 7 \/ 14 \/ 21 \/ 28-30 -alueet<br>Hintapyynt\u00f6 50 \u20ac<\/p>\n\n\n\n<p><\/p>\n\n\n\n<p><\/p>\n<\/div>\n\n<div class=\"wp-block-post-date\"><time datetime=\"2020-05-19T16:45:11+03:00\">19.5.2020<\/time><\/div><\/div><\/div>\n\n<\/li><\/ul><\/div>\n","protected":false},"excerpt":{"rendered":"<p>T\u00e4lt\u00e4 sivulta l\u00f6yd\u00e4t kerhon myyntiin tarjoamia radioamat\u00f6\u00f6rilaitteita ja -tarvikkeita, mm. &#8221;silent key&#8221; -asemien laitteita. Listalla olevialaitteita on p\u00e4\u00e4osin katsottavissa ja kokeiltavissa kerhotilassa, muusta romppeesta voi tiedustella. Huomio: loput tavarat l\u00e4htev\u00e4t alkukes\u00e4st\u00e4 SRAL:n kes\u00e4leirille, eli pid\u00e4 kiirett\u00e4 ja k\u00e4y katsomassa \/hakemassa haluamasi tavara nyt kerholta !<\/p>\n","protected":false},"author":8,"featured_media":0,"parent":0,"menu_order":10,"comment_status":"closed","ping_status":"closed","template":"page-templates\/full-width.php","meta":{"footnotes":""},"class_list":["post-1164","page","type-page","status-publish","hentry"],"_links":{"self":[{"href":"https:\/\/oh2ap.fi\/index.php?rest_route=\/wp\/v2\/pages\/1164","targetHints":{"allow":["GET"]}}],"collection":[{"href":"https:\/\/oh2ap.fi\/index.php?rest_route=\/wp\/v2\/pages"}],"about":[{"href":"https:\/\/oh2ap.fi\/index.php?rest_route=\/wp\/v2\/types\/page"}],"author":[{"embeddable":true,"href":"https:\/\/oh2ap.fi\/index.php?rest_route=\/wp\/v2\/users\/8"}],"replies":[{"embeddable":true,"href":"https:\/\/oh2ap.fi\/index.php?rest_route=%2Fwp%2Fv2%2Fcomments&post=1164"}],"version-history":[{"count":13,"href":"https:\/\/oh2ap.fi\/index.php?rest_route=\/wp\/v2\/pages\/1164\/revisions"}],"predecessor-version":[{"id":5412,"href":"https:\/\/oh2ap.fi\/index.php?rest_route=\/wp\/v2\/pages\/1164\/revisions\/5412"}],"wp:attachment":[{"href":"https:\/\/oh2ap.fi\/index.php?rest_route=%2Fwp%2Fv2%2Fmedia&parent=1164"}],"curies":[{"name":"wp","href":"https:\/\/api.w.org\/{rel}","templated":true}]}}