{"id":1659,"date":"2022-01-14T14:03:18","date_gmt":"2022-01-14T12:03:18","guid":{"rendered":"http:\/\/oh2ap.fi\/?page_id=1659"},"modified":"2025-10-29T01:18:34","modified_gmt":"2025-10-28T23:18:34","slug":"magneettiluuppi-antenni","status":"publish","type":"page","link":"https:\/\/oh2ap.fi\/?page_id=1659","title":{"rendered":"Magneettiluuppi-antenni &#8211; OH2BDQ"},"content":{"rendered":"\n<p>T\u00e4h\u00e4n tulee rakennusohjeita magneettiluuppi-antennista.<\/p>\n\n\n\n<p>Rohkaisuksi rakentelijoille alla muutama kuva Matin OH2BDQ&nbsp; 160 \/ 80 \/ .. m luupista.<\/p>\n\n\n\n<p><a href=\"http:\/\/oh2ap.fi\/wp-content\/uploads\/2022\/01\/Matin_Luuppi_1.jpg\" data-rel=\"lightbox-image-0\" data-rl_title=\"\" data-rl_caption=\"\" title=\"\"><img loading=\"lazy\" decoding=\"async\" class=\"alignnone size-medium wp-image-1661\" src=\"http:\/\/oh2ap.fi\/wp-content\/uploads\/2022\/01\/Matin_Luuppi_1-300x169.jpg\" alt=\"\" width=\"300\" height=\"169\" srcset=\"https:\/\/oh2ap.fi\/wp-content\/uploads\/2022\/01\/Matin_Luuppi_1-300x169.jpg 300w, https:\/\/oh2ap.fi\/wp-content\/uploads\/2022\/01\/Matin_Luuppi_1-768x432.jpg 768w, https:\/\/oh2ap.fi\/wp-content\/uploads\/2022\/01\/Matin_Luuppi_1-624x351.jpg 624w, https:\/\/oh2ap.fi\/wp-content\/uploads\/2022\/01\/Matin_Luuppi_1.jpg 800w\" sizes=\"auto, (max-width: 300px) 100vw, 300px\" \/>&nbsp; T\u00e4ss\u00e4 2 kierroksen luuppi &nbsp;&nbsp;&nbsp; <\/a><a href=\"http:\/\/oh2ap.fi\/wp-content\/uploads\/2022\/01\/Matin_luuppi_3.jpg\" data-rel=\"lightbox-image-1\" data-rl_title=\"\" data-rl_caption=\"\" title=\"\"><img loading=\"lazy\" decoding=\"async\" class=\"alignnone size-medium wp-image-1663\" src=\"http:\/\/oh2ap.fi\/wp-content\/uploads\/2022\/01\/Matin_luuppi_3-300x169.jpg\" alt=\"\" width=\"300\" height=\"169\" srcset=\"https:\/\/oh2ap.fi\/wp-content\/uploads\/2022\/01\/Matin_luuppi_3-300x169.jpg 300w, https:\/\/oh2ap.fi\/wp-content\/uploads\/2022\/01\/Matin_luuppi_3-768x432.jpg 768w, https:\/\/oh2ap.fi\/wp-content\/uploads\/2022\/01\/Matin_luuppi_3-624x351.jpg 624w, https:\/\/oh2ap.fi\/wp-content\/uploads\/2022\/01\/Matin_luuppi_3.jpg 800w\" sizes=\"auto, (max-width: 300px) 100vw, 300px\" \/> Luupin vakuumikonkka<\/a><\/p>\n\n\n\n<p><a href=\"http:\/\/oh2ap.fi\/wp-content\/uploads\/2022\/01\/Matin_luuppi_2.jpg\" data-rel=\"lightbox-image-2\" data-rl_title=\"\" data-rl_caption=\"\" title=\"\"><img loading=\"lazy\" decoding=\"async\" class=\"alignnone size-medium wp-image-1662\" src=\"http:\/\/oh2ap.fi\/wp-content\/uploads\/2022\/01\/Matin_luuppi_2-300x169.jpg\" alt=\"\" width=\"300\" height=\"169\" srcset=\"https:\/\/oh2ap.fi\/wp-content\/uploads\/2022\/01\/Matin_luuppi_2-300x169.jpg 300w, https:\/\/oh2ap.fi\/wp-content\/uploads\/2022\/01\/Matin_luuppi_2-768x432.jpg 768w, https:\/\/oh2ap.fi\/wp-content\/uploads\/2022\/01\/Matin_luuppi_2-624x351.jpg 624w, https:\/\/oh2ap.fi\/wp-content\/uploads\/2022\/01\/Matin_luuppi_2.jpg 800w\" sizes=\"auto, (max-width: 300px) 100vw, 300px\" \/> Luupin sy\u00f6tt\u00f6luuppi .<\/a><\/p>\n\n\n\n<p>&nbsp;<\/p>\n\n\n\n<p>Alkajaisiksi t\u00e4h\u00e4n muutama englanninkielinen amat\u00f6\u00f6rirakentajan mag-loop-juttu:\u00a0\u00a0\u00a0\u00a0\u00a0\u00a0\u00a0\u00a0 <a href=\"https:\/\/www.kk5jy.net\/magloop\/\">https:\/\/www.kk5jy.net\/magloop\/<\/a>\u00a0 ;\u00a0 <a href=\"https:\/\/vk3ye.com\/gateway\/noapr99.htm\">https:\/\/vk3ye.com\/gateway\/noapr99.htm<\/a><\/p>\n\n\n\n<p>&nbsp;<\/p>\n","protected":false},"excerpt":{"rendered":"<p>T\u00e4h\u00e4n tulee rakennusohjeita magneettiluuppi-antennista. Rohkaisuksi rakentelijoille alla muutama kuva Matin OH2BDQ&nbsp; 160 \/ 80 \/ .. m luupista. &nbsp; T\u00e4ss\u00e4 2 kierroksen luuppi &nbsp;&nbsp;&nbsp; Luupin vakuumikonkka Luupin sy\u00f6tt\u00f6luuppi . &nbsp; Alkajaisiksi t\u00e4h\u00e4n muutama englanninkielinen amat\u00f6\u00f6rirakentajan mag-loop-juttu:\u00a0\u00a0\u00a0\u00a0\u00a0\u00a0\u00a0\u00a0 https:\/\/www.kk5jy.net\/magloop\/\u00a0 ;\u00a0 https:\/\/vk3ye.com\/gateway\/noapr99.htm &nbsp;<\/p>\n","protected":false},"author":8,"featured_media":0,"parent":502,"menu_order":1,"comment_status":"closed","ping_status":"closed","template":"","meta":{"footnotes":""},"class_list":["post-1659","page","type-page","status-publish","hentry"],"_links":{"self":[{"href":"https:\/\/oh2ap.fi\/index.php?rest_route=\/wp\/v2\/pages\/1659","targetHints":{"allow":["GET"]}}],"collection":[{"href":"https:\/\/oh2ap.fi\/index.php?rest_route=\/wp\/v2\/pages"}],"about":[{"href":"https:\/\/oh2ap.fi\/index.php?rest_route=\/wp\/v2\/types\/page"}],"author":[{"embeddable":true,"href":"https:\/\/oh2ap.fi\/index.php?rest_route=\/wp\/v2\/users\/8"}],"replies":[{"embeddable":true,"href":"https:\/\/oh2ap.fi\/index.php?rest_route=%2Fwp%2Fv2%2Fcomments&post=1659"}],"version-history":[{"count":5,"href":"https:\/\/oh2ap.fi\/index.php?rest_route=\/wp\/v2\/pages\/1659\/revisions"}],"predecessor-version":[{"id":4802,"href":"https:\/\/oh2ap.fi\/index.php?rest_route=\/wp\/v2\/pages\/1659\/revisions\/4802"}],"up":[{"embeddable":true,"href":"https:\/\/oh2ap.fi\/index.php?rest_route=\/wp\/v2\/pages\/502"}],"wp:attachment":[{"href":"https:\/\/oh2ap.fi\/index.php?rest_route=%2Fwp%2Fv2%2Fmedia&parent=1659"}],"curies":[{"name":"wp","href":"https:\/\/api.w.org\/{rel}","templated":true}]}}