{"id":17,"date":"2013-08-03T18:59:23","date_gmt":"2013-08-03T15:59:23","guid":{"rendered":"http:\/\/oh2ap.hosting.evecy.fi\/?page_id=17"},"modified":"2025-11-03T12:39:20","modified_gmt":"2025-11-03T10:39:20","slug":"toistin","status":"publish","type":"page","link":"https:\/\/oh2ap.fi\/?page_id=17","title":{"rendered":"Toistin"},"content":{"rendered":"\n<p><a href=\"http:\/\/automatic.sral.fi\/index.php?p=list&amp;st=283\">OH2RUP<\/a> toistinasema toimii taajuudella 434.650 MHz.<br>Input frequency 432.650 MHz (-2.0 MHz split).&nbsp; Ali\u00e4\u00e4ni CTCSS 118.8Hz<\/p>\n\n\n\n<p>Toistin on hybriditoistin: sek\u00e4 fm- ett\u00e4 DMR-modeille, D-Star -modekin l\u00f6ytyy.<\/p>\n\n\n\n<p>Toistin on taas k\u00e4yt\u00f6ss\u00e4, oltuaan kattoremontin vuoksi suljettuna.<\/p>\n\n\n\n<p>Lis\u00e4tietoa Suomen toistimista l\u00f6yd\u00e4t t\u00e4\u00e4lt\u00e4: <a href=\"http:\/\/automatic.sral.fi\/\" target=\"_blank\" rel=\"noopener\">http:\/\/automatic.sral.fi\/<\/a><\/p>\n","protected":false},"excerpt":{"rendered":"<p>OH2RUP toistinasema toimii taajuudella 434.650 MHz.Input frequency 432.650 MHz (-2.0 MHz split).&nbsp; Ali\u00e4\u00e4ni CTCSS 118.8Hz Toistin on hybriditoistin: sek\u00e4 fm- ett\u00e4 DMR-modeille, D-Star -modekin l\u00f6ytyy. Toistin on taas k\u00e4yt\u00f6ss\u00e4, oltuaan kattoremontin vuoksi suljettuna. Lis\u00e4tietoa Suomen toistimista l\u00f6yd\u00e4t t\u00e4\u00e4lt\u00e4: http:\/\/automatic.sral.fi\/<\/p>\n","protected":false},"author":8,"featured_media":0,"parent":6,"menu_order":3,"comment_status":"closed","ping_status":"closed","template":"page-templates\/full-width.php","meta":{"footnotes":""},"class_list":["post-17","page","type-page","status-publish","hentry"],"_links":{"self":[{"href":"https:\/\/oh2ap.fi\/index.php?rest_route=\/wp\/v2\/pages\/17","targetHints":{"allow":["GET"]}}],"collection":[{"href":"https:\/\/oh2ap.fi\/index.php?rest_route=\/wp\/v2\/pages"}],"about":[{"href":"https:\/\/oh2ap.fi\/index.php?rest_route=\/wp\/v2\/types\/page"}],"author":[{"embeddable":true,"href":"https:\/\/oh2ap.fi\/index.php?rest_route=\/wp\/v2\/users\/8"}],"replies":[{"embeddable":true,"href":"https:\/\/oh2ap.fi\/index.php?rest_route=%2Fwp%2Fv2%2Fcomments&post=17"}],"version-history":[{"count":14,"href":"https:\/\/oh2ap.fi\/index.php?rest_route=\/wp\/v2\/pages\/17\/revisions"}],"predecessor-version":[{"id":5104,"href":"https:\/\/oh2ap.fi\/index.php?rest_route=\/wp\/v2\/pages\/17\/revisions\/5104"}],"up":[{"embeddable":true,"href":"https:\/\/oh2ap.fi\/index.php?rest_route=\/wp\/v2\/pages\/6"}],"wp:attachment":[{"href":"https:\/\/oh2ap.fi\/index.php?rest_route=%2Fwp%2Fv2%2Fmedia&parent=17"}],"curies":[{"name":"wp","href":"https:\/\/api.w.org\/{rel}","templated":true}]}}