{"id":1758,"date":"2022-03-11T11:28:54","date_gmt":"2022-03-11T09:28:54","guid":{"rendered":"http:\/\/oh2ap.fi\/?page_id=1758"},"modified":"2022-05-19T21:32:56","modified_gmt":"2022-05-19T18:32:56","slug":"magneettiluuppiantenni-oh3fr","status":"publish","type":"page","link":"https:\/\/oh2ap.fi\/?page_id=1758","title":{"rendered":"Magneettiluuppiantenni &#8211; OH3FR"},"content":{"rendered":"<div>\n<div>T\u00e4ss\u00e4 esitys 31.3.2022 kerhoillassa:\u00a0\u00a0 <a href=\"http:\/\/oh2ap.fi\/wp-content\/uploads\/2022\/04\/MAGLOOP-OH3FR-032022.pdf\">MAGLOOP OH3FR 032022<\/a><\/div>\n<div>..<\/div>\n<div>..<\/div>\n<\/div>\n<div><\/div>\n<div>Ohessa looppikuvia. Suunnitteluperuste oli 200W tehonkesto ja bandit 80-20m. Mitattu Q-arvo on 80:ll\u00e4 120 ja 20:ll\u00e4 20.\u00a0 Joten siis h\u00e4vi\u00f6it\u00e4 on jonkun verran hopeajuotoksista huolimatta. Monenlaista sy\u00f6tt\u00f6\u00e4 kokeilin, mutta en saanut silmukkasy\u00f6tt\u00f6\u00e4 jostain syyst\u00e4 toimimaan, joten p\u00e4\u00e4dyin lopulta n\u00e4enn\u00e4is-gammaan. SWR on alle 1,2, paitsi 20:ll\u00e4 1,6. Perushuolto alensi jostain syyst\u00e4 yl\u00e4rajataajuutta n 300 kHz, joten 20m bandin loppup\u00e4\u00e4 katosi. Siihen ei tarvittu k\u00e4yt\u00e4nn\u00f6ss\u00e4 kuin vajaan 1pF kapasitanssin kasvu looppipiiriss\u00e4.<\/div>\n<div><\/div>\n<div><\/div>\n<div><a href=\"http:\/\/oh2ap.fi\/wp-content\/uploads\/2022\/03\/OH3KF_magloop_konkka.jpeg\" data-rel=\"lightbox-image-0\" data-rl_title=\"\" data-rl_caption=\"\" title=\"\"><img loading=\"lazy\" decoding=\"async\" class=\"alignnone size-medium wp-image-1760\" src=\"http:\/\/oh2ap.fi\/wp-content\/uploads\/2022\/03\/OH3KF_magloop_konkka-225x300.jpeg\" alt=\"\" width=\"225\" height=\"300\" srcset=\"https:\/\/oh2ap.fi\/wp-content\/uploads\/2022\/03\/OH3KF_magloop_konkka-225x300.jpeg 225w, https:\/\/oh2ap.fi\/wp-content\/uploads\/2022\/03\/OH3KF_magloop_konkka-624x832.jpeg 624w, https:\/\/oh2ap.fi\/wp-content\/uploads\/2022\/03\/OH3KF_magloop_konkka.jpeg 720w\" sizes=\"auto, (max-width: 225px) 100vw, 225px\" \/><\/a><\/div>\n<div><\/div>\n<div>Ekassa kuvassa on s\u00e4\u00e4t\u00f6p\u00f6ntt\u00f6. Osastot pohjalta lukien: Ohjausliitin common-mode-h\u00e4iri\u00f6iden vaimentimineen, k\u00e4\u00e4nt\u00f6moottori h\u00e4iri\u00f6npostopiireineen, eristetty liitosrajapinta konkkaan ja asennonosoittimen vaihteisto sek\u00e4 rajakytkimet, s\u00e4\u00e4t\u00f6konkka 2*30-600p, joka on staattorit sarjassa 15-300p lis\u00e4n\u00e4 80m:n lis\u00e4konkat releineen (keraamisia 10kv 47pF 5kpl rinnan kummankin konkanpuoliskon kanssa). Mahtuu 125mm muoviseen ilmanvaihtoputkeen.<\/div>\n<div><\/div>\n<div><\/div>\n<div><a href=\"http:\/\/oh2ap.fi\/wp-content\/uploads\/2022\/03\/OH3KF_magloop_testi.jpeg\" data-rel=\"lightbox-image-1\" data-rl_title=\"\" data-rl_caption=\"\" title=\"\"><img loading=\"lazy\" decoding=\"async\" class=\"alignnone size-medium wp-image-1762\" src=\"http:\/\/oh2ap.fi\/wp-content\/uploads\/2022\/03\/OH3KF_magloop_testi-225x300.jpeg\" alt=\"\" width=\"225\" height=\"300\" srcset=\"https:\/\/oh2ap.fi\/wp-content\/uploads\/2022\/03\/OH3KF_magloop_testi-225x300.jpeg 225w, https:\/\/oh2ap.fi\/wp-content\/uploads\/2022\/03\/OH3KF_magloop_testi.jpeg 524w\" sizes=\"auto, (max-width: 225px) 100vw, 225px\" \/><\/a><\/div>\n<div><\/div>\n<div>Toinen kuva: Valmis looppi on tehty 18mm kuparisesta vesijohtoputkesta ja sy\u00f6tt\u00f6 on pseudo-gamma ( ei sarjakonkkaa). Keh\u00e4n pituus on 5,3m ja halkaisija hiukan alle 1,7m. Kokoa m\u00e4\u00e4ritteli saatavissa oleva rungon alumiiniputki (170 cm) Sy\u00f6tt\u00f6purkki alhaalla. Siell\u00e4 on N-liitin, common-mode ferriitit ja 20m virityksen mahdollistamiseksi 235p konkka sy\u00f6t\u00f6n ja maan v\u00e4lill\u00e4. Pintak\u00e4sittely tehty metallittomalla pohjamaalilla pariin, kolmeen kertaan ja kaksi kerrosta pintamaalia. Ei juuri erotu ymp\u00e4rist\u00f6st\u00e4 ja peittyy my\u00f6s hyvin pihapuiden\u00a0 taakse. T\u00e4ss\u00e4 kuvassa antenni on &#8221;vesikelin testiss\u00e4&#8221; kes\u00e4ll\u00e4 2020. Siit\u00e4kin veti ihan hyvin, mm. 40m WSPR:ll\u00e4 Etel\u00e4-Afrikka.<\/div>\n<div><\/div>\n<div><\/div>\n<div><a href=\"http:\/\/oh2ap.fi\/wp-content\/uploads\/2022\/03\/OH3KF_magloop_ohjausboksi.jpeg\" data-rel=\"lightbox-image-2\" data-rl_title=\"\" data-rl_caption=\"\" title=\"\"><img loading=\"lazy\" decoding=\"async\" class=\"alignnone size-medium wp-image-1761\" src=\"http:\/\/oh2ap.fi\/wp-content\/uploads\/2022\/03\/OH3KF_magloop_ohjausboksi-300x138.jpeg\" alt=\"\" width=\"300\" height=\"138\" srcset=\"https:\/\/oh2ap.fi\/wp-content\/uploads\/2022\/03\/OH3KF_magloop_ohjausboksi-300x138.jpeg 300w, https:\/\/oh2ap.fi\/wp-content\/uploads\/2022\/03\/OH3KF_magloop_ohjausboksi.jpeg 489w\" sizes=\"auto, (max-width: 300px) 100vw, 300px\" \/><\/a><\/div>\n<div><\/div>\n<div>Viimenen kuva on virityslaite, jolla kauko-ohjataan s\u00e4\u00e4t\u00f6konkkaa. Sen ohjauskaapeli on 8-johtiminen. Sek\u00e4 antennikaapelissa ett\u00e4 ohjauskaapelissa on my\u00f6s alap\u00e4\u00e4ss\u00e4 n 40 kpl 4E2 ferriittihelme\u00e4 poistamaan yhteismuotoista h\u00e4iri\u00f6t\u00e4.<\/div>\n<div>Nyky\u00e4\u00e4n rinkula killuu 8m tilttimatossa Cobwebin alla n 5,5 m korkeudessa ja ylt\u00e4\u00e4 juuri ja juuri peltikaton harjan yli. P\u00e4\u00e4osin se on nyt 80 WSPR antennina sek\u00e4 toisinaan 20:ll\u00e4 samassa tarkoituksessa. V\u00e4h\u00e4n kohiseva. Alabandeilla sill\u00e4 saa ehk\u00e4 enimmill\u00e4\u00e4n 1 s-yksik\u00f6n verran paremman S\/N-suhteen kuin vaakalangoilla. Minulla on muutenkin suhinat kohtuullisen alhaalla, talvisena iltap\u00e4iv\u00e4n\u00e4 160 ja 80 m -95dBm, 60 ja 40 -104, 30\u00a0 -107, 20 ja 17 -114 ja loput jossain -123-128 v\u00e4lill\u00e4, mutta t\u00e4ll\u00e4 saa siis siell\u00e4 alabandeilla muutaman dB:n paremman S\/N-suhteen. Mastossa on ukkosmaadoitus. Eka versio loopista sek\u00e4 vuoti vett\u00e4 sis\u00e4\u00e4n ett\u00e4 ker\u00e4si kondenssivett\u00e4 ja antenni seisoi katolla yhden talven toimimattomana noin puoli litraa vett\u00e4 (j\u00e4\u00e4t\u00e4) s\u00e4\u00e4t\u00f6p\u00f6nt\u00f6ss\u00e4 ja sy\u00f6tt\u00f6kokoksin vesilenkiss\u00e4. N\u00e4m\u00e4 kuvat ovat peruskorjauksen j\u00e4lkeen, jossa paransin tuletusta ja roiskevesisuojaa monella tapaa. Silloin tein my\u00f6s tilttimaston, ett\u00e4 ei tarvitse katolle kiivet\u00e4 en\u00e4\u00e4. Kokonaisuudessaan oli tavattoman opettavainen projekti.<\/div>\n<div><\/div>\n<div>Laitan mukaan pari linkki\u00e4, jotka lukemalla p\u00e4\u00e4see hommassa alkuun.<\/div>\n<div><\/div>\n<div><a href=\"https:\/\/www.qsl.net\/vk5bar\/Small%20Loops%20-%20Mike%20Underhill%20KLT%20&amp;%20BR\/Leigh's%20docs\/The%20Underestimated%20Magnetic%20Loop%20HF%20Antenna_articl.pdf\" target=\"_blank\" rel=\"nofollow noopener noreferrer\">https:\/\/www.qsl.net\/vk5bar\/Small%20Loops%20-%20Mike%20Underhill%20KLT%20&amp;%20BR\/Leigh&#8217;s%20docs\/The%20Underestimated%20Magnetic%20Loop%20HF%20Antenna_articl.pdf<\/a><\/div>\n<div><\/div>\n<div><a href=\"https:\/\/www.nonstopsystems.com\/radio\/frank_radio_antenna_magloop.htm\" target=\"_blank\" rel=\"nofollow noopener noreferrer\">https:\/\/www.nonstopsystems.com\/radio\/frank_radio_antenna_magloop.htm<\/a><\/div>\n<div><\/div>\n<div>\n<div>P\u00e4ivitys:\u00a0 pari linkki\u00e4 lis\u00e4\u00e4 mag-loopeista. Sis\u00e4lt\u00e4v\u00e4t Arduinolla tehdyt ohjaimet ja hyvi\u00e4 vinkkej\u00e4 rakenteista:<\/div>\n<div><\/div>\n<div><a href=\"https:\/\/sites.google.com\/site\/lofturj\/to-automatically-tune-a-magnetic-loop-antenna\" target=\"_blank\" rel=\"noopener\" data-saferedirecturl=\"https:\/\/www.google.com\/url?q=https:\/\/sites.google.com\/site\/lofturj\/to-automatically-tune-a-magnetic-loop-antenna&amp;source=gmail&amp;ust=1647458341025000&amp;usg=AOvVaw2On8_BeYHWxzbFZNuBW999\">https:\/\/sites.google.com\/site\/<wbr \/>lofturj\/to-automatically-tune-<wbr \/>a-magnetic-loop-antenna<\/a><\/div>\n<div><\/div>\n<div><a href=\"https:\/\/www.microfarad.de\/magnetic-loop\/\" target=\"_blank\" rel=\"noopener\" data-saferedirecturl=\"https:\/\/www.google.com\/url?q=https:\/\/www.microfarad.de\/magnetic-loop\/&amp;source=gmail&amp;ust=1647458341025000&amp;usg=AOvVaw0UTej-aMmO0WN1uQH4R2eD\">https:\/\/www.microfarad.de\/<wbr \/>magnetic-loop\/<\/a><\/div>\n<\/div>\n<div><\/div>\n<div>73 de Rauno<\/div>\n<div><\/div>\n<div><\/div>\n<div><\/div>\n","protected":false},"excerpt":{"rendered":"<p>T\u00e4ss\u00e4 esitys 31.3.2022 kerhoillassa:\u00a0\u00a0 MAGLOOP OH3FR 032022 .. .. Ohessa looppikuvia. Suunnitteluperuste oli 200W tehonkesto ja bandit 80-20m. Mitattu Q-arvo on 80:ll\u00e4 120 ja 20:ll\u00e4 20.\u00a0 Joten siis h\u00e4vi\u00f6it\u00e4 on jonkun verran hopeajuotoksista huolimatta. Monenlaista sy\u00f6tt\u00f6\u00e4 kokeilin, mutta en saanut silmukkasy\u00f6tt\u00f6\u00e4 jostain syyst\u00e4 toimimaan, joten p\u00e4\u00e4dyin lopulta n\u00e4enn\u00e4is-gammaan. SWR on alle 1,2, paitsi 20:ll\u00e4 1,6. [&hellip;]<\/p>\n","protected":false},"author":8,"featured_media":0,"parent":502,"menu_order":2,"comment_status":"closed","ping_status":"closed","template":"","meta":{"footnotes":""},"class_list":["post-1758","page","type-page","status-publish","hentry"],"_links":{"self":[{"href":"https:\/\/oh2ap.fi\/index.php?rest_route=\/wp\/v2\/pages\/1758","targetHints":{"allow":["GET"]}}],"collection":[{"href":"https:\/\/oh2ap.fi\/index.php?rest_route=\/wp\/v2\/pages"}],"about":[{"href":"https:\/\/oh2ap.fi\/index.php?rest_route=\/wp\/v2\/types\/page"}],"author":[{"embeddable":true,"href":"https:\/\/oh2ap.fi\/index.php?rest_route=\/wp\/v2\/users\/8"}],"replies":[{"embeddable":true,"href":"https:\/\/oh2ap.fi\/index.php?rest_route=%2Fwp%2Fv2%2Fcomments&post=1758"}],"version-history":[{"count":7,"href":"https:\/\/oh2ap.fi\/index.php?rest_route=\/wp\/v2\/pages\/1758\/revisions"}],"predecessor-version":[{"id":1800,"href":"https:\/\/oh2ap.fi\/index.php?rest_route=\/wp\/v2\/pages\/1758\/revisions\/1800"}],"up":[{"embeddable":true,"href":"https:\/\/oh2ap.fi\/index.php?rest_route=\/wp\/v2\/pages\/502"}],"wp:attachment":[{"href":"https:\/\/oh2ap.fi\/index.php?rest_route=%2Fwp%2Fv2%2Fmedia&parent=1758"}],"curies":[{"name":"wp","href":"https:\/\/api.w.org\/{rel}","templated":true}]}}