{"id":1842,"date":"2022-04-23T17:02:42","date_gmt":"2022-04-23T14:02:42","guid":{"rendered":"http:\/\/oh2ap.fi\/?page_id=1842"},"modified":"2022-05-27T05:48:23","modified_gmt":"2022-05-27T02:48:23","slug":"magluuppi-laskureita-teoriaa-osia","status":"publish","type":"page","link":"https:\/\/oh2ap.fi\/?page_id=1842","title":{"rendered":"MagLuuppi-laskureita, teoriaa, osia"},"content":{"rendered":"<p>Laskureita:\u00a0\u00a0 <a href=\"https:\/\/view.officeapps.live.com\/op\/view.aspx?src=http%3A%2F%2Fwww.saunalahti.fi%2Fhohtola%2Fham%2Fmagnetic-loop-for-80m%2Floop-calculator.xls&amp;wdOrigin=BROWSELINK\" data-saferedirecturl=\"https:\/\/www.google.com\/url?q=https:\/\/view.officeapps.live.com\/op\/view.aspx?src%3Dhttp%253A%252F%252Fwww.saunalahti.fi%252Fhohtola%252Fham%252Fmagnetic-loop-for-80m%252Floop-calculator.xls%26wdOrigin%3DBROWSELINK&amp;source=gmail&amp;ust=1650808154140000&amp;usg=AOvVaw27vi3bd3os3jHdmmGqlFlq\">loop-calculator.xls (live.com)<\/a><\/p>\n<p><a href=\"https:\/\/miguelvaca.github.io\/vk3cpu\/magloop.html\" data-saferedirecturl=\"https:\/\/www.google.com\/url?q=https:\/\/miguelvaca.github.io\/vk3cpu\/magloop.html&amp;source=gmail&amp;ust=1650808154141000&amp;usg=AOvVaw1wfP5xCzdSK_GaC87qFK0E\">VK3CPU Magnetic Loop Antenna Calculator (miguelvaca.github.io)<\/a><\/p>\n<p>Teoriaa:<\/p>\n<p><a href=\"https:\/\/www.nonstopsystems.com\/radio\/frank_radio_antenna_magloop.htm\" data-saferedirecturl=\"https:\/\/www.google.com\/url?q=https:\/\/www.nonstopsystems.com\/radio\/frank_radio_antenna_magloop.htm&amp;source=gmail&amp;ust=1650808154141000&amp;usg=AOvVaw0XrTRKAVB9TJLzEUJBFaUM\">80-20m Mag Loop STL (nonstopsystems.com)<\/a><\/p>\n<p><a href=\"https:\/\/www.nonstopsystems.com\/radio\/pdf-ant\/article-antenna-mag-loop-2.pdf\" data-saferedirecturl=\"https:\/\/www.google.com\/url?q=https:\/\/www.nonstopsystems.com\/radio\/pdf-ant\/article-antenna-mag-loop-2.pdf&amp;source=gmail&amp;ust=1650808154141000&amp;usg=AOvVaw2V7aKRzOx_nOtD7Z0RuZ2u\">The Underestimated Magnetic Loop HF Antenna (nonstopsystems.com)<\/a><\/p>\n<p><a href=\"https:\/\/www.kk5jy.net\/magloop\/\" data-saferedirecturl=\"https:\/\/www.google.com\/url?q=https:\/\/www.kk5jy.net\/magloop\/&amp;source=gmail&amp;ust=1650808154141000&amp;usg=AOvVaw2YS268pOVN_iOrbgAH7Q1B\">KK5JY Small Transmitting Loop Project<\/a><\/p>\n<p><a href=\"https:\/\/www.amateurradio.com\/diy-magnetic-loop-antenna-part-1\/\" data-saferedirecturl=\"https:\/\/www.google.com\/url?q=https:\/\/www.amateurradio.com\/diy-magnetic-loop-antenna-part-1\/&amp;source=gmail&amp;ust=1650808154141000&amp;usg=AOvVaw28yBiXD5KFerpB8PXJ6r7x\">DIY Magnetic Loop Antenna &#8211; Part 1 \u2022 AmateurRadio.com<\/a><\/p>\n<p><a href=\"https:\/\/www.amateurradio.com\/diy-magnetic-loop-antenna-part-2\/\" data-saferedirecturl=\"https:\/\/www.google.com\/url?q=https:\/\/www.amateurradio.com\/diy-magnetic-loop-antenna-part-2\/&amp;source=gmail&amp;ust=1650808154141000&amp;usg=AOvVaw3wYocHnFysGWJOKLvp5JOd\">DIY Magnetic Loop Antenna &#8211; Part 2 \u2022 AmateurRadio.com<\/a><\/p>\n<p><a href=\"https:\/\/www.amateurradio.com\/diy-magnetic-loop-antenna-part-3\/\" data-saferedirecturl=\"https:\/\/www.google.com\/url?q=https:\/\/www.amateurradio.com\/diy-magnetic-loop-antenna-part-3\/&amp;source=gmail&amp;ust=1650808154141000&amp;usg=AOvVaw14YKF8H-CHnSb2Ool_Ar0I\">DIY Magnetic Loop Antenna &#8211; Part 3 \u2022 AmateurRadio.com<\/a><\/p>\n<p>Osia:<\/p>\n<p><a href=\"https:\/\/www.ta1lsx.com\/high-voltage-diy-air-capacitor-for-magnetic-loop-antennas\/\" data-saferedirecturl=\"https:\/\/www.google.com\/url?q=https:\/\/www.ta1lsx.com\/high-voltage-diy-air-capacitor-for-magnetic-loop-antennas\/&amp;source=gmail&amp;ust=1650808154141000&amp;usg=AOvVaw0u6MyRQWu20wqZwLVN9L0X\">High Voltage DIY Butterfly Capacitor For Magnetic Loop Antennas &#8211; TA1LSX<\/a><\/p>\n<p><a href=\"https:\/\/mgs4u.com\/#Vacuum\" data-saferedirecturl=\"https:\/\/www.google.com\/url?q=https:\/\/mgs4u.com\/%23Vacuum&amp;source=gmail&amp;ust=1650808154141000&amp;usg=AOvVaw2BK7AQBsaJHTSMamlNHijZ\">MAX-GAIN SYSTEMS | Fiberglass, RF Connectors &amp; Adapters (mgs4u.com)<\/a><\/p>\n<p>(Tnx Seppo, OH2TQ)<\/p>\n<p>Kondensaattorikauppa OK1TN\u00a0 <a href=\"http:\/\/www.lc-variable.eu\" target=\"_blank\" rel=\"noopener\" data-saferedirecturl=\"https:\/\/www.google.com\/url?q=http:\/\/www.lc-variable.eu&amp;source=gmail&amp;ust=1653705651425000&amp;usg=AOvVaw2BhLo4PvSyKq8aCMSF3kpP\">www.lc-variable.eu<\/a><\/p>\n<div>(tnx Jarmo OH2GJL)<\/div>\n<div class=\"yj6qo\"><\/div>\n<div class=\"adL\"><\/div>\n<div dir=\"ltr\">&#8230;..<\/div>\n<div dir=\"ltr\"><\/div>\n<div dir=\"ltr\">Ohjaimista:<\/div>\n<div dir=\"ltr\"><\/div>\n<div dir=\"ltr\">N\u00e4ihin l\u00f6ytyy ohjausohjelmistoa:<\/div>\n<div dir=\"ltr\"><\/div>\n<div dir=\"ltr\"><a href=\"https:\/\/sites.google.com\/site\/lofturj\/to-automatically-tune-a-magnetic-loop-antenna\" target=\"_blank\" rel=\"noopener\">https:\/\/sites.google.com\/site\/lofturj\/to-automatically-tune-a-magnetic-loop-antenna <\/a><\/div>\n<div dir=\"ltr\">*<\/div>\n<div dir=\"ltr\"><\/div>\n<div dir=\"ltr\">yll\u00e4olevasta osoitteesta linkki hyv\u00e4\u00e4n esitykseen:<\/div>\n<div dir=\"ltr\"><a href=\"https:\/\/docs.google.com\/viewer?a=v&amp;pid=sites&amp;srcid=ZGVmYXVsdGRvbWFpbnxsb2Z0dXJqfGd4OjYzN2FiMjQ5YWJlNTA2MmU\" target=\"_blank\" rel=\"noopener\">https:\/\/docs.google.com\/viewer?a=v&amp;pid=sites&amp;srcid=ZGVmYXVsdGRvbWFpbnxsb2Z0dXJqfGd4OjYzN2FiMjQ5YWJlNTA2MmU<\/a><\/div>\n<div dir=\"ltr\"><\/div>\n<div dir=\"ltr\"><a href=\"https:\/\/github.com\/microfarad-de\/antenna-tuner\" target=\"_blank\" rel=\"noopener\">https:\/\/github.com\/microfarad-de\/antenna-tuner <\/a>*<\/div>\n<div dir=\"ltr\"><\/div>\n<div dir=\"ltr\"><a href=\"https:\/\/www.instructables.com\/Magnetic-Loop-Controller-for-4-Antennas\/\" target=\"_blank\" rel=\"noopener\">https:\/\/www.instructables.com\/Magnetic-Loop-Controller-for-4-Antennas\/<\/a><\/div>\n<div dir=\"ltr\"><\/div>\n<div dir=\"ltr\"><a href=\"https:\/\/gm4wzg.co.uk\/wp\/auto-tuning-magnetic-loop\/\" target=\"_blank\" rel=\"noopener\">https:\/\/gm4wzg.co.uk\/wp\/auto-tuning-magnetic-loop\/<\/a><\/div>\n<div dir=\"ltr\"><\/div>\n<div dir=\"ltr\"><a href=\"https:\/\/github.com\/cinosh07\/VA2SAJ-Magnetic-Loop-Controller\" target=\"_blank\" rel=\"noopener\">https:\/\/github.com\/cinosh07\/VA2SAJ-Magnetic-Loop-Controller<\/a><\/div>\n<div dir=\"ltr\"><\/div>\n<div dir=\"ltr\"><a href=\"https:\/\/www.golb.be\/the-automatic-magnetic-loop-tuner\/\" target=\"_blank\" rel=\"noopener\">https:\/\/www.golb.be\/the-automatic-magnetic-loop-tuner\/<\/a><\/div>\n<div dir=\"ltr\"><\/div>\n<div dir=\"ltr\">Huom:<\/div>\n<div dir=\"ltr\"><\/div>\n<div dir=\"ltr\">Arduino tai Teensy pohjaisista ohjausohjelmista on kokeiltu * merkatut.<\/div>\n<div dir=\"ltr\"><\/div>\n<div dir=\"ltr\"><\/div>\n<div dir=\"ltr\"><\/div>\n<div dir=\"ltr\">K\u00e4sis\u00e4\u00e4t\u00f6iset ohjaimet<\/div>\n<div dir=\"ltr\"><\/div>\n<div dir=\"ltr\"><a href=\"https:\/\/rsars.files.wordpress.com\/2013\/01\/simple-pwm-remote-tuning-control-for-mag-loops-iss-1-31.pdf\" target=\"_blank\" rel=\"noopener\">https:\/\/rsars.files.wordpress.com\/2013\/01\/simple-pwm-remote-tuning-control-for-mag-loops-iss-1-31.pdf<\/a><\/div>\n<div dir=\"ltr\"><\/div>\n<div dir=\"ltr\"><a href=\"http:\/\/vu2ppp.com\/_stepper_motor_drivers_for_mag_loop_antenna\" target=\"_blank\" rel=\"noopener\">http:\/\/vu2ppp.com\/_stepper_motor_drivers_for_mag_loop_antenna<\/a><\/div>\n<div dir=\"ltr\"><\/div>\n<div dir=\"ltr\"><a href=\"https:\/\/www.yo3ggx.ro\/magloop\/PortableMagLoopBuild_v1.0.pdf\" target=\"_blank\" rel=\"noopener\">https:\/\/www.yo3ggx.ro\/magloop\/PortableMagLoopBuild_v1.0.pdf<\/a><\/div>\n<div dir=\"ltr\"><\/div>\n<div dir=\"ltr\">Rakennusohjeita:<\/div>\n<div dir=\"ltr\"><\/div>\n<div dir=\"ltr\"><a href=\"https:\/\/www.on6yc.eu\/make-it......html\" target=\"_blank\" rel=\"noopener\">https:\/\/www.on6yc.eu\/make-it&#8230;&#8230;html <\/a>\/\/ k\u00e4ytt\u00e4\u00e4 Lofturj:in ohjainta<\/div>\n<div dir=\"ltr\"><\/div>\n<div dir=\"ltr\"><a href=\"https:\/\/www.nonstopsystems.com\/radio\/pdf-ant\/article-antenna-mag-loop-PA0KV.pdf\" target=\"_blank\" rel=\"noopener\">https:\/\/www.nonstopsystems.com\/radio\/pdf-ant\/article-antenna-mag-loop-PA0KV.pdf<\/a><\/div>\n<div dir=\"ltr\"><\/div>\n<div dir=\"ltr\"><a href=\"http:\/\/vk2rh.com\/magnetic-loop-antenna-project\/\" target=\"_blank\" rel=\"noopener\">http:\/\/vk2rh.com\/magnetic-loop-antenna-project\/<\/a><\/div>\n<div dir=\"ltr\"><\/div>\n<div dir=\"ltr\">Teoriaa:<\/div>\n<div dir=\"ltr\"><\/div>\n<div dir=\"ltr\"><a href=\"https:\/\/www.qsl.net\/vk5bar\/Small%20Loops%20-%20Mike%20Underhill%20KLT%20&amp;%20BR\/Leigh's%20docs\/The%20Underestimated%20Magnetic%20Loop%20HF%20Antenna_articl.pdf\" target=\"_blank\" rel=\"noopener\">https:\/\/www.qsl.net\/vk5bar\/Small%20Loops%20-%20Mike%20Underhill%20KLT%20&amp;%20BR\/Leigh&#8217;s%20docs\/The%20Underestimated%20Magnetic%20Loop%20HF%20Antenna_articl.pdf<\/a><\/div>\n<div dir=\"ltr\"><\/div>\n<div dir=\"ltr\"><\/div>\n<div dir=\"ltr\">tnx Esa OH2AWG<\/div>\n","protected":false},"excerpt":{"rendered":"<p>Laskureita:\u00a0\u00a0 loop-calculator.xls (live.com) VK3CPU Magnetic Loop Antenna Calculator (miguelvaca.github.io) Teoriaa: 80-20m Mag Loop STL (nonstopsystems.com) The Underestimated Magnetic Loop HF Antenna (nonstopsystems.com) KK5JY Small Transmitting Loop Project DIY Magnetic Loop Antenna &#8211; Part 1 \u2022 AmateurRadio.com DIY Magnetic Loop Antenna &#8211; Part 2 \u2022 AmateurRadio.com DIY Magnetic Loop Antenna &#8211; Part 3 \u2022 AmateurRadio.com Osia: [&hellip;]<\/p>\n","protected":false},"author":8,"featured_media":0,"parent":502,"menu_order":3,"comment_status":"closed","ping_status":"closed","template":"","meta":{"footnotes":""},"class_list":["post-1842","page","type-page","status-publish","hentry"],"_links":{"self":[{"href":"https:\/\/oh2ap.fi\/index.php?rest_route=\/wp\/v2\/pages\/1842","targetHints":{"allow":["GET"]}}],"collection":[{"href":"https:\/\/oh2ap.fi\/index.php?rest_route=\/wp\/v2\/pages"}],"about":[{"href":"https:\/\/oh2ap.fi\/index.php?rest_route=\/wp\/v2\/types\/page"}],"author":[{"embeddable":true,"href":"https:\/\/oh2ap.fi\/index.php?rest_route=\/wp\/v2\/users\/8"}],"replies":[{"embeddable":true,"href":"https:\/\/oh2ap.fi\/index.php?rest_route=%2Fwp%2Fv2%2Fcomments&post=1842"}],"version-history":[{"count":4,"href":"https:\/\/oh2ap.fi\/index.php?rest_route=\/wp\/v2\/pages\/1842\/revisions"}],"predecessor-version":[{"id":1903,"href":"https:\/\/oh2ap.fi\/index.php?rest_route=\/wp\/v2\/pages\/1842\/revisions\/1903"}],"up":[{"embeddable":true,"href":"https:\/\/oh2ap.fi\/index.php?rest_route=\/wp\/v2\/pages\/502"}],"wp:attachment":[{"href":"https:\/\/oh2ap.fi\/index.php?rest_route=%2Fwp%2Fv2%2Fmedia&parent=1842"}],"curies":[{"name":"wp","href":"https:\/\/api.w.org\/{rel}","templated":true}]}}