{"id":2055,"date":"2022-09-29T15:36:08","date_gmt":"2022-09-29T12:36:08","guid":{"rendered":"http:\/\/oh2ap.fi\/?page_id=2055"},"modified":"2022-10-12T07:19:14","modified_gmt":"2022-10-12T04:19:14","slug":"qcx-ja-qdx-radiot-esittely-syysleirilla-2022","status":"publish","type":"page","link":"https:\/\/oh2ap.fi\/?page_id=2055","title":{"rendered":"QCX ja QDX -radiot &#8211; esittely Syysleirill\u00e4 2022"},"content":{"rendered":"<p>T\u00e4ss\u00e4 Esan OH2AWG esitelm\u00e4\u00e4n Syysleirill\u00e4 2022 liittyv\u00e4\u00e4 asiaa:<\/p>\n<div dir=\"ltr\">T\u00e4ss\u00e4 olisi etusivu siihen vanhaan QCX malliin: <a href=\"https:\/\/qrp-labs.com\/qcx.html\" target=\"_blank\" rel=\"noopener\">https:\/\/qrp-labs.com\/qcx.html<\/a><\/div>\n<div dir=\"ltr\"><\/div>\n<div dir=\"ltr\">Siit\u00e4 l\u00f6ytyy kaksi uudempaa versiota jotka ovat myynniss\u00e4:<\/div>\n<div dir=\"ltr\"><\/div>\n<div dir=\"ltr\">QCX+\u00a0 5W CW tranceiver kit : <a href=\"https:\/\/qrp-labs.com\/qcxp.html\" target=\"_blank\" rel=\"noopener\">https:\/\/qrp-labs.com\/qcxp.html<\/a><\/div>\n<div dir=\"ltr\"><\/div>\n<div dir=\"ltr\">QCX-mini\u00a0 5W CW tranceiver kit: <a href=\"https:\/\/qrp-labs.com\/qcxmini.html\" target=\"_blank\" rel=\"noopener\">https:\/\/qrp-labs.com\/qcxmini.html<\/a><\/div>\n<div dir=\"ltr\"><\/div>\n<div dir=\"ltr\">QDX:\u00a0 <a href=\"https:\/\/qrp-labs.com\/qdx.html\" target=\"_blank\" rel=\"noopener\">https:\/\/qrp-labs.com\/qdx.html<\/a><\/div>\n<div dir=\"ltr\"><\/div>\n<div dir=\"ltr\">Jokaisen alta l\u00f6ytyy linkit rakennusohjeisiin (ym.) joita n\u00e4ytettiin.<\/div>\n<div dir=\"ltr\"><\/div>\n<div dir=\"ltr\">QCX+:n viritysohjevideo: <a href=\"https:\/\/www.youtube.com\/watch?v=eN7wER05T-c\" target=\"_blank\" rel=\"noopener\">https:\/\/www.youtube.com\/watch?v=eN7wER05T-c<\/a><\/div>\n<div dir=\"ltr\"><\/div>\n<div dir=\"ltr\">QCX+:n\u00a0 rakentamisvideo: <a href=\"https:\/\/www.youtube.com\/watch?v=Zp4SP9ewXes&amp;t=1570s\" target=\"_blank\" rel=\"noopener\">https:\/\/www.youtube.com\/watch?v=Zp4SP9ewXes&amp;t=1570s<\/a><\/div>\n<div dir=\"ltr\"><\/div>\n<div dir=\"ltr\">QDX videoitakin l\u00f6ytyy, mutta ne mit\u00e4 l\u00f6ysin ovat ilmeisesti<\/div>\n<div dir=\"ltr\">ensimm\u00e4isten versioiden videoita. Nyky\u00e4\u00e4n piirilevyll\u00e4 kaikki SMD<\/div>\n<div dir=\"ltr\">piiirit ja komponentit ovat valmiiksi asennetuja joten homma on helpompaa.<\/div>\n<div dir=\"ltr\"><\/div>\n<div dir=\"ltr\">\n<p>T\u00e4ss\u00e4 linkki QCX:n rakentamisesta: <a class=\"yiv7518349950moz-txt-link-freetext\" href=\"https:\/\/www.youtube.com\/watch?v=Zp4SP9ewXes\" target=\"_blank\" rel=\"nofollow noopener noreferrer\" shape=\"rect\">https:\/\/www.youtube.com\/watch?v=Zp4SP9ewXes<\/a><\/p>\n<p>ja virittelyst\u00e4: <a class=\"yiv7518349950moz-txt-link-freetext\" href=\"https:\/\/www.youtube.com\/watch?v=eN7wER05T-c\" target=\"_blank\" rel=\"nofollow noopener noreferrer\" shape=\"rect\">https:\/\/www.youtube.com\/watch?v=eN7wER05T-c<\/a><\/p>\n<p>Ja QDX:n rakentamisesta: alkaen <a class=\"yiv7518349950moz-txt-link-freetext\" href=\"https:\/\/www.youtube.com\/watch?v=ZT4aUSj5SvA\" target=\"_blank\" rel=\"nofollow noopener noreferrer\" shape=\"rect\">https:\/\/www.youtube.com\/watch?v=ZT4aUSj5SvA<\/a><\/p>\n<p>sek\u00e4 linkki 1-Watter QRPp tranceiveiriin: <b><a class=\"yiv7518349950moz-txt-link-freetext\" href=\"https:\/\/www.kitsandparts.com\/1watter-V3.php\" target=\"_blank\" rel=\"nofollow noopener noreferrer\" shape=\"rect\">https:\/\/www.kitsandparts.com\/1watter-V3.php<\/a><\/b><\/p>\n<\/div>\n","protected":false},"excerpt":{"rendered":"<p>T\u00e4ss\u00e4 Esan OH2AWG esitelm\u00e4\u00e4n Syysleirill\u00e4 2022 liittyv\u00e4\u00e4 asiaa: T\u00e4ss\u00e4 olisi etusivu siihen vanhaan QCX malliin: https:\/\/qrp-labs.com\/qcx.html Siit\u00e4 l\u00f6ytyy kaksi uudempaa versiota jotka ovat myynniss\u00e4: QCX+\u00a0 5W CW tranceiver kit : https:\/\/qrp-labs.com\/qcxp.html QCX-mini\u00a0 5W CW tranceiver kit: https:\/\/qrp-labs.com\/qcxmini.html QDX:\u00a0 https:\/\/qrp-labs.com\/qdx.html Jokaisen alta l\u00f6ytyy linkit rakennusohjeisiin (ym.) joita n\u00e4ytettiin. QCX+:n viritysohjevideo: https:\/\/www.youtube.com\/watch?v=eN7wER05T-c QCX+:n\u00a0 rakentamisvideo: https:\/\/www.youtube.com\/watch?v=Zp4SP9ewXes&amp;t=1570s QDX videoitakin [&hellip;]<\/p>\n","protected":false},"author":8,"featured_media":0,"parent":502,"menu_order":15,"comment_status":"closed","ping_status":"closed","template":"","meta":{"footnotes":""},"class_list":["post-2055","page","type-page","status-publish","hentry"],"_links":{"self":[{"href":"https:\/\/oh2ap.fi\/index.php?rest_route=\/wp\/v2\/pages\/2055","targetHints":{"allow":["GET"]}}],"collection":[{"href":"https:\/\/oh2ap.fi\/index.php?rest_route=\/wp\/v2\/pages"}],"about":[{"href":"https:\/\/oh2ap.fi\/index.php?rest_route=\/wp\/v2\/types\/page"}],"author":[{"embeddable":true,"href":"https:\/\/oh2ap.fi\/index.php?rest_route=\/wp\/v2\/users\/8"}],"replies":[{"embeddable":true,"href":"https:\/\/oh2ap.fi\/index.php?rest_route=%2Fwp%2Fv2%2Fcomments&post=2055"}],"version-history":[{"count":2,"href":"https:\/\/oh2ap.fi\/index.php?rest_route=\/wp\/v2\/pages\/2055\/revisions"}],"predecessor-version":[{"id":2083,"href":"https:\/\/oh2ap.fi\/index.php?rest_route=\/wp\/v2\/pages\/2055\/revisions\/2083"}],"up":[{"embeddable":true,"href":"https:\/\/oh2ap.fi\/index.php?rest_route=\/wp\/v2\/pages\/502"}],"wp:attachment":[{"href":"https:\/\/oh2ap.fi\/index.php?rest_route=%2Fwp%2Fv2%2Fmedia&parent=2055"}],"curies":[{"name":"wp","href":"https:\/\/api.w.org\/{rel}","templated":true}]}}