{"id":2271,"date":"2023-02-13T18:50:40","date_gmt":"2023-02-13T16:50:40","guid":{"rendered":"http:\/\/oh2ap.fi\/?page_id=2271"},"modified":"2023-02-13T18:50:40","modified_gmt":"2023-02-13T16:50:40","slug":"impedanssisovittimista","status":"publish","type":"page","link":"https:\/\/oh2ap.fi\/?page_id=2271","title":{"rendered":"Impedanssisovittimista"},"content":{"rendered":"<p>Impedanssisovittimista eli antennisovittimista (eli &#8217;antennivirittimist\u00e4&#8217;) &#8211; Raunon OH3FR selvitys t\u00e4ss\u00e4:<\/p>\n<p><a href=\"http:\/\/oh2ap.fi\/wp-content\/uploads\/2023\/02\/Impedanssinsovittimista-OH3FR-2023.pdf\">Impedanssinsovittimista OH3FR 2023<\/a><\/p>\n","protected":false},"excerpt":{"rendered":"<p>Impedanssisovittimista eli antennisovittimista (eli &#8217;antennivirittimist\u00e4&#8217;) &#8211; Raunon OH3FR selvitys t\u00e4ss\u00e4: Impedanssinsovittimista OH3FR 2023<\/p>\n","protected":false},"author":8,"featured_media":0,"parent":502,"menu_order":16,"comment_status":"closed","ping_status":"closed","template":"","meta":{"footnotes":""},"class_list":["post-2271","page","type-page","status-publish","hentry"],"_links":{"self":[{"href":"https:\/\/oh2ap.fi\/index.php?rest_route=\/wp\/v2\/pages\/2271","targetHints":{"allow":["GET"]}}],"collection":[{"href":"https:\/\/oh2ap.fi\/index.php?rest_route=\/wp\/v2\/pages"}],"about":[{"href":"https:\/\/oh2ap.fi\/index.php?rest_route=\/wp\/v2\/types\/page"}],"author":[{"embeddable":true,"href":"https:\/\/oh2ap.fi\/index.php?rest_route=\/wp\/v2\/users\/8"}],"replies":[{"embeddable":true,"href":"https:\/\/oh2ap.fi\/index.php?rest_route=%2Fwp%2Fv2%2Fcomments&post=2271"}],"version-history":[{"count":2,"href":"https:\/\/oh2ap.fi\/index.php?rest_route=\/wp\/v2\/pages\/2271\/revisions"}],"predecessor-version":[{"id":2273,"href":"https:\/\/oh2ap.fi\/index.php?rest_route=\/wp\/v2\/pages\/2271\/revisions\/2273"}],"up":[{"embeddable":true,"href":"https:\/\/oh2ap.fi\/index.php?rest_route=\/wp\/v2\/pages\/502"}],"wp:attachment":[{"href":"https:\/\/oh2ap.fi\/index.php?rest_route=%2Fwp%2Fv2%2Fmedia&parent=2271"}],"curies":[{"name":"wp","href":"https:\/\/api.w.org\/{rel}","templated":true}]}}