{"id":2681,"date":"2023-11-22T11:36:36","date_gmt":"2023-11-22T09:36:36","guid":{"rendered":"http:\/\/oh2ap.fi\/?page_id=2681"},"modified":"2023-11-22T12:13:52","modified_gmt":"2023-11-22T10:13:52","slug":"18-52-mhz-tehovahvistin","status":"publish","type":"page","link":"https:\/\/oh2ap.fi\/?page_id=2681","title":{"rendered":"1,8 &#8211; 52 MHz Tehovahvistin"},"content":{"rendered":"<p>Ajatus t\u00e4m\u00e4n kirjoittamiseen syntyi omien kokemusten kautta, kun opettelin ymm\u00e4rt\u00e4m\u00e4\u00e4n, miten nykyaikainen radioamat\u00f6\u00f6ril\u00e4hettimen tehop\u00e4\u00e4teaste toimii HF-alueella. Aloitin tutustumien aiheeseen vuoden 2022 kes\u00e4n j\u00e4lkeen, kun edellinen, putkilla toteutettu 10kg m\u00f6ykky oli polttanut putkensa j\u00e4lleen kerran. Verkossa on tavaton m\u00e4\u00e4r\u00e4 erilaisia juttuja ja kokeilukertomuksia erilaisten puolijohdevahvistinten tekemisest\u00e4 ja viel\u00e4 enemm\u00e4n valmiiden rigien mainoksia, jotka v\u00e4\u00e4j\u00e4\u00e4m\u00e4tt\u00e4 yritt\u00e4v\u00e4t todistaa mainostamansa tuotteen ylivertaisuutta. Mutta en l\u00f6yt\u00e4nyt yht\u00e4\u00e4n semmoista tarinaa, jossa olisi yhdess\u00e4 paikassa kerrottu t\u00e4mm\u00f6isen rekkulan kriittisist\u00e4 kohdista ja kokonaisuuden suunnitteluperusteista kattavasti. Jokainen erillinen yksityiskohta piti hakemalla hakea ja se vei aika lailla aikaa \u2013 usean kuukauden. Mutta sen j\u00e4lkeen alustava ymm\u00e4rrys viimein syntyi, mist\u00e4 oikeastaan onkaan kysymys.<\/p>\n<p>Antoisia lukuhetki\u00e4:\u00a0<a href=\"http:\/\/oh2ap.fi\/wp-content\/uploads\/2023\/11\/200-W-AMP-kertomus-20231122-RKu-24.docx\">200 W AMP kertomus 20231122 RKu 24<\/a><\/p>\n<p>de Rauno, OH3FR<\/p>\n<p>&nbsp;<\/p>\n<p>&nbsp;<\/p>\n","protected":false},"excerpt":{"rendered":"<p>Ajatus t\u00e4m\u00e4n kirjoittamiseen syntyi omien kokemusten kautta, kun opettelin ymm\u00e4rt\u00e4m\u00e4\u00e4n, miten nykyaikainen radioamat\u00f6\u00f6ril\u00e4hettimen tehop\u00e4\u00e4teaste toimii HF-alueella. Aloitin tutustumien aiheeseen vuoden 2022 kes\u00e4n j\u00e4lkeen, kun edellinen, putkilla toteutettu 10kg m\u00f6ykky oli polttanut putkensa j\u00e4lleen kerran. Verkossa on tavaton m\u00e4\u00e4r\u00e4 erilaisia juttuja ja kokeilukertomuksia erilaisten puolijohdevahvistinten tekemisest\u00e4 ja viel\u00e4 enemm\u00e4n valmiiden rigien mainoksia, jotka v\u00e4\u00e4j\u00e4\u00e4m\u00e4tt\u00e4 yritt\u00e4v\u00e4t todistaa [&hellip;]<\/p>\n","protected":false},"author":17,"featured_media":0,"parent":502,"menu_order":0,"comment_status":"closed","ping_status":"closed","template":"","meta":{"footnotes":""},"class_list":["post-2681","page","type-page","status-publish","hentry"],"_links":{"self":[{"href":"https:\/\/oh2ap.fi\/index.php?rest_route=\/wp\/v2\/pages\/2681","targetHints":{"allow":["GET"]}}],"collection":[{"href":"https:\/\/oh2ap.fi\/index.php?rest_route=\/wp\/v2\/pages"}],"about":[{"href":"https:\/\/oh2ap.fi\/index.php?rest_route=\/wp\/v2\/types\/page"}],"author":[{"embeddable":true,"href":"https:\/\/oh2ap.fi\/index.php?rest_route=\/wp\/v2\/users\/17"}],"replies":[{"embeddable":true,"href":"https:\/\/oh2ap.fi\/index.php?rest_route=%2Fwp%2Fv2%2Fcomments&post=2681"}],"version-history":[{"count":6,"href":"https:\/\/oh2ap.fi\/index.php?rest_route=\/wp\/v2\/pages\/2681\/revisions"}],"predecessor-version":[{"id":2696,"href":"https:\/\/oh2ap.fi\/index.php?rest_route=\/wp\/v2\/pages\/2681\/revisions\/2696"}],"up":[{"embeddable":true,"href":"https:\/\/oh2ap.fi\/index.php?rest_route=\/wp\/v2\/pages\/502"}],"wp:attachment":[{"href":"https:\/\/oh2ap.fi\/index.php?rest_route=%2Fwp%2Fv2%2Fmedia&parent=2681"}],"curies":[{"name":"wp","href":"https:\/\/api.w.org\/{rel}","templated":true}]}}