{"id":2845,"date":"2024-01-27T17:01:32","date_gmt":"2024-01-27T15:01:32","guid":{"rendered":"http:\/\/oh2ap.fi\/?page_id=2845"},"modified":"2024-01-27T17:01:32","modified_gmt":"2024-01-27T15:01:32","slug":"tiny-sa-analysaattorin-kayttoopas","status":"publish","type":"page","link":"https:\/\/oh2ap.fi\/?page_id=2845","title":{"rendered":"Tiny SA -analysaattorin k\u00e4ytt\u00f6opas"},"content":{"rendered":"<p>T\u00e4ss\u00e4 alkusivu n\u00e4pp\u00e4r\u00e4n Tiny SA -analysaattorin suomenkielisest\u00e4 k\u00e4ytt\u00f6oppaasta, jota kerhoillassa 25.1.2024 katseltiin &#8211; suositellaan:<\/p>\n<p><a href=\"http:\/\/oh2ap.fi\/wp-content\/uploads\/2024\/01\/PIKKU_tinySA-OPAS_esite.pdf\">PIKKU_tinySA-OPAS_esite<\/a><\/p>\n","protected":false},"excerpt":{"rendered":"<p>T\u00e4ss\u00e4 alkusivu n\u00e4pp\u00e4r\u00e4n Tiny SA -analysaattorin suomenkielisest\u00e4 k\u00e4ytt\u00f6oppaasta, jota kerhoillassa 25.1.2024 katseltiin &#8211; suositellaan: PIKKU_tinySA-OPAS_esite<\/p>\n","protected":false},"author":8,"featured_media":0,"parent":502,"menu_order":0,"comment_status":"closed","ping_status":"closed","template":"","meta":{"footnotes":""},"class_list":["post-2845","page","type-page","status-publish","hentry"],"_links":{"self":[{"href":"https:\/\/oh2ap.fi\/index.php?rest_route=\/wp\/v2\/pages\/2845","targetHints":{"allow":["GET"]}}],"collection":[{"href":"https:\/\/oh2ap.fi\/index.php?rest_route=\/wp\/v2\/pages"}],"about":[{"href":"https:\/\/oh2ap.fi\/index.php?rest_route=\/wp\/v2\/types\/page"}],"author":[{"embeddable":true,"href":"https:\/\/oh2ap.fi\/index.php?rest_route=\/wp\/v2\/users\/8"}],"replies":[{"embeddable":true,"href":"https:\/\/oh2ap.fi\/index.php?rest_route=%2Fwp%2Fv2%2Fcomments&post=2845"}],"version-history":[{"count":1,"href":"https:\/\/oh2ap.fi\/index.php?rest_route=\/wp\/v2\/pages\/2845\/revisions"}],"predecessor-version":[{"id":2846,"href":"https:\/\/oh2ap.fi\/index.php?rest_route=\/wp\/v2\/pages\/2845\/revisions\/2846"}],"up":[{"embeddable":true,"href":"https:\/\/oh2ap.fi\/index.php?rest_route=\/wp\/v2\/pages\/502"}],"wp:attachment":[{"href":"https:\/\/oh2ap.fi\/index.php?rest_route=%2Fwp%2Fv2%2Fmedia&parent=2845"}],"curies":[{"name":"wp","href":"https:\/\/api.w.org\/{rel}","templated":true}]}}