{"id":2847,"date":"2024-01-27T17:06:34","date_gmt":"2024-01-27T15:06:34","guid":{"rendered":"http:\/\/oh2ap.fi\/?page_id=2847"},"modified":"2026-01-05T19:58:06","modified_gmt":"2026-01-05T17:58:06","slug":"winlink-opastus","status":"publish","type":"page","link":"https:\/\/oh2ap.fi\/?page_id=2847","title":{"rendered":"WinLink-opastus"},"content":{"rendered":"\n<p>Varaviestiverkko-harjoituksissa ja muissakin yhteyksiss\u00e4 k\u00e4ytet\u00e4\u00e4n Winlink-&#8217;radios\u00e4hk\u00f6postia&#8217;. T\u00e4h\u00e4n on ker\u00e4tty opastusta kyseisen ohjelmiston k\u00e4yt\u00f6st\u00e4:<\/p>\n\n\n\n<p>Lyhyt esittelysarja:&nbsp; <a href=\"http:\/\/oh2ap.fi\/wp-content\/uploads\/2024\/01\/Winlink_opastusmateriaali_01-2024.pdf\">Winlink_opastusmateriaali_01 2024<\/a><\/p>\n\n\n\n<p><\/p>\n","protected":false},"excerpt":{"rendered":"<p>Varaviestiverkko-harjoituksissa ja muissakin yhteyksiss\u00e4 k\u00e4ytet\u00e4\u00e4n Winlink-&#8217;radios\u00e4hk\u00f6postia&#8217;. T\u00e4h\u00e4n on ker\u00e4tty opastusta kyseisen ohjelmiston k\u00e4yt\u00f6st\u00e4: Lyhyt esittelysarja:&nbsp; Winlink_opastusmateriaali_01 2024<\/p>\n","protected":false},"author":8,"featured_media":0,"parent":593,"menu_order":6,"comment_status":"closed","ping_status":"closed","template":"page-templates\/full-width.php","meta":{"footnotes":""},"class_list":["post-2847","page","type-page","status-publish","hentry"],"_links":{"self":[{"href":"https:\/\/oh2ap.fi\/index.php?rest_route=\/wp\/v2\/pages\/2847","targetHints":{"allow":["GET"]}}],"collection":[{"href":"https:\/\/oh2ap.fi\/index.php?rest_route=\/wp\/v2\/pages"}],"about":[{"href":"https:\/\/oh2ap.fi\/index.php?rest_route=\/wp\/v2\/types\/page"}],"author":[{"embeddable":true,"href":"https:\/\/oh2ap.fi\/index.php?rest_route=\/wp\/v2\/users\/8"}],"replies":[{"embeddable":true,"href":"https:\/\/oh2ap.fi\/index.php?rest_route=%2Fwp%2Fv2%2Fcomments&post=2847"}],"version-history":[{"count":2,"href":"https:\/\/oh2ap.fi\/index.php?rest_route=\/wp\/v2\/pages\/2847\/revisions"}],"predecessor-version":[{"id":5230,"href":"https:\/\/oh2ap.fi\/index.php?rest_route=\/wp\/v2\/pages\/2847\/revisions\/5230"}],"up":[{"embeddable":true,"href":"https:\/\/oh2ap.fi\/index.php?rest_route=\/wp\/v2\/pages\/593"}],"wp:attachment":[{"href":"https:\/\/oh2ap.fi\/index.php?rest_route=%2Fwp%2Fv2%2Fmedia&parent=2847"}],"curies":[{"name":"wp","href":"https:\/\/api.w.org\/{rel}","templated":true}]}}