{"id":3230,"date":"2024-09-11T13:19:32","date_gmt":"2024-09-11T10:19:32","guid":{"rendered":"https:\/\/oh2ap.fi\/?page_id=3230"},"modified":"2025-06-05T17:07:11","modified_gmt":"2025-06-05T14:07:11","slug":"kidesuodattimien-rakentaminen","status":"publish","type":"page","link":"https:\/\/oh2ap.fi\/?page_id=3230","title":{"rendered":"Kidesuodattimien rakentaminen"},"content":{"rendered":"\n<p>T\u00e4m\u00e4 artikkeli valaisee, miten kotioloissa pystyy tekem\u00e4\u00e4n kohtuullisesti toimivia kapeakaistaisia suodattimia j\u00e4rjellisin kustannuksin k\u00e4ytt\u00e4en verkkokaupoista saatavilla olevia komponentteja. Artikkeli on osa hybriditekniikalla toteutetun SDR-TRX:n rakentamista. T\u00e4ss\u00e4 artikkelissa k\u00e4sityell\u00e4\u00e4n kvartsikiteist\u00e4 tai keraamisista resonaattoreista koostuvaa kaistanp\u00e4\u00e4st\u00f6suodatinta. Kidesuodattimia k\u00e4ytet\u00e4\u00e4n yleens\u00e4 radiovastaanotinten v\u00e4litaajuusasteissa p\u00e4\u00e4st\u00e4m\u00e4\u00e4n vahvistimeen vain toivottu taajuuskaista. Niit\u00e4 voi k\u00e4ytt\u00e4\u00e4 kuitenkin kaikissa sellaisissa piireiss\u00e4, joissa kapeakaistainen suodatus on tarpeen ja tehotasot pysyv\u00e4t korkeintaan milliwattitasolla. Alla linkki artikkeliin &#8211; iloisia lukuhetki\u00e4.<\/p>\n\n\n\n<p>http:\/\/oh2ap.fi\/wp-content\/uploads\/2024\/09\/20240911-XTAL-FILT-RKu-10-1.pdf<\/p>\n\n\n\n<p>Kyn\u00e4ll\u00e4 ja kolvilla<\/p>\n\n\n\n<p>Rauno OH3FR<\/p>\n","protected":false},"excerpt":{"rendered":"<p>T\u00e4m\u00e4 artikkeli valaisee, miten kotioloissa pystyy tekem\u00e4\u00e4n kohtuullisesti toimivia kapeakaistaisia suodattimia j\u00e4rjellisin kustannuksin k\u00e4ytt\u00e4en verkkokaupoista saatavilla olevia komponentteja. Artikkeli on osa hybriditekniikalla toteutetun SDR-TRX:n rakentamista. T\u00e4ss\u00e4 artikkelissa k\u00e4sityell\u00e4\u00e4n kvartsikiteist\u00e4 tai keraamisista resonaattoreista koostuvaa kaistanp\u00e4\u00e4st\u00f6suodatinta. Kidesuodattimia k\u00e4ytet\u00e4\u00e4n yleens\u00e4 radiovastaanotinten v\u00e4litaajuusasteissa p\u00e4\u00e4st\u00e4m\u00e4\u00e4n vahvistimeen vain toivottu taajuuskaista. Niit\u00e4 voi k\u00e4ytt\u00e4\u00e4 kuitenkin kaikissa sellaisissa piireiss\u00e4, joissa kapeakaistainen suodatus on [&hellip;]<\/p>\n","protected":false},"author":17,"featured_media":0,"parent":502,"menu_order":0,"comment_status":"closed","ping_status":"closed","template":"","meta":{"footnotes":""},"class_list":["post-3230","page","type-page","status-publish","hentry"],"_links":{"self":[{"href":"https:\/\/oh2ap.fi\/index.php?rest_route=\/wp\/v2\/pages\/3230","targetHints":{"allow":["GET"]}}],"collection":[{"href":"https:\/\/oh2ap.fi\/index.php?rest_route=\/wp\/v2\/pages"}],"about":[{"href":"https:\/\/oh2ap.fi\/index.php?rest_route=\/wp\/v2\/types\/page"}],"author":[{"embeddable":true,"href":"https:\/\/oh2ap.fi\/index.php?rest_route=\/wp\/v2\/users\/17"}],"replies":[{"embeddable":true,"href":"https:\/\/oh2ap.fi\/index.php?rest_route=%2Fwp%2Fv2%2Fcomments&post=3230"}],"version-history":[{"count":3,"href":"https:\/\/oh2ap.fi\/index.php?rest_route=\/wp\/v2\/pages\/3230\/revisions"}],"predecessor-version":[{"id":3977,"href":"https:\/\/oh2ap.fi\/index.php?rest_route=\/wp\/v2\/pages\/3230\/revisions\/3977"}],"up":[{"embeddable":true,"href":"https:\/\/oh2ap.fi\/index.php?rest_route=\/wp\/v2\/pages\/502"}],"wp:attachment":[{"href":"https:\/\/oh2ap.fi\/index.php?rest_route=%2Fwp%2Fv2%2Fmedia&parent=3230"}],"curies":[{"name":"wp","href":"https:\/\/api.w.org\/{rel}","templated":true}]}}