{"id":3248,"date":"2024-09-14T11:57:07","date_gmt":"2024-09-14T08:57:07","guid":{"rendered":"https:\/\/oh2ap.fi\/?page_id=3248"},"modified":"2024-09-14T11:57:07","modified_gmt":"2024-09-14T08:57:07","slug":"radiohairioiden-vaimentamisesta","status":"publish","type":"page","link":"https:\/\/oh2ap.fi\/?page_id=3248","title":{"rendered":"Radioh\u00e4iri\u00f6iden vaimentamisesta"},"content":{"rendered":"\n<p>Vastanottimeen tulevat h\u00e4iri\u00f6signaalit ja l\u00e4hettimen aiheuttamat ep\u00e4toivotut s\u00e4hk\u00f6magneettiset ilmi\u00f6t eiv\u00e4t ole omiaan tarjoamaan itselle ja ymp\u00e4rist\u00f6lle nautittavaa radiokokemusta. Siisp\u00e4 n\u00e4m\u00e4 pahalaiset on hyv\u00e4 minmoida. Oheisessa linkiss\u00e4 on kuvakertomus aiheesta.<\/p>\n\n\n\n<p>http:\/\/oh2ap.fi\/wp-content\/uploads\/2024\/09\/20240913-meteliruno-RKu-10.pdf<\/p>\n\n\n\n<p>Kameralla ja kyn\u00e4ll\u00e4 Rauno, OH3FR<\/p>\n","protected":false},"excerpt":{"rendered":"<p>Vastanottimeen tulevat h\u00e4iri\u00f6signaalit ja l\u00e4hettimen aiheuttamat ep\u00e4toivotut s\u00e4hk\u00f6magneettiset ilmi\u00f6t eiv\u00e4t ole omiaan tarjoamaan itselle ja ymp\u00e4rist\u00f6lle nautittavaa radiokokemusta. Siisp\u00e4 n\u00e4m\u00e4 pahalaiset on hyv\u00e4 minmoida. Oheisessa linkiss\u00e4 on kuvakertomus aiheesta. http:\/\/oh2ap.fi\/wp-content\/uploads\/2024\/09\/20240913-meteliruno-RKu-10.pdf Kameralla ja kyn\u00e4ll\u00e4 Rauno, OH3FR<\/p>\n","protected":false},"author":17,"featured_media":0,"parent":502,"menu_order":0,"comment_status":"closed","ping_status":"closed","template":"","meta":{"footnotes":""},"class_list":["post-3248","page","type-page","status-publish","hentry"],"_links":{"self":[{"href":"https:\/\/oh2ap.fi\/index.php?rest_route=\/wp\/v2\/pages\/3248","targetHints":{"allow":["GET"]}}],"collection":[{"href":"https:\/\/oh2ap.fi\/index.php?rest_route=\/wp\/v2\/pages"}],"about":[{"href":"https:\/\/oh2ap.fi\/index.php?rest_route=\/wp\/v2\/types\/page"}],"author":[{"embeddable":true,"href":"https:\/\/oh2ap.fi\/index.php?rest_route=\/wp\/v2\/users\/17"}],"replies":[{"embeddable":true,"href":"https:\/\/oh2ap.fi\/index.php?rest_route=%2Fwp%2Fv2%2Fcomments&post=3248"}],"version-history":[{"count":3,"href":"https:\/\/oh2ap.fi\/index.php?rest_route=\/wp\/v2\/pages\/3248\/revisions"}],"predecessor-version":[{"id":3251,"href":"https:\/\/oh2ap.fi\/index.php?rest_route=\/wp\/v2\/pages\/3248\/revisions\/3251"}],"up":[{"embeddable":true,"href":"https:\/\/oh2ap.fi\/index.php?rest_route=\/wp\/v2\/pages\/502"}],"wp:attachment":[{"href":"https:\/\/oh2ap.fi\/index.php?rest_route=%2Fwp%2Fv2%2Fmedia&parent=3248"}],"curies":[{"name":"wp","href":"https:\/\/api.w.org\/{rel}","templated":true}]}}