{"id":3389,"date":"2024-11-28T12:49:14","date_gmt":"2024-11-28T10:49:14","guid":{"rendered":"https:\/\/oh2ap.fi\/?page_id=3389"},"modified":"2024-11-28T12:53:48","modified_gmt":"2024-11-28T10:53:48","slug":"toroidien-mittaamisesta-ja-arvioinnista","status":"publish","type":"page","link":"https:\/\/oh2ap.fi\/?page_id=3389","title":{"rendered":"Toroidien ominaisuuksien arvioinnista"},"content":{"rendered":"\n<p>Harrasteeseemme kuuluu uusiok\u00e4ytt\u00f6\u00f6n soveltuvan tavaran kierr\u00e4tys. Kirpputoreilta ja rompetoreilta on saatavissa jokseenkin edulliseen hintaan mm. toroidirunkoja. Ja ne, jos mitk\u00e4\u00e4n sopivat k\u00e4ytett\u00e4v\u00e4ksi uudelleen. Valitettavasti tavattoman harvoin niiss\u00e4 on mit\u00e4\u00e4n tunnistetietoja. Silm\u00e4ll\u00e4 ja tunnustelemalla ei niiden ominaisuuksista saa tolkkua Makkosen kiljuva p\u00e4ssik\u00e4\u00e4n. Niinp\u00e4 jotain k\u00e4tt\u00e4 pidemp\u00e4\u00e4 pit\u00e4\u00e4 olla, jotta nuo toroidirungot voi saada hy\u00f6tyk\u00e4ytt\u00f6\u00f6n. Oheisessa linkiss\u00e4 on artikkeli siit\u00e4, miten tuo temppu tehd\u00e4\u00e4n. Eik\u00e4 siin\u00e4 viel\u00e4 kaikki! Mukana on my\u00f6s Excel-taulukkolaskin, jota k\u00e4ytt\u00e4m\u00e4ll\u00e4 s\u00e4\u00e4styy raivaamasta tiet\u00e4 kaavaviidakon halki. Sen kuin sy\u00f6ttelee mittausarvot sis\u00e4\u00e4n ja nauttii sen perusteella ilmestyvist\u00e4 k\u00e4yrist\u00e4. Jotta nautiskelu on mahdollista, on hyv\u00e4 lukea artikkeli my\u00f6s, niin tiet\u00e4\u00e4 mit\u00e4 pit\u00e4\u00e4 tehd\u00e4 ja miksi se on t\u00e4rke\u00e4\u00e4. Tarpeiksi riitt\u00e4\u00e4 v\u00e4himmill\u00e4\u00e4n ty\u00f6nt\u00f6mitta ja taskulaskin, mutta jos todella tahtoo tiet\u00e4\u00e4, mit\u00e4 tulikaan taas ostettua, niin NanoVNA, PC ja taulukkolaskentaohjelma on todella hyv\u00e4ksi avuksi.<\/p>\n\n\n\n<p>Artikkeli:<\/p>\n\n\n\n<p>http:\/\/oh2ap.fi\/wp-content\/uploads\/2024\/11\/20241119-Toroidien-mittaamisesta-OH3FR-10.pdf<\/p>\n\n\n\n<p>Mittaus- ja laskentatalukko:<\/p>\n\n\n\n<p>http:\/\/oh2ap.fi\/wp-content\/uploads\/2024\/11\/20241125-UNK-TOR-mittauslomake-RKu-10.xlsx<\/p>\n\n\n\n<p>Iloista mittaamista ja tulosten h\u00e4mm\u00e4stely\u00e4 toivoo kyn\u00e4ll\u00e4 ja kolvilla:<\/p>\n\n\n\n<p>Rauno, OH3FR<\/p>\n","protected":false},"excerpt":{"rendered":"<p>Harrasteeseemme kuuluu uusiok\u00e4ytt\u00f6\u00f6n soveltuvan tavaran kierr\u00e4tys. Kirpputoreilta ja rompetoreilta on saatavissa jokseenkin edulliseen hintaan mm. toroidirunkoja. Ja ne, jos mitk\u00e4\u00e4n sopivat k\u00e4ytett\u00e4v\u00e4ksi uudelleen. Valitettavasti tavattoman harvoin niiss\u00e4 on mit\u00e4\u00e4n tunnistetietoja. Silm\u00e4ll\u00e4 ja tunnustelemalla ei niiden ominaisuuksista saa tolkkua Makkosen kiljuva p\u00e4ssik\u00e4\u00e4n. Niinp\u00e4 jotain k\u00e4tt\u00e4 pidemp\u00e4\u00e4 pit\u00e4\u00e4 olla, jotta nuo toroidirungot voi saada hy\u00f6tyk\u00e4ytt\u00f6\u00f6n. Oheisessa linkiss\u00e4 [&hellip;]<\/p>\n","protected":false},"author":17,"featured_media":0,"parent":502,"menu_order":0,"comment_status":"closed","ping_status":"closed","template":"","meta":{"footnotes":""},"class_list":["post-3389","page","type-page","status-publish","hentry"],"_links":{"self":[{"href":"https:\/\/oh2ap.fi\/index.php?rest_route=\/wp\/v2\/pages\/3389","targetHints":{"allow":["GET"]}}],"collection":[{"href":"https:\/\/oh2ap.fi\/index.php?rest_route=\/wp\/v2\/pages"}],"about":[{"href":"https:\/\/oh2ap.fi\/index.php?rest_route=\/wp\/v2\/types\/page"}],"author":[{"embeddable":true,"href":"https:\/\/oh2ap.fi\/index.php?rest_route=\/wp\/v2\/users\/17"}],"replies":[{"embeddable":true,"href":"https:\/\/oh2ap.fi\/index.php?rest_route=%2Fwp%2Fv2%2Fcomments&post=3389"}],"version-history":[{"count":2,"href":"https:\/\/oh2ap.fi\/index.php?rest_route=\/wp\/v2\/pages\/3389\/revisions"}],"predecessor-version":[{"id":3391,"href":"https:\/\/oh2ap.fi\/index.php?rest_route=\/wp\/v2\/pages\/3389\/revisions\/3391"}],"up":[{"embeddable":true,"href":"https:\/\/oh2ap.fi\/index.php?rest_route=\/wp\/v2\/pages\/502"}],"wp:attachment":[{"href":"https:\/\/oh2ap.fi\/index.php?rest_route=%2Fwp%2Fv2%2Fmedia&parent=3389"}],"curies":[{"name":"wp","href":"https:\/\/api.w.org\/{rel}","templated":true}]}}