{"id":362,"date":"2016-02-21T20:05:11","date_gmt":"2016-02-21T18:05:11","guid":{"rendered":"http:\/\/oh2ap.fi\/?page_id=362"},"modified":"2025-10-17T19:37:14","modified_gmt":"2025-10-17T16:37:14","slug":"historiikin-kuvia","status":"publish","type":"page","link":"https:\/\/oh2ap.fi\/?page_id=362","title":{"rendered":"Historiikin kuvia"},"content":{"rendered":"<p>Historiikin sivuilla on keskeiset kuvat, mutta t\u00e4ss\u00e4 viel\u00e4 muutamia &#8217;tunnelmanluojia&#8217;:<\/p>\n<p class=\"hide-if-no-js\"><a id=\"set-post-thumbnail\" class=\"thickbox\" title=\"Aseta artikkelikuva\" href=\"http:\/\/oh2ap.fi\/wp-admin\/media-upload.php?post_id=362&amp;type=image&amp;TB_iframe=1\"><img loading=\"lazy\" decoding=\"async\" class=\"attachment-post-thumbnail\" src=\"http:\/\/oh2ap.fi\/wp-content\/uploads\/2016\/02\/Viestimuseolla-6.5.1980-624x451.jpg\" alt=\"Vierailu Riihim\u00e4en Viestimuseolla 4\/1980\" width=\"266\" height=\"192\" \/><\/a><a href=\"http:\/\/oh2ap.fi\/wp-content\/uploads\/2016\/02\/Viestimuseolla.jpg\" data-rel=\"lightbox-image-0\" data-rl_title=\"\" data-rl_caption=\"\" title=\"\"><img loading=\"lazy\" decoding=\"async\" class=\"alignnone size-medium wp-image-382\" src=\"http:\/\/oh2ap.fi\/wp-content\/uploads\/2016\/02\/Viestimuseolla-300x214.jpg\" alt=\"Viestimuseolla\" width=\"300\" height=\"214\" srcset=\"https:\/\/oh2ap.fi\/wp-content\/uploads\/2016\/02\/Viestimuseolla-300x214.jpg 300w, https:\/\/oh2ap.fi\/wp-content\/uploads\/2016\/02\/Viestimuseolla-1024x733.jpg 1024w, https:\/\/oh2ap.fi\/wp-content\/uploads\/2016\/02\/Viestimuseolla-624x446.jpg 624w, https:\/\/oh2ap.fi\/wp-content\/uploads\/2016\/02\/Viestimuseolla.jpg 1461w\" sizes=\"auto, (max-width: 300px) 100vw, 300px\" \/><\/a><a href=\"http:\/\/oh2ap.fi\/wp-content\/uploads\/2016\/02\/YLEn-mittausasemalla-1982.jpg\" data-rel=\"lightbox-image-1\" data-rl_title=\"\" data-rl_caption=\"\" title=\"\"><img loading=\"lazy\" decoding=\"async\" class=\"alignnone size-medium wp-image-381\" src=\"http:\/\/oh2ap.fi\/wp-content\/uploads\/2016\/02\/YLEn-mittausasemalla-1982-300x200.jpg\" alt=\"YlLEn mittausasemalla Jokelassa 9.1982\" width=\"300\" height=\"200\" srcset=\"https:\/\/oh2ap.fi\/wp-content\/uploads\/2016\/02\/YLEn-mittausasemalla-1982-300x200.jpg 300w, https:\/\/oh2ap.fi\/wp-content\/uploads\/2016\/02\/YLEn-mittausasemalla-1982-1024x683.jpg 1024w, https:\/\/oh2ap.fi\/wp-content\/uploads\/2016\/02\/YLEn-mittausasemalla-1982-624x416.jpg 624w, https:\/\/oh2ap.fi\/wp-content\/uploads\/2016\/02\/YLEn-mittausasemalla-1982.jpg 1557w\" sizes=\"auto, (max-width: 300px) 100vw, 300px\" \/><\/a><a href=\"http:\/\/oh2ap.fi\/wp-content\/uploads\/2016\/02\/Tiistai-testi-1979.jpg\" data-rel=\"lightbox-image-2\" data-rl_title=\"\" data-rl_caption=\"\" title=\"\"><img loading=\"lazy\" decoding=\"async\" class=\"alignnone size-medium wp-image-380\" src=\"http:\/\/oh2ap.fi\/wp-content\/uploads\/2016\/02\/Tiistai-testi-1979-300x203.jpg\" alt=\"Tiistai-testi 7\/1979 Haukkavuorella\" width=\"300\" height=\"203\" srcset=\"https:\/\/oh2ap.fi\/wp-content\/uploads\/2016\/02\/Tiistai-testi-1979-300x203.jpg 300w, https:\/\/oh2ap.fi\/wp-content\/uploads\/2016\/02\/Tiistai-testi-1979-1024x694.jpg 1024w, https:\/\/oh2ap.fi\/wp-content\/uploads\/2016\/02\/Tiistai-testi-1979-624x423.jpg 624w, https:\/\/oh2ap.fi\/wp-content\/uploads\/2016\/02\/Tiistai-testi-1979.jpg 1543w\" sizes=\"auto, (max-width: 300px) 100vw, 300px\" \/><\/a><a href=\"http:\/\/oh2ap.fi\/wp-content\/uploads\/2016\/02\/sstv-ilta-kerholla-2.jpg\" data-rel=\"lightbox-image-3\" data-rl_title=\"\" data-rl_caption=\"\" title=\"\"><img loading=\"lazy\" decoding=\"async\" class=\"alignnone size-medium wp-image-379\" src=\"http:\/\/oh2ap.fi\/wp-content\/uploads\/2016\/02\/sstv-ilta-kerholla-2-300x211.jpg\" alt=\"Mauri OH2BMB esittelee sstv-asemaa kerholla\" width=\"300\" height=\"211\" srcset=\"https:\/\/oh2ap.fi\/wp-content\/uploads\/2016\/02\/sstv-ilta-kerholla-2-300x211.jpg 300w, https:\/\/oh2ap.fi\/wp-content\/uploads\/2016\/02\/sstv-ilta-kerholla-2-1024x723.jpg 1024w, https:\/\/oh2ap.fi\/wp-content\/uploads\/2016\/02\/sstv-ilta-kerholla-2-624x440.jpg 624w, https:\/\/oh2ap.fi\/wp-content\/uploads\/2016\/02\/sstv-ilta-kerholla-2.jpg 1461w\" sizes=\"auto, (max-width: 300px) 100vw, 300px\" \/><\/a><a href=\"http:\/\/oh2ap.fi\/wp-content\/uploads\/2016\/02\/sstv-ilta-kerholla-1.jpg\" data-rel=\"lightbox-image-4\" data-rl_title=\"\" data-rl_caption=\"\" title=\"\"><img loading=\"lazy\" decoding=\"async\" class=\"alignnone size-medium wp-image-378\" src=\"http:\/\/oh2ap.fi\/wp-content\/uploads\/2016\/02\/sstv-ilta-kerholla-1-300x211.jpg\" alt=\"Mauri OH2BMB esittelee sstv-kuvaa\" width=\"300\" height=\"211\" srcset=\"https:\/\/oh2ap.fi\/wp-content\/uploads\/2016\/02\/sstv-ilta-kerholla-1-300x211.jpg 300w, https:\/\/oh2ap.fi\/wp-content\/uploads\/2016\/02\/sstv-ilta-kerholla-1-1024x723.jpg 1024w, https:\/\/oh2ap.fi\/wp-content\/uploads\/2016\/02\/sstv-ilta-kerholla-1-624x440.jpg 624w, https:\/\/oh2ap.fi\/wp-content\/uploads\/2016\/02\/sstv-ilta-kerholla-1.jpg 1461w\" sizes=\"auto, (max-width: 300px) 100vw, 300px\" \/><\/a><a href=\"http:\/\/oh2ap.fi\/wp-content\/uploads\/2016\/02\/sstv-ilta-4.jpg\" data-rel=\"lightbox-image-5\" data-rl_title=\"\" data-rl_caption=\"\" title=\"\"><img loading=\"lazy\" decoding=\"async\" class=\"alignnone size-medium wp-image-377\" src=\"http:\/\/oh2ap.fi\/wp-content\/uploads\/2016\/02\/sstv-ilta-4-212x300.jpg\" alt=\"sstv-ilta 4\" width=\"212\" height=\"300\" srcset=\"https:\/\/oh2ap.fi\/wp-content\/uploads\/2016\/02\/sstv-ilta-4-212x300.jpg 212w, https:\/\/oh2ap.fi\/wp-content\/uploads\/2016\/02\/sstv-ilta-4-725x1024.jpg 725w, https:\/\/oh2ap.fi\/wp-content\/uploads\/2016\/02\/sstv-ilta-4-624x881.jpg 624w, https:\/\/oh2ap.fi\/wp-content\/uploads\/2016\/02\/sstv-ilta-4.jpg 1033w\" sizes=\"auto, (max-width: 212px) 100vw, 212px\" \/><\/a><a href=\"http:\/\/oh2ap.fi\/wp-content\/uploads\/2016\/02\/sstv-ilta-3.jpg\" data-rel=\"lightbox-image-6\" data-rl_title=\"\" data-rl_caption=\"\" title=\"\"><img loading=\"lazy\" decoding=\"async\" class=\"alignnone size-medium wp-image-376\" src=\"http:\/\/oh2ap.fi\/wp-content\/uploads\/2016\/02\/sstv-ilta-3-300x211.jpg\" alt=\"sstv-ilta - kuva ruudulla ja ruudussa\" width=\"300\" height=\"211\" srcset=\"https:\/\/oh2ap.fi\/wp-content\/uploads\/2016\/02\/sstv-ilta-3-300x211.jpg 300w, https:\/\/oh2ap.fi\/wp-content\/uploads\/2016\/02\/sstv-ilta-3-1024x723.jpg 1024w, https:\/\/oh2ap.fi\/wp-content\/uploads\/2016\/02\/sstv-ilta-3-624x440.jpg 624w, https:\/\/oh2ap.fi\/wp-content\/uploads\/2016\/02\/sstv-ilta-3.jpg 1461w\" sizes=\"auto, (max-width: 300px) 100vw, 300px\" \/><\/a><a href=\"http:\/\/oh2ap.fi\/wp-content\/uploads\/2016\/02\/SRAL-kes\u00e4leiri-70-lukua.jpg\" data-rel=\"lightbox-image-7\" data-rl_title=\"\" data-rl_caption=\"\" title=\"\"><img loading=\"lazy\" decoding=\"async\" class=\"alignnone size-medium wp-image-375\" src=\"http:\/\/oh2ap.fi\/wp-content\/uploads\/2016\/02\/SRAL-kes\u00e4leiri-70-lukua-300x209.jpg\" alt=\"SRALn kes\u00e4leiri 1970-luvulla\" width=\"300\" height=\"209\" srcset=\"https:\/\/oh2ap.fi\/wp-content\/uploads\/2016\/02\/SRAL-kes\u00e4leiri-70-lukua-300x209.jpg 300w, https:\/\/oh2ap.fi\/wp-content\/uploads\/2016\/02\/SRAL-kes\u00e4leiri-70-lukua-1024x715.jpg 1024w, https:\/\/oh2ap.fi\/wp-content\/uploads\/2016\/02\/SRAL-kes\u00e4leiri-70-lukua-624x435.jpg 624w, https:\/\/oh2ap.fi\/wp-content\/uploads\/2016\/02\/SRAL-kes\u00e4leiri-70-lukua.jpg 1467w\" sizes=\"auto, (max-width: 300px) 100vw, 300px\" \/><\/a><a href=\"http:\/\/oh2ap.fi\/wp-content\/uploads\/2016\/02\/Syysleiri-90-ja-OH2LB.jpg\" data-rel=\"lightbox-image-8\" data-rl_title=\"\" data-rl_caption=\"\" title=\"\"><img loading=\"lazy\" decoding=\"async\" class=\"alignnone size-medium wp-image-374\" src=\"http:\/\/oh2ap.fi\/wp-content\/uploads\/2016\/02\/Syysleiri-90-ja-OH2LB-202x300.jpg\" alt=\"Esko OH2LB syysleirill\u00e4 1990\" width=\"202\" height=\"300\" srcset=\"https:\/\/oh2ap.fi\/wp-content\/uploads\/2016\/02\/Syysleiri-90-ja-OH2LB-202x300.jpg 202w, https:\/\/oh2ap.fi\/wp-content\/uploads\/2016\/02\/Syysleiri-90-ja-OH2LB-690x1024.jpg 690w, https:\/\/oh2ap.fi\/wp-content\/uploads\/2016\/02\/Syysleiri-90-ja-OH2LB-624x925.jpg 624w, https:\/\/oh2ap.fi\/wp-content\/uploads\/2016\/02\/Syysleiri-90-ja-OH2LB.jpg 1178w\" sizes=\"auto, (max-width: 202px) 100vw, 202px\" \/><\/a><a href=\"http:\/\/oh2ap.fi\/wp-content\/uploads\/2016\/02\/Kerhon-katolla-81.jpg\" data-rel=\"lightbox-image-9\" data-rl_title=\"\" data-rl_caption=\"\" title=\"\"><img loading=\"lazy\" decoding=\"async\" class=\"alignnone size-medium wp-image-373\" src=\"http:\/\/oh2ap.fi\/wp-content\/uploads\/2016\/02\/Kerhon-katolla-81-300x207.jpg\" alt=\"Kerhon katolla 1981 - uusi suunta-antenni\" width=\"300\" height=\"207\" srcset=\"https:\/\/oh2ap.fi\/wp-content\/uploads\/2016\/02\/Kerhon-katolla-81-300x207.jpg 300w, https:\/\/oh2ap.fi\/wp-content\/uploads\/2016\/02\/Kerhon-katolla-81-1024x709.jpg 1024w, https:\/\/oh2ap.fi\/wp-content\/uploads\/2016\/02\/Kerhon-katolla-81-624x432.jpg 624w, https:\/\/oh2ap.fi\/wp-content\/uploads\/2016\/02\/Kerhon-katolla-81.jpg 1509w\" sizes=\"auto, (max-width: 300px) 100vw, 300px\" \/><\/a><a href=\"http:\/\/oh2ap.fi\/wp-content\/uploads\/2016\/02\/Kerholla-70-luvun-loppua.jpg\" data-rel=\"lightbox-image-10\" data-rl_title=\"\" data-rl_caption=\"\" title=\"\"><img loading=\"lazy\" decoding=\"async\" class=\"alignnone size-medium wp-image-372\" src=\"http:\/\/oh2ap.fi\/wp-content\/uploads\/2016\/02\/Kerholla-70-luvun-loppua-300x210.jpg\" alt=\"Mannilantien Nuorisotalolla - 70-luvun lopulla ?\" width=\"300\" height=\"210\" srcset=\"https:\/\/oh2ap.fi\/wp-content\/uploads\/2016\/02\/Kerholla-70-luvun-loppua-300x210.jpg 300w, https:\/\/oh2ap.fi\/wp-content\/uploads\/2016\/02\/Kerholla-70-luvun-loppua-1024x717.jpg 1024w, https:\/\/oh2ap.fi\/wp-content\/uploads\/2016\/02\/Kerholla-70-luvun-loppua-624x437.jpg 624w, https:\/\/oh2ap.fi\/wp-content\/uploads\/2016\/02\/Kerholla-70-luvun-loppua.jpg 1385w\" sizes=\"auto, (max-width: 300px) 100vw, 300px\" \/><\/a><a href=\"http:\/\/oh2ap.fi\/wp-content\/uploads\/2016\/02\/JotA-1982.jpg\" data-rel=\"lightbox-image-11\" data-rl_title=\"\" data-rl_caption=\"\" title=\"\"><img loading=\"lazy\" decoding=\"async\" class=\"alignnone size-medium wp-image-371\" src=\"http:\/\/oh2ap.fi\/wp-content\/uploads\/2016\/02\/JotA-1982-300x204.jpg\" alt=\"Jamboree-on-the-Air 1982\" width=\"300\" height=\"204\" srcset=\"https:\/\/oh2ap.fi\/wp-content\/uploads\/2016\/02\/JotA-1982-300x204.jpg 300w, https:\/\/oh2ap.fi\/wp-content\/uploads\/2016\/02\/JotA-1982-1024x698.jpg 1024w, https:\/\/oh2ap.fi\/wp-content\/uploads\/2016\/02\/JotA-1982-624x425.jpg 624w, https:\/\/oh2ap.fi\/wp-content\/uploads\/2016\/02\/JotA-1982.jpg 1523w\" sizes=\"auto, (max-width: 300px) 100vw, 300px\" \/><\/a><a href=\"http:\/\/oh2ap.fi\/wp-content\/uploads\/2016\/02\/Kes\u00e4leiri.jpg\" data-rel=\"lightbox-image-12\" data-rl_title=\"\" data-rl_caption=\"\" title=\"\"><img loading=\"lazy\" decoding=\"async\" class=\"alignnone size-medium wp-image-370\" src=\"http:\/\/oh2ap.fi\/wp-content\/uploads\/2016\/02\/Kes\u00e4leiri-300x217.jpg\" alt=\"Kes\u00e4leiri\" width=\"300\" height=\"217\" srcset=\"https:\/\/oh2ap.fi\/wp-content\/uploads\/2016\/02\/Kes\u00e4leiri-300x217.jpg 300w, https:\/\/oh2ap.fi\/wp-content\/uploads\/2016\/02\/Kes\u00e4leiri-1024x742.jpg 1024w, https:\/\/oh2ap.fi\/wp-content\/uploads\/2016\/02\/Kes\u00e4leiri-624x452.jpg 624w, https:\/\/oh2ap.fi\/wp-content\/uploads\/2016\/02\/Kes\u00e4leiri.jpg 1357w\" sizes=\"auto, (max-width: 300px) 100vw, 300px\" \/><\/a><a href=\"http:\/\/oh2ap.fi\/wp-content\/uploads\/2016\/02\/Harrasten\u00e4yttely-1974.jpg\" data-rel=\"lightbox-image-13\" data-rl_title=\"\" data-rl_caption=\"\" title=\"\"><img loading=\"lazy\" decoding=\"async\" class=\"alignnone size-medium wp-image-367\" src=\"http:\/\/oh2ap.fi\/wp-content\/uploads\/2016\/02\/Harrasten\u00e4yttely-1974-300x281.jpg\" alt=\"Harrasten\u00e4yttely 4.1974\" width=\"300\" height=\"281\" srcset=\"https:\/\/oh2ap.fi\/wp-content\/uploads\/2016\/02\/Harrasten\u00e4yttely-1974-300x281.jpg 300w, https:\/\/oh2ap.fi\/wp-content\/uploads\/2016\/02\/Harrasten\u00e4yttely-1974-1024x962.jpg 1024w, https:\/\/oh2ap.fi\/wp-content\/uploads\/2016\/02\/Harrasten\u00e4yttely-1974-624x586.jpg 624w, https:\/\/oh2ap.fi\/wp-content\/uploads\/2016\/02\/Harrasten\u00e4yttely-1974.jpg 1047w\" sizes=\"auto, (max-width: 300px) 100vw, 300px\" \/><\/a><\/p>\n","protected":false},"excerpt":{"rendered":"<p>Historiikin sivuilla on keskeiset kuvat, mutta t\u00e4ss\u00e4 viel\u00e4 muutamia &#8217;tunnelmanluojia&#8217;:<\/p>\n","protected":false},"author":8,"featured_media":383,"parent":360,"menu_order":0,"comment_status":"closed","ping_status":"closed","template":"page-templates\/full-width.php","meta":{"footnotes":""},"class_list":["post-362","page","type-page","status-publish","has-post-thumbnail","hentry"],"_links":{"self":[{"href":"https:\/\/oh2ap.fi\/index.php?rest_route=\/wp\/v2\/pages\/362","targetHints":{"allow":["GET"]}}],"collection":[{"href":"https:\/\/oh2ap.fi\/index.php?rest_route=\/wp\/v2\/pages"}],"about":[{"href":"https:\/\/oh2ap.fi\/index.php?rest_route=\/wp\/v2\/types\/page"}],"author":[{"embeddable":true,"href":"https:\/\/oh2ap.fi\/index.php?rest_route=\/wp\/v2\/users\/8"}],"replies":[{"embeddable":true,"href":"https:\/\/oh2ap.fi\/index.php?rest_route=%2Fwp%2Fv2%2Fcomments&post=362"}],"version-history":[{"count":6,"href":"https:\/\/oh2ap.fi\/index.php?rest_route=\/wp\/v2\/pages\/362\/revisions"}],"predecessor-version":[{"id":2632,"href":"https:\/\/oh2ap.fi\/index.php?rest_route=\/wp\/v2\/pages\/362\/revisions\/2632"}],"up":[{"embeddable":true,"href":"https:\/\/oh2ap.fi\/index.php?rest_route=\/wp\/v2\/pages\/360"}],"wp:featuredmedia":[{"embeddable":true,"href":"https:\/\/oh2ap.fi\/index.php?rest_route=\/wp\/v2\/media\/383"}],"wp:attachment":[{"href":"https:\/\/oh2ap.fi\/index.php?rest_route=%2Fwp%2Fv2%2Fmedia&parent=362"}],"curies":[{"name":"wp","href":"https:\/\/api.w.org\/{rel}","templated":true}]}}