{"id":3724,"date":"2025-05-29T15:02:17","date_gmt":"2025-05-29T12:02:17","guid":{"rendered":"https:\/\/oh2ap.fi\/?page_id=3724"},"modified":"2025-11-20T18:37:42","modified_gmt":"2025-11-20T16:37:42","slug":"oh2ap-historiikki","status":"publish","type":"page","link":"https:\/\/oh2ap.fi\/?page_id=3724","title":{"rendered":"OH2AP Historiikki"},"content":{"rendered":"\n<p>Toimittanut Juhani Horelli OH3ZQ<\/p>\n\n\n\n<div class=\"wp-block-columns is-layout-flex wp-container-core-columns-is-layout-9d6595d7 wp-block-columns-is-layout-flex\">\n<div class=\"wp-block-column is-layout-flow wp-block-column-is-layout-flow\" style=\"flex-basis:33.33%\">\n<figure class=\"wp-block-image size-full is-resized shadow-none\"><a href=\"http:\/\/sral.info\/2017\/01\/02\/merkkipaaluja-ja-kaannekohtia\/\"><img loading=\"lazy\" decoding=\"async\" width=\"512\" height=\"512\" src=\"https:\/\/oh2ap.fi\/wp-content\/uploads\/2025\/06\/sral-logo-sininen-512x512-1.png\" alt=\"\" class=\"wp-image-3925\" style=\"width:120px\" srcset=\"https:\/\/oh2ap.fi\/wp-content\/uploads\/2025\/06\/sral-logo-sininen-512x512-1.png 512w, https:\/\/oh2ap.fi\/wp-content\/uploads\/2025\/06\/sral-logo-sininen-512x512-1-300x300.png 300w, https:\/\/oh2ap.fi\/wp-content\/uploads\/2025\/06\/sral-logo-sininen-512x512-1-150x150.png 150w\" sizes=\"auto, (max-width: 512px) 100vw, 512px\" \/><\/a><figcaption class=\"wp-element-caption\">Katso my\u00f6s: Merkkipaaluja ja k\u00e4\u00e4nnekohtia radion ja SRAL ry:n historiassa<\/figcaption><\/figure>\n\n\n\n<p><a href=\"https:\/\/oh2ap.fi\/?page_id=4183\" data-type=\"page\" data-id=\"4183\">Arvo Kallio OH2PW<\/a><\/p>\n\n\n\n<figure class=\"wp-block-image size-medium\"><a href=\"http:\/\/oh2ap.fi\/wp-content\/uploads\/2025\/06\/OH2AP_qsl_1973.pdf\"><img loading=\"lazy\" decoding=\"async\" width=\"300\" height=\"193\" src=\"https:\/\/oh2ap.fi\/wp-content\/uploads\/2025\/06\/OH2AP_qsl_1973-300x193.jpg\" alt=\"\" class=\"wp-image-3912\" srcset=\"https:\/\/oh2ap.fi\/wp-content\/uploads\/2025\/06\/OH2AP_qsl_1973-300x193.jpg 300w, https:\/\/oh2ap.fi\/wp-content\/uploads\/2025\/06\/OH2AP_qsl_1973-1024x658.jpg 1024w, https:\/\/oh2ap.fi\/wp-content\/uploads\/2025\/06\/OH2AP_qsl_1973-768x494.jpg 768w, https:\/\/oh2ap.fi\/wp-content\/uploads\/2025\/06\/OH2AP_qsl_1973-1536x987.jpg 1536w, https:\/\/oh2ap.fi\/wp-content\/uploads\/2025\/06\/OH2AP_qsl_1973-624x401.jpg 624w, https:\/\/oh2ap.fi\/wp-content\/uploads\/2025\/06\/OH2AP_qsl_1973.jpg 1621w\" sizes=\"auto, (max-width: 300px) 100vw, 300px\" \/><\/a><figcaption class=\"wp-element-caption\">QSL-kortti v:lta 1973<\/figcaption><\/figure>\n\n\n\n<p><a href=\"https:\/\/oh2ap.fi\/?page_id=4749\" data-type=\"page\" data-id=\"4749\">Vuosikertomuksista<\/a><\/p>\n\n\n\n<p><a href=\"https:\/\/oh2ap.fi\/?page_id=4120\" data-type=\"page\" data-id=\"4120\">Kerhon johtokunnat \/ hallitukset&nbsp;<\/a><\/p>\n\n\n\n<p><a href=\"https:\/\/oh2ap.fi\/?page_id=4629\" data-type=\"page\" data-id=\"4629\">Kerhon puheenjohtajat<\/a><\/p>\n\n\n\n<p><a href=\"https:\/\/oh2ap.fi\/?page_id=4507\" data-type=\"page\" data-id=\"4507\">Kerhotilat<\/a><\/p>\n\n\n\n<p><a href=\"https:\/\/oh2ap.fi\/?page_id=4697\" data-type=\"page\" data-id=\"4697\">Kerhon rigit<\/a><\/p>\n\n\n\n<p><a href=\"https:\/\/oh2ap.fi\/?page_id=4537\" data-type=\"page\" data-id=\"4537\">Amat\u00f6\u00f6rit lehtien palstoilla<\/a><\/p>\n\n\n\n<figure class=\"wp-block-image size-medium\"><a href=\"http:\/\/oh2ap.fi\/wp-content\/uploads\/2025\/11\/OH2AP_qsl_1990.pdf\"><img loading=\"lazy\" decoding=\"async\" width=\"300\" height=\"194\" src=\"https:\/\/oh2ap.fi\/wp-content\/uploads\/2025\/06\/OH2AP_qsl_1990-300x194.jpg\" alt=\"\" class=\"wp-image-3913\" srcset=\"https:\/\/oh2ap.fi\/wp-content\/uploads\/2025\/06\/OH2AP_qsl_1990-300x194.jpg 300w, https:\/\/oh2ap.fi\/wp-content\/uploads\/2025\/06\/OH2AP_qsl_1990-1024x661.jpg 1024w, https:\/\/oh2ap.fi\/wp-content\/uploads\/2025\/06\/OH2AP_qsl_1990-768x496.jpg 768w, https:\/\/oh2ap.fi\/wp-content\/uploads\/2025\/06\/OH2AP_qsl_1990-1536x992.jpg 1536w, https:\/\/oh2ap.fi\/wp-content\/uploads\/2025\/06\/OH2AP_qsl_1990-624x403.jpg 624w, https:\/\/oh2ap.fi\/wp-content\/uploads\/2025\/06\/OH2AP_qsl_1990.jpg 1634w\" sizes=\"auto, (max-width: 300px) 100vw, 300px\" \/><\/a><figcaption class=\"wp-element-caption\">QSL-kortti v:lta 1990<\/figcaption><\/figure>\n\n\n\n<p><a href=\"https:\/\/oh2ap.fi\/?page_id=4149\" data-type=\"page\" data-id=\"4149\">Nimi\u00e4 ja kutsuja matkan varrelta<\/a><\/p>\n\n\n\n<p><a href=\"https:\/\/oh2ap.fi\/?page_id=4746\" data-type=\"page\" data-id=\"4746\">Valokuvia vuosien varrelta<\/a><\/p>\n\n\n\n<p><a href=\"https:\/\/oh2ap.fi\/?page_id=4491\" data-type=\"link\" data-id=\"https:\/\/oh2ap.fi\/?page_id=4491\">Vanhoja j\u00e4senkirjeit\u00e4<\/a><\/p>\n\n\n\n<figure class=\"wp-block-image size-medium\"><a href=\"https:\/\/oh2ap.fi\/?page_id=4641\"><img loading=\"lazy\" decoding=\"async\" width=\"300\" height=\"195\" src=\"https:\/\/oh2ap.fi\/wp-content\/uploads\/2025\/06\/OJ0_OH2AP-300x195.jpg\" alt=\"\" class=\"wp-image-3910\" srcset=\"https:\/\/oh2ap.fi\/wp-content\/uploads\/2025\/06\/OJ0_OH2AP-300x195.jpg 300w, https:\/\/oh2ap.fi\/wp-content\/uploads\/2025\/06\/OJ0_OH2AP-1024x666.jpg 1024w, https:\/\/oh2ap.fi\/wp-content\/uploads\/2025\/06\/OJ0_OH2AP-768x499.jpg 768w, https:\/\/oh2ap.fi\/wp-content\/uploads\/2025\/06\/OJ0_OH2AP-624x406.jpg 624w, https:\/\/oh2ap.fi\/wp-content\/uploads\/2025\/06\/OJ0_OH2AP.jpg 1221w\" sizes=\"auto, (max-width: 300px) 100vw, 300px\" \/><\/a><figcaption class=\"wp-element-caption\"><a href=\"https:\/\/oh2ap.fi\/?page_id=4641\" data-type=\"page\" data-id=\"4641\">Peditioita<\/a><\/figcaption><\/figure>\n\n\n\n<figure class=\"wp-block-image size-medium\"><a href=\"http:\/\/oh2ap.fi\/wp-content\/uploads\/2025\/11\/OH2AP_qsl_2015.pdf\"><img loading=\"lazy\" decoding=\"async\" width=\"300\" height=\"194\" src=\"https:\/\/oh2ap.fi\/wp-content\/uploads\/2025\/06\/OH2AP_qsl_2015-300x194.jpg\" alt=\"\" class=\"wp-image-3915\" srcset=\"https:\/\/oh2ap.fi\/wp-content\/uploads\/2025\/06\/OH2AP_qsl_2015-300x194.jpg 300w, https:\/\/oh2ap.fi\/wp-content\/uploads\/2025\/06\/OH2AP_qsl_2015-1024x661.jpg 1024w, https:\/\/oh2ap.fi\/wp-content\/uploads\/2025\/06\/OH2AP_qsl_2015-768x496.jpg 768w, https:\/\/oh2ap.fi\/wp-content\/uploads\/2025\/06\/OH2AP_qsl_2015-1536x992.jpg 1536w, https:\/\/oh2ap.fi\/wp-content\/uploads\/2025\/06\/OH2AP_qsl_2015-624x403.jpg 624w, https:\/\/oh2ap.fi\/wp-content\/uploads\/2025\/06\/OH2AP_qsl_2015.jpg 1634w\" sizes=\"auto, (max-width: 300px) 100vw, 300px\" \/><\/a><figcaption class=\"wp-element-caption\">QSL-kortti v:lta 2015<\/figcaption><\/figure>\n\n\n\n<p>T\u00e4h\u00e4n tulee: QSL-kortti v:lta 2025<\/p>\n<\/div>\n\n\n\n<div class=\"wp-block-column is-layout-flow wp-block-column-is-layout-flow\" style=\"flex-basis:66.66%\">\n<p><a href=\"https:\/\/oh2ap.fi\/?page_id=3746\" data-type=\"page\" data-id=\"3746\">Alkusanat<\/a><\/p>\n\n\n\n<h2 class=\"wp-block-heading\"><a href=\"https:\/\/oh2ap.fi\/?page_id=3756\" data-type=\"page\" data-id=\"3756\">Prologi &#8211; radion ensiaskeleita Suomessa<\/a>&nbsp;<\/h2>\n\n\n\n<ul class=\"wp-block-list\">\n<li>Radion pioneereja Suomessa<\/li>\n\n\n\n<li>Tuusulan seudun ensimm\u00e4iset radioamat\u00f6\u00f6rit<\/li>\n\n\n\n<li>Sota-aika<\/li>\n\n\n\n<li>Taas \u00e4\u00e4ness\u00e4 v. 1947<\/li>\n\n\n\n<li>&#8217;Kriittinen massa&#8217; ylittyy 1965<\/li>\n<\/ul>\n\n\n\n<h2 class=\"wp-block-heading\"><a href=\"https:\/\/oh2ap.fi\/?page_id=3829\" data-type=\"page\" data-id=\"3829\">1965\u20131974: Innokas alkutaival<\/a><\/h2>\n\n\n\n<ul class=\"wp-block-list\">\n<li>Kerho perustetaan<\/li>\n\n\n\n<li>Toimintapaikan hakemista, kiertolaisel\u00e4m\u00e4\u00e4<\/li>\n\n\n\n<li>Kokelasrigi pitk\u00e4\u00e4n ainoa laite<\/li>\n\n\n\n<li>Oscar III, Oscar IV&nbsp;satelliitit 1965<\/li>\n\n\n\n<li>Jos ei Oscaria niin Ilmari: satelliitista s\u00e4\u00e4palloon<\/li>\n\n\n\n<li>Yleisemmin: SSB syrj\u00e4ytt\u00e4\u00e4 AM:n<\/li>\n\n\n\n<li>Upeat auringonpilkkumaksimikelit p\u00e4\u00e4ttym\u00e4ss\u00e4<\/li>\n<\/ul>\n\n\n\n<h2 class=\"wp-block-heading\"><a href=\"https:\/\/oh2ap.fi\/?page_id=3838\" data-type=\"page\" data-id=\"3838\">1975\u20131984: Kerho laajenee<\/a><\/h2>\n\n\n\n<ul class=\"wp-block-list\">\n<li>J\u00e4senm\u00e4\u00e4r\u00e4 kasvaa<\/li>\n\n\n\n<li>Oma kerhohuone&nbsp;rakennetaan talkoilla&nbsp;<\/li>\n\n\n\n<li>Kilpailuihin osallistumista<\/li>\n\n\n\n<li>Leireily\u00e4, kursseja<\/li>\n\n\n\n<li>Yleisemmin: kaupalliset rigit tulevat laajemmalti saataville<\/li>\n<\/ul>\n\n\n\n<h2 class=\"wp-block-heading\"><a href=\"https:\/\/oh2ap.fi\/?page_id=3845\" data-type=\"page\" data-id=\"3845\">1985\u20131994: Vakiintumisen ja kokeilujen aika<\/a><\/h2>\n\n\n\n<ul class=\"wp-block-list\">\n<li>PC:t tulevat ham shackeihin<\/li>\n\n\n\n<li>Amat\u00f6\u00f6risatelliitti-aikaa<\/li>\n\n\n\n<li>Repeateri pystytet\u00e4\u00e4n<\/li>\n\n\n\n<li>M\u00e4rket-peditioita, EME-yhteys M\u00e4rketilt\u00e4<\/li>\n\n\n\n<li>SRAL vuosikokous J\u00e4rvenp\u00e4\u00e4ss\u00e4 kerhon 25-v. -tapahtumana<\/li>\n\n\n\n<li>Radiotekniikka yh\u00e4 vaativampaa, kotirakentelu hiipuu<\/li>\n\n\n\n<li>Pakettiradio tulee<\/li>\n<\/ul>\n\n\n\n<h2 class=\"wp-block-heading\"><a href=\"https:\/\/oh2ap.fi\/?page_id=3850\" data-type=\"page\" data-id=\"3850\">1995\u20132004: Toiminta siirtyy kotiasemille<\/a><\/h2>\n\n\n\n<ul class=\"wp-block-list\">\n<li>Internet tulee, pakettiradio menee<\/li>\n\n\n\n<li>Digi-moodeja tulee<\/li>\n\n\n\n<li>Leireily harvenee<\/li>\n\n\n\n<li>&#8217;Hami 80&#8217;&nbsp;J\u00e4rvenp\u00e4\u00e4ss\u00e4 v. 2001<\/li>\n<\/ul>\n\n\n\n<h2 class=\"wp-block-heading\"><a href=\"https:\/\/oh2ap.fi\/?page_id=3852\" data-type=\"page\" data-id=\"3852\">2005\u20132014: Kerho keski-ik\u00e4istyy ?<\/a><\/h2>\n\n\n\n<ul class=\"wp-block-list\">\n<li>J\u00e4senist\u00f6 ik\u00e4\u00e4ntyy<\/li>\n\n\n\n<li>Toimintamuodot vakiintuvat<\/li>\n\n\n\n<li>&#8221;On jo n\u00e4hty, on jo tehty&#8230;&#8221;<\/li>\n\n\n\n<li>Halpojen k\u00e4sikapuloiden esiinmarssi<\/li>\n\n\n\n<li>SDR:t, PC-tuetut rigit, tulevat<\/li>\n\n\n\n<li>Auringonpilkut v\u00e4henev\u00e4t, paikallis-QRM lis\u00e4\u00e4ntyy<\/li>\n\n\n\n<li>PePa-, Turva -harjoituksia&#8230;<\/li>\n<\/ul>\n\n\n\n<h2 class=\"wp-block-heading\"><a href=\"https:\/\/oh2ap.fi\/?page_id=3856\" data-type=\"page\" data-id=\"3856\">2015\u20132024: Uusia asioita<\/a><\/h2>\n\n\n\n<ul class=\"wp-block-list\">\n<li>FT8 -digimoodi noussut nopeasti suosioon<\/li>\n\n\n\n<li>Webbi-tuetut toiminnat lis\u00e4\u00e4ntyv\u00e4t<\/li>\n\n\n\n<li>QSL-korttipalveluiden &#8221;digitalisoituminen&#8221; jatkuu<\/li>\n\n\n\n<li>DMR-toistimien kattava verkko syntyy<\/li>\n\n\n\n<li>Kurssit siirtyv\u00e4t kerholle ja verkkoon<\/li>\n\n\n\n<li>Puskaradio-aktiviteettien nousu<\/li>\n\n\n\n<li>Varautumisasiat nousseet pinnalle 2022 \u2013<\/li>\n\n\n\n<li>Jakson lopussa upeat aurngonpilkkumaksimikelit<\/li>\n<\/ul>\n\n\n\n<h2 class=\"wp-block-heading\"><a href=\"https:\/\/oh2ap.fi\/?page_id=3903\" data-type=\"page\" data-id=\"3903\">2025\u2013: Matka jatkuu!<\/a><\/h2>\n\n\n\n<ul class=\"wp-block-list\">\n<li>T\u00e4h\u00e4n tulee tulevaisuuden ennustetta!<\/li>\n<\/ul>\n<\/div>\n<\/div>\n","protected":false},"excerpt":{"rendered":"<p>Toimittanut Juhani Horelli OH3ZQ Arvo Kallio OH2PW Vuosikertomuksista Kerhon johtokunnat \/ hallitukset&nbsp; Kerhon puheenjohtajat Kerhotilat Kerhon rigit Amat\u00f6\u00f6rit lehtien palstoilla Nimi\u00e4 ja kutsuja matkan varrelta Valokuvia vuosien varrelta Vanhoja j\u00e4senkirjeit\u00e4 T\u00e4h\u00e4n tulee: QSL-kortti v:lta 2025 Alkusanat Prologi &#8211; radion ensiaskeleita Suomessa&nbsp; 1965\u20131974: Innokas alkutaival 1975\u20131984: Kerho laajenee 1985\u20131994: Vakiintumisen ja kokeilujen aika 1995\u20132004: Toiminta siirtyy [&hellip;]<\/p>\n","protected":false},"author":20,"featured_media":0,"parent":0,"menu_order":0,"comment_status":"closed","ping_status":"closed","template":"page-templates\/full-width.php","meta":{"footnotes":""},"class_list":["post-3724","page","type-page","status-publish","hentry"],"_links":{"self":[{"href":"https:\/\/oh2ap.fi\/index.php?rest_route=\/wp\/v2\/pages\/3724","targetHints":{"allow":["GET"]}}],"collection":[{"href":"https:\/\/oh2ap.fi\/index.php?rest_route=\/wp\/v2\/pages"}],"about":[{"href":"https:\/\/oh2ap.fi\/index.php?rest_route=\/wp\/v2\/types\/page"}],"author":[{"embeddable":true,"href":"https:\/\/oh2ap.fi\/index.php?rest_route=\/wp\/v2\/users\/20"}],"replies":[{"embeddable":true,"href":"https:\/\/oh2ap.fi\/index.php?rest_route=%2Fwp%2Fv2%2Fcomments&post=3724"}],"version-history":[{"count":55,"href":"https:\/\/oh2ap.fi\/index.php?rest_route=\/wp\/v2\/pages\/3724\/revisions"}],"predecessor-version":[{"id":5171,"href":"https:\/\/oh2ap.fi\/index.php?rest_route=\/wp\/v2\/pages\/3724\/revisions\/5171"}],"wp:attachment":[{"href":"https:\/\/oh2ap.fi\/index.php?rest_route=%2Fwp%2Fv2%2Fmedia&parent=3724"}],"curies":[{"name":"wp","href":"https:\/\/api.w.org\/{rel}","templated":true}]}}