{"id":3838,"date":"2025-05-30T00:30:58","date_gmt":"2025-05-29T21:30:58","guid":{"rendered":"https:\/\/oh2ap.fi\/?page_id=3838"},"modified":"2025-11-06T23:43:36","modified_gmt":"2025-11-06T21:43:36","slug":"oh2ap-historiikki-1975-1984","status":"publish","type":"page","link":"https:\/\/oh2ap.fi\/?page_id=3838","title":{"rendered":"OH2AP historiikki 1975\u20131984"},"content":{"rendered":"\n<div class=\"wp-block-columns is-layout-flex wp-container-core-columns-is-layout-9d6595d7 wp-block-columns-is-layout-flex\">\n<div class=\"wp-block-column is-layout-flow wp-block-column-is-layout-flow\" style=\"flex-basis:33.33%\">\n<p><a href=\"https:\/\/oh2ap.fi\/?page_id=3724\">Historiikin etusivulle<\/a><\/p>\n\n\n\n<p><a href=\"https:\/\/oh2ap.fi\/?page_id=4755\" data-type=\"page\" data-id=\"4755\">Vuosikertomuksista 1975-1984<\/a><\/p>\n\n\n\n<figure class=\"wp-block-image size-large\"><img loading=\"lazy\" decoding=\"async\" width=\"1024\" height=\"685\" src=\"https:\/\/oh2ap.fi\/wp-content\/uploads\/2025\/10\/1980-OH2BYK-Heli-Kankanen-kuva-m-1024x685.jpg\" alt=\"\" class=\"wp-image-4673\" srcset=\"https:\/\/oh2ap.fi\/wp-content\/uploads\/2025\/10\/1980-OH2BYK-Heli-Kankanen-kuva-m-1024x685.jpg 1024w, https:\/\/oh2ap.fi\/wp-content\/uploads\/2025\/10\/1980-OH2BYK-Heli-Kankanen-kuva-m-300x201.jpg 300w, https:\/\/oh2ap.fi\/wp-content\/uploads\/2025\/10\/1980-OH2BYK-Heli-Kankanen-kuva-m-768x513.jpg 768w, https:\/\/oh2ap.fi\/wp-content\/uploads\/2025\/10\/1980-OH2BYK-Heli-Kankanen-kuva-m-624x417.jpg 624w, https:\/\/oh2ap.fi\/wp-content\/uploads\/2025\/10\/1980-OH2BYK-Heli-Kankanen-kuva-m.jpg 1300w\" sizes=\"auto, (max-width: 1024px) 100vw, 1024px\" \/><\/figure>\n\n\n\n<p><a href=\"https:\/\/oh2ap.fi\/?page_id=4556\">Lehtien palstoilla 1975-1984<\/a><\/p>\n\n\n\n<figure class=\"wp-block-image size-full\"><a href=\"https:\/\/oh2ap.fi\/wp-content\/uploads\/2025\/10\/Visalia-awardi_20.jpg\" target=\"_blank\" rel=\"noreferrer noopener\" data-rel=\"lightbox-image-0\" data-rl_title=\"\" data-rl_caption=\"\" title=\"\"><img loading=\"lazy\" decoding=\"async\" width=\"656\" height=\"509\" src=\"http:\/\/oh2ap.fi\/wp-content\/uploads\/2025\/10\/Visalia-awardi_20.jpg\" alt=\"\" class=\"wp-image-4456\" srcset=\"https:\/\/oh2ap.fi\/wp-content\/uploads\/2025\/10\/Visalia-awardi_20.jpg 656w, https:\/\/oh2ap.fi\/wp-content\/uploads\/2025\/10\/Visalia-awardi_20-300x233.jpg 300w, https:\/\/oh2ap.fi\/wp-content\/uploads\/2025\/10\/Visalia-awardi_20-624x484.jpg 624w\" sizes=\"auto, (max-width: 656px) 100vw, 656px\" \/><\/a><\/figure>\n\n\n\n<p><a href=\"https:\/\/oh2ap.fi\/?page_id=4697\" data-type=\"page\" data-id=\"4697\">Rigit<\/a><\/p>\n\n\n\n<figure class=\"wp-block-image size-large\"><a href=\"http:\/\/oh2ap.fi\/wp-content\/uploads\/2025\/10\/KSSainio1975.pdf\" target=\"_blank\" rel=\"noreferrer noopener\"><img loading=\"lazy\" decoding=\"async\" width=\"1024\" height=\"730\" src=\"http:\/\/oh2ap.fi\/wp-content\/uploads\/2025\/11\/KSSainio1975-1024x730.jpg\" alt=\"\" class=\"wp-image-5097\" srcset=\"https:\/\/oh2ap.fi\/wp-content\/uploads\/2025\/11\/KSSainio1975-1024x730.jpg 1024w, https:\/\/oh2ap.fi\/wp-content\/uploads\/2025\/11\/KSSainio1975-300x214.jpg 300w, https:\/\/oh2ap.fi\/wp-content\/uploads\/2025\/11\/KSSainio1975-768x547.jpg 768w, https:\/\/oh2ap.fi\/wp-content\/uploads\/2025\/11\/KSSainio1975-1536x1095.jpg 1536w, https:\/\/oh2ap.fi\/wp-content\/uploads\/2025\/11\/KSSainio1975-2048x1460.jpg 2048w, https:\/\/oh2ap.fi\/wp-content\/uploads\/2025\/11\/KSSainio1975-624x445.jpg 624w\" sizes=\"auto, (max-width: 1024px) 100vw, 1024px\" \/><\/a><\/figure>\n<\/div>\n\n\n\n<div class=\"wp-block-column is-layout-flow wp-block-column-is-layout-flow\" style=\"flex-basis:66.66%\">\n<h2 class=\"wp-block-heading\">Kerho laajenee<\/h2>\n\n\n\n<p>Toisella vuosikymmenell\u00e4\u00e4n kerhon toiminta sai vakiintuneita muotoja. &#8217;Toisten nurkissa&#8217; py\u00f6rimisen ja laitteiden ja tavaroiden kaapissa s\u00e4ilytt\u00e4misen j\u00e4lkeen avautui tilaisuus tehd\u00e4 kerholle <a href=\"https:\/\/oh2ap.fi\/wp-content\/uploads\/2025\/10\/Kerhotila-0279.pdf\" data-type=\"attachment\" data-id=\"4493\" target=\"_blank\" rel=\"noreferrer noopener\">oma tila J\u00e4rvenp\u00e4\u00e4n Seuratalon ullakolle<\/a>. Pariin vuoteen venyneell\u00e4 talkooprojektilla rakentaen&nbsp;saatiin aikaiseksi kerholle oma tarkoituksenmukainen huone ja paikat laitteille, antenneille ja muulle rekvisiitalle. Rakennustalkoot veiv\u00e4t aikaa muulta kerhotoiminnalta tuon parin vuoden ajan. Kerhotilan aikaansaamisessa kunnostautui erityisesti <a href=\"https:\/\/oh2ap.fi\/wp-content\/uploads\/2025\/11\/Harrastusn1984-Arvi_OH2CL.jpg\" data-type=\"attachment\" data-id=\"4841\" target=\"_blank\" rel=\"noreferrer noopener\" data-rel=\"lightbox-image-1\" data-rl_title=\"\" data-rl_caption=\"\" title=\"\">Arvi P\u00e4ivi\u00f6 OH2CL<\/a>.<\/p>\n\n\n\n<p>Kerholaiset leireiliv\u00e4t aktiivisesti ja ottivat osaa kilpailuihin.&nbsp;Uutta oli mm. amat\u00f6\u00f6risatelliittien workkiminen ja rtty-yhteydet. Valmennuskursseja pidettiin uusille amat\u00f6\u00f6reille.<\/p>\n\n\n\n<p>V. 1980 kes\u00e4ll\u00e4 OH2AP teki pedition&nbsp;erillisen DX-maa-statuksen saaneelle <a href=\"https:\/\/oh2ap.fi\/?page_id=4590\" data-type=\"page\" data-id=\"4590\">M\u00e4rket-luodolle<\/a>.<\/p>\n\n\n\n<p>Yhteydet avattiin J\u00e4rvenp\u00e4\u00e4n veljeskaupungin T\u00e4byn amat\u00f6\u00f6rikerhoon T\u00e4by S\u00e4ndaramat\u00f6rer&#8217;iin.<\/p>\n\n\n\n<p>Kerhon Heathkit SB100 transceiver myytiin ja tilalle tuli Yaesun FT200. Katolle tuli suunta-antenni ja rotaattori. My\u00f6hemmin FT200 vaihtui Kenwood &nbsp;TS830:een.<\/p>\n\n\n\n<p>Toisen kymmenvuotiskauden lopulla kerholla oli&nbsp;85 j\u00e4sent\u00e4.<\/p>\n<\/div>\n<\/div>\n\n\n\n<div class=\"wp-block-columns is-layout-flex wp-container-core-columns-is-layout-9d6595d7 wp-block-columns-is-layout-flex\">\n<div class=\"wp-block-column is-layout-flow wp-block-column-is-layout-flow\">\n<p><a href=\"https:\/\/oh2ap.fi\/?page_id=3829\" data-type=\"page\" data-id=\"3829\">1965\u20131974<\/a><\/p>\n<\/div>\n\n\n\n<div class=\"wp-block-column is-layout-flow wp-block-column-is-layout-flow\">\n<p class=\"has-text-align-right\"><a href=\"https:\/\/oh2ap.fi\/?page_id=3845\" data-type=\"page\" data-id=\"3845\">1985\u20131994<\/a><\/p>\n<\/div>\n<\/div>\n","protected":false},"excerpt":{"rendered":"<p>Historiikin etusivulle Vuosikertomuksista 1975-1984 Lehtien palstoilla 1975-1984 Rigit Kerho laajenee Toisella vuosikymmenell\u00e4\u00e4n kerhon toiminta sai vakiintuneita muotoja. &#8217;Toisten nurkissa&#8217; py\u00f6rimisen ja laitteiden ja tavaroiden kaapissa s\u00e4ilytt\u00e4misen j\u00e4lkeen avautui tilaisuus tehd\u00e4 kerholle oma tila J\u00e4rvenp\u00e4\u00e4n Seuratalon ullakolle. Pariin vuoteen venyneell\u00e4 talkooprojektilla rakentaen&nbsp;saatiin aikaiseksi kerholle oma tarkoituksenmukainen huone ja paikat laitteille, antenneille ja muulle rekvisiitalle. Rakennustalkoot veiv\u00e4t [&hellip;]<\/p>\n","protected":false},"author":20,"featured_media":0,"parent":3724,"menu_order":0,"comment_status":"closed","ping_status":"closed","template":"page-templates\/full-width.php","meta":{"footnotes":""},"class_list":["post-3838","page","type-page","status-publish","hentry"],"_links":{"self":[{"href":"https:\/\/oh2ap.fi\/index.php?rest_route=\/wp\/v2\/pages\/3838","targetHints":{"allow":["GET"]}}],"collection":[{"href":"https:\/\/oh2ap.fi\/index.php?rest_route=\/wp\/v2\/pages"}],"about":[{"href":"https:\/\/oh2ap.fi\/index.php?rest_route=\/wp\/v2\/types\/page"}],"author":[{"embeddable":true,"href":"https:\/\/oh2ap.fi\/index.php?rest_route=\/wp\/v2\/users\/20"}],"replies":[{"embeddable":true,"href":"https:\/\/oh2ap.fi\/index.php?rest_route=%2Fwp%2Fv2%2Fcomments&post=3838"}],"version-history":[{"count":13,"href":"https:\/\/oh2ap.fi\/index.php?rest_route=\/wp\/v2\/pages\/3838\/revisions"}],"predecessor-version":[{"id":5127,"href":"https:\/\/oh2ap.fi\/index.php?rest_route=\/wp\/v2\/pages\/3838\/revisions\/5127"}],"up":[{"embeddable":true,"href":"https:\/\/oh2ap.fi\/index.php?rest_route=\/wp\/v2\/pages\/3724"}],"wp:attachment":[{"href":"https:\/\/oh2ap.fi\/index.php?rest_route=%2Fwp%2Fv2%2Fmedia&parent=3838"}],"curies":[{"name":"wp","href":"https:\/\/api.w.org\/{rel}","templated":true}]}}