{"id":3852,"date":"2025-05-30T00:49:45","date_gmt":"2025-05-29T21:49:45","guid":{"rendered":"https:\/\/oh2ap.fi\/?page_id=3852"},"modified":"2025-11-06T23:45:03","modified_gmt":"2025-11-06T21:45:03","slug":"oh2ap-historiikki-2005-2014","status":"publish","type":"page","link":"https:\/\/oh2ap.fi\/?page_id=3852","title":{"rendered":"OH2AP historiikki 2005\u20132014"},"content":{"rendered":"\n<div class=\"wp-block-columns is-layout-flex wp-container-core-columns-is-layout-9d6595d7 wp-block-columns-is-layout-flex\">\n<div class=\"wp-block-column is-layout-flow wp-block-column-is-layout-flow\" style=\"flex-basis:33.33%\">\n<p><a href=\"https:\/\/oh2ap.fi\/?page_id=3724\">Historiikin etusivulle<\/a><\/p>\n\n\n\n<p><a href=\"https:\/\/oh2ap.fi\/?page_id=4784\" data-type=\"page\" data-id=\"4784\">Vuosikertomuksia 2005\u20132014<\/a><\/p>\n\n\n\n<p><a href=\"https:\/\/oh2ap.fi\/?page_id=4573\" data-type=\"page\" data-id=\"4573\">Lehtien palstoilla 2005\u20132014<\/a><\/p>\n\n\n\n<p><a href=\"https:\/\/oh2ap.fi\/?page_id=4149\" data-type=\"page\" data-id=\"4149\">Nimi\u00e4 ja kutsuja vuosien varrelta<\/a><\/p>\n\n\n\n<p><a href=\"https:\/\/oh2ap.fi\/?page_id=4120\" data-type=\"page\" data-id=\"4120\">Johtokunnat<\/a><\/p>\n\n\n\n<p><a href=\"https:\/\/oh2ap.fi\/wp-content\/uploads\/2025\/11\/OH2AP-jasenet-2013.pdf\" data-type=\"attachment\" data-id=\"4993\" target=\"_blank\" rel=\"noreferrer noopener\">J\u00e4senluettelo 2013<\/a><\/p>\n<\/div>\n\n\n\n<div class=\"wp-block-column is-layout-flow wp-block-column-is-layout-flow\" style=\"flex-basis:66.66%\">\n<h2 class=\"wp-block-heading\">Kerho keski-ik\u00e4istyy ?<\/h2>\n\n\n\n<p>Kerhoillat ovat jatkuneet torstaisin, kuukausikokoukset entiseen tapaan. Amat\u00f6\u00f6rilupaan t\u00e4ht\u00e4\u00e4vi\u00e4 kursseja on j\u00e4rjestetty kansalaisopistoissa ja kerholla. P\u00e4tevyystutkintoja on j\u00e4rjestetty kerholla, kun kerhossa on tutkinnon vastaanottajan p\u00e4tevyyksill\u00e4 olevia j\u00e4seni\u00e4. Parit antennikurssit on py\u00f6ritetty uusien amat\u00f6\u00f6rien antennintekoa varten.<\/p>\n\n\n\n<p>OH2AP:n 40-vuotisjuhlan puitteissa&nbsp;j\u00e4rjestettiin kotimaan&nbsp;aktiviteetti&nbsp;<a href=\"https:\/\/oh2ap.fi\/wp-content\/uploads\/2025\/10\/Kuntaralli_2005.pdf\" data-type=\"attachment\" data-id=\"4785\" target=\"_blank\" rel=\"noreferrer noopener\">&#8217;Kuntamaratoni&#8217;<\/a> 1.5.-30.9.2005.<\/p>\n\n\n\n<p>Kerholla on&nbsp;HF, VHF ja UHF-asemat sek\u00e4 APRS-toistinasema ja nyttemmin poistettu pakettiradiolaitteisto. Kalustoa on t\u00e4ydennetty&nbsp;j\u00e4senten et\u00e4k\u00e4ytt\u00f6\u00f6n kytketyll\u00e4 HF-transceiverilla. Aikansa lev\u00e4nnyt satelliittiasema mastoineen purettiin Seuratalon katolta.<\/p>\n\n\n\n<p>Kerhon toistinasema OH2RUP toimi pitk\u00e4\u00e4n Hyryl\u00e4n vesitornissa ja sitten siirrettiin Jampan kerrostaloon entisen gsm-tukiaseman tiloihin. Kymmenvuotisjakson loppupuolella markkinoille tulleet edulliset &#8217;kiinalais-k\u00e4sikapulat&#8217; ovat tehneet toistinty\u00f6skentelyn l\u00e4ht\u00f6kynnyksen matalaksi.<\/p>\n\n\n\n<p>Radioamat\u00f6\u00f6rilupa uudistui: perusluokka ja yleisluokka; s\u00e4hk\u00f6tystaito vaatimuksena poistuu.<\/p>\n\n\n\n<p>Radioamat\u00f6\u00f6rienkin toimintaa on siirtynyt webbiin: s\u00e4hk\u00f6iset lokiohjelmat ja QSL-palvelut n\u00e4kyv\u00e4t kerhon kautta jaettavien QSL-korttien m\u00e4\u00e4r\u00e4n reiluna v\u00e4henemisen\u00e4, toistinasemia on linkitetty maan- ja maailmankinlaajuisesti, ja toisaalla voi oman l\u00e4hettimen signaalia nyt monitoroida webin yli toisella puolen maailmaa sijaitsevalta SDR-radiolta. &#8217;Kehitys kehittyy..&#8217;<\/p>\n\n\n\n<p>Yleisemm\u00e4ll\u00e4 tasolla: <a href=\"https:\/\/oh2ap.fi\/wp-content\/uploads\/2025\/11\/sunspot-predictions.png\" data-type=\"attachment\" data-id=\"5013\" target=\"_blank\" rel=\"noreferrer noopener\" data-rel=\"lightbox-image-0\" data-rl_title=\"\" data-rl_caption=\"\" title=\"\">auringonpilkkumaksimit <\/a>ovat edelleen aikaisempia matalammat ja hf-radiokelit vaatimattomampia. Paikallish\u00e4iri\u00f6t plasma-telkkareista, hakkurivirtal\u00e4hteist\u00e4&nbsp;ja muista vimpaimista hankaloittavat lyhytaaltoty\u00f6skentely\u00e4 taajamissa. Vhf- ja uhf-aktiviteetteja tulee tilalle.<\/p>\n\n\n\n<p>V. 2014 kerhon nimi muutettiin&nbsp;<strong>&#8217;Keski-Uudenmaan Radioamat\u00f6\u00f6rit ry<\/strong>&#8217;:ksi, mik\u00e4 paljon paremmin heijastelee j\u00e4senkunnan ja toiminnankin rakennetta.<\/p>\n\n\n\n<p>Kerhotilan s\u00e4ilytt\u00e4misess\u00e4 on ollut v\u00e4lill\u00e4 jonkinlaista ep\u00e4varmuutta; edelleen itsellemme tekem\u00e4mme kerhotila kuitenkin on ollut k\u00e4yt\u00f6ss\u00e4mme.<\/p>\n\n\n\n<p>Viisikymmenvuotisp\u00e4iv\u00e4n\u00e4 kerhossa on 94 j\u00e4sent\u00e4. J\u00e4senkunnan ik\u00e4rakenne on &#8217;harmaantumaan p\u00e4in&#8217;, jos kohta nuorempiakin j\u00e4seni\u00e4 liittyy taas&nbsp;vuosittain.<\/p>\n\n\n\n<figure class=\"wp-block-gallery has-nested-images columns-default is-cropped wp-block-gallery-1 is-layout-flex wp-block-gallery-is-layout-flex\">\n<figure class=\"wp-block-image size-large\"><a href=\"https:\/\/oh2ap.fi\/wp-content\/uploads\/2025\/05\/JOTA-2014-operaattorit.jpg\" data-rel=\"lightbox-image-1\" data-rl_title=\"\" data-rl_caption=\"\" title=\"\"><img loading=\"lazy\" decoding=\"async\" width=\"308\" height=\"231\" data-id=\"3853\" src=\"https:\/\/oh2ap.fi\/wp-content\/uploads\/2025\/05\/JOTA-2014-operaattorit.jpg\" alt=\"\" class=\"wp-image-3853\" srcset=\"https:\/\/oh2ap.fi\/wp-content\/uploads\/2025\/05\/JOTA-2014-operaattorit.jpg 308w, https:\/\/oh2ap.fi\/wp-content\/uploads\/2025\/05\/JOTA-2014-operaattorit-300x225.jpg 300w\" sizes=\"auto, (max-width: 308px) 100vw, 308px\" \/><\/a><\/figure>\n\n\n\n<figure class=\"wp-block-image size-large\"><a href=\"https:\/\/oh2ap.fi\/wp-content\/uploads\/2025\/05\/JOTA-2014-vieraita.jpg\" data-rel=\"lightbox-image-2\" data-rl_title=\"\" data-rl_caption=\"\" title=\"\"><img loading=\"lazy\" decoding=\"async\" width=\"308\" height=\"231\" data-id=\"3854\" src=\"https:\/\/oh2ap.fi\/wp-content\/uploads\/2025\/05\/JOTA-2014-vieraita.jpg\" alt=\"\" class=\"wp-image-3854\" srcset=\"https:\/\/oh2ap.fi\/wp-content\/uploads\/2025\/05\/JOTA-2014-vieraita.jpg 308w, https:\/\/oh2ap.fi\/wp-content\/uploads\/2025\/05\/JOTA-2014-vieraita-300x225.jpg 300w\" sizes=\"auto, (max-width: 308px) 100vw, 308px\" \/><\/a><\/figure>\n<\/figure>\n\n\n\n<p>JoTA-workkimista 2014: Mari OH2FPK ja Jukka OH2BR (&#8217;kerran partiolainen &#8211; aina partiolainen&#8230;&#8217;), villavakoira Sepe vain tarkkailijana..<\/p>\n\n\n\n<p><em>JotA : Jamboree-on-the-Air : partiolaisten maailmanlaajuinen radioaktiviteetti joka syksy lokakuussa.<\/em><\/p>\n<\/div>\n<\/div>\n\n\n\n<div class=\"wp-block-columns is-layout-flex wp-container-core-columns-is-layout-9d6595d7 wp-block-columns-is-layout-flex\">\n<div class=\"wp-block-column is-layout-flow wp-block-column-is-layout-flow\">\n<p><a href=\"https:\/\/oh2ap.fi\/?page_id=3850\" data-type=\"page\" data-id=\"3850\">1995\u20132004<\/a><\/p>\n<\/div>\n\n\n\n<div class=\"wp-block-column is-layout-flow wp-block-column-is-layout-flow\">\n<p class=\"has-text-align-right\"><a href=\"https:\/\/oh2ap.fi\/?page_id=3856\" data-type=\"page\" data-id=\"3856\">2015\u20132024<\/a><\/p>\n<\/div>\n<\/div>\n\n\n\n<p><\/p>\n","protected":false},"excerpt":{"rendered":"<p>Historiikin etusivulle Vuosikertomuksia 2005\u20132014 Lehtien palstoilla 2005\u20132014 Nimi\u00e4 ja kutsuja vuosien varrelta Johtokunnat J\u00e4senluettelo 2013 Kerho keski-ik\u00e4istyy ? Kerhoillat ovat jatkuneet torstaisin, kuukausikokoukset entiseen tapaan. Amat\u00f6\u00f6rilupaan t\u00e4ht\u00e4\u00e4vi\u00e4 kursseja on j\u00e4rjestetty kansalaisopistoissa ja kerholla. P\u00e4tevyystutkintoja on j\u00e4rjestetty kerholla, kun kerhossa on tutkinnon vastaanottajan p\u00e4tevyyksill\u00e4 olevia j\u00e4seni\u00e4. Parit antennikurssit on py\u00f6ritetty uusien amat\u00f6\u00f6rien antennintekoa varten. OH2AP:n 40-vuotisjuhlan [&hellip;]<\/p>\n","protected":false},"author":20,"featured_media":0,"parent":3724,"menu_order":0,"comment_status":"closed","ping_status":"closed","template":"page-templates\/full-width.php","meta":{"footnotes":""},"class_list":["post-3852","page","type-page","status-publish","hentry"],"_links":{"self":[{"href":"https:\/\/oh2ap.fi\/index.php?rest_route=\/wp\/v2\/pages\/3852","targetHints":{"allow":["GET"]}}],"collection":[{"href":"https:\/\/oh2ap.fi\/index.php?rest_route=\/wp\/v2\/pages"}],"about":[{"href":"https:\/\/oh2ap.fi\/index.php?rest_route=\/wp\/v2\/types\/page"}],"author":[{"embeddable":true,"href":"https:\/\/oh2ap.fi\/index.php?rest_route=\/wp\/v2\/users\/20"}],"replies":[{"embeddable":true,"href":"https:\/\/oh2ap.fi\/index.php?rest_route=%2Fwp%2Fv2%2Fcomments&post=3852"}],"version-history":[{"count":7,"href":"https:\/\/oh2ap.fi\/index.php?rest_route=\/wp\/v2\/pages\/3852\/revisions"}],"predecessor-version":[{"id":5135,"href":"https:\/\/oh2ap.fi\/index.php?rest_route=\/wp\/v2\/pages\/3852\/revisions\/5135"}],"up":[{"embeddable":true,"href":"https:\/\/oh2ap.fi\/index.php?rest_route=\/wp\/v2\/pages\/3724"}],"wp:attachment":[{"href":"https:\/\/oh2ap.fi\/index.php?rest_route=%2Fwp%2Fv2%2Fmedia&parent=3852"}],"curies":[{"name":"wp","href":"https:\/\/api.w.org\/{rel}","templated":true}]}}