{"id":3856,"date":"2025-05-30T00:54:10","date_gmt":"2025-05-29T21:54:10","guid":{"rendered":"https:\/\/oh2ap.fi\/?page_id=3856"},"modified":"2025-11-25T16:25:19","modified_gmt":"2025-11-25T14:25:19","slug":"oh2ap-historiikki-2015-2024","status":"publish","type":"page","link":"https:\/\/oh2ap.fi\/?page_id=3856","title":{"rendered":"OH2AP historiikki 2015\u20132024"},"content":{"rendered":"\n<div class=\"wp-block-columns is-layout-flex wp-container-core-columns-is-layout-9d6595d7 wp-block-columns-is-layout-flex\">\n<div class=\"wp-block-column is-layout-flow wp-block-column-is-layout-flow\" style=\"flex-basis:33.33%\">\n<p><a href=\"https:\/\/oh2ap.fi\/?page_id=3724\">Historiikin etusivulle<\/a><\/p>\n\n\n\n<figure class=\"wp-block-image size-full\"><a href=\"http:\/\/oh2ap.fi\/wp-content\/uploads\/2025\/06\/OH2AP_qsl_2015.jpg\" data-rel=\"lightbox-image-0\" data-rl_title=\"\" data-rl_caption=\"\" title=\"\"><img loading=\"lazy\" decoding=\"async\" width=\"1634\" height=\"1055\" src=\"http:\/\/oh2ap.fi\/wp-content\/uploads\/2025\/06\/OH2AP_qsl_2015.jpg\" alt=\"\" class=\"wp-image-3915\" srcset=\"https:\/\/oh2ap.fi\/wp-content\/uploads\/2025\/06\/OH2AP_qsl_2015.jpg 1634w, https:\/\/oh2ap.fi\/wp-content\/uploads\/2025\/06\/OH2AP_qsl_2015-300x194.jpg 300w, https:\/\/oh2ap.fi\/wp-content\/uploads\/2025\/06\/OH2AP_qsl_2015-1024x661.jpg 1024w, https:\/\/oh2ap.fi\/wp-content\/uploads\/2025\/06\/OH2AP_qsl_2015-768x496.jpg 768w, https:\/\/oh2ap.fi\/wp-content\/uploads\/2025\/06\/OH2AP_qsl_2015-1536x992.jpg 1536w, https:\/\/oh2ap.fi\/wp-content\/uploads\/2025\/06\/OH2AP_qsl_2015-624x403.jpg 624w\" sizes=\"auto, (max-width: 1634px) 100vw, 1634px\" \/><\/a><figcaption class=\"wp-element-caption\">OH2AP QSL v. 2015<\/figcaption><\/figure>\n\n\n\n<p><a href=\"https:\/\/oh2ap.fi\/?page_id=4137\" data-type=\"page\" data-id=\"4137\">Toimintakertomuksista 2015\u20132024<\/a><\/p>\n\n\n\n<p><a href=\"https:\/\/oh2ap.fi\/?page_id=4145\" data-type=\"page\" data-id=\"4145\">Lehtien palstoilla 2015\u20132024<\/a><\/p>\n<\/div>\n\n\n\n<div class=\"wp-block-column is-layout-flow wp-block-column-is-layout-flow\" style=\"flex-basis:66.66%\">\n<h2 class=\"wp-block-heading\">Murros\u2013\/k\u00e4\u00e4ntym\u00e4vaihe?<\/h2>\n\n\n\n<p>Kerhoillat ovat jatkuneet torstaisin, kuukausikokoukset entiseen tapaan. Vv. 2021-23 toiminnalle antoi erityisen leiman korona-pandemia, jonka aikana mm. kerhohuone ja muut kaupungin kokoontumistilat olivat pidempi\u00e4 aikoja k\u00e4ytt\u00f6kiellossa. T\u00e4m\u00e4n seurauksena tapaamisissa ja kursseissa siirryttiin et\u00e4osallistumiseen, joka tilojen k\u00e4yt\u00f6n vapauduttuakin on jatkunut \u2019hybridi-kokoontumisina\u2019.<br>Amat\u00f6\u00f6rilupaan t\u00e4ht\u00e4\u00e4vi\u00e4 kursseja on jatkossakin j\u00e4rjestetty kerholla p\u00e4\u00e4osin \u2019hybridin\u00e4\u2019 eli l\u00e4hi\/et\u00e4perehdytyksen\u00e4. Kurssitoiminnan tuloksena kerhon j\u00e4senm\u00e4\u00e4r\u00e4 on pysytellut samalla tasolla koko kymmenvuotiskauden.<\/p>\n\n\n\n<p>Kerholla on&nbsp;HF, VHF ja UHF-asemat sek\u00e4 UHF-toistinasema. Kalustoa on t\u00e4ydennetty&nbsp;j\u00e4senten pc-et\u00e4k\u00e4ytt\u00f6\u00f6n kytketyll\u00e4 HF-transceiverilla sek\u00e4 reissuradiolla. Kerhoaseman antennivalikoimaa on Seuratalon remonttien vuoksi jouduttu supistamaan. Kerhon hf-aseman k\u00e4ytt\u00f6aste on tosin jo melko alhainen.<\/p>\n\n\n\n<p>Kerhon UHF-toistinasema OH2RUP toimi vuosien ajan J\u00e4rvenp\u00e4\u00e4n Jampassa kerrostalon entisen GSM-tukiaseman tiloissa. Se muutettiin \u2019hybridi\u2019- eli FM\/DMR-toistimeksi. Talon kattoremontin vuoksi toistin jouduttiin siirt\u00e4m\u00e4\u00e4n v. 2021 kerholle ja lopulta uusi paikka l\u00f6ytyi telemastosta. DMR-moodilla on toistinyhteys avautunut webin avulla yhteyksille ymp\u00e4ri maailmaa, ja kerhojen DMR-toistinverkko onkin laajentunut nopeasti kattamaan valtaosan Suomesta.<\/p>\n\n\n\n<p>&nbsp;Kerhotilan s\u00e4ilytt\u00e4misess\u00e4 on ollut v\u00e4lill\u00e4 jonkinlaista ep\u00e4varmuutta; edelleen on J\u00e4rvenp\u00e4\u00e4n Seuratalon ullakolle tekem\u00e4mme kerhotila kuitenkin ollut k\u00e4yt\u00f6ss\u00e4mme.<\/p>\n\n\n\n<h2 class=\"wp-block-heading\"><strong>50 vuotta kerhoa &#8211; 100 vuotta Suomea<\/strong><\/h2>\n\n\n\n<p>OH2AP:n QSL-kortit Suomen Itsen\u00e4isyyden Juhlavuosi -kampanjoissa vuosilta&nbsp;1967 ja 2017<\/p>\n\n\n\n<figure class=\"wp-block-gallery has-nested-images columns-default is-cropped wp-block-gallery-1 is-layout-flex wp-block-gallery-is-layout-flex\">\n<figure class=\"wp-block-image size-full\"><a href=\"http:\/\/oh2ap.fi\/wp-content\/uploads\/2025\/11\/of2ap_qsl_1967.jpg\" data-rel=\"lightbox-image-1\" data-rl_title=\"\" data-rl_caption=\"\" title=\"\"><img loading=\"lazy\" decoding=\"async\" width=\"817\" height=\"490\" data-id=\"5094\" src=\"http:\/\/oh2ap.fi\/wp-content\/uploads\/2025\/11\/of2ap_qsl_1967.jpg\" alt=\"\" class=\"wp-image-5094\" srcset=\"https:\/\/oh2ap.fi\/wp-content\/uploads\/2025\/11\/of2ap_qsl_1967.jpg 817w, https:\/\/oh2ap.fi\/wp-content\/uploads\/2025\/11\/of2ap_qsl_1967-300x180.jpg 300w, https:\/\/oh2ap.fi\/wp-content\/uploads\/2025\/11\/of2ap_qsl_1967-768x461.jpg 768w, https:\/\/oh2ap.fi\/wp-content\/uploads\/2025\/11\/of2ap_qsl_1967-624x374.jpg 624w\" sizes=\"auto, (max-width: 817px) 100vw, 817px\" \/><\/a><\/figure>\n\n\n\n<figure class=\"wp-block-image size-full\"><a href=\"http:\/\/oh2ap.fi\/wp-content\/uploads\/2015\/03\/OH100FINqsl_-f.jpg\" data-rel=\"lightbox-image-2\" data-rl_title=\"\" data-rl_caption=\"\" title=\"\"><img loading=\"lazy\" decoding=\"async\" width=\"828\" height=\"539\" data-id=\"620\" src=\"http:\/\/oh2ap.fi\/wp-content\/uploads\/2015\/03\/OH100FINqsl_-f.jpg\" alt=\"\" class=\"wp-image-620\" srcset=\"https:\/\/oh2ap.fi\/wp-content\/uploads\/2015\/03\/OH100FINqsl_-f.jpg 828w, https:\/\/oh2ap.fi\/wp-content\/uploads\/2015\/03\/OH100FINqsl_-f-300x195.jpg 300w, https:\/\/oh2ap.fi\/wp-content\/uploads\/2015\/03\/OH100FINqsl_-f-768x500.jpg 768w, https:\/\/oh2ap.fi\/wp-content\/uploads\/2015\/03\/OH100FINqsl_-f-624x406.jpg 624w\" sizes=\"auto, (max-width: 828px) 100vw, 828px\" \/><\/a><\/figure>\n<\/figure>\n\n\n\n<p>Kerhon OH100FIN-aktiviteetin puitteissa&nbsp;v. 2017 pidettiin l\u00e4hes 6000 yhteytt\u00e4 eri puolille maailmaa.<\/p>\n\n\n\n<p>Vaikka kerhon PePa-toiminta on v\u00e4hentynyt, TURVA-harjoituksia on jatkettu&nbsp;vuosittain, ja uusien amat\u00f6\u00f6rien kursseja py\u00f6ritet\u00e4\u00e4n s\u00e4\u00e4nn\u00f6llisesti.<\/p>\n\n\n\n<p>OH2AP:n 60-vuotisuuden puitteissa\u00a0j\u00e4rjestet\u00e4\u00e4n v. 2025 t\u00e4h\u00e4n varatun juhlakutsun OF60AP puitteissa workkimisaktiviteetti ja sille awardipalkinnot. Juhlavuoden aikana ovatkin HF-radiokelit erinomaiset kymmenvuotisjakson loppuun osuvan auringonpilkku-maksimin johdosta. Vastapainoksi on taajamien h\u00e4iri\u00f6taso kohonnut HF-alueen k\u00e4ytt\u00f6\u00e4 kuristavalle tasolle.<\/p>\n<\/div>\n<\/div>\n\n\n\n<div class=\"wp-block-columns is-layout-flex wp-container-core-columns-is-layout-9d6595d7 wp-block-columns-is-layout-flex\">\n<div class=\"wp-block-column is-layout-flow wp-block-column-is-layout-flow\">\n<p><a href=\"https:\/\/oh2ap.fi\/?page_id=3852\" data-type=\"page\" data-id=\"3852\">2005\u20132014<\/a><\/p>\n<\/div>\n\n\n\n<div class=\"wp-block-column is-layout-flow wp-block-column-is-layout-flow\">\n<p class=\"has-text-align-right\"><a href=\"https:\/\/oh2ap.fi\/?page_id=3903\" data-type=\"page\" data-id=\"3903\">2025\u2013<\/a><\/p>\n<\/div>\n<\/div>\n\n\n\n<p><\/p>\n","protected":false},"excerpt":{"rendered":"<p>Historiikin etusivulle Toimintakertomuksista 2015\u20132024 Lehtien palstoilla 2015\u20132024 Murros\u2013\/k\u00e4\u00e4ntym\u00e4vaihe? Kerhoillat ovat jatkuneet torstaisin, kuukausikokoukset entiseen tapaan. Vv. 2021-23 toiminnalle antoi erityisen leiman korona-pandemia, jonka aikana mm. kerhohuone ja muut kaupungin kokoontumistilat olivat pidempi\u00e4 aikoja k\u00e4ytt\u00f6kiellossa. T\u00e4m\u00e4n seurauksena tapaamisissa ja kursseissa siirryttiin et\u00e4osallistumiseen, joka tilojen k\u00e4yt\u00f6n vapauduttuakin on jatkunut \u2019hybridi-kokoontumisina\u2019.Amat\u00f6\u00f6rilupaan t\u00e4ht\u00e4\u00e4vi\u00e4 kursseja on jatkossakin j\u00e4rjestetty kerholla p\u00e4\u00e4osin [&hellip;]<\/p>\n","protected":false},"author":20,"featured_media":0,"parent":3724,"menu_order":0,"comment_status":"closed","ping_status":"closed","template":"page-templates\/full-width.php","meta":{"footnotes":""},"class_list":["post-3856","page","type-page","status-publish","hentry"],"_links":{"self":[{"href":"https:\/\/oh2ap.fi\/index.php?rest_route=\/wp\/v2\/pages\/3856","targetHints":{"allow":["GET"]}}],"collection":[{"href":"https:\/\/oh2ap.fi\/index.php?rest_route=\/wp\/v2\/pages"}],"about":[{"href":"https:\/\/oh2ap.fi\/index.php?rest_route=\/wp\/v2\/types\/page"}],"author":[{"embeddable":true,"href":"https:\/\/oh2ap.fi\/index.php?rest_route=\/wp\/v2\/users\/20"}],"replies":[{"embeddable":true,"href":"https:\/\/oh2ap.fi\/index.php?rest_route=%2Fwp%2Fv2%2Fcomments&post=3856"}],"version-history":[{"count":19,"href":"https:\/\/oh2ap.fi\/index.php?rest_route=\/wp\/v2\/pages\/3856\/revisions"}],"predecessor-version":[{"id":5183,"href":"https:\/\/oh2ap.fi\/index.php?rest_route=\/wp\/v2\/pages\/3856\/revisions\/5183"}],"up":[{"embeddable":true,"href":"https:\/\/oh2ap.fi\/index.php?rest_route=\/wp\/v2\/pages\/3724"}],"wp:attachment":[{"href":"https:\/\/oh2ap.fi\/index.php?rest_route=%2Fwp%2Fv2%2Fmedia&parent=3856"}],"curies":[{"name":"wp","href":"https:\/\/api.w.org\/{rel}","templated":true}]}}