{"id":4120,"date":"2025-06-11T00:07:24","date_gmt":"2025-06-10T21:07:24","guid":{"rendered":"https:\/\/oh2ap.fi\/?page_id=4120"},"modified":"2025-11-06T23:45:41","modified_gmt":"2025-11-06T21:45:41","slug":"oh2ap-johtokunnat-ja-hallitukset","status":"publish","type":"page","link":"https:\/\/oh2ap.fi\/?page_id=4120","title":{"rendered":"OH2AP johtokunnat ja hallitukset"},"content":{"rendered":"\n<div class=\"wp-block-columns is-layout-flex wp-container-core-columns-is-layout-9d6595d7 wp-block-columns-is-layout-flex\">\n<div class=\"wp-block-column is-layout-flow wp-block-column-is-layout-flow\" style=\"flex-basis:33.33%\">\n<p><a href=\"https:\/\/oh2ap.fi\/?page_id=3724\">Historiikin etusivulle<\/a><\/p>\n\n\n\n<p><a href=\"https:\/\/oh2ap.fi\/?page_id=4629\" data-type=\"page\" data-id=\"4629\">Kerhon puheenjohtajat<\/a><\/p>\n<\/div>\n\n\n\n<div class=\"wp-block-column is-layout-flow wp-block-column-is-layout-flow\" style=\"flex-basis:66.66%\">\n<p><em>Johtokuntien \/hallitusten kokoonpanot on otettu vuosikokousten ja\/tai j\u00e4rjest\u00e4ytymiskokousten saatavilla olevista p\u00f6yt\u00e4kirjoista.&nbsp;Virheist\u00e4 vastaa tietenkin historiikin toimittaja.<\/em><\/p>\n\n\n\n<p>1965: OH2NP Oke Kaarela puheenjohtaja, OH2OV Erkki Koivukangas varapuheenjohtaja, OH2BA Jouko Helenius sihteeri, OH2ET Onni Vuorinen rahastonhoitaja, OH2PW Arvo Kallio j\u00e4sen<\/p>\n\n\n\n<p>1966: OH2NP Oke Kaarela pj., OH2OV Erkki Koivukangas vpj., OH2ET Onni Vuorinen siht.\/ rah.h., OH2PW Arvo Kallio, OH2BAM Esko Vuorenmaa<\/p>\n\n\n\n<p>1967: OH2NP Oke Kaarela pj., OH2OV Erkki Koivukangas vpj., OH2ET Onni Vuorinen, Juhani Mela, OH2BAM Esko Vuorenmaa<\/p>\n\n\n\n<p>1968: OH2BAM Esko Vuorenmaa pj., OH2ET Onni Vuorinen vpj., OH2BDI Juhani Mela, OH2OV Erkki Koivukangas, OH2ME Esko Millaskangas siht.\/rahh.<\/p>\n\n\n\n<p>1969: OH2BAM Esko Vuorenmaa pj., OH2ET Onni Vuorinen vpj., OH2BDI Juhani Mela, OH2OV Erkki Koivukangas, OH2ME Esko Millaskangas siht.\/rahh.<\/p>\n\n\n\n<p>1970: OH2BAM Esko Vuorenmaa pj., OH2ET Onni Vuorinen vpj., OH2BDI Juhani Mela, OH2OV Erkki Koivukangas, OH2ME Esko Millaskangas siht.\/rahh.<\/p>\n\n\n\n<p>1971: OH2BAM Esko Vuorenmaa pj., OH2ET Onni Vuorinen vpj., OH2BFY Jorma Turunen siht., OH2BKL Veijo Vesterinen rahh., OH2AZC Seppo Nikkil\u00e4<\/p>\n\n\n\n<p>1972: OH2BAM Esko Vuorenmaa pj., OH2ET Onni Vuorinen vpj., OH2VE Simo Sainio, OH2BMV Tapani Nisula siht., Rauno Hoikkala rah.h..<\/p>\n\n\n\n<p>1973: OH2BAM, Esko Vuorenmaa, pj., OH2ET, Onni Vuorinen vpj., OH2BMV, Tapani Nisula, siht. \/rahh., OH2BEA, Seppo Nikkil\u00e4 , OH2VE, Simo Sainio<\/p>\n\n\n\n<p>1974: Esko Vuorenmaa OH2BAM pj., Onni Vuorinen OH2ET vpj. , Matti Vihervuori OH2BOQrahh. , Keijo Loisti OH2BOZ siht. , Tapani Nisula OH2BMV kokelastoiminnan ohjaaja.<\/p>\n\n\n\n<p>1975: Tapani Nisula OH2BMV pj., Onni Vuorinen OH2ET vpj., Keijo Loisti OH2BOZ siht.\/rahh. , Esko Vuorenmaa OH2BAM ja Simo Sainio OH2VB<\/p>\n\n\n\n<p>1976: pj., Rauno Hoikkala OH2BPG, Onni Vuorinen OH2ET vpj., Keijo Loisti OH2BOZ siht., Arvo Kallio OH2PV rahh., Arvi P\u00e4ivi\u00f6 OH2CL<\/p>\n\n\n\n<p>1977: Rauno Hoikkala OH2BPG pj., Veikko Aumala OH2CD vpj., Keijo Loisti OH2BOZ siht., Pekka Sevanto OH2BFS rahh., Simo Sainio OH2VE kalustonhoit.<\/p>\n\n\n\n<p>1978: Rauno Hoikkala OH2BPG pj., Keijo Lindfors OH2BET vpj., Keijo Loisti OH2BOZ siht., Kimmo Kanerva OH2BSD rahh., Matti Hermunen kalustonhoit.<\/p>\n\n\n\n<p>1979: Rauno Hoikkala OH2BPG pj., Keijo Lindfors OH2BET vpj., Keijo Loisti OH2BOZ siht., Unto Linden OH2BTU rahh., Kimmo Elin OH2BSB kalustonhoit.<\/p>\n\n\n\n<p>1980: Keijo Loisti OH2BOZ pj., Unto Linden OH2BTU vpj., Arvi P\u00e4ivi\u00f6 OH2CL siht.\/rahh., Keijo Lindfors OH2BET ja Kimmo Elin OH2BSB.<\/p>\n\n\n\n<p>1981: Keijo Loisti OH2BOZ pj., Unto Linden OH2BTU vpj., Matti Friman OH2BDQ siht., Arvi P\u00e4ivi\u00f6 OH2CL rahh., Kari Ahonen OH2BBL.<\/p>\n\n\n\n<p>1982: Keijo Loisti OH2BOZ pj. , Matti Friman OH2BDQ vpj., Arvi P\u00e4ivi\u00f6 OH2CL rahh., Kari Ahonen OH2BBL siht., Jukka Reen.<\/p>\n\n\n\n<p>1983: Keijo Loisti OH2BOZpj., Matti Friman OH2BDQvpj., Arvi P\u00e4ivi\u00f6 OH2CLrahh., Kari Ahonen OH2BBLsiht. , Jukka Reen.<\/p>\n\n\n\n<p>1984: Keijo Loisti OH2BOZ pj., Matti Friman OH2BDQ vpj., Arvi P\u00e4ivi\u00f6 OH2CL rahh., Antti Jokinen OH2BYX siht. ja Kari Ahonen OH2BBL.<\/p>\n\n\n\n<p>1985: Keijo Loisti OH2BOZ pj., Matti Friman OH2BDQ vpj., Arvi P\u00e4ivi\u00f6 OH2CL rahh., Armo Lehtiranta OH2BVM siht. ja Kari Ahonen OH2BBL.<\/p>\n\n\n\n<p>1986: Keijo Loisti OH2BOZ pj., Matti Friman OH2BDQ vpj., Harri Hautala OH2AVQ siht., Arvi P\u00e4ivi\u00f6 OH2CL rahh.,&nbsp;Armo Lehtiranta OH2BVM kalustonhoitaja;<\/p>\n\n\n\n<p>1987: Keijo Loisti OH2BOZ pj., Matti Friman OH2BDQ vpj., Heikki Salo OH2BVM siht.Arvi P\u00e4ivi\u00f6 OH2CL rahh.,&nbsp;Harri Hautala OH2AVQ kalustonhoitaja.&nbsp;<\/p>\n\n\n\n<p>1988: Keijo Loisti OH2BOZ pj., Matti Friman OH2BDQ vpj., Timo Kosonen OH2MWH siht., Arvi P\u00e4ivi\u00f6 OH2CL rahh.,&nbsp;Esko Vuorenmaa OH2BAM kalustonhoitaja<\/p>\n\n\n\n<p>1989: Keijo Loisti OH2BOZ pj., Matti Friman OH2BDQ vpj., Timo Kosonen OH2MWH siht., Arvi P\u00e4ivi\u00f6 OH2CL rahh.,&nbsp;Veli-Matti Eerola OH2BVD&nbsp; ; Esko Vuorenmaa OH2BAM kalustonhoitaja\/QSL-asiat<\/p>\n\n\n\n<p>1990: Keijo Loisti OH2BOZ pj., Matti Friman OH2BDQ vpj., Lauri Yrj\u00f6l\u00e4 OH2MRT rahh., Timo Kosonen OH2MWH siht. ja Esko Vuorenmaa OH2BAM.<\/p>\n\n\n\n<p>1991: Keijo Loisti OH2BOZ pj., Matti Friman OH2BDQ vpj., Esko Aalto OH2LBS rah.h., Eero Tynkkynen OH2LCT siht. ja Marko Ahonen OH2LGW.<\/p>\n\n\n\n<p>1992: Keijo Loisti OH2BOZ pj., Matti Friman OH2BDQ vpj., Eero Tynkkynen OH2LCT siht., Riku Kalinen OH2LWO rah.h.,&nbsp;Marko Ahonen OH2LGW.<\/p>\n\n\n\n<p>1993: Keijo Loisti OH2BOZ pj., Matti Friman OH2BDQ vpj., Esko Millaskangas OH2ME siht., Riku Kalinen OH2LWO rah.h., &nbsp;Marko Ahonen OH2LGW<\/p>\n\n\n\n<p>1994: Matti Friman OH2BDQ pj.,&nbsp; Ilkka Hyttinen OH2BCU vpj, &nbsp;Riku Kalinen OH2LWO rah.h., Esko Millaskangas OH2ME siht.,ja , Risto Vuori OH2LCP.<\/p>\n\n\n\n<p>1995: Matti Friman OH2BDQ pj., Ilkka Hyttinen OH2BCU . vpj, &nbsp;Riku Kalinen OH2LWO talh., Esko Millaskangas OH2ME siht. jaKeijo Loisti OH2BOZ&nbsp;.<\/p>\n\n\n\n<p>1996: Matti Friman OH2BDQ pj., Ilkka Hyttinen OH2BCU vpj, &nbsp;Riku Kalinen OH2LWO rah.h., Esko Millaskangas OH2ME siht. ja Keijo Loisti OH2BOZ.<\/p>\n\n\n\n<p>1997:&nbsp;Matti Friman OH2BDQ pj., Esko Aalto OH2LB vpj, &nbsp;Aarno J\u00e4rvinen OH2HAI rah.h., Esko Millaskangas OH2ME siht. ja Keijo Lindfors OH2BET<\/p>\n\n\n\n<p>1998: Matti Friman OH2BDQ pj,&nbsp;&nbsp;Keijo Lindfors OH2BET vpj., Esko Millaskangas OH2ME siht., Aarno J\u00e4rvinen OH2HAI rah.h.,&nbsp;Seppo Kyt\u00f6laakso OH2JPR&nbsp;<\/p>\n\n\n\n<p>1999: Matti Friman OH2BDQ pj, Seppo Kyt\u00f6laakso OH2JPR&nbsp;vpj., Esko Millaskangas OH2ME siht., Aarno J\u00e4rvinen OH2HAI rah.h., Keijo Lindfors OH2BET<\/p>\n\n\n\n<p>2000: Matti Friman OH2BDQ pj, Seppo Kyt\u00f6laakso OH2JPR&nbsp;vpj., Esko Millaskangas OH2ME siht., Aarno J\u00e4rvinen OH2HAI rah.h., Keijo Koskela OH2OT&nbsp;<\/p>\n\n\n\n<p>2001: Matti Friman OH2BDQ pj, Esko Aalto OH2LB&nbsp;vpj., Esko Millaskangas OH2ME siht., Aarno J\u00e4rvinen OH2HAI rah.h.,&nbsp;Timo R\u00f6nkk\u00f6 OH2KJG&nbsp;.&nbsp;<\/p>\n\n\n\n<p>2002: Matti Friman OH2BDQ pj, Esko Aalto OH2LB&nbsp;vpj., Esko Millaskangas OH2ME siht., Aarno J\u00e4rvinen OH2HAI rah.h.,&nbsp;Timo R\u00f6nkk\u00f6 OH2KJG.&nbsp;<\/p>\n\n\n\n<p>2003: Matti Friman OH2BDQ pj, Esko Aalto OH2LB&nbsp;vpj., Esko Millaskangas OH2ME siht., Aarno J\u00e4rvinen OH2HAI rah.h., Jarmo Salmi OH2GJL.&nbsp;<\/p>\n\n\n\n<p>2004: Matti Friman OH2BDQ pj, Esko Aalto OH2LB&nbsp;vpj., Esko Millaskangas OH2ME siht., Aarno J\u00e4rvinen OH2HAI rah.h., Jarmo Salmi OH2GJL&nbsp;<\/p>\n\n\n\n<p>2005:&nbsp;Matti Friman OH2BDQ pj,,&nbsp;&nbsp;Jarmo Salmi OH2GJL&nbsp;vpj., Esko Millaskangas OH2ME siht., Aarno J\u00e4rvinen OH2HAI rah.h., Keijo Koskela OH2OT.&nbsp;<\/p>\n\n\n\n<p>2006: Matti Friman OH2BDQ pj, Jarmo Salmi OH2GJL vpj., Esko Millaskangas OH2ME siht., Aarno J\u00e4rvinen OH2HAI rah.h., Miika Heikinheimo OH2BAD.&nbsp;<\/p>\n\n\n\n<p>2007:Matti Friman OH2BDQ pj, Jarmo Salmi OH2GJL vpj., Esko Millaskangas OH2ME siht., Aarno J\u00e4rvinen OH2HAI rah.h., Miika Heikinheimo OH2BAD.&nbsp;&nbsp;<\/p>\n\n\n\n<p>2008: Matti Friman OH2BDQ pj, Jarmo Salmi OH2GJL vpj., Esko Millaskangas OH2ME siht., Aarno J\u00e4rvinen OH2HAI rah.h., Miika Heikinheimo OH2BAD.&nbsp;<\/p>\n\n\n\n<p>2009: pj. Matti Friman OH2BDQ, vpj. Jarmo Salmi OH2GJL, siht. Esko Millaskangas OH2ME, rah.h. Aarno J\u00e4rvinen OH2HAI,&nbsp;Miika Heikinheimo OH2BAD<\/p>\n\n\n\n<p>2010: pj. Matti Friman OH2BDQ, vpj. Jarmo Salmi OH2GJL, siht. Esko Millaskangas OH2ME, rah.h. Aarno J\u00e4rvinen OH2HAI,&nbsp;Miika Heikinheimo OH2BAD<\/p>\n\n\n\n<p>2011: pj. Matti Friman OH2BDQ, vpj. Jarmo Salmi OH2GJL, siht. Esko Millaskangas OH2ME, rah.h. Aarno J\u00e4rvinen OH2HAI, j\u00e4sen Olli Kumpulainen OH2OW<\/p>\n\n\n\n<p>2012: pj. Keijo Loisti, OH2BOZ., vpj. Jukka Heikinheimo, OH2BR, siht. Mari Nikkil\u00e4, OH2FPK\/OH2O, talh. Aarno J\u00e4rvinen, 0H2HAI, j\u00e4sen Olli Kumpulainen, OH2OW<\/p>\n\n\n\n<p>2013: pj. Keijo Loisti, OH2BOZ., vpj. Jukka Heikinheimo, OH2BR, siht. Mari Nikkil\u00e4, OH2FPK\/OH2O, talh. Aarno J\u00e4rvinen, OH2HAI, j\u00e4sen Olli Kumpulainen, OH2OW<\/p>\n\n\n\n<p>2014: pj. Juhani Horelli OH3ZQ, vpj. Mari Nikkil\u00e4 OH2FPK, siht. Jarmo Salmi OH2GJL, tal.h. Aarno J\u00e4rvinen OH2HAI, Jukka Heikinheimo OH2BR, Timo R\u00f6nkk\u00f6 OH2TIMO<\/p>\n\n\n\n<p>2015: pj. Juhani Horelli OH3ZQ, vpj. Mari Nikkil\u00e4 OH2FPK, siht. Jarmo Salmi OH2GJL, tal.h. Aarno J\u00e4rvinen OH2HAI, Timo R\u00f6nkk\u00f6 OH2TIMO, Stig Wallner OH2SW.<\/p>\n\n\n\n<p>2016: pj Juhani Horelli OH3ZQ, vpj Mari Nikkil\u00e4 OH2FPK, siht Jarmo Salmi OH2GJL, talh. Aarno J\u00e4rvinen OH2HAI, Timo R\u00f6nkk\u00f6 OH2TIMO, Stig Wallner OH2SW, &#8217;nuor.j.&#8217; Elias Pylkk\u00e4nen OH2EP.<\/p>\n\n\n\n<p>2017: pj Juhani Horelli OH3ZQ, vpj Mari Nikkil\u00e4 OH2FPK, siht Jarmo Salmi OH2GJL, talh. Aarno J\u00e4rvinen OH2HAI, Timo R\u00f6nkk\u00f6 OH2TIMO, Stig Wallner OH2SW, &#8217;nuor.j.&#8217; Elias Pylkk\u00e4nen OH2EP.<\/p>\n\n\n\n<p>2018: pj. Juhani Horelli OH3ZQ , vpj. Erkki Kekkonen, OH2EKK, talh. Aarno J\u00e4rvinen, siht. Jarmo Salmi, OH2GJL OH2HAI, Stig Wallner OH2LAW, Timo R\u00f6nkk\u00f6, OH2TIMO, &#8217;nuor.j&#8217; Elias Pylkk\u00e4nen, OH2EP.<\/p>\n\n\n\n<p>2019: pj. Juhani Horelli OH3ZQ , vpj. Erkki Kekkonen, OH2EKK, talh. Aarno J\u00e4rvinen, siht. Jarmo Salmi, OH2GJL OH2HAI, Tommi Mattila OH2BFA, Timo R\u00f6nkk\u00f6, OH2TIMO, &#8217;nuor.j&#8217; Elias Pylkk\u00e4nen, OH2EP.<\/p>\n\n\n\n<p>2020: pj. Juhani Horelli OH3ZQ, vpj. Kauhanen Petri OH2GTQ, siht. Jarmo Salmi OH2GJL, tal.h. Aarno J\u00e4rvinen OH2HAI, Tommi Mattila OH2BFA , Timo R\u00f6nkk\u00f6 OH2TIMO, &#8217;nuor.j.&#8217; Elias Pylkk\u00e4nen OH2EP.<\/p>\n\n\n\n<p>2021: Juhani Horelli OH3ZQ, vpj. Kauhanen Petri OH2GTQ, siht. Jarmo Salmi, OH2GJL, tal.h. Aarno J\u00e4rvinen, OH2HAI, Timo R\u00f6nkk\u00f6, OH2TIMO, Tommi Mattila OH2BFA, Seppo Niemel\u00e4 OH2TQ, Mika Korpela, Elias Pylkk\u00e4nen, OH2EP.<\/p>\n\n\n\n<p>2022: pj. Juhani Horelli OH3ZQ, vpj. Petri Kauhanen OH2GTQ, siht. Jarmo Salmi OH2GJL, tal.h. Aarno J\u00e4rvinen OH2HAI, Tommi Mattila OH2BFA, Seppo Niemel\u00e4 OH2TQ, Mika Korpela, Timo R\u00f6nkk\u00f6 OH2TIMO, Elias Pylkk\u00e4nen OH2EP (qsl-asiat).<\/p>\n\n\n\n<p>2023: pj. Juhani Horelli OH3ZQ, vpj. Tommi Mattila OH2BFA, siht. Jarmo Salmi OH2GJL, tal.h. Aarno J\u00e4rvinen OH2HAI, Petri Kauhanen OH2GTQ, Seppo Niemel\u00e4 OH2TQ, Mika Korpela, Esa Manneri OH2CKD, Elias Pylkk\u00e4nen OH2EP (qsl-asiat).<\/p>\n\n\n\n<p>2024: pj. Juhani Horelli OH3ZQ, vpj. Tommi Mattila OH2BFA, siht. Jarmo Salmi OH2GJL, tal.h. Aarno J\u00e4rvinen OH2HAI, Petri Kauhanen OH2GTQ, Seppo Niemel\u00e4 OH2TQ, Esa Manneri OH2CKD, Markku Malinen OH2CTS (qsl-asiat) ja Hans Ulmanen OH2HU.<\/p>\n<\/div>\n<\/div>\n\n\n\n<p><\/p>\n","protected":false},"excerpt":{"rendered":"<p>Historiikin etusivulle Kerhon puheenjohtajat Johtokuntien \/hallitusten kokoonpanot on otettu vuosikokousten ja\/tai j\u00e4rjest\u00e4ytymiskokousten saatavilla olevista p\u00f6yt\u00e4kirjoista.&nbsp;Virheist\u00e4 vastaa tietenkin historiikin toimittaja. 1965: OH2NP Oke Kaarela puheenjohtaja, OH2OV Erkki Koivukangas varapuheenjohtaja, OH2BA Jouko Helenius sihteeri, OH2ET Onni Vuorinen rahastonhoitaja, OH2PW Arvo Kallio j\u00e4sen 1966: OH2NP Oke Kaarela pj., OH2OV Erkki Koivukangas vpj., OH2ET Onni Vuorinen siht.\/ rah.h., OH2PW [&hellip;]<\/p>\n","protected":false},"author":20,"featured_media":0,"parent":3724,"menu_order":0,"comment_status":"closed","ping_status":"closed","template":"page-templates\/full-width.php","meta":{"footnotes":""},"class_list":["post-4120","page","type-page","status-publish","hentry"],"_links":{"self":[{"href":"https:\/\/oh2ap.fi\/index.php?rest_route=\/wp\/v2\/pages\/4120","targetHints":{"allow":["GET"]}}],"collection":[{"href":"https:\/\/oh2ap.fi\/index.php?rest_route=\/wp\/v2\/pages"}],"about":[{"href":"https:\/\/oh2ap.fi\/index.php?rest_route=\/wp\/v2\/types\/page"}],"author":[{"embeddable":true,"href":"https:\/\/oh2ap.fi\/index.php?rest_route=\/wp\/v2\/users\/20"}],"replies":[{"embeddable":true,"href":"https:\/\/oh2ap.fi\/index.php?rest_route=%2Fwp%2Fv2%2Fcomments&post=4120"}],"version-history":[{"count":3,"href":"https:\/\/oh2ap.fi\/index.php?rest_route=\/wp\/v2\/pages\/4120\/revisions"}],"predecessor-version":[{"id":5142,"href":"https:\/\/oh2ap.fi\/index.php?rest_route=\/wp\/v2\/pages\/4120\/revisions\/5142"}],"up":[{"embeddable":true,"href":"https:\/\/oh2ap.fi\/index.php?rest_route=\/wp\/v2\/pages\/3724"}],"wp:attachment":[{"href":"https:\/\/oh2ap.fi\/index.php?rest_route=%2Fwp%2Fv2%2Fmedia&parent=4120"}],"curies":[{"name":"wp","href":"https:\/\/api.w.org\/{rel}","templated":true}]}}