{"id":4170,"date":"2025-06-11T23:14:48","date_gmt":"2025-06-11T20:14:48","guid":{"rendered":"https:\/\/oh2ap.fi\/?page_id=4170"},"modified":"2025-11-06T23:43:10","modified_gmt":"2025-11-06T21:43:10","slug":"erkki-koivukangas-oh2ov","status":"publish","type":"page","link":"https:\/\/oh2ap.fi\/?page_id=4170","title":{"rendered":"Erkki Koivukangas OH2OV"},"content":{"rendered":"\n<div class=\"wp-block-columns is-layout-flex wp-container-core-columns-is-layout-9d6595d7 wp-block-columns-is-layout-flex\">\n<div class=\"wp-block-column is-layout-flow wp-block-column-is-layout-flow\" style=\"flex-basis:33.33%\">\n<p><a href=\"https:\/\/oh2ap.fi\/?page_id=3724\">Historiikin etusivulle<\/a><\/p>\n\n\n\n<p><a href=\"http:\/\/oh2ap.fi\/wp-content\/uploads\/2025\/11\/OH2OV-lupa-1938.jpg\" target=\"_blank\" rel=\"noreferrer noopener\" data-rel=\"lightbox-image-0\" data-rl_title=\"\" data-rl_caption=\"\" title=\"\">Erkin radioamat\u00f6\u00f6ri-lupa vuodelta 1938<\/a><\/p>\n\n\n\n<figure class=\"wp-block-image size-full\"><img loading=\"lazy\" decoding=\"async\" width=\"837\" height=\"488\" src=\"https:\/\/oh2ap.fi\/wp-content\/uploads\/2025\/10\/oh2ov-Erkki-Koivukangas_-1949.jpg\" alt=\"\" class=\"wp-image-4423\" srcset=\"https:\/\/oh2ap.fi\/wp-content\/uploads\/2025\/10\/oh2ov-Erkki-Koivukangas_-1949.jpg 837w, https:\/\/oh2ap.fi\/wp-content\/uploads\/2025\/10\/oh2ov-Erkki-Koivukangas_-1949-300x175.jpg 300w, https:\/\/oh2ap.fi\/wp-content\/uploads\/2025\/10\/oh2ov-Erkki-Koivukangas_-1949-768x448.jpg 768w, https:\/\/oh2ap.fi\/wp-content\/uploads\/2025\/10\/oh2ov-Erkki-Koivukangas_-1949-624x364.jpg 624w\" sizes=\"auto, (max-width: 837px) 100vw, 837px\" \/><\/figure>\n\n\n\n<figure class=\"wp-block-image size-full\"><img loading=\"lazy\" decoding=\"async\" width=\"843\" height=\"531\" src=\"https:\/\/oh2ap.fi\/wp-content\/uploads\/2025\/10\/oh2ov-Erkki-Koivukangas_-1953.jpg\" alt=\"\" class=\"wp-image-4424\" srcset=\"https:\/\/oh2ap.fi\/wp-content\/uploads\/2025\/10\/oh2ov-Erkki-Koivukangas_-1953.jpg 843w, https:\/\/oh2ap.fi\/wp-content\/uploads\/2025\/10\/oh2ov-Erkki-Koivukangas_-1953-300x189.jpg 300w, https:\/\/oh2ap.fi\/wp-content\/uploads\/2025\/10\/oh2ov-Erkki-Koivukangas_-1953-768x484.jpg 768w, https:\/\/oh2ap.fi\/wp-content\/uploads\/2025\/10\/oh2ov-Erkki-Koivukangas_-1953-624x393.jpg 624w\" sizes=\"auto, (max-width: 843px) 100vw, 843px\" \/><\/figure>\n\n\n\n<figure class=\"wp-block-image size-full\"><img loading=\"lazy\" decoding=\"async\" width=\"847\" height=\"543\" src=\"https:\/\/oh2ap.fi\/wp-content\/uploads\/2025\/10\/oh2ov-Erkki-Koivukangas_-1956.jpg\" alt=\"\" class=\"wp-image-4421\" srcset=\"https:\/\/oh2ap.fi\/wp-content\/uploads\/2025\/10\/oh2ov-Erkki-Koivukangas_-1956.jpg 847w, https:\/\/oh2ap.fi\/wp-content\/uploads\/2025\/10\/oh2ov-Erkki-Koivukangas_-1956-300x192.jpg 300w, https:\/\/oh2ap.fi\/wp-content\/uploads\/2025\/10\/oh2ov-Erkki-Koivukangas_-1956-768x492.jpg 768w, https:\/\/oh2ap.fi\/wp-content\/uploads\/2025\/10\/oh2ov-Erkki-Koivukangas_-1956-624x400.jpg 624w\" sizes=\"auto, (max-width: 847px) 100vw, 847px\" \/><\/figure>\n\n\n\n<p><a href=\"http:\/\/oh2ap.fi\/wp-content\/uploads\/2025\/10\/OH2OV_ra-lupa_1947.jpg\" target=\"_blank\" rel=\"noreferrer noopener\" data-rel=\"lightbox-image-1\" data-rl_title=\"\" data-rl_caption=\"\" title=\"\">Ra-lupa v. 1947<\/a>&nbsp;<\/p>\n\n\n\n<p><a href=\"http:\/\/oh2ap.fi\/wp-content\/uploads\/2025\/11\/OH2OV_kor-tehon-lupa_1948.pdf\" target=\"_blank\" rel=\"noreferrer noopener\">Korotetun tehon (200 W) lupa 1948<\/a><\/p>\n\n\n\n<figure class=\"wp-block-image size-full\"><a href=\"https:\/\/oh2ap.fi\/wp-content\/uploads\/2025\/06\/oh2ov-Erkki-Koivukangas_-1975.jpg\" data-rel=\"lightbox-image-2\" data-rl_title=\"\" data-rl_caption=\"\" title=\"\"><img loading=\"lazy\" decoding=\"async\" width=\"820\" height=\"523\" src=\"https:\/\/oh2ap.fi\/wp-content\/uploads\/2025\/06\/oh2ov-Erkki-Koivukangas_-1975.jpg\" alt=\"\" class=\"wp-image-4171\" srcset=\"https:\/\/oh2ap.fi\/wp-content\/uploads\/2025\/06\/oh2ov-Erkki-Koivukangas_-1975.jpg 820w, https:\/\/oh2ap.fi\/wp-content\/uploads\/2025\/06\/oh2ov-Erkki-Koivukangas_-1975-300x191.jpg 300w, https:\/\/oh2ap.fi\/wp-content\/uploads\/2025\/06\/oh2ov-Erkki-Koivukangas_-1975-768x490.jpg 768w, https:\/\/oh2ap.fi\/wp-content\/uploads\/2025\/06\/oh2ov-Erkki-Koivukangas_-1975-624x398.jpg 624w\" sizes=\"auto, (max-width: 820px) 100vw, 820px\" \/><\/a><\/figure>\n\n\n\n<figure class=\"wp-block-image size-full\"><img loading=\"lazy\" decoding=\"async\" width=\"858\" height=\"596\" src=\"https:\/\/oh2ap.fi\/wp-content\/uploads\/2025\/10\/oh2ov-Erkki-Koivukangas_-1980.jpg\" alt=\"\" class=\"wp-image-4420\" srcset=\"https:\/\/oh2ap.fi\/wp-content\/uploads\/2025\/10\/oh2ov-Erkki-Koivukangas_-1980.jpg 858w, https:\/\/oh2ap.fi\/wp-content\/uploads\/2025\/10\/oh2ov-Erkki-Koivukangas_-1980-300x208.jpg 300w, https:\/\/oh2ap.fi\/wp-content\/uploads\/2025\/10\/oh2ov-Erkki-Koivukangas_-1980-768x533.jpg 768w, https:\/\/oh2ap.fi\/wp-content\/uploads\/2025\/10\/oh2ov-Erkki-Koivukangas_-1980-624x433.jpg 624w\" sizes=\"auto, (max-width: 858px) 100vw, 858px\" \/><\/figure>\n\n\n\n<figure class=\"wp-block-image size-full\"><img loading=\"lazy\" decoding=\"async\" width=\"500\" height=\"146\" src=\"https:\/\/oh2ap.fi\/wp-content\/uploads\/2025\/06\/OH2OV_firmanlogo.jpg\" alt=\"\" class=\"wp-image-4173\" srcset=\"https:\/\/oh2ap.fi\/wp-content\/uploads\/2025\/06\/OH2OV_firmanlogo.jpg 500w, https:\/\/oh2ap.fi\/wp-content\/uploads\/2025\/06\/OH2OV_firmanlogo-300x88.jpg 300w\" sizes=\"auto, (max-width: 500px) 100vw, 500px\" \/><figcaption class=\"wp-element-caption\">Kuva Viljo Kirjavainen\/J\u00e4rvenp\u00e4\u00e4-seura ry<\/figcaption><\/figure>\n\n\n\n<figure class=\"wp-block-image size-full\"><a href=\"https:\/\/oh2ap.fi\/wp-content\/uploads\/2025\/10\/Jarvenpaan_Radiohuolto_talo.jpg\" data-rel=\"lightbox-image-3\" data-rl_title=\"\" data-rl_caption=\"\" title=\"\"><img loading=\"lazy\" decoding=\"async\" width=\"800\" height=\"553\" src=\"https:\/\/oh2ap.fi\/wp-content\/uploads\/2025\/10\/Jarvenpaan_Radiohuolto_talo.jpg\" alt=\"\" class=\"wp-image-4419\" srcset=\"https:\/\/oh2ap.fi\/wp-content\/uploads\/2025\/10\/Jarvenpaan_Radiohuolto_talo.jpg 800w, https:\/\/oh2ap.fi\/wp-content\/uploads\/2025\/10\/Jarvenpaan_Radiohuolto_talo-300x207.jpg 300w, https:\/\/oh2ap.fi\/wp-content\/uploads\/2025\/10\/Jarvenpaan_Radiohuolto_talo-768x531.jpg 768w, https:\/\/oh2ap.fi\/wp-content\/uploads\/2025\/10\/Jarvenpaan_Radiohuolto_talo-624x431.jpg 624w\" sizes=\"auto, (max-width: 800px) 100vw, 800px\" \/><\/a><\/figure>\n\n\n\n<p><a href=\"http:\/\/oh2ap.fi\/wp-content\/uploads\/2025\/10\/Jarvenpaan_Radiohuolto_OH2BAN.pdf\" target=\"_blank\" rel=\"noreferrer noopener\">K\u00e4ynti J\u00e4rvenp\u00e4\u00e4n Radiossa &#8211; Jouko OH2BAN muistelee<\/a><\/p>\n\n\n\n<figure class=\"wp-block-image size-large\"><img loading=\"lazy\" decoding=\"async\" width=\"1024\" height=\"768\" src=\"https:\/\/oh2ap.fi\/wp-content\/uploads\/2025\/10\/OH2OV_Kytola_1-1024x768.jpg\" alt=\"\" class=\"wp-image-4418\" srcset=\"https:\/\/oh2ap.fi\/wp-content\/uploads\/2025\/10\/OH2OV_Kytola_1-1024x768.jpg 1024w, https:\/\/oh2ap.fi\/wp-content\/uploads\/2025\/10\/OH2OV_Kytola_1-300x225.jpg 300w, https:\/\/oh2ap.fi\/wp-content\/uploads\/2025\/10\/OH2OV_Kytola_1-768x576.jpg 768w, https:\/\/oh2ap.fi\/wp-content\/uploads\/2025\/10\/OH2OV_Kytola_1-624x468.jpg 624w, https:\/\/oh2ap.fi\/wp-content\/uploads\/2025\/10\/OH2OV_Kytola_1.jpg 1379w\" sizes=\"auto, (max-width: 1024px) 100vw, 1024px\" \/><figcaption class=\"wp-element-caption\">Erkki k\u00e4ttelee liikkeen jatkajaa P Kyt\u00f6l\u00e4\u00e4<\/figcaption><\/figure>\n\n\n\n<figure class=\"wp-block-image size-large\"><img loading=\"lazy\" decoding=\"async\" width=\"1024\" height=\"692\" src=\"https:\/\/oh2ap.fi\/wp-content\/uploads\/2025\/10\/OH2OV_Kytola_2-1024x692.jpg\" alt=\"\" class=\"wp-image-4416\" srcset=\"https:\/\/oh2ap.fi\/wp-content\/uploads\/2025\/10\/OH2OV_Kytola_2-1024x692.jpg 1024w, https:\/\/oh2ap.fi\/wp-content\/uploads\/2025\/10\/OH2OV_Kytola_2-300x203.jpg 300w, https:\/\/oh2ap.fi\/wp-content\/uploads\/2025\/10\/OH2OV_Kytola_2-768x519.jpg 768w, https:\/\/oh2ap.fi\/wp-content\/uploads\/2025\/10\/OH2OV_Kytola_2-624x422.jpg 624w, https:\/\/oh2ap.fi\/wp-content\/uploads\/2025\/10\/OH2OV_Kytola_2.jpg 1530w\" sizes=\"auto, (max-width: 1024px) 100vw, 1024px\" \/><figcaption class=\"wp-element-caption\">&#8230;ja hyllyill\u00e4 sen ajan elektroniikkaa<\/figcaption><\/figure>\n\n\n\n<p><a href=\"https:\/\/oh2ap.fi\/?page_id=4149\" data-type=\"page\" data-id=\"4149\">Takaisin: Nimi\u00e4 ja kutsuja vuosien varrelta<\/a><\/p>\n<\/div>\n\n\n\n<div class=\"wp-block-column is-layout-flow wp-block-column-is-layout-flow\" style=\"flex-basis:66.66%\">\n<figure class=\"wp-block-image size-full\"><a href=\"https:\/\/oh2ap.fi\/wp-content\/uploads\/2025\/06\/kuva.png\" data-rel=\"lightbox-image-4\" data-rl_title=\"\" data-rl_caption=\"\" title=\"\"><img loading=\"lazy\" decoding=\"async\" width=\"820\" height=\"517\" src=\"https:\/\/oh2ap.fi\/wp-content\/uploads\/2025\/06\/kuva.png\" alt=\"\" class=\"wp-image-4172\" srcset=\"https:\/\/oh2ap.fi\/wp-content\/uploads\/2025\/06\/kuva.png 820w, https:\/\/oh2ap.fi\/wp-content\/uploads\/2025\/06\/kuva-300x189.png 300w, https:\/\/oh2ap.fi\/wp-content\/uploads\/2025\/06\/kuva-768x484.png 768w, https:\/\/oh2ap.fi\/wp-content\/uploads\/2025\/06\/kuva-624x393.png 624w\" sizes=\"auto, (max-width: 820px) 100vw, 820px\" \/><\/a><\/figure>\n\n\n\n<p><em>SRAL:n Silent Key muistelusivulta:<\/em><\/p>\n\n\n\n<p><em>Erkki &#8221;Eki&#8221; Koivukangas, OH2OV radioamat\u00f6\u00f6riasemallaan. Eki oli J\u00e4rvenp\u00e4\u00e4n Radioamat\u00f6\u00f6rit ry:n <\/em><em>perustajaj\u00e4seni\u00e4, ja tunnus OH2OV on silloin t\u00e4ll\u00f6in kerhon erityisk\u00e4yt\u00f6ss\u00e4. Kuva: SRAL:n arkisto.<\/em><\/p>\n\n\n\n<p>Erkki &#8221;Eki&#8221; Koivukankaan, OH2OV (1917-1984) korkeatasoisista radiotekniikan kirjoituksista saatiin nauttia RA-lehden alkuvuosista l\u00e4htien. Eki teki el\u00e4m\u00e4nty\u00f6ns\u00e4 radio- ja tv-alan yritt\u00e4j\u00e4n\u00e4 ja ammattilaisena J\u00e4rvenp\u00e4\u00e4ss\u00e4. T\u00e4m\u00e4n lis\u00e4ksi h\u00e4n antoi paljon aikaa radioamat\u00f6\u00f6riharrasteelle: erityisesti antennit ja l\u00e4hettimet olivat h\u00e4nen vahvaa aluettaan. Monet radioamat\u00f6\u00f6rilaitteet, varsinkin vastaanottimet, saivat jatkoaikaa ja lis\u00e4\u00e4 herkkyytt\u00e4 Ekin asiantuntevassa k\u00e4sittelyss\u00e4.<\/p>\n\n\n\n<p>Eki sai <a href=\"http:\/\/oh2ap.fi\/wp-content\/uploads\/2025\/11\/OH2OV-lupa-1938.jpg\" target=\"_blank\" rel=\"noreferrer noopener\" data-rel=\"lightbox-image-5\" data-rl_title=\"\" data-rl_caption=\"\" title=\"\">ensimm\u00e4isen ra-lupansa <\/a>jo ennen sotia suorittaessaan varusmiespalvelusta Viipurin Viestirykmentiss\u00e4 1938, jossa h\u00e4n suoritti I lk sotilasradios\u00e4hk\u00f6tt\u00e4j\u00e4tutkinnon. Kuten niin monen nuoren miehen kohdalla, sota katkaisi omat suunnitelmat vuosiksi eteenp\u00e4in. Erkki palveli jatkosodan aikana Reino Hallamaan johtamassa radiotiedustelussa, MOTOssa, liikkuvassa eli moottoroidussa radiotiedusteluosastossa. My\u00f6s Erkin veli Matti OH2QU (aik. OH1NX) palveli jatkosodan aikana MOTOssa. (Sodan j\u00e4lkeen Erkki muutti Tuusulaan, nykyiseen J\u00e4rvenp\u00e4\u00e4h\u00e4n. Muutaman ajan kuluttua veli Matti seurasi esimerkki\u00e4.)<\/p>\n\n\n\n<p>Suunta-antennit kiinnostivat: aivan ensimm\u00e4isiin kokeiltuihin ja esiteltyihin kuului &#8221;ZL Special Beam&#8221;, joka on julkaistu RA:ssa 6\/1951. RA:ssa 1\/1953 Ekin esittelem\u00e4 &#8221;The G4ZU Compressed Beam&#8221; oli oman aikansa suosikki pienen kokonsa ja hyvien tulostensa ansiosta. Antennin koko on 20 m:ll\u00e4 niinkin pieni kuin 2 x 3 m! Eki palaa kaksielementtiseen taittodipolibeamiin (W8MGP) RA:ssa 6\/1954 laajassa ja yksityiskohtaisessa artikkelissa, jossa annetaan mitat kolmelle eri ratkaisulle. Lopuksi Eki kertoo antennin k\u00e4ytt\u00f6kokemuksista ja vertailusta muihin antennityyppeihin. Kolmen alueen suosittu suunta-antenni G4ZU-minibeam on esittelyvuorossa RA:ssa 5\/1956.<\/p>\n\n\n\n<p>OH2OV:n suunnittelema ja rakentama SRAL:n l\u00e4hetin on esitelty RA:sa 3\/1957. Se edustaa oman aikansa suomalaista &#8221;home-made&#8221; -huippua, elettiinh\u00e4n viel\u00e4 tukevasti putkiradioiden aikaa, ja puolijohderatkaisut antoivat viel\u00e4 odottaa itse\u00e4\u00e4n. L\u00e4hettimen perusvaatimuksia olivat mm. max 200 W inputteho; AM, NBFM ja CW; audioleikkuri; TVI- ja BCI-suotimet; kaikki bandit; p\u00f6yt\u00e4rakenne ja mahdollisimman yksinkertainen nappulatekniikka. Kaikki n\u00e4m\u00e4 t\u00e4yttyiv\u00e4t ja v\u00e4h\u00e4n enemm\u00e4nkin. &#8211; SRAL:n l\u00e4hetin oli Ekin mestarity\u00f6n n\u00e4yte.<\/p>\n\n\n\n<p>T\u00e4m\u00e4kin on klassikko: kolmen alueen cubical quad, jonka Eki esitteli RA:ssa 9\/1958. T\u00e4m\u00e4n j\u00e4lkeen bambuvapojen menekki kasvoi Suomessa ja OH-asemien signaalitasot nousivat maailmalla. Antenni aiheutti niin paljon kyselyj\u00e4, ett\u00e4 <a href=\"http:\/\/oh2ap.fi\/wp-content\/uploads\/2025\/11\/OH2OV_qsl_1962.jpg\" target=\"_blank\" rel=\"noreferrer noopener\" data-rel=\"lightbox-image-6\" data-rl_title=\"\" data-rl_caption=\"\" title=\"\">Eki painatti antennin mitat QSL-korttiinsa<\/a>, josta halukkaat ne kopioivat. T\u00e4m\u00e4n kirjoittaja oli yksi antennin rakentajista syksyll\u00e4 -58 ja kyll\u00e4 on todettava, ett\u00e4 DX-maiden mets\u00e4stys muuttui kertalaakista. Harvinaisuus tuli 50 watilla usein yhdell\u00e4 kutsulla kasan p\u00e4\u00e4lt\u00e4!<\/p>\n\n\n\n<p><em>Reino Janhunen, OH2HK<\/em><\/p>\n\n\n\n<p>Ps: OH2OV sai jo v. 1952 SRAL:lta Lindellin palkinnon, mik\u00e4 my\u00f6nnet\u00e4\u00e4n tekniikan edist\u00e4misest\u00e4..<\/p>\n\n\n\n<p>Jouko Helenius, OH2BAN (ex OH2BA) muistelee ensimm\u00e4isi\u00e4 kosketuksiaan radioamat\u00f6\u00f6ritoimintaan Erkki Koivukankaan, OH2OV naapurissa:&nbsp;<\/p>\n\n\n\n<p><em>&#8221;<\/em>Asuin 1950-luvun alussa vanhempineni vain parin sadan metrin p\u00e4\u00e4ss\u00e4 Erkki \u201dEki\u201d Koivukankaan, OH2OV QTH:sta ja J\u00e4rvenp\u00e4\u00e4n Radion huollosta. Kotonani kunniapaikalla p\u00f6yd\u00e4ll\u00e4 komeili ns. suora BC-vastaanotin TEFAG (Telefunken).<\/p>\n\n\n\n<p>Tuohon aikaan radio-ohjelmat loppuivat yleens\u00e4 iltauutisiin, sill\u00e4 yhteiskunnan mielest\u00e4 oli aika menn\u00e4 nukkumaan seuraavan p\u00e4iv\u00e4n koitoksia varten. Iltaisin Erkki odotteli varmaan malttamattomana radio-ohjelmien loppumista, sill\u00e4 h\u00e4n kokeili juuri tuohon aikaan quad-antenneja. Meid\u00e4nkin kotiradiosta alkoi, ellei sit\u00e4 oltu ehditty heti sulkea uutisten p\u00e4\u00e4tytty\u00e4, raikua \u201dCQ CQ, this is oscar-hotel-two-oscar-victor&#8230;\u201d Mieleeni on j\u00e4\u00e4nyt jopa Erkin liev\u00e4 r:n sorahdus. Is\u00e4ukko kerran vei radiomme Erkille ja pyysi, ett\u00e4 h\u00e4n hieman virittelisi sit\u00e4 jotta ko ylikuulumisviasta p\u00e4\u00e4st\u00e4isiin eroon. Radiomme kuitenkin korjaantui vasta sitten, kun ULA tuli Suomeen vuonna 1953. N\u00e4in varhain jo polvihousuisena p\u00e4\u00e4sin ensimm\u00e4isen kerran hamimaailman makuun<em>.<\/em><\/p>\n\n\n\n<p>Erkin hamshack oli omakotitalon ensimm\u00e4isess\u00e4 kerroksessa ja bambuongenvavoista tehty\u00e4 quadia h\u00e4n suuntasi autonratilla, sill\u00e4 mastoputki meni l\u00e4pi puolitoistakerroksisen talon. Antennin harukset kiinnittiv\u00e4t monen ohikulkijan huomion, sill\u00e4 niiss\u00e4 oli melko tihe\u00e4ss\u00e4 posliinieristimet, jotka auringossa loistivat kuin helmet. My\u00f6hemmin Erkki pystytti erillisen maston ja kokeili my\u00f6s ohuesta alumiiniputkesta tehtyj\u00e4 py\u00f6reit\u00e4 antennielementtej\u00e4<em>.<\/em><\/p>\n\n\n\n<p>Seuraavaksi opettelin s\u00e4hk\u00f6tyst\u00e4 summerin kanssa. Kun se lutviutui, niin menin vasta lanseerattuun kokelasluokan tutkintoon kev\u00e4\u00e4ll\u00e4 1961. Sain viimeisen kakkosten kaksikirjaimisen kutsun eli OH2BA. Esko meni kokeisiin muutama kuukausi my\u00f6hemmin ja h\u00e4n sai kutsun OH2BAM. Sitten rakensin kideohjatun l\u00e4hettimen. Mutta mist\u00e4 vastaanotin? Erkill\u00e4 sattui olemaan hyllyss\u00e4\u00e4n Geloso-vastaanotin. Tosin niill\u00e4 kaikilla oli yksi hyvin tunnettu ominaisuus: pyrkiv\u00e4t \u201dry\u00f6mim\u00e4\u00e4n p\u00f6yd\u00e4lt\u00e4 alas\u201d. Siit\u00e4 huolimatta kinusin is\u00e4\u00e4ni menem\u00e4\u00e4n ostamaan sen.<\/p>\n\n\n\n<p>Sittener\u00e4\u00e4n\u00e4 p\u00e4iv\u00e4n\u00e4 Erkki ajoi pihaan ja toi mukanaan tuon himoitsemani vastaanottimen. Is\u00e4ukko sattui olemaan paikalla ja Erkki piti pienen saarnan harrastuksen mahdollisesta turmiollisuudesta. H\u00e4nen mielest\u00e4\u00e4n harrastus voi tuhota koulun, opiskelun, avioliiton jne. Harrastus ei kuitenkaan kohdallani ole koskaan p\u00e4\u00e4ssyt \u00e4itym\u00e4\u00e4n kovin pahaksi. Geloso siis p\u00f6yd\u00e4lle rakentamani l\u00e4hettimen viereen ja \u201dCQ de OH2BA k\u201d eetteriin. Ensimm\u00e4inen QSOni oli Ollin, OH5UA (my\u00f6hemmin OH5BR (sk)) kanssa.&nbsp; Sen verran tosiaan Geloso oli levoton, ett\u00e4 my\u00f6hemmin luovutin sen paranneltavaksi Simon, OH2VE osaaviin k\u00e4siin. Itselleni hankin Heathkit HW-100 -rakennussarjan ja kokosin vuosikymmeni\u00e4 moitteetta palvelleen transceiverin.&nbsp;<\/p>\n\n\n\n<p>Eki, OH2OV ei ollut 1960-luvulla kovin aktiivinen. Muistan kuitenkin bandeilta kiivaat keskustelut, joissa h\u00e4n \u201dpisti oman lusikkansa soppaan\u201d, SSB:n ja AM:n eduista ja haitoista. Leip\u00e4ty\u00f6t veiv\u00e4t l\u00e4hes tyystin h\u00e4nen ja h\u00e4nen veljens\u00e4 Matin OH2QU ajan, kun ensin tulivat mustavalkotelevisiot ja heti per\u00e4\u00e4n alkoi v\u00e4ritelevisioaika. Koivukankaan veljekset olivat pitk\u00e4\u00e4n t\u00e4ysin ty\u00f6llistettyj\u00e4 J\u00e4rvenp\u00e4\u00e4n Radion, tuon ajan paikkakunnan johtavan ja ainoana vuosikymmeni\u00e4 toimineen radio-TV -liikkeen ja -korjaamon puikoissa. Liikkeen palveluksessa oli kolmaskin radioamat\u00f6\u00f6ri, myyj\u00e4n\u00e4 toiminut Olavi Rintam\u00e4ki, OH2BLH.&#8221; Vasta vuonna 1982 Eki malttoi j\u00e4tt\u00e4\u00e4 ty\u00f6el\u00e4m\u00e4n ja myi J\u00e4rvenp\u00e4\u00e4n Radion liiketoiminnan Pekka Kyt\u00f6l\u00e4lle, joka muuten oli ollut liikkeen palveluksessa kolme vuotta 1960-luvulla. Oheiset valokuvat on otettu liikkeenluovutusp\u00e4iv\u00e4n\u00e4. Aikanaan liike siirtyi osaksi Expert-ketjua ja sittemmin uusissa omistusj\u00e4rjestelyiss\u00e4 muuttui POWERiksi.<\/p>\n<\/div>\n<\/div>\n\n\n\n<p><\/p>\n","protected":false},"excerpt":{"rendered":"<p>Historiikin etusivulle Erkin radioamat\u00f6\u00f6ri-lupa vuodelta 1938 Ra-lupa v. 1947&nbsp; Korotetun tehon (200 W) lupa 1948 K\u00e4ynti J\u00e4rvenp\u00e4\u00e4n Radiossa &#8211; Jouko OH2BAN muistelee Takaisin: Nimi\u00e4 ja kutsuja vuosien varrelta SRAL:n Silent Key muistelusivulta: Erkki &#8221;Eki&#8221; Koivukangas, OH2OV radioamat\u00f6\u00f6riasemallaan. Eki oli J\u00e4rvenp\u00e4\u00e4n Radioamat\u00f6\u00f6rit ry:n perustajaj\u00e4seni\u00e4, ja tunnus OH2OV on silloin t\u00e4ll\u00f6in kerhon erityisk\u00e4yt\u00f6ss\u00e4. Kuva: SRAL:n arkisto. Erkki [&hellip;]<\/p>\n","protected":false},"author":20,"featured_media":0,"parent":4149,"menu_order":0,"comment_status":"closed","ping_status":"closed","template":"page-templates\/full-width.php","meta":{"footnotes":""},"class_list":["post-4170","page","type-page","status-publish","hentry"],"_links":{"self":[{"href":"https:\/\/oh2ap.fi\/index.php?rest_route=\/wp\/v2\/pages\/4170","targetHints":{"allow":["GET"]}}],"collection":[{"href":"https:\/\/oh2ap.fi\/index.php?rest_route=\/wp\/v2\/pages"}],"about":[{"href":"https:\/\/oh2ap.fi\/index.php?rest_route=\/wp\/v2\/types\/page"}],"author":[{"embeddable":true,"href":"https:\/\/oh2ap.fi\/index.php?rest_route=\/wp\/v2\/users\/20"}],"replies":[{"embeddable":true,"href":"https:\/\/oh2ap.fi\/index.php?rest_route=%2Fwp%2Fv2%2Fcomments&post=4170"}],"version-history":[{"count":5,"href":"https:\/\/oh2ap.fi\/index.php?rest_route=\/wp\/v2\/pages\/4170\/revisions"}],"predecessor-version":[{"id":5122,"href":"https:\/\/oh2ap.fi\/index.php?rest_route=\/wp\/v2\/pages\/4170\/revisions\/5122"}],"up":[{"embeddable":true,"href":"https:\/\/oh2ap.fi\/index.php?rest_route=\/wp\/v2\/pages\/4149"}],"wp:attachment":[{"href":"https:\/\/oh2ap.fi\/index.php?rest_route=%2Fwp%2Fv2%2Fmedia&parent=4170"}],"curies":[{"name":"wp","href":"https:\/\/api.w.org\/{rel}","templated":true}]}}