{"id":4491,"date":"2025-10-23T18:06:01","date_gmt":"2025-10-23T15:06:01","guid":{"rendered":"https:\/\/oh2ap.fi\/?page_id=4491"},"modified":"2025-10-23T18:06:10","modified_gmt":"2025-10-23T15:06:10","slug":"vanhoja-jasenkirjeita","status":"publish","type":"page","link":"https:\/\/oh2ap.fi\/?page_id=4491","title":{"rendered":"Vanhoja j\u00e4senkirjeit\u00e4"},"content":{"rendered":"\n<div class=\"wp-block-columns is-layout-flex wp-container-core-columns-is-layout-9d6595d7 wp-block-columns-is-layout-flex\">\n<div class=\"wp-block-column is-layout-flow wp-block-column-is-layout-flow\" style=\"flex-basis:33.33%\">\n<p><a href=\"https:\/\/oh2ap.fi\/?page_id=3724\">Historiikin etusivulle<\/a><\/p>\n\n\n\n<figure class=\"wp-block-image size-full\"><a href=\"https:\/\/oh2ap.fi\/wp-content\/uploads\/2025\/10\/Tiedote-1993.jpg\" data-rel=\"lightbox-image-0\" data-rl_title=\"\" data-rl_caption=\"\" title=\"\"><img loading=\"lazy\" decoding=\"async\" width=\"537\" height=\"736\" src=\"https:\/\/oh2ap.fi\/wp-content\/uploads\/2025\/10\/Tiedote-1993.jpg\" alt=\"\" class=\"wp-image-4492\" srcset=\"https:\/\/oh2ap.fi\/wp-content\/uploads\/2025\/10\/Tiedote-1993.jpg 537w, https:\/\/oh2ap.fi\/wp-content\/uploads\/2025\/10\/Tiedote-1993-219x300.jpg 219w\" sizes=\"auto, (max-width: 537px) 100vw, 537px\" \/><\/a><\/figure>\n<\/div>\n\n\n\n<div class=\"wp-block-column is-layout-flow wp-block-column-is-layout-flow\" style=\"flex-basis:66.66%\">\n<p>Kerhon j\u00e4senilleen toimittama tiedotus on el\u00e4nyt kerhon 50-vuotisen taipaleen aikana &#8217;ajan hengess\u00e4&#8217;.<\/p>\n\n\n\n<p>Ensimm\u00e4isten vuosien j\u00e4senkirjeet olivat sinert\u00e4vi\u00e4 <a href=\"http:\/\/oh2ap.fi\/wp-content\/uploads\/2025\/10\/Jasentiedote-261165.pdf\" target=\"_blank\" rel=\"noreferrer noopener\">sprii-monisteita<\/a>, joiden paperi muistutti et\u00e4isesti &#8217;oravannahkaa&#8217;. Valinnan motiivina oli hinta ja monistuslaitteiden saatavuus eri ty\u00f6paikoilla.<\/p>\n\n\n\n<p>Kirjoitettiinpa ensimm\u00e4isin\u00e4 toimintavuosina j\u00e4sentiedotteita joskus kirjoituskoneellakin niin, ett\u00e4 koneeseen laitettiin p\u00e4\u00e4llekk\u00e4in useampia papereita, joiden v\u00e4liss\u00e4 oli ns. kalkeeripaperi.<\/p>\n\n\n\n<p>Vahamonisteita k\u00e4ytettiin useita vuosia.<\/p>\n\n\n\n<p>Kerhon j\u00e4senkortisto vietiin atk:lle 1970-luvun alussa. Tallennusv\u00e4line oli tuohon aikaan reik\u00e4kortti. Reik\u00e4korteilta oli helppo tulostaa postituksessa k\u00e4ytetyt osoitetarrat.<\/p>\n\n\n\n<p><a href=\"http:\/\/oh2ap.fi\/wp-content\/uploads\/2025\/10\/Kerhotila-0279.pdf\" target=\"_blank\" rel=\"noreferrer noopener\">Xerox-kopiot<\/a> tulivat siin\u00e4 vaiheessa, kun kopioiden hinta ja saatavuus paranivat harrastustoimintaankin sopiviksi. J\u00e4senkirje oli\u00a0taitettu A4-arkki, joka oli niitill\u00e4 nidottu yhteen ja toisella puolen osoitelappu ja postimerkki.<\/p>\n\n\n\n<p>Paino-originaalien tekemisess\u00e4 kirjoituskoneen syrj\u00e4yttiv\u00e4t ensin tietokoneet matriisikirjoittimineen ja sittemmin lasereineen.<\/p>\n\n\n\n<p>1990-luvun alussa sihteeriksi valittu Eero Tynkkynen, OH2LCT toimitti muutaman vuoden ihka <a href=\"https:\/\/oh2ap.fi\/wp-content\/uploads\/2025\/10\/Tiedote-1993.jpg\" target=\"_blank\" rel=\"noreferrer noopener\" data-rel=\"lightbox-image-1\" data-rl_title=\"\" data-rl_caption=\"\" title=\"\">oikeata j\u00e4senlehte\u00e4<\/a>, offset-monistettua 12-16 -sivuista A5-vihkosta. Kuten useasti, toimituksellisen sis\u00e4ll\u00f6n jatkuva ker\u00e4\u00e4minen osoittautui haasteelliseksi&#8230;<\/p>\n\n\n\n<p>Seuraavaksi k\u00e4ytettiin Postin tarjoamaa palvelua, jossa postille toimitettiin osoitteet ja teksti konekielisen\u00e4 aineistona ja Posti sitten tulosti kirjeet ja jakoi ne. J\u00e4sentiedotteen alareunassa tuli valmiina jopa postisiirtolomake j\u00e4sennmaksun suorittamista varten. Palvelu oli kerhon varoihin n\u00e4hden kallis ja sit\u00e4 ei k\u00e4ytetty kovin pitk\u00e4\u00e4n.<\/p>\n\n\n\n<p>Postituskustannuten kohoaminen&nbsp;ja tekniikan tarjoamat mahdollisuudet ovat ohjanneet j\u00e4senkirjeet digitaaliseen muotoon ja s\u00e4hk\u00f6postiin. 50-vuotiaan kerhon vajaasta 100 j\u00e4senest\u00e4 en\u00e4\u00e4 vain muutamalla ei ole s\u00e4hk\u00f6postia k\u00e4yt\u00f6ss\u00e4\u00e4n.<\/p>\n\n\n\n<p>Kerho avasi omat webbisivut 2006 ja ne listattiin saman tien SRAL:n kerhojen kotisivuluetteloon. Webbisivuille kootaan t\u00e4n\u00e4 p\u00e4iv\u00e4n\u00e4 j\u00e4sentiedotteiden ydinsis\u00e4lt\u00f6. My\u00f6s Facebook-sivuja on kokeiltu, mutta sis\u00e4ll\u00f6n jatkuva tuottaminen tuntuu olevan edelleen haastavaa&#8230;<\/p>\n<\/div>\n<\/div>\n","protected":false},"excerpt":{"rendered":"<p>Historiikin etusivulle Kerhon j\u00e4senilleen toimittama tiedotus on el\u00e4nyt kerhon 50-vuotisen taipaleen aikana &#8217;ajan hengess\u00e4&#8217;. Ensimm\u00e4isten vuosien j\u00e4senkirjeet olivat sinert\u00e4vi\u00e4 sprii-monisteita, joiden paperi muistutti et\u00e4isesti &#8217;oravannahkaa&#8217;. Valinnan motiivina oli hinta ja monistuslaitteiden saatavuus eri ty\u00f6paikoilla. Kirjoitettiinpa ensimm\u00e4isin\u00e4 toimintavuosina j\u00e4sentiedotteita joskus kirjoituskoneellakin niin, ett\u00e4 koneeseen laitettiin p\u00e4\u00e4llekk\u00e4in useampia papereita, joiden v\u00e4liss\u00e4 oli ns. kalkeeripaperi. Vahamonisteita k\u00e4ytettiin useita [&hellip;]<\/p>\n","protected":false},"author":20,"featured_media":0,"parent":3724,"menu_order":0,"comment_status":"closed","ping_status":"closed","template":"page-templates\/full-width.php","meta":{"footnotes":""},"class_list":["post-4491","page","type-page","status-publish","hentry"],"_links":{"self":[{"href":"https:\/\/oh2ap.fi\/index.php?rest_route=\/wp\/v2\/pages\/4491","targetHints":{"allow":["GET"]}}],"collection":[{"href":"https:\/\/oh2ap.fi\/index.php?rest_route=\/wp\/v2\/pages"}],"about":[{"href":"https:\/\/oh2ap.fi\/index.php?rest_route=\/wp\/v2\/types\/page"}],"author":[{"embeddable":true,"href":"https:\/\/oh2ap.fi\/index.php?rest_route=\/wp\/v2\/users\/20"}],"replies":[{"embeddable":true,"href":"https:\/\/oh2ap.fi\/index.php?rest_route=%2Fwp%2Fv2%2Fcomments&post=4491"}],"version-history":[{"count":1,"href":"https:\/\/oh2ap.fi\/index.php?rest_route=\/wp\/v2\/pages\/4491\/revisions"}],"predecessor-version":[{"id":4495,"href":"https:\/\/oh2ap.fi\/index.php?rest_route=\/wp\/v2\/pages\/4491\/revisions\/4495"}],"up":[{"embeddable":true,"href":"https:\/\/oh2ap.fi\/index.php?rest_route=\/wp\/v2\/pages\/3724"}],"wp:attachment":[{"href":"https:\/\/oh2ap.fi\/index.php?rest_route=%2Fwp%2Fv2%2Fmedia&parent=4491"}],"curies":[{"name":"wp","href":"https:\/\/api.w.org\/{rel}","templated":true}]}}