{"id":4507,"date":"2025-10-26T23:18:06","date_gmt":"2025-10-26T21:18:06","guid":{"rendered":"https:\/\/oh2ap.fi\/?page_id=4507"},"modified":"2025-12-23T15:44:33","modified_gmt":"2025-12-23T13:44:33","slug":"kerhotilat","status":"publish","type":"page","link":"https:\/\/oh2ap.fi\/?page_id=4507","title":{"rendered":"Kerhotilat"},"content":{"rendered":"\n<div class=\"wp-block-columns is-layout-flex wp-container-core-columns-is-layout-9d6595d7 wp-block-columns-is-layout-flex\">\n<div class=\"wp-block-column is-layout-flow wp-block-column-is-layout-flow\" style=\"flex-basis:33.33%\">\n<p><a href=\"https:\/\/oh2ap.fi\/?page_id=3724\">Historiikin etusivulle<\/a><\/p>\n\n\n\n<figure class=\"wp-block-image size-full\"><a href=\"http:\/\/oh2ap.fi\/wp-content\/uploads\/2025\/10\/Korona-baari-1963.jpg\" data-rel=\"lightbox-image-0\" data-rl_title=\"\" data-rl_caption=\"\" title=\"\"><img loading=\"lazy\" decoding=\"async\" width=\"1024\" height=\"670\" src=\"http:\/\/oh2ap.fi\/wp-content\/uploads\/2025\/10\/Korona-baari-1963.jpg\" alt=\"\" class=\"wp-image-4509\" srcset=\"https:\/\/oh2ap.fi\/wp-content\/uploads\/2025\/10\/Korona-baari-1963.jpg 1024w, https:\/\/oh2ap.fi\/wp-content\/uploads\/2025\/10\/Korona-baari-1963-300x196.jpg 300w, https:\/\/oh2ap.fi\/wp-content\/uploads\/2025\/10\/Korona-baari-1963-768x503.jpg 768w, https:\/\/oh2ap.fi\/wp-content\/uploads\/2025\/10\/Korona-baari-1963-624x408.jpg 624w\" sizes=\"auto, (max-width: 1024px) 100vw, 1024px\" \/><\/a><figcaption class=\"wp-element-caption\">Korona-baari joulun 1963 tienoilla. Kuva: Viljo Kirjavainen\/J\u00e4rvenp\u00e4\u00e4-Seura<\/figcaption><\/figure>\n\n\n\n<figure class=\"wp-block-image size-full\"><a href=\"http:\/\/oh2ap.fi\/wp-content\/uploads\/2025\/10\/Nuorisotalo-1960-luvulla.jpg\" data-rel=\"lightbox-image-1\" data-rl_title=\"\" data-rl_caption=\"\" title=\"\"><img loading=\"lazy\" decoding=\"async\" width=\"618\" height=\"597\" src=\"http:\/\/oh2ap.fi\/wp-content\/uploads\/2025\/10\/Nuorisotalo-1960-luvulla.jpg\" alt=\"\" class=\"wp-image-4510\" srcset=\"https:\/\/oh2ap.fi\/wp-content\/uploads\/2025\/10\/Nuorisotalo-1960-luvulla.jpg 618w, https:\/\/oh2ap.fi\/wp-content\/uploads\/2025\/10\/Nuorisotalo-1960-luvulla-300x290.jpg 300w\" sizes=\"auto, (max-width: 618px) 100vw, 618px\" \/><\/a><figcaption class=\"wp-element-caption\">Nuorisotalo v. 1975. Kuva: Arvo OH2PW<\/figcaption><\/figure>\n\n\n\n<figure class=\"wp-block-image size-full\"><a href=\"http:\/\/oh2ap.fi\/wp-content\/uploads\/2025\/10\/Seuris-2010.jpg\" data-rel=\"lightbox-image-2\" data-rl_title=\"\" data-rl_caption=\"\" title=\"\"><img loading=\"lazy\" decoding=\"async\" width=\"800\" height=\"450\" src=\"http:\/\/oh2ap.fi\/wp-content\/uploads\/2025\/10\/Seuris-2010.jpg\" alt=\"\" class=\"wp-image-4511\" srcset=\"https:\/\/oh2ap.fi\/wp-content\/uploads\/2025\/10\/Seuris-2010.jpg 800w, https:\/\/oh2ap.fi\/wp-content\/uploads\/2025\/10\/Seuris-2010-300x169.jpg 300w, https:\/\/oh2ap.fi\/wp-content\/uploads\/2025\/10\/Seuris-2010-768x432.jpg 768w, https:\/\/oh2ap.fi\/wp-content\/uploads\/2025\/10\/Seuris-2010-624x351.jpg 624w\" sizes=\"auto, (max-width: 800px) 100vw, 800px\" \/><\/a><figcaption class=\"wp-element-caption\">Seuratalo n. v. 2010<\/figcaption><\/figure>\n\n\n\n<figure class=\"wp-block-image size-large\"><a href=\"http:\/\/oh2ap.fi\/wp-content\/uploads\/2025\/10\/Market-esitys-Torpantie_2014.jpg\" data-rel=\"lightbox-image-3\" data-rl_title=\"\" data-rl_caption=\"\" title=\"\"><img loading=\"lazy\" decoding=\"async\" width=\"1024\" height=\"680\" src=\"http:\/\/oh2ap.fi\/wp-content\/uploads\/2025\/10\/Market-esitys-Torpantie_2014-1024x680.jpg\" alt=\"\" class=\"wp-image-4512\" srcset=\"https:\/\/oh2ap.fi\/wp-content\/uploads\/2025\/10\/Market-esitys-Torpantie_2014-1024x680.jpg 1024w, https:\/\/oh2ap.fi\/wp-content\/uploads\/2025\/10\/Market-esitys-Torpantie_2014-300x199.jpg 300w, https:\/\/oh2ap.fi\/wp-content\/uploads\/2025\/10\/Market-esitys-Torpantie_2014-768x510.jpg 768w, https:\/\/oh2ap.fi\/wp-content\/uploads\/2025\/10\/Market-esitys-Torpantie_2014-624x414.jpg 624w, https:\/\/oh2ap.fi\/wp-content\/uploads\/2025\/10\/Market-esitys-Torpantie_2014.jpg 1072w\" sizes=\"auto, (max-width: 1024px) 100vw, 1024px\" \/><\/a><figcaption class=\"wp-element-caption\">Martin OH2BH M\u00e4rket-esitys Torpantiell\u00e4 v. 2014. Kuva: Stig OH2SW<\/figcaption><\/figure>\n<\/div>\n\n\n\n<div class=\"wp-block-column is-layout-flow wp-block-column-is-layout-flow\" style=\"flex-basis:66.66%\">\n<p>Yhdistyksen <strong>1965<\/strong> perustamiskokous ja kerhokokoontumiset aloitettiin Korona-baarin kabinetissa J\u00e4rvenp\u00e4\u00e4ss\u00e4.<\/p>\n\n\n\n<p><strong>1968 <\/strong>saatiin tila Nuorisotalosta viikottaisiin kokoontumisiin maanantaisin klo 19 sek\u00e4 workkimiseen sunnuntaisin klo 12 eteenp\u00e4in. Nuorisotalolle pystytettiin talkoilla G5RV-antenni. Kerhohuoneeseen Onni OH2ET teki&nbsp;<a href=\"http:\/\/oh2ap.fi\/wp-content\/uploads\/2025\/10\/OH2AP-kaappi-2015.jpg\" target=\"_blank\" rel=\"noreferrer noopener\" data-rel=\"lightbox-image-4\" data-rl_title=\"\" data-rl_caption=\"\" title=\"\">kaapin<\/a> kerhon laitteiden ja muiden tavaroiden s\u00e4ilytt\u00e4miseen kerhoiltojen v\u00e4lisen\u00e4 aikana.<\/p>\n\n\n\n<p><strong>1970 <\/strong>Nuorisotalo oli pitk\u00e4\u00e4n suljettuna vandalismin ja sit\u00e4 seuranneen remontin vuoksi. Kerhoiltojen pit\u00e4miseen saatiin uusi aika torstaisin klo 19.<\/p>\n\n\n\n<p><strong>1978 <\/strong>vuoden lopussa kokoontumiset jouduttiin lopettamaan Nuorisotalossa, koska tila otettiin p\u00e4iv\u00e4kotik\u00e4ytt\u00f6n.<\/p>\n\n\n\n<p><strong>1979<\/strong> kerhokokoontumisia alettiin pit\u00e4\u00e4 Seuratalon alakerrassa. Kerhohuoneen rakentaminen Seuriksen yl\u00e4kerran tiloihin alkoi ja valmistui seuraavana vuonna.&nbsp; <\/p>\n\n\n\n<p><strong>1990<\/strong>&nbsp;tehtiin laajempi <a href=\"http:\/\/oh2ap.fi\/wp-content\/uploads\/2025\/10\/Jasentiedote-17051990.pdf\" target=\"_blank\" rel=\"noreferrer noopener\">saneerausremontti<\/a>, jossa kerhon kaksi huonetta yhdistettiin ja tehtiin naapurikerhon huoneelle oma erillinen kulkuv\u00e4yl\u00e4.<\/p>\n\n\n\n<p><strong>2009<\/strong>&nbsp;kuukausikokoukset siirrettiin pidett\u00e4v\u00e4ksi Arkkitehtitoimisto Olli Kumpulaisen toimistorakennuksen alakerrassa Torpantiell\u00e4. Kerhoillat jatkuivat edelleen Seuriksen yl\u00e4kerrassa.<\/p>\n<\/div>\n<\/div>\n","protected":false},"excerpt":{"rendered":"<p>Historiikin etusivulle Yhdistyksen 1965 perustamiskokous ja kerhokokoontumiset aloitettiin Korona-baarin kabinetissa J\u00e4rvenp\u00e4\u00e4ss\u00e4. 1968 saatiin tila Nuorisotalosta viikottaisiin kokoontumisiin maanantaisin klo 19 sek\u00e4 workkimiseen sunnuntaisin klo 12 eteenp\u00e4in. Nuorisotalolle pystytettiin talkoilla G5RV-antenni. Kerhohuoneeseen Onni OH2ET teki&nbsp;kaapin kerhon laitteiden ja muiden tavaroiden s\u00e4ilytt\u00e4miseen kerhoiltojen v\u00e4lisen\u00e4 aikana. 1970 Nuorisotalo oli pitk\u00e4\u00e4n suljettuna vandalismin ja sit\u00e4 seuranneen remontin vuoksi. Kerhoiltojen [&hellip;]<\/p>\n","protected":false},"author":20,"featured_media":0,"parent":3724,"menu_order":0,"comment_status":"closed","ping_status":"closed","template":"page-templates\/full-width.php","meta":{"footnotes":""},"class_list":["post-4507","page","type-page","status-publish","hentry"],"_links":{"self":[{"href":"https:\/\/oh2ap.fi\/index.php?rest_route=\/wp\/v2\/pages\/4507","targetHints":{"allow":["GET"]}}],"collection":[{"href":"https:\/\/oh2ap.fi\/index.php?rest_route=\/wp\/v2\/pages"}],"about":[{"href":"https:\/\/oh2ap.fi\/index.php?rest_route=\/wp\/v2\/types\/page"}],"author":[{"embeddable":true,"href":"https:\/\/oh2ap.fi\/index.php?rest_route=\/wp\/v2\/users\/20"}],"replies":[{"embeddable":true,"href":"https:\/\/oh2ap.fi\/index.php?rest_route=%2Fwp%2Fv2%2Fcomments&post=4507"}],"version-history":[{"count":2,"href":"https:\/\/oh2ap.fi\/index.php?rest_route=\/wp\/v2\/pages\/4507\/revisions"}],"predecessor-version":[{"id":5220,"href":"https:\/\/oh2ap.fi\/index.php?rest_route=\/wp\/v2\/pages\/4507\/revisions\/5220"}],"up":[{"embeddable":true,"href":"https:\/\/oh2ap.fi\/index.php?rest_route=\/wp\/v2\/pages\/3724"}],"wp:attachment":[{"href":"https:\/\/oh2ap.fi\/index.php?rest_route=%2Fwp%2Fv2%2Fmedia&parent=4507"}],"curies":[{"name":"wp","href":"https:\/\/api.w.org\/{rel}","templated":true}]}}