{"id":4530,"date":"2025-10-26T23:43:11","date_gmt":"2025-10-26T21:43:11","guid":{"rendered":"https:\/\/oh2ap.fi\/?page_id=4530"},"modified":"2025-10-26T23:43:36","modified_gmt":"2025-10-26T21:43:36","slug":"kyynel-radio","status":"publish","type":"page","link":"https:\/\/oh2ap.fi\/?page_id=4530","title":{"rendered":"Kyynel-radio"},"content":{"rendered":"\n<div class=\"wp-block-columns is-layout-flex wp-container-core-columns-is-layout-9d6595d7 wp-block-columns-is-layout-flex\">\n<div class=\"wp-block-column is-layout-flow wp-block-column-is-layout-flow\" style=\"flex-basis:33.33%\">\n<p><a href=\"https:\/\/oh2ap.fi\/?page_id=3724\">Historiikin etusivulle<\/a><\/p>\n\n\n\n<p><a href=\"https:\/\/oh2ap.fi\/?page_id=3756\">Prologi<\/a><\/p>\n\n\n\n<figure class=\"wp-block-image size-full\"><a href=\"https:\/\/oh2ap.fi\/wp-content\/uploads\/2025\/10\/Partioradio_Kyynel-1.jpg\" data-rel=\"lightbox-image-0\" data-rl_title=\"\" data-rl_caption=\"\" title=\"\"><img loading=\"lazy\" decoding=\"async\" width=\"1024\" height=\"686\" src=\"https:\/\/oh2ap.fi\/wp-content\/uploads\/2025\/10\/Partioradio_Kyynel-1.jpg\" alt=\"\" class=\"wp-image-4532\" srcset=\"https:\/\/oh2ap.fi\/wp-content\/uploads\/2025\/10\/Partioradio_Kyynel-1.jpg 1024w, https:\/\/oh2ap.fi\/wp-content\/uploads\/2025\/10\/Partioradio_Kyynel-1-300x201.jpg 300w, https:\/\/oh2ap.fi\/wp-content\/uploads\/2025\/10\/Partioradio_Kyynel-1-768x515.jpg 768w, https:\/\/oh2ap.fi\/wp-content\/uploads\/2025\/10\/Partioradio_Kyynel-1-624x418.jpg 624w\" sizes=\"auto, (max-width: 1024px) 100vw, 1024px\" \/><\/a><figcaption class=\"wp-element-caption\">Kyynel-radio varusteineen. Kuva: fi.wikipedia.org &#8212; Sotamuseo<\/figcaption><\/figure>\n\n\n\n<p><a href=\"http:\/\/oh2ap.fi\/wp-content\/uploads\/2025\/10\/Kadonneiden_kyynelten_metsastys.pdf\">&#8221;Kadonneiden Kyynelten mets\u00e4stys&#8221;<\/a><br>(Radioamat\u00f6\u00f6ri 7\/2019)<\/p>\n<\/div>\n\n\n\n<div class=\"wp-block-column is-layout-flow wp-block-column-is-layout-flow\" style=\"flex-basis:66.66%\">\n<p>Talvisodan aikana 30.11.1939-13.3.1940 partiotiedustelu oli l\u00e4hes yksinomaan 1-3 vuorokauden kestoista rajatiedustelua maksimissaan 10-15 km p\u00e4\u00e4h\u00e4n valtakunnan rajasta. Talvisodan aikana ehti tiett\u00e4v\u00e4sti vain yksi kaukopartio olla tuolloin viel\u00e4 varsin painavan (noin 15 kg) radiol\u00e4hettimens\u00e4 kanssa vihollisen selustassa.<\/p>\n\n\n\n<p>Ensimm\u00e4inen (kaukopartio)radistikurssi pidettiin kuitenkin jo 1.11.1939-15.1.1940. Kurssi alkoi Tuusulassa suojeluskuntaj\u00e4rjest\u00f6n p\u00e4\u00e4llyst\u00f6koulussa (sittemmin Puolustusvoimien Taistelukoulu) ja siirtyi pian Tuomalan koululle. Ohjelmassa oli s\u00e4hk\u00f6tyst\u00e4, salakirjoitusta, kalustonk\u00e4ytt\u00f6\u00e4 ja partiotaitoja. Toinen radistikurssi oli heti talvisodan p\u00e4\u00e4tytty\u00e4 13.3.-15.4.1940.<\/p>\n\n\n\n<p>Kun Radiotiedustelukeskus siirrtyi vuonna 1940 Tuusulaan, niin se otti k\u00e4ytt\u00f6\u00f6ns\u00e4 N\u00e4k\u00f6vammaisten Loma ry:n Onnelan lis\u00e4ksi Ignatiuksen huvilan, Lotta Sv\u00e4rd -j\u00e4rjest\u00f6n Syv\u00e4rannan kurssikeskuksen (nyk. Lottamuseo) ja Vartiovaaran huvilan.<\/p>\n\n\n\n<p>Kyynel-radion suunnittelu ja rakentaminen alkoi maaliskuussa 1940 Ignatiuksen huvilassa Tuusulanj\u00e4rven rannalla. Ryhm\u00e4n j\u00e4senet olivat p\u00e4\u00e4osin radioamat\u00f6\u00f6reja, &nbsp;jotka tunsivat radio- ja antennitekniikkaa ja olivat tottuneet heikkojen radiosignaalien vastaanottamiseen erilaisissa olosuhteissa. Aluksi Kyynel oli vain CW-l\u00e4hetin. Kun kytkent\u00e4 oli lopulta saatu toimivaksi, suoritettiin ensimm\u00e4inen koel\u00e4hetys 28.6.1940. Kes\u00e4illassa signaali kuului komeasti yli Tuusulanj\u00e4rven. Reino Hallamaa kuitenkin kielsi koel\u00e4hett\u00e4miset, koska pelk\u00e4si niiden kuuluvan asiattomien korviin ja paljastavan salaisen kehityshankkeen.<\/p>\n\n\n\n<p>Ryhm\u00e4n ty\u00f6skentely Ignatiuksen huvilassa oli varsin salattua. Ty\u00f6 aloitettiin k\u00e4ym\u00e4ll\u00e4 t\u00e4isaunassa, muistelee ryhm\u00e4n j\u00e4sen. Sitten tutkittiin tarkkaan niin Hallamaan koffer-radiota kuin ven\u00e4l\u00e4ist\u00e4 Omegaa sek\u00e4 jotain amerikkalaista laitetta. Talo oli tiukasti vartioitu, ja ruoka, tarvikkeet ja ty\u00f6kalutkin tuotiin vartiomiehen valvoessa talon&nbsp;&nbsp;portaille, josta&nbsp;sis\u00e4ll\u00e4 oleva ryhm\u00e4 sen nouti. Ryhm\u00e4 oli oli koko ty\u00f6n ajan eristettyn\u00e4 huvilaan, josta ei ollut lupa poistua. Yrj\u00f6&nbsp;Ignatius, siihen aikaan nuori poika,&nbsp;muistelee, ett\u00e4 olohuoneen keskell\u00e4 oli sijainnut suuri py\u00f6re\u00e4 p\u00f6yt\u00e4, jonka ymp\u00e4rill\u00e4 ryhm\u00e4 ilmeisesti teki ty\u00f6t\u00e4ns\u00e4, koska aivan uuteen lattiaan&nbsp; p\u00f6yd\u00e4n ymp\u00e4rille oli kulunut&nbsp;vuoden mittaan melkoinen kavioura, kun huvila v\u00e4lirauhan loppupuolella palautettiin omistajien k\u00e4ytt\u00f6\u00f6n.<\/p>\n\n\n\n<p>Ensimm\u00e4inen kymmenen kappaleen 0-sarja Kyyneleit\u00e4 valmistui syyskuussa samana vuonna. Kyyneleest\u00e4 tuli pienikokoinen ja partiok\u00e4yt\u00f6ss\u00e4 se osoittautui tehokkaaksi, kentt\u00e4kelpoiseksi ja varmatoimiseksi. Liioittelematta voidaan sanoa, ett\u00e4 Kyynel mullisti kaukopartiotiedustelutoiminnan.<\/p>\n\n\n\n<p>P\u00e4\u00e4majan Radiopataljoonan Varikkokomppaniassa, jossa ty\u00f6skenteli tuolloin kaikkiaan 16 radioamat\u00f6\u00f6ri\u00e4 muun erikoiskoulutetun henkil\u00f6st\u00f6n lis\u00e4ksi, jatkokehitettiin kyynel-partioradion piiri- ja rakenneratkaisut jotta&nbsp;sarjavalmistus saatiin k\u00e4yntiin.&nbsp;<\/p>\n\n\n\n<p>Kun ensimm\u00e4isiss\u00e4 Kyynel-versioissa oli vain l\u00e4hetin, niin viestit (=kuittaukset ja toimintaohjeet) kotitukikohdasta kaukopartiolle toimitettiin tuolloin ns. piiloviestein\u00e4 Yleisradion Lahden pitk\u00e4aaltoaseman l\u00e4hetyksiss\u00e4, joita kuunneltiin ko. tarkoitusta varten kehitetyll\u00e4 T\u00f6p\u00f6-yleisradiovastaanottimella. My\u00f6hemmiss\u00e4 Kyynel-versioissa oli my\u00f6s vastaanotin, ensin erillinen ja my\u00f6hemmin integroitu.<\/p>\n\n\n\n<p>Kehitysty\u00f6ss\u00e4 mukana ollut Holger Jalander, OH2NX summasi vuonna 1995 Radio Hamin haastattelussa: &#8221;Kyynelradio ei ollut keksint\u00f6, vaan ennen kaikkea onnistunut konstruktio, jossa kaikki osatekij\u00e4t osuivat kohdalleen. Sen voima piili antennissa, mit\u00e4 seikkaa suuri yleis\u00f6 varsin ymm\u00e4rrett\u00e4v\u00e4sti ei tahdo oivaltaa&#8221;.&nbsp;<\/p>\n\n\n\n<p>Kannettavat ja yksinkertaiset Kyynelradiot olivat kaukopartiomiesten elinehto, kiteytti aikanaan Mannerheimristin ritari Paavo Suoranta. Ne mahdollistivat useampien viikkojen\u00a0pituiset tiedusteluretket ja havaintojen l\u00e4hes reaaliaikaisen v\u00e4lityksen kotitukikohtaan.<\/p>\n\n\n\n<p><sub>L\u00e4htein\u00e4 on k\u00e4ytetty alla olevia. Tietojen ollessa ristiriitaisia on nojauduttu siihen tietoon, joka on saatu useammasta l\u00e4hteest\u00e4 ja\/tai sopii parhaiten yhteen muun olemassa olevan tiedon kanssa:<\/sub><br><sub><br>1. Antero Tanninen, OH1WK, esitelm\u00e4 &#8221;Kyynel-radion kehitt\u00e4minen&#8221;, 2.6.2007 Askainen; l\u00f6ytyy YouTube&#8217;sta.<br>2. Antero Tanninen, OH1WK: &#8221;Kyyneleen lyhyt kehityshistoria&#8221;; <a href=\"http:\/\/www.oh1kw.fi\/Kyyneleen_lyhyt_kh.html\" target=\"_blank\" rel=\"noreferrer noopener\">http:\/\/www.oh1kw.fi\/Kyyneleen_lyhyt_kh.html<\/a>\u00a0<br>3. Matti Wihuri, OH2OH, esitelm\u00e4 (osat 1- 5) &#8221;Kaukopartioradio Kyynel&#8221;, Pauligin huvilassa noin v. 1980, l\u00f6ytyy YouTube&#8217;sta.<br>4.\u00a0 Johanna Parikka Altenstedt: &#8221;Suuri suomalainen vakoilutarina&#8221;<br>5.\u00a0 <a href=\"https:\/\/fi.wikipedia.org\/wiki\/Kyynel_(radio\" target=\"_blank\" rel=\"noreferrer noopener\">https:\/\/fi.wikipedia.org\/wiki\/Kyynel_(radio<\/a>)<br>6. Onnela.com nettisivujen historiatiedot<br>7. OH3AC.fi nettisivujen Stella Polaris 70 v. -materiaali<br>8.\u00a0Yrj\u00f6 Ignatius<\/sub><\/p>\n<\/div>\n<\/div>\n","protected":false},"excerpt":{"rendered":"<p>Historiikin etusivulle Prologi &#8221;Kadonneiden Kyynelten mets\u00e4stys&#8221;(Radioamat\u00f6\u00f6ri 7\/2019) Talvisodan aikana 30.11.1939-13.3.1940 partiotiedustelu oli l\u00e4hes yksinomaan 1-3 vuorokauden kestoista rajatiedustelua maksimissaan 10-15 km p\u00e4\u00e4h\u00e4n valtakunnan rajasta. Talvisodan aikana ehti tiett\u00e4v\u00e4sti vain yksi kaukopartio olla tuolloin viel\u00e4 varsin painavan (noin 15 kg) radiol\u00e4hettimens\u00e4 kanssa vihollisen selustassa. Ensimm\u00e4inen (kaukopartio)radistikurssi pidettiin kuitenkin jo 1.11.1939-15.1.1940. Kurssi alkoi Tuusulassa suojeluskuntaj\u00e4rjest\u00f6n p\u00e4\u00e4llyst\u00f6koulussa (sittemmin [&hellip;]<\/p>\n","protected":false},"author":20,"featured_media":0,"parent":3756,"menu_order":0,"comment_status":"closed","ping_status":"closed","template":"page-templates\/full-width.php","meta":{"footnotes":""},"class_list":["post-4530","page","type-page","status-publish","hentry"],"_links":{"self":[{"href":"https:\/\/oh2ap.fi\/index.php?rest_route=\/wp\/v2\/pages\/4530","targetHints":{"allow":["GET"]}}],"collection":[{"href":"https:\/\/oh2ap.fi\/index.php?rest_route=\/wp\/v2\/pages"}],"about":[{"href":"https:\/\/oh2ap.fi\/index.php?rest_route=\/wp\/v2\/types\/page"}],"author":[{"embeddable":true,"href":"https:\/\/oh2ap.fi\/index.php?rest_route=\/wp\/v2\/users\/20"}],"replies":[{"embeddable":true,"href":"https:\/\/oh2ap.fi\/index.php?rest_route=%2Fwp%2Fv2%2Fcomments&post=4530"}],"version-history":[{"count":2,"href":"https:\/\/oh2ap.fi\/index.php?rest_route=\/wp\/v2\/pages\/4530\/revisions"}],"predecessor-version":[{"id":4536,"href":"https:\/\/oh2ap.fi\/index.php?rest_route=\/wp\/v2\/pages\/4530\/revisions\/4536"}],"up":[{"embeddable":true,"href":"https:\/\/oh2ap.fi\/index.php?rest_route=\/wp\/v2\/pages\/3756"}],"wp:attachment":[{"href":"https:\/\/oh2ap.fi\/index.php?rest_route=%2Fwp%2Fv2%2Fmedia&parent=4530"}],"curies":[{"name":"wp","href":"https:\/\/api.w.org\/{rel}","templated":true}]}}