{"id":4556,"date":"2025-10-27T00:26:44","date_gmt":"2025-10-26T22:26:44","guid":{"rendered":"https:\/\/oh2ap.fi\/?page_id=4556"},"modified":"2025-11-06T23:43:42","modified_gmt":"2025-11-06T21:43:42","slug":"lehtien-palstoilla-1975-1984","status":"publish","type":"page","link":"https:\/\/oh2ap.fi\/?page_id=4556","title":{"rendered":"Lehtien palstoilla 1975\u20131984"},"content":{"rendered":"\n<div class=\"wp-block-columns is-layout-flex wp-container-core-columns-is-layout-9d6595d7 wp-block-columns-is-layout-flex\">\n<div class=\"wp-block-column is-layout-flow wp-block-column-is-layout-flow\" style=\"flex-basis:33.33%\">\n<p><a href=\"https:\/\/oh2ap.fi\/?page_id=3724\">Historiikin etusivulle<\/a><\/p>\n\n\n\n<p><a href=\"https:\/\/oh2ap.fi\/?page_id=4537\">Lehtien palstoilla 1965\u20131974<\/a><\/p>\n\n\n\n<p><a href=\"https:\/\/oh2ap.fi\/?page_id=4564\" data-type=\"page\" data-id=\"4564\">Lehtien palstoilla 1985\u20131994<\/a><\/p>\n<\/div>\n\n\n\n<div class=\"wp-block-column is-layout-flow wp-block-column-is-layout-flow\" style=\"flex-basis:66.66%\">\n<p>N\u00e4m\u00e4kin leikkeet ovat Keijon OH2BOZ leikekirjasta:<\/p>\n\n\n\n<p><a href=\"https:\/\/oh2ap.fi\/wp-content\/uploads\/2025\/11\/Lehdet_K-Ukai_061975.jpg\" data-type=\"attachment\" data-id=\"4870\" target=\"_blank\" rel=\"noreferrer noopener\" data-rel=\"lightbox-image-0\" data-rl_title=\"\" data-rl_caption=\"\" title=\"\">K-U_061975<\/a>&nbsp;Yhdistyksen 10-v juhla Seurahuoneella<\/p>\n\n\n\n<p><a href=\"https:\/\/oh2ap.fi\/wp-content\/uploads\/2025\/11\/OH2BOQ_Matti.jpg\" data-type=\"attachment\" data-id=\"4886\" target=\"_blank\" rel=\"noreferrer noopener\" data-rel=\"lightbox-image-1\" data-rl_title=\"\" data-rl_caption=\"\" title=\"\">K-U_051975<\/a> Matti OH2BOQ ylioppilaaksi<\/p>\n\n\n\n<p><a href=\"https:\/\/oh2ap.fi\/wp-content\/uploads\/2025\/11\/Lehdet_VUkai_1980kai.jpg\" data-type=\"attachment\" data-id=\"4885\" target=\"_blank\" rel=\"noreferrer noopener\" data-rel=\"lightbox-image-2\" data-rl_title=\"\" data-rl_caption=\"\" title=\"\">K-U_1975<\/a>&nbsp;Kerhon syyskauden avauskokoontuminen<\/p>\n\n\n\n<p><a href=\"https:\/\/oh2ap.fi\/wp-content\/uploads\/2025\/11\/Lehdet_Viikko_1975.jpg\" data-type=\"attachment\" data-id=\"4878\" target=\"_blank\" rel=\"noreferrer noopener\" data-rel=\"lightbox-image-3\" data-rl_title=\"\" data-rl_caption=\"\" title=\"\">Viikko_1975<\/a>&nbsp;Yleist\u00e4 radioamat\u00f6\u00f6rikilpailuista<\/p>\n\n\n\n<p><a href=\"https:\/\/oh2ap.fi\/wp-content\/uploads\/2025\/11\/Lehdet_K-U_1976.jpg\" data-type=\"attachment\" data-id=\"4852\" target=\"_blank\" rel=\"noreferrer noopener\" data-rel=\"lightbox-image-4\" data-rl_title=\"\" data-rl_caption=\"\" title=\"\">K-U_1976<\/a>&nbsp;Vuosikokousp\u00e4\u00e4t\u00f6kset<\/p>\n\n\n\n<p><a href=\"https:\/\/oh2ap.fi\/wp-content\/uploads\/2025\/11\/Lehdet_K-U_1977-scaled.jpg\" data-type=\"attachment\" data-id=\"4853\" target=\"_blank\" rel=\"noreferrer noopener\" data-rel=\"lightbox-image-5\" data-rl_title=\"\" data-rl_caption=\"\" title=\"\">K-U_1977<\/a>&nbsp;Syysleiri, jolla Mauri OH2BMB lenn\u00e4tti pienoishelikopteria<\/p>\n\n\n\n<p><a href=\"https:\/\/oh2ap.fi\/wp-content\/uploads\/2025\/11\/Lehdet_K-U_08021977-scaled.jpg\" data-type=\"attachment\" data-id=\"4858\" target=\"_blank\" rel=\"noreferrer noopener\" data-rel=\"lightbox-image-6\" data-rl_title=\"\" data-rl_caption=\"\" title=\"\">K-U_08021977<\/a>&nbsp;Vuosikokouskuulumisia ja huipputranceiverin ihastelua<\/p>\n\n\n\n<p><a href=\"https:\/\/oh2ap.fi\/wp-content\/uploads\/2025\/11\/Lehdet_K-U_15021978.jpg\" data-type=\"attachment\" data-id=\"4862\" target=\"_blank\" rel=\"noreferrer noopener\" data-rel=\"lightbox-image-7\" data-rl_title=\"\" data-rl_caption=\"\" title=\"\">K-U_15021978<\/a>&nbsp;Vuosikokouskuulumisia<\/p>\n\n\n\n<p><a href=\"https:\/\/oh2ap.fi\/wp-content\/uploads\/2025\/11\/Lehdet_US_18071978.jpg\" data-type=\"attachment\" data-id=\"4874\" target=\"_blank\" rel=\"noreferrer noopener\" data-rel=\"lightbox-image-8\" data-rl_title=\"\" data-rl_caption=\"\" title=\"\">US_18071978<\/a>&nbsp;Radioamat\u00f6\u00f6rit pelastuspalvelussa mukana<\/p>\n\n\n\n<p><a href=\"https:\/\/oh2ap.fi\/wp-content\/uploads\/2025\/11\/Lehdet_Seura_1973.pdf\" data-type=\"attachment\" data-id=\"4832\" target=\"_blank\" rel=\"noreferrer noopener\">Seura 1978<\/a>&nbsp;Jorman OH6NF ham-tv-harrastuksesta<\/p>\n\n\n\n<p><a href=\"https:\/\/oh2ap.fi\/wp-content\/uploads\/2025\/11\/Lehdet_K-U_xx021979.pdf\" data-type=\"attachment\" data-id=\"4869\" target=\"_blank\" rel=\"noreferrer noopener\">K-U xx021979<\/a>&nbsp;Vuosikokouskuulumisia<\/p>\n\n\n\n<p><a href=\"https:\/\/oh2ap.fi\/wp-content\/uploads\/2025\/11\/Lehdet_ESS_21071979_1.jpg\" data-type=\"attachment\" data-id=\"4848\" target=\"_blank\" rel=\"noreferrer noopener\" data-rel=\"lightbox-image-9\" data-rl_title=\"\" data-rl_caption=\"\" title=\"\">ESS_21071979_1<\/a>&nbsp;SRAL:n kes\u00e4leiri Lahden H\u00e4lv\u00e4l\u00e4ss\u00e4<br><a href=\"https:\/\/oh2ap.fi\/wp-content\/uploads\/2025\/11\/Lehdet_ESS_21071979_2.jpg\" data-type=\"attachment\" data-id=\"4849\" target=\"_blank\" rel=\"noreferrer noopener\" data-rel=\"lightbox-image-10\" data-rl_title=\"\" data-rl_caption=\"\" title=\"\">ESS_21071979_2<\/a>&nbsp;SRAL:n kes\u00e4leiri Lahden H\u00e4lv\u00e4l\u00e4ss\u00e4<\/p>\n\n\n\n<p><a href=\"https:\/\/oh2ap.fi\/wp-content\/uploads\/2025\/11\/Lehdet_K-U_19021980.jpg\" data-type=\"attachment\" data-id=\"4864\" target=\"_blank\" rel=\"noreferrer noopener\" data-rel=\"lightbox-image-11\" data-rl_title=\"\" data-rl_caption=\"\" title=\"\">K-U_19021980<\/a>&nbsp;Vuosikokouskuulumiset; Kuvana FB8XW:n QSL<\/p>\n\n\n\n<p><a href=\"https:\/\/oh2ap.fi\/wp-content\/uploads\/2025\/11\/Lehdet_K-U_06051980-scaled.jpg\" data-type=\"attachment\" data-id=\"4856\" target=\"_blank\" rel=\"noreferrer noopener\" data-rel=\"lightbox-image-12\" data-rl_title=\"\" data-rl_caption=\"\" title=\"\">K-U_06051980<\/a>&nbsp;Vierailu Viestimuseoon Riihim\u00e4ell\u00e4<\/p>\n\n\n\n<p><a href=\"https:\/\/oh2ap.fi\/wp-content\/uploads\/2025\/11\/Lehdet_K-U_23091980-scaled.jpg\" data-type=\"attachment\" data-id=\"4867\" target=\"_blank\" rel=\"noreferrer noopener\" data-rel=\"lightbox-image-13\" data-rl_title=\"\" data-rl_caption=\"\" title=\"\">K-U_23091980<\/a>&nbsp;Harrastusn\u00e4yttely<\/p>\n\n\n\n<p><a href=\"https:\/\/oh2ap.fi\/wp-content\/uploads\/2025\/11\/Lehdet_VU_23091980_2.jpg\" data-type=\"attachment\" data-id=\"4881\" target=\"_blank\" rel=\"noreferrer noopener\" data-rel=\"lightbox-image-14\" data-rl_title=\"\" data-rl_caption=\"\" title=\"\">VU_23091980<\/a>&nbsp;Harrasten\u00e4yttely<\/p>\n\n\n\n<p><a href=\"https:\/\/oh2ap.fi\/wp-content\/uploads\/2025\/11\/Lehdet_K-U_05021981.jpg\" data-type=\"attachment\" data-id=\"4855\" target=\"_blank\" rel=\"noreferrer noopener\" data-rel=\"lightbox-image-15\" data-rl_title=\"\" data-rl_caption=\"\" title=\"\">K-U_05021981<\/a>&nbsp;\u201dRadioamat\u00f6\u00f6rit kutsuvat aalloille uutta v\u00e4ke\u00e4\u201d<\/p>\n\n\n\n<p><s>K-U_05021981 2&nbsp;Vuosikokous ja amat\u00f6\u00f6rikoulutuksesta<\/s><\/p>\n\n\n\n<p><a href=\"https:\/\/oh2ap.fi\/wp-content\/uploads\/2025\/11\/Lehdet_K-U_12021981.jpg\" data-type=\"attachment\" data-id=\"4861\" target=\"_blank\" rel=\"noreferrer noopener\" data-rel=\"lightbox-image-16\" data-rl_title=\"\" data-rl_caption=\"\" title=\"\">K-U_12021981<\/a>&nbsp;Suunta-antenni J\u00e4rvenp\u00e4\u00e4n Radiomat\u00f6\u00f6reille<\/p>\n\n\n\n<p><a href=\"https:\/\/oh2ap.fi\/wp-content\/uploads\/2025\/11\/Lehdet_VU_14041981.jpg\" data-type=\"attachment\" data-id=\"4880\" target=\"_blank\" rel=\"noreferrer noopener\" data-rel=\"lightbox-image-17\" data-rl_title=\"\" data-rl_caption=\"\" title=\"\">VU_14041981<\/a>&nbsp;OH2AP 15 vuotta eetteriss\u00e4<\/p>\n\n\n\n<p><a href=\"https:\/\/oh2ap.fi\/wp-content\/uploads\/2025\/11\/Lehdet_K-U_19041981.jpg\" data-type=\"attachment\" data-id=\"4865\" target=\"_blank\" rel=\"noreferrer noopener\" data-rel=\"lightbox-image-18\" data-rl_title=\"\" data-rl_caption=\"\" title=\"\">K-U_19041981<\/a>&nbsp;OH2NP:n ranskankielenkurssi Tahitilla<\/p>\n\n\n\n<p><a href=\"https:\/\/oh2ap.fi\/wp-content\/uploads\/2025\/11\/Lehdet_K.U_26041981.jpg\" data-type=\"attachment\" data-id=\"4871\" target=\"_blank\" rel=\"noreferrer noopener\" data-rel=\"lightbox-image-19\" data-rl_title=\"\" data-rl_caption=\"\" title=\"\">K.U_26041981<\/a>&nbsp;OH2AP 15 v \/ radioamat\u00f6\u00f6ritoimintaa 60 v Suomessa<\/p>\n\n\n\n<p><a href=\"https:\/\/oh2ap.fi\/wp-content\/uploads\/2025\/11\/Lehdet_ESS_18071981.jpg\" data-type=\"attachment\" data-id=\"4847\" target=\"_blank\" rel=\"noreferrer noopener\" data-rel=\"lightbox-image-20\" data-rl_title=\"\" data-rl_caption=\"\" title=\"\">ESS_18071981<\/a>&nbsp;H\u00e4lv\u00e4l\u00e4n radioamat\u00f6\u00f6rileiri<\/p>\n\n\n\n<p><a href=\"https:\/\/oh2ap.fi\/wp-content\/uploads\/2025\/11\/Lehdet_KS_03081981-scaled.jpg\" data-type=\"attachment\" data-id=\"4872\" target=\"_blank\" rel=\"noreferrer noopener\" data-rel=\"lightbox-image-21\" data-rl_title=\"\" data-rl_caption=\"\" title=\"\">KS_03081981<\/a>&nbsp;Radioamat\u00f6\u00f6rit kes\u00e4leirill\u00e4<\/p>\n\n\n\n<p><a href=\"https:\/\/oh2ap.fi\/wp-content\/uploads\/2025\/11\/Lehdet_VU_13101981.jpg\" data-type=\"attachment\" data-id=\"4879\" target=\"_blank\" rel=\"noreferrer noopener\" data-rel=\"lightbox-image-22\" data-rl_title=\"\" data-rl_caption=\"\" title=\"\">VU_13101981<\/a>&nbsp;Radioamat\u00f6\u00f6rikerholla perehdyttiin SSTV:hen<\/p>\n\n\n\n<p><a href=\"https:\/\/oh2ap.fi\/wp-content\/uploads\/2025\/10\/Lehdet_K-K_14101981.jpg\" data-type=\"attachment\" data-id=\"4757\" target=\"_blank\" rel=\"noreferrer noopener\" data-rel=\"lightbox-image-23\" data-rl_title=\"\" data-rl_caption=\"\" title=\"\">K-K_14101981<\/a>&nbsp;Syysleiri Vanhankyl\u00e4nniemess\u00e4, ohjelmassa mm. SSTV<\/p>\n\n\n\n<p><a href=\"https:\/\/oh2ap.fi\/wp-content\/uploads\/2025\/11\/Lehdet_HS_02081982_1.jpg\" data-type=\"attachment\" data-id=\"4850\" target=\"_blank\" rel=\"noreferrer noopener\" data-rel=\"lightbox-image-24\" data-rl_title=\"\" data-rl_caption=\"\" title=\"\">HS_02081982_1<\/a>&nbsp;SRAL:n kes\u00e4leiri (ingressi)<\/p>\n\n\n\n<p><a href=\"https:\/\/oh2ap.fi\/wp-content\/uploads\/2025\/11\/Lehdet_HS_02081982_2-scaled.jpg\" data-type=\"attachment\" data-id=\"4851\" target=\"_blank\" rel=\"noreferrer noopener\" data-rel=\"lightbox-image-25\" data-rl_title=\"\" data-rl_caption=\"\" title=\"\">HS_02081982_2<\/a>&nbsp;SRAL:n kes\u00e4leiri<\/p>\n\n\n\n<p><a href=\"https:\/\/oh2ap.fi\/wp-content\/uploads\/2025\/11\/Lehdet_V-U_01081982-1-scaled.jpg\" data-type=\"attachment\" data-id=\"4877\" target=\"_blank\" rel=\"noreferrer noopener\" data-rel=\"lightbox-image-26\" data-rl_title=\"\" data-rl_caption=\"\" title=\"\">V-U_01081982-1<\/a>&nbsp;Villen OH2MM radioseikkailut maailmalla<br><a href=\"https:\/\/oh2ap.fi\/wp-content\/uploads\/2025\/11\/Lehdet_V-U_01081982_2.jpg\" data-type=\"attachment\" data-id=\"4875\" target=\"_blank\" rel=\"noreferrer noopener\" data-rel=\"lightbox-image-27\" data-rl_title=\"\" data-rl_caption=\"\" title=\"\">V-U_01081982_2<\/a>&nbsp;Villen OH2MM radioseikkailut maailmalla<br><a href=\"https:\/\/oh2ap.fi\/wp-content\/uploads\/2025\/11\/Lehdet_V-U_01081982_3.jpg\" data-type=\"attachment\" data-id=\"4876\" target=\"_blank\" rel=\"noreferrer noopener\" data-rel=\"lightbox-image-28\" data-rl_title=\"\" data-rl_caption=\"\" title=\"\">V-U_01081982_3<\/a>&nbsp;Villen OH2MM radioseikkailut maailmalla<\/p>\n\n\n\n<p><a href=\"https:\/\/oh2ap.fi\/wp-content\/uploads\/2025\/11\/Lehdet_ESS_12091982.jpg\" data-type=\"attachment\" data-id=\"4846\" target=\"_blank\" rel=\"noreferrer noopener\" data-rel=\"lightbox-image-29\" data-rl_title=\"\" data-rl_caption=\"\" title=\"\">ESS_12091982<\/a>&nbsp;Radiomat\u00f6\u00f6ritoiminnasta yleisell\u00e4 tasolla<\/p>\n\n\n\n<p><a href=\"https:\/\/oh2ap.fi\/wp-content\/uploads\/2025\/11\/Lehdet_K-U_02101982.jpg\" data-type=\"attachment\" data-id=\"4854\" target=\"_blank\" rel=\"noreferrer noopener\" data-rel=\"lightbox-image-30\" data-rl_title=\"\" data-rl_caption=\"\" title=\"\">K-U_02101982<\/a>&nbsp;OH2AP osallistui SAC-maaotteluun<\/p>\n\n\n\n<p><a href=\"https:\/\/oh2ap.fi\/wp-content\/uploads\/2025\/11\/Lehdet_VU_26101982.jpg\" data-type=\"attachment\" data-id=\"4883\" target=\"_blank\" rel=\"noreferrer noopener\" data-rel=\"lightbox-image-31\" data-rl_title=\"\" data-rl_caption=\"\" title=\"\">VU_26101982<\/a>&nbsp;Radioamat\u00f6\u00f6reille satelliittioppia syysleirill\u00e4<\/p>\n\n\n\n<p><a href=\"https:\/\/oh2ap.fi\/wp-content\/uploads\/2025\/11\/Keravan_hairio_1.jpg\" data-type=\"attachment\" data-id=\"4845\" target=\"_blank\" rel=\"noreferrer noopener\" data-rel=\"lightbox-image-32\" data-rl_title=\"\" data-rl_caption=\"\" title=\"\">K-U 1983: Keravan_h\u00e4iri\u00f6_1<\/a>&nbsp;Kirje lukijanosastoon<\/p>\n\n\n\n<p><a href=\"https:\/\/oh2ap.fi\/wp-content\/uploads\/2025\/11\/Lehdet_VU_xx1985kai.jpg\" data-type=\"attachment\" data-id=\"4884\" target=\"_blank\" rel=\"noreferrer noopener\" data-rel=\"lightbox-image-33\" data-rl_title=\"\" data-rl_caption=\"\" title=\"\">K-U_10031983: Keravan h\u00e4iri\u00f6 2<\/a>&nbsp;Toisen lukijan ohje em. lukijalle<\/p>\n\n\n\n<p><a href=\"https:\/\/oh2ap.fi\/wp-content\/uploads\/2025\/11\/Lehdet_K-U_16031983.jpg\" data-type=\"attachment\" data-id=\"4863\" target=\"_blank\" rel=\"noreferrer noopener\" data-rel=\"lightbox-image-34\" data-rl_title=\"\" data-rl_caption=\"\" title=\"\">K-U_16031983: Keravan h\u00e4iri\u00f6 3<\/a>&nbsp;Kuinka h\u00e4iri\u00f6 ratkaistiin<\/p>\n\n\n\n<p><a href=\"https:\/\/oh2ap.fi\/wp-content\/uploads\/2025\/11\/Lehdet_K-U_09091983.jpg\" data-type=\"attachment\" data-id=\"4860\" target=\"_blank\" rel=\"noreferrer noopener\" data-rel=\"lightbox-image-35\" data-rl_title=\"\" data-rl_caption=\"\" title=\"\">K-U_09091983<\/a>&nbsp;Radioamat\u00f6\u00f6rikurssi alkamassa J\u00e4rvenp\u00e4\u00e4ss\u00e4<\/p>\n\n\n\n<p><a href=\"https:\/\/oh2ap.fi\/wp-content\/uploads\/2025\/11\/Lehdet_K-U_08021984.jpg\" data-type=\"attachment\" data-id=\"4859\" target=\"_blank\" rel=\"noreferrer noopener\" data-rel=\"lightbox-image-36\" data-rl_title=\"\" data-rl_caption=\"\" title=\"\">K-U_08021984<\/a>&nbsp;Vuosikokouskuulmiset ja erityisesti uusi toistinasema<\/p>\n\n\n\n<p><a href=\"https:\/\/oh2ap.fi\/wp-content\/uploads\/2025\/11\/Lehdet_K-U_19061984.jpg\" data-type=\"attachment\" data-id=\"4866\" target=\"_blank\" rel=\"noreferrer noopener\" data-rel=\"lightbox-image-37\" data-rl_title=\"\" data-rl_caption=\"\" title=\"\">K-U_19061984<\/a>&nbsp;Radioamat\u00f6\u00f6rin mastot saivat luvan viranomaiselta<\/p>\n\n\n\n<p><a href=\"https:\/\/oh2ap.fi\/wp-content\/uploads\/2025\/11\/Lehdet_K-U_06071984.jpg\" data-type=\"attachment\" data-id=\"4857\" target=\"_blank\" rel=\"noreferrer noopener\" data-rel=\"lightbox-image-38\" data-rl_title=\"\" data-rl_caption=\"\" title=\"\">K-U_06071984<\/a>&nbsp;Anteron OH2ZK ty\u00f6 ja harrastus k\u00e4yv\u00e4t yhteen<\/p>\n\n\n\n<p><a href=\"https:\/\/oh2ap.fi\/wp-content\/uploads\/2025\/11\/Lehdet_K-U_21071989.jpg\" data-type=\"attachment\" data-id=\"4908\" target=\"_blank\" rel=\"noreferrer noopener\" data-rel=\"lightbox-image-39\" data-rl_title=\"\" data-rl_caption=\"\" title=\"\">K-U_21071984<\/a>&nbsp;Ollin OH2XN yhteys avaruussukkulaan<\/p>\n\n\n\n<p><a href=\"https:\/\/oh2ap.fi\/wp-content\/uploads\/2025\/11\/Lehdet_Paakaup_30091984.jpg\" data-type=\"attachment\" data-id=\"4873\" target=\"_blank\" rel=\"noreferrer noopener\" data-rel=\"lightbox-image-40\" data-rl_title=\"\" data-rl_caption=\"\" title=\"\">P\u00e4\u00e4kaup_30091984<\/a>&nbsp;Yhteys JY1 eli Jordanian kuninkaan kanssa<\/p>\n\n\n\n<p><a href=\"https:\/\/oh2ap.fi\/wp-content\/uploads\/2025\/11\/Lehdet_K-U_23101984.jpg\" data-type=\"attachment\" data-id=\"4868\" target=\"_blank\" rel=\"noreferrer noopener\" data-rel=\"lightbox-image-41\" data-rl_title=\"\" data-rl_caption=\"\" title=\"\">K-U_23101984<\/a>&nbsp;Syysleiri, jonka ohjelmassa mm. RTTY-ty\u00f6skentely\u00e4<br><br><a href=\"https:\/\/oh2ap.fi\/wp-content\/uploads\/2025\/11\/K-U_20111984.jpg\" data-type=\"attachment\" data-id=\"4844\" target=\"_blank\" rel=\"noreferrer noopener\" data-rel=\"lightbox-image-42\" data-rl_title=\"\" data-rl_caption=\"\" title=\"\">K-U_20111984<\/a>&nbsp;Harrasten\u00e4yttely J\u00e4rvenp\u00e4\u00e4ss\u00e4<\/p>\n\n\n\n<p>Lyhenteet:<br>K-U \u2013 Keski-Uusimaa<br>VU \u2013 Viikko-Uutiset<br>KS \u2013 Keskisuomalainen<br>ESS \u2013 Etel\u00e4-Suomen Sanomat<br>HS \u2013 Helsingin Sanomat<br>P\u00e4\u00e4kaup \u2013 P\u00e4\u00e4kaupunki-lehti<\/p>\n<\/div>\n<\/div>\n\n\n\n<p><\/p>\n","protected":false},"excerpt":{"rendered":"<p>Historiikin etusivulle Lehtien palstoilla 1965\u20131974 Lehtien palstoilla 1985\u20131994 N\u00e4m\u00e4kin leikkeet ovat Keijon OH2BOZ leikekirjasta: K-U_061975&nbsp;Yhdistyksen 10-v juhla Seurahuoneella K-U_051975 Matti OH2BOQ ylioppilaaksi K-U_1975&nbsp;Kerhon syyskauden avauskokoontuminen Viikko_1975&nbsp;Yleist\u00e4 radioamat\u00f6\u00f6rikilpailuista K-U_1976&nbsp;Vuosikokousp\u00e4\u00e4t\u00f6kset K-U_1977&nbsp;Syysleiri, jolla Mauri OH2BMB lenn\u00e4tti pienoishelikopteria K-U_08021977&nbsp;Vuosikokouskuulumisia ja huipputranceiverin ihastelua K-U_15021978&nbsp;Vuosikokouskuulumisia US_18071978&nbsp;Radioamat\u00f6\u00f6rit pelastuspalvelussa mukana Seura 1978&nbsp;Jorman OH6NF ham-tv-harrastuksesta K-U xx021979&nbsp;Vuosikokouskuulumisia ESS_21071979_1&nbsp;SRAL:n kes\u00e4leiri Lahden H\u00e4lv\u00e4l\u00e4ss\u00e4ESS_21071979_2&nbsp;SRAL:n kes\u00e4leiri Lahden H\u00e4lv\u00e4l\u00e4ss\u00e4 [&hellip;]<\/p>\n","protected":false},"author":20,"featured_media":0,"parent":3838,"menu_order":0,"comment_status":"closed","ping_status":"closed","template":"page-templates\/full-width.php","meta":{"footnotes":""},"class_list":["post-4556","page","type-page","status-publish","hentry"],"_links":{"self":[{"href":"https:\/\/oh2ap.fi\/index.php?rest_route=\/wp\/v2\/pages\/4556","targetHints":{"allow":["GET"]}}],"collection":[{"href":"https:\/\/oh2ap.fi\/index.php?rest_route=\/wp\/v2\/pages"}],"about":[{"href":"https:\/\/oh2ap.fi\/index.php?rest_route=\/wp\/v2\/types\/page"}],"author":[{"embeddable":true,"href":"https:\/\/oh2ap.fi\/index.php?rest_route=\/wp\/v2\/users\/20"}],"replies":[{"embeddable":true,"href":"https:\/\/oh2ap.fi\/index.php?rest_route=%2Fwp%2Fv2%2Fcomments&post=4556"}],"version-history":[{"count":9,"href":"https:\/\/oh2ap.fi\/index.php?rest_route=\/wp\/v2\/pages\/4556\/revisions"}],"predecessor-version":[{"id":5129,"href":"https:\/\/oh2ap.fi\/index.php?rest_route=\/wp\/v2\/pages\/4556\/revisions\/5129"}],"up":[{"embeddable":true,"href":"https:\/\/oh2ap.fi\/index.php?rest_route=\/wp\/v2\/pages\/3838"}],"wp:attachment":[{"href":"https:\/\/oh2ap.fi\/index.php?rest_route=%2Fwp%2Fv2%2Fmedia&parent=4556"}],"curies":[{"name":"wp","href":"https:\/\/api.w.org\/{rel}","templated":true}]}}