{"id":4570,"date":"2025-10-27T00:45:29","date_gmt":"2025-10-26T22:45:29","guid":{"rendered":"https:\/\/oh2ap.fi\/?page_id=4570"},"modified":"2025-11-06T23:44:52","modified_gmt":"2025-11-06T21:44:52","slug":"lehtien-palstoilla-1995-2004","status":"publish","type":"page","link":"https:\/\/oh2ap.fi\/?page_id=4570","title":{"rendered":"Lehtien palstoilla 1995\u20132004"},"content":{"rendered":"\n<div class=\"wp-block-columns is-layout-flex wp-container-core-columns-is-layout-9d6595d7 wp-block-columns-is-layout-flex\">\n<div class=\"wp-block-column is-layout-flow wp-block-column-is-layout-flow\" style=\"flex-basis:33.33%\">\n<p><a href=\"https:\/\/oh2ap.fi\/?page_id=3724\">Historiikin etusivulle<\/a><\/p>\n\n\n\n<p><a href=\"https:\/\/oh2ap.fi\/?page_id=4564\" data-type=\"page\" data-id=\"4564\">Lehtien palstoilla 1985\u20131994<\/a><\/p>\n\n\n\n<p><a href=\"https:\/\/oh2ap.fi\/?page_id=4573\" data-type=\"page\" data-id=\"4573\">Lehtien palstoilla 2005\u20132014<\/a><\/p>\n<\/div>\n\n\n\n<div class=\"wp-block-column is-layout-flow wp-block-column-is-layout-flow\" style=\"flex-basis:66.66%\">\n<p>Keijon OH2BOZ leikekirjasta l\u00f6ytyy t\u00e4lt\u00e4kin ajalta muutama juttu:<\/p>\n\n\n\n<p><a href=\"https:\/\/oh2ap.fi\/wp-content\/uploads\/2025\/11\/Lehdet_K-U_01071995.jpg\" data-type=\"attachment\" data-id=\"4927\" target=\"_blank\" rel=\"noreferrer noopener\" data-rel=\"lightbox-image-0\" data-rl_title=\"\" data-rl_caption=\"\" title=\"\">K-U_01071995<\/a>&nbsp;Petri OH2JFA surffailee radioaalloilla<\/p>\n\n\n\n<p><a href=\"https:\/\/oh2ap.fi\/wp-content\/uploads\/2025\/11\/Lehdet_K-U_14071995.jpg\" data-type=\"attachment\" data-id=\"4928\" target=\"_blank\" rel=\"noreferrer noopener\" data-rel=\"lightbox-image-1\" data-rl_title=\"\" data-rl_caption=\"\" title=\"\">K-U_14071995<\/a>&nbsp;Radioamat\u00f6\u00f6rit hy\u00f6dynt\u00e4v\u00e4t innokkaasti interneti\u00e4<\/p>\n\n\n\n<p><a href=\"https:\/\/oh2ap.fi\/wp-content\/uploads\/2025\/11\/Lehdet_K-U_14072002-scaled.jpg\" data-type=\"attachment\" data-id=\"4929\" target=\"_blank\" rel=\"noreferrer noopener\" data-rel=\"lightbox-image-2\" data-rl_title=\"\" data-rl_caption=\"\" title=\"\">K-U_14072002<\/a>&nbsp;Radioamat\u00f6\u00f6rien \u201dep\u00e4viralliset\u201d olympialaiset<\/p>\n\n\n\n<p>Lyhenteet:<br>K-U&nbsp;&#8211; Keski-Uusimaa<\/p>\n<\/div>\n<\/div>\n\n\n\n<p><\/p>\n","protected":false},"excerpt":{"rendered":"<p>Historiikin etusivulle Lehtien palstoilla 1985\u20131994 Lehtien palstoilla 2005\u20132014 Keijon OH2BOZ leikekirjasta l\u00f6ytyy t\u00e4lt\u00e4kin ajalta muutama juttu: K-U_01071995&nbsp;Petri OH2JFA surffailee radioaalloilla K-U_14071995&nbsp;Radioamat\u00f6\u00f6rit hy\u00f6dynt\u00e4v\u00e4t innokkaasti interneti\u00e4 K-U_14072002&nbsp;Radioamat\u00f6\u00f6rien \u201dep\u00e4viralliset\u201d olympialaiset Lyhenteet:K-U&nbsp;&#8211; Keski-Uusimaa<\/p>\n","protected":false},"author":20,"featured_media":0,"parent":3850,"menu_order":0,"comment_status":"closed","ping_status":"closed","template":"page-templates\/full-width.php","meta":{"footnotes":""},"class_list":["post-4570","page","type-page","status-publish","hentry"],"_links":{"self":[{"href":"https:\/\/oh2ap.fi\/index.php?rest_route=\/wp\/v2\/pages\/4570","targetHints":{"allow":["GET"]}}],"collection":[{"href":"https:\/\/oh2ap.fi\/index.php?rest_route=\/wp\/v2\/pages"}],"about":[{"href":"https:\/\/oh2ap.fi\/index.php?rest_route=\/wp\/v2\/types\/page"}],"author":[{"embeddable":true,"href":"https:\/\/oh2ap.fi\/index.php?rest_route=\/wp\/v2\/users\/20"}],"replies":[{"embeddable":true,"href":"https:\/\/oh2ap.fi\/index.php?rest_route=%2Fwp%2Fv2%2Fcomments&post=4570"}],"version-history":[{"count":4,"href":"https:\/\/oh2ap.fi\/index.php?rest_route=\/wp\/v2\/pages\/4570\/revisions"}],"predecessor-version":[{"id":5133,"href":"https:\/\/oh2ap.fi\/index.php?rest_route=\/wp\/v2\/pages\/4570\/revisions\/5133"}],"up":[{"embeddable":true,"href":"https:\/\/oh2ap.fi\/index.php?rest_route=\/wp\/v2\/pages\/3850"}],"wp:attachment":[{"href":"https:\/\/oh2ap.fi\/index.php?rest_route=%2Fwp%2Fv2%2Fmedia&parent=4570"}],"curies":[{"name":"wp","href":"https:\/\/api.w.org\/{rel}","templated":true}]}}