{"id":4573,"date":"2025-10-27T00:50:59","date_gmt":"2025-10-26T22:50:59","guid":{"rendered":"https:\/\/oh2ap.fi\/?page_id=4573"},"modified":"2025-11-06T23:45:08","modified_gmt":"2025-11-06T21:45:08","slug":"lehtien-palstoilla-2005-2014","status":"publish","type":"page","link":"https:\/\/oh2ap.fi\/?page_id=4573","title":{"rendered":"Lehtien palstoilla 2005\u20132014"},"content":{"rendered":"\n<div class=\"wp-block-columns is-layout-flex wp-container-core-columns-is-layout-9d6595d7 wp-block-columns-is-layout-flex\">\n<div class=\"wp-block-column is-layout-flow wp-block-column-is-layout-flow\" style=\"flex-basis:33.33%\">\n<p><a href=\"https:\/\/oh2ap.fi\/?page_id=3724\">Historiikin etusivulle<\/a><\/p>\n\n\n\n<p><a href=\"https:\/\/oh2ap.fi\/?page_id=4570\" data-type=\"page\" data-id=\"4570\">Lehtien palstoilla 1995\u20132004<\/a><\/p>\n\n\n\n<p><a href=\"https:\/\/oh2ap.fi\/?page_id=4145\" data-type=\"page\" data-id=\"4145\">Lehtien palstoilla 2015\u20132024<\/a><\/p>\n<\/div>\n\n\n\n<div class=\"wp-block-column is-layout-flow wp-block-column-is-layout-flow\" style=\"flex-basis:66.66%\">\n<p>Keijon OH2BOZ ja muidenkin leikekirjoista n\u00e4m\u00e4kin:<\/p>\n\n\n\n<p><a href=\"https:\/\/oh2ap.fi\/wp-content\/uploads\/2025\/11\/Lehdet_VU_21092005.jpg\" data-type=\"attachment\" data-id=\"4942\" target=\"_blank\" rel=\"noreferrer noopener\" data-rel=\"lightbox-image-0\" data-rl_title=\"\" data-rl_caption=\"\" title=\"\">VU 21092005<\/a>&nbsp;Pelastuspalvelu&nbsp;esitelt\u00e4v\u00e4n\u00e4,&nbsp;kiitokset radioamat\u00f6\u00f6reille&nbsp;osallistumisesta<\/p>\n\n\n\n<p><a href=\"https:\/\/oh2ap.fi\/wp-content\/uploads\/2025\/11\/Lehdet_K-U_12042008.jpg\" data-type=\"attachment\" data-id=\"4936\" target=\"_blank\" rel=\"noreferrer noopener\" data-rel=\"lightbox-image-1\" data-rl_title=\"\" data-rl_caption=\"\" title=\"\">K-U 12042008<\/a>&nbsp;Keski-Uudenmaan Pelastuspalvelu esill\u00e4<\/p>\n\n\n\n<p><a href=\"https:\/\/oh2ap.fi\/wp-content\/uploads\/2025\/11\/Lehdet_Ap_05092008.jpg\" data-type=\"attachment\" data-id=\"4934\" target=\"_blank\" rel=\"noreferrer noopener\" data-rel=\"lightbox-image-2\" data-rl_title=\"\" data-rl_caption=\"\" title=\"\">Ap 05092008<\/a>&nbsp;Kiitokset PePalle etsinn\u00e4st\u00e4 Ridasj\u00e4rvell\u00e4<\/p>\n\n\n\n<p><a href=\"https:\/\/oh2ap.fi\/wp-content\/uploads\/2025\/11\/Lehdet_K-U_07092008.pdf\" data-type=\"attachment\" data-id=\"4935\" target=\"_blank\" rel=\"noreferrer noopener\">K-U 07092008<\/a>&nbsp;Turva 2008 -harjoituksen esittely\u00e4, Esko OH2LBS ja Matti OH2BDQ<\/p>\n\n\n\n<p><a href=\"https:\/\/oh2ap.fi\/wp-content\/uploads\/2025\/11\/Lehdet_K-U_19022011-scaled.jpg\" data-type=\"attachment\" data-id=\"4938\" target=\"_blank\" rel=\"noreferrer noopener\" data-rel=\"lightbox-image-3\" data-rl_title=\"\" data-rl_caption=\"\" title=\"\">K-U_19022011<\/a>&nbsp;Kyr\u00f6l\u00e4n koulun radiokerho<\/p>\n\n\n\n<p><a href=\"http:\/\/oh2ap.fi\/wp-content\/uploads\/2025\/11\/K-U-05062011-1.pdf\" target=\"_blank\" rel=\"noreferrer noopener\">K-U 05062011 &#8211; 1<\/a>&nbsp;Koko maapallo Karin OH2BP:n pelikentt\u00e4n\u00e4<br><a href=\"http:\/\/oh2ap.fi\/wp-content\/uploads\/2025\/11\/K-U-05062011-2.jpg\" target=\"_blank\" rel=\"noreferrer noopener\" data-rel=\"lightbox-image-4\" data-rl_title=\"\" data-rl_caption=\"\" title=\"\">K-U 05062011 &#8211; 2<\/a>&nbsp;Koko maapallo Karin OH2BP:n pelikentt\u00e4n\u00e4<\/p>\n\n\n\n<p><a href=\"https:\/\/oh2ap.fi\/wp-content\/uploads\/2025\/11\/Lehdet_V_07032012.jpg\" data-type=\"attachment\" data-id=\"4941\" target=\"_blank\" rel=\"noreferrer noopener\" data-rel=\"lightbox-image-5\" data-rl_title=\"\" data-rl_caption=\"\" title=\"\">V_07032012<\/a>&nbsp;Mari OH2FPK kutsuu<br><a href=\"https:\/\/oh2ap.fi\/wp-content\/uploads\/2025\/11\/Lehdet_V_07032012-2.jpg\" data-type=\"attachment\" data-id=\"4940\" target=\"_blank\" rel=\"noreferrer noopener\" data-rel=\"lightbox-image-6\" data-rl_title=\"\" data-rl_caption=\"\" title=\"\">V_07032012-2<\/a>&nbsp;Mari OH2FPK kutsuu<\/p>\n\n\n\n<p><a href=\"https:\/\/oh2ap.fi\/wp-content\/uploads\/2025\/10\/Lehdet_VU_25042012.jpg\" data-type=\"attachment\" data-id=\"4648\" target=\"_blank\" rel=\"noreferrer noopener\" data-rel=\"lightbox-image-7\" data-rl_title=\"\" data-rl_caption=\"\" title=\"\">VU_25042012<\/a>&nbsp;Matti OH2BDQ ja Arska OH2AXF saivat SRAL:n tunnustuspalkinnot<\/p>\n\n\n\n<p><a href=\"https:\/\/oh2ap.fi\/wp-content\/uploads\/2025\/11\/V-U-17042013.pdf\" data-type=\"attachment\" data-id=\"4944\" target=\"_blank\" rel=\"noreferrer noopener\">V-U 17042013<\/a>&nbsp;Radioamat\u00f6\u00f6rien kerholla ovet auki uusille harrasteesta kiinnostuneille<\/p>\n\n\n\n<p><a href=\"https:\/\/oh2ap.fi\/wp-content\/uploads\/2025\/11\/Lehdet_K-U_22042013.jpg\" data-type=\"attachment\" data-id=\"4939\" target=\"_blank\" rel=\"noreferrer noopener\" data-rel=\"lightbox-image-8\" data-rl_title=\"\" data-rl_caption=\"\" title=\"\">K-U_22042013<\/a>&nbsp;Vuosikokousp\u00e4\u00e4t\u00f6kset<\/p>\n\n\n\n<p><a href=\"https:\/\/oh2ap.fi\/wp-content\/uploads\/2025\/11\/lehdet_K-U_13052013.pdf\" data-type=\"attachment\" data-id=\"4937\" target=\"_blank\" rel=\"noreferrer noopener\">K-U 13052013<\/a>&nbsp;SRAL Evon kes\u00e4leirist\u00e4 uutinen<\/p>\n\n\n\n<p>Lyhenteet:<br>K-U \u2013 Keski-Uusimaa<br>V \u2013 Vartti\/Keski-Uusimaa<br>VU \u2013 Viikko-Uutiset<br>Ap \u2013 Aamuposti<\/p>\n<\/div>\n<\/div>\n","protected":false},"excerpt":{"rendered":"<p>Historiikin etusivulle Lehtien palstoilla 1995\u20132004 Lehtien palstoilla 2015\u20132024 Keijon OH2BOZ ja muidenkin leikekirjoista n\u00e4m\u00e4kin: VU 21092005&nbsp;Pelastuspalvelu&nbsp;esitelt\u00e4v\u00e4n\u00e4,&nbsp;kiitokset radioamat\u00f6\u00f6reille&nbsp;osallistumisesta K-U 12042008&nbsp;Keski-Uudenmaan Pelastuspalvelu esill\u00e4 Ap 05092008&nbsp;Kiitokset PePalle etsinn\u00e4st\u00e4 Ridasj\u00e4rvell\u00e4 K-U 07092008&nbsp;Turva 2008 -harjoituksen esittely\u00e4, Esko OH2LBS ja Matti OH2BDQ K-U_19022011&nbsp;Kyr\u00f6l\u00e4n koulun radiokerho K-U 05062011 &#8211; 1&nbsp;Koko maapallo Karin OH2BP:n pelikentt\u00e4n\u00e4K-U 05062011 &#8211; 2&nbsp;Koko maapallo Karin OH2BP:n pelikentt\u00e4n\u00e4 V_07032012&nbsp;Mari [&hellip;]<\/p>\n","protected":false},"author":20,"featured_media":0,"parent":3852,"menu_order":0,"comment_status":"closed","ping_status":"closed","template":"page-templates\/full-width.php","meta":{"footnotes":""},"class_list":["post-4573","page","type-page","status-publish","hentry"],"_links":{"self":[{"href":"https:\/\/oh2ap.fi\/index.php?rest_route=\/wp\/v2\/pages\/4573","targetHints":{"allow":["GET"]}}],"collection":[{"href":"https:\/\/oh2ap.fi\/index.php?rest_route=\/wp\/v2\/pages"}],"about":[{"href":"https:\/\/oh2ap.fi\/index.php?rest_route=\/wp\/v2\/types\/page"}],"author":[{"embeddable":true,"href":"https:\/\/oh2ap.fi\/index.php?rest_route=\/wp\/v2\/users\/20"}],"replies":[{"embeddable":true,"href":"https:\/\/oh2ap.fi\/index.php?rest_route=%2Fwp%2Fv2%2Fcomments&post=4573"}],"version-history":[{"count":4,"href":"https:\/\/oh2ap.fi\/index.php?rest_route=\/wp\/v2\/pages\/4573\/revisions"}],"predecessor-version":[{"id":5137,"href":"https:\/\/oh2ap.fi\/index.php?rest_route=\/wp\/v2\/pages\/4573\/revisions\/5137"}],"up":[{"embeddable":true,"href":"https:\/\/oh2ap.fi\/index.php?rest_route=\/wp\/v2\/pages\/3852"}],"wp:attachment":[{"href":"https:\/\/oh2ap.fi\/index.php?rest_route=%2Fwp%2Fv2%2Fmedia&parent=4573"}],"curies":[{"name":"wp","href":"https:\/\/api.w.org\/{rel}","templated":true}]}}