{"id":4590,"date":"2025-10-27T23:19:14","date_gmt":"2025-10-27T21:19:14","guid":{"rendered":"https:\/\/oh2ap.fi\/?page_id=4590"},"modified":"2025-11-16T08:34:54","modified_gmt":"2025-11-16T06:34:54","slug":"oh2ap-market-luodolla","status":"publish","type":"page","link":"https:\/\/oh2ap.fi\/?page_id=4590","title":{"rendered":"OH2AP M\u00e4rket-luodolla"},"content":{"rendered":"\n<div class=\"wp-block-columns is-layout-flex wp-container-core-columns-is-layout-9d6595d7 wp-block-columns-is-layout-flex\">\n<div class=\"wp-block-column is-layout-flow wp-block-column-is-layout-flow\" style=\"flex-basis:33.33%\">\n<figure class=\"wp-block-image size-large\"><a href=\"http:\/\/oh2ap.fi\/wp-content\/uploads\/2025\/10\/Market1980.pdf\"><img loading=\"lazy\" decoding=\"async\" width=\"1024\" height=\"627\" src=\"https:\/\/oh2ap.fi\/wp-content\/uploads\/2025\/10\/Market1980-1024x627.jpg\" alt=\"\" class=\"wp-image-4592\" srcset=\"https:\/\/oh2ap.fi\/wp-content\/uploads\/2025\/10\/Market1980-1024x627.jpg 1024w, https:\/\/oh2ap.fi\/wp-content\/uploads\/2025\/10\/Market1980-300x184.jpg 300w, https:\/\/oh2ap.fi\/wp-content\/uploads\/2025\/10\/Market1980-768x470.jpg 768w, https:\/\/oh2ap.fi\/wp-content\/uploads\/2025\/10\/Market1980-1536x940.jpg 1536w, https:\/\/oh2ap.fi\/wp-content\/uploads\/2025\/10\/Market1980-624x382.jpg 624w, https:\/\/oh2ap.fi\/wp-content\/uploads\/2025\/10\/Market1980.jpg 1716w\" sizes=\"auto, (max-width: 1024px) 100vw, 1024px\" \/><\/a><figcaption class=\"wp-element-caption\">QSL peditiolta 1980<\/figcaption><\/figure>\n\n\n\n<figure class=\"wp-block-image size-full\"><a href=\"http:\/\/oh2ap.fi\/wp-content\/uploads\/2025\/10\/MarketQSL1989.jpg\" data-rel=\"lightbox-image-0\" data-rl_title=\"\" data-rl_caption=\"\" title=\"\"><img loading=\"lazy\" decoding=\"async\" width=\"639\" height=\"448\" src=\"https:\/\/oh2ap.fi\/wp-content\/uploads\/2025\/10\/MarketQSL1989-etu.jpg\" alt=\"\" class=\"wp-image-4594\" srcset=\"https:\/\/oh2ap.fi\/wp-content\/uploads\/2025\/10\/MarketQSL1989-etu.jpg 639w, https:\/\/oh2ap.fi\/wp-content\/uploads\/2025\/10\/MarketQSL1989-etu-300x210.jpg 300w, https:\/\/oh2ap.fi\/wp-content\/uploads\/2025\/10\/MarketQSL1989-etu-624x437.jpg 624w\" sizes=\"auto, (max-width: 639px) 100vw, 639px\" \/><\/a><figcaption class=\"wp-element-caption\">QSL peditiolta 1989<\/figcaption><\/figure>\n\n\n\n<figure class=\"wp-block-image size-large\"><a href=\"http:\/\/oh2ap.fi\/wp-content\/uploads\/2025\/10\/Market1990.pdf\"><img loading=\"lazy\" decoding=\"async\" width=\"1024\" height=\"715\" src=\"http:\/\/oh2ap.fi\/wp-content\/uploads\/2025\/10\/Market1990-1024x715.jpg\" alt=\"\" class=\"wp-image-4596\" srcset=\"https:\/\/oh2ap.fi\/wp-content\/uploads\/2025\/10\/Market1990-1024x715.jpg 1024w, https:\/\/oh2ap.fi\/wp-content\/uploads\/2025\/10\/Market1990-300x210.jpg 300w, https:\/\/oh2ap.fi\/wp-content\/uploads\/2025\/10\/Market1990-768x536.jpg 768w, https:\/\/oh2ap.fi\/wp-content\/uploads\/2025\/10\/Market1990-1536x1073.jpg 1536w, https:\/\/oh2ap.fi\/wp-content\/uploads\/2025\/10\/Market1990-624x436.jpg 624w, https:\/\/oh2ap.fi\/wp-content\/uploads\/2025\/10\/Market1990.jpg 1754w\" sizes=\"auto, (max-width: 1024px) 100vw, 1024px\" \/><\/a><figcaption class=\"wp-element-caption\">QSL peditiolta 1991<\/figcaption><\/figure>\n\n\n\n<figure class=\"wp-block-image size-full\"><a href=\"https:\/\/oh2ap.fi\/wp-content\/uploads\/2025\/10\/oj0_sm0rbo_p-qsl.jpg\" data-rel=\"lightbox-image-1\" data-rl_title=\"\" data-rl_caption=\"\" title=\"\"><img loading=\"lazy\" decoding=\"async\" width=\"600\" height=\"750\" src=\"https:\/\/oh2ap.fi\/wp-content\/uploads\/2025\/10\/oj0_sm0rbo_p-qsl.jpg\" alt=\"\" class=\"wp-image-4599\" srcset=\"https:\/\/oh2ap.fi\/wp-content\/uploads\/2025\/10\/oj0_sm0rbo_p-qsl.jpg 600w, https:\/\/oh2ap.fi\/wp-content\/uploads\/2025\/10\/oj0_sm0rbo_p-qsl-240x300.jpg 240w\" sizes=\"auto, (max-width: 600px) 100vw, 600px\" \/><\/a><figcaption class=\"wp-element-caption\">Brorin QSL peditiolta 1991<\/figcaption><\/figure>\n\n\n\n<p><a href=\"http:\/\/oh2ap.fi\/wp-content\/uploads\/2025\/10\/W5UN-QSL.pdf\" target=\"_blank\" rel=\"noreferrer noopener\">W5UN kuittaus EME-yhteydest\u00e4<\/a><\/p>\n\n\n\n<figure class=\"wp-block-image size-large\"><a href=\"http:\/\/oh2ap.fi\/wp-content\/uploads\/2025\/10\/Market-esitys-Torpantie_2014.jpg\" data-rel=\"lightbox-image-2\" data-rl_title=\"\" data-rl_caption=\"\" title=\"\"><img loading=\"lazy\" decoding=\"async\" width=\"1024\" height=\"680\" src=\"http:\/\/oh2ap.fi\/wp-content\/uploads\/2025\/10\/Market-esitys-Torpantie_2014-1024x680.jpg\" alt=\"\" class=\"wp-image-4512\" srcset=\"https:\/\/oh2ap.fi\/wp-content\/uploads\/2025\/10\/Market-esitys-Torpantie_2014-1024x680.jpg 1024w, https:\/\/oh2ap.fi\/wp-content\/uploads\/2025\/10\/Market-esitys-Torpantie_2014-300x199.jpg 300w, https:\/\/oh2ap.fi\/wp-content\/uploads\/2025\/10\/Market-esitys-Torpantie_2014-768x510.jpg 768w, https:\/\/oh2ap.fi\/wp-content\/uploads\/2025\/10\/Market-esitys-Torpantie_2014-624x414.jpg 624w, https:\/\/oh2ap.fi\/wp-content\/uploads\/2025\/10\/Market-esitys-Torpantie_2014.jpg 1072w\" sizes=\"auto, (max-width: 1024px) 100vw, 1024px\" \/><\/a><figcaption class=\"wp-element-caption\">Kuukausikokous 2014<\/figcaption><\/figure>\n\n\n\n<figure class=\"wp-block-image size-large\"><a href=\"https:\/\/oh2ap.fi\/wp-content\/uploads\/2025\/10\/OJ0C_2018_QSL_front_B.jpg\" data-rel=\"lightbox-image-3\" data-rl_title=\"\" data-rl_caption=\"\" title=\"\"><img loading=\"lazy\" decoding=\"async\" width=\"1024\" height=\"667\" src=\"https:\/\/oh2ap.fi\/wp-content\/uploads\/2025\/10\/OJ0C_2018_QSL_front_B-1024x667.jpg\" alt=\"\" class=\"wp-image-4601\" srcset=\"https:\/\/oh2ap.fi\/wp-content\/uploads\/2025\/10\/OJ0C_2018_QSL_front_B-1024x667.jpg 1024w, https:\/\/oh2ap.fi\/wp-content\/uploads\/2025\/10\/OJ0C_2018_QSL_front_B-300x196.jpg 300w, https:\/\/oh2ap.fi\/wp-content\/uploads\/2025\/10\/OJ0C_2018_QSL_front_B-768x501.jpg 768w, https:\/\/oh2ap.fi\/wp-content\/uploads\/2025\/10\/OJ0C_2018_QSL_front_B-624x407.jpg 624w, https:\/\/oh2ap.fi\/wp-content\/uploads\/2025\/10\/OJ0C_2018_QSL_front_B.jpg 1140w\" sizes=\"auto, (max-width: 1024px) 100vw, 1024px\" \/><\/a><figcaption class=\"wp-element-caption\">OJ0C QSL v. 2018<\/figcaption><\/figure>\n\n\n\n<figure class=\"wp-block-image size-large\"><a href=\"http:\/\/oh2ap.fi\/wp-content\/uploads\/2025\/06\/OJ0_OH2AP.jpg\" data-rel=\"lightbox-image-4\" data-rl_title=\"\" data-rl_caption=\"\" title=\"\"><img loading=\"lazy\" decoding=\"async\" width=\"1024\" height=\"666\" src=\"http:\/\/oh2ap.fi\/wp-content\/uploads\/2025\/06\/OJ0_OH2AP-1024x666.jpg\" alt=\"\" class=\"wp-image-3910\" srcset=\"https:\/\/oh2ap.fi\/wp-content\/uploads\/2025\/06\/OJ0_OH2AP-1024x666.jpg 1024w, https:\/\/oh2ap.fi\/wp-content\/uploads\/2025\/06\/OJ0_OH2AP-300x195.jpg 300w, https:\/\/oh2ap.fi\/wp-content\/uploads\/2025\/06\/OJ0_OH2AP-768x499.jpg 768w, https:\/\/oh2ap.fi\/wp-content\/uploads\/2025\/06\/OJ0_OH2AP-624x406.jpg 624w, https:\/\/oh2ap.fi\/wp-content\/uploads\/2025\/06\/OJ0_OH2AP.jpg 1221w\" sizes=\"auto, (max-width: 1024px) 100vw, 1024px\" \/><\/a><\/figure>\n\n\n\n<figure class=\"wp-block-image size-large\"><a href=\"https:\/\/oh2ap.fi\/wp-content\/uploads\/2025\/10\/OJ0_OH2AP_b.jpg\" data-rel=\"lightbox-image-5\" data-rl_title=\"\" data-rl_caption=\"\" title=\"\"><img loading=\"lazy\" decoding=\"async\" width=\"1024\" height=\"670\" src=\"https:\/\/oh2ap.fi\/wp-content\/uploads\/2025\/10\/OJ0_OH2AP_b-1024x670.jpg\" alt=\"\" class=\"wp-image-4602\" srcset=\"https:\/\/oh2ap.fi\/wp-content\/uploads\/2025\/10\/OJ0_OH2AP_b-1024x670.jpg 1024w, https:\/\/oh2ap.fi\/wp-content\/uploads\/2025\/10\/OJ0_OH2AP_b-300x196.jpg 300w, https:\/\/oh2ap.fi\/wp-content\/uploads\/2025\/10\/OJ0_OH2AP_b-768x503.jpg 768w, https:\/\/oh2ap.fi\/wp-content\/uploads\/2025\/10\/OJ0_OH2AP_b-1536x1005.jpg 1536w, https:\/\/oh2ap.fi\/wp-content\/uploads\/2025\/10\/OJ0_OH2AP_b-624x408.jpg 624w, https:\/\/oh2ap.fi\/wp-content\/uploads\/2025\/10\/OJ0_OH2AP_b.jpg 1617w\" sizes=\"auto, (max-width: 1024px) 100vw, 1024px\" \/><\/a><figcaption class=\"wp-element-caption\">OH2BOZ:n 40-v. juhlavierailu v. 2020<\/figcaption><\/figure>\n\n\n\n<figure class=\"wp-block-image size-full\"><a href=\"https:\/\/oh2ap.fi\/wp-content\/uploads\/2025\/10\/Harmaahylkeet-Seppo-Keranen-1990.jpg\" data-rel=\"lightbox-image-6\" data-rl_title=\"\" data-rl_caption=\"\" title=\"\"><img loading=\"lazy\" decoding=\"async\" width=\"1024\" height=\"508\" src=\"https:\/\/oh2ap.fi\/wp-content\/uploads\/2025\/10\/Harmaahylkeet-Seppo-Keranen-1990.jpg\" alt=\"\" class=\"wp-image-4603\" srcset=\"https:\/\/oh2ap.fi\/wp-content\/uploads\/2025\/10\/Harmaahylkeet-Seppo-Keranen-1990.jpg 1024w, https:\/\/oh2ap.fi\/wp-content\/uploads\/2025\/10\/Harmaahylkeet-Seppo-Keranen-1990-300x149.jpg 300w, https:\/\/oh2ap.fi\/wp-content\/uploads\/2025\/10\/Harmaahylkeet-Seppo-Keranen-1990-768x381.jpg 768w, https:\/\/oh2ap.fi\/wp-content\/uploads\/2025\/10\/Harmaahylkeet-Seppo-Keranen-1990-624x310.jpg 624w\" sizes=\"auto, (max-width: 1024px) 100vw, 1024px\" \/><\/a><\/figure>\n\n\n\n<p>QSL:t: Keijo OH2BOZ ja SRAL arkistoprojekti, hyljekuvan ottaja ja copyright Seppo Ker\u00e4nen.<\/p>\n<\/div>\n\n\n\n<div class=\"wp-block-column is-layout-flow wp-block-column-is-layout-flow\" style=\"flex-basis:66.66%\">\n<p>M\u00e4rketin pieni majakkaluoto on ollut oma &#8217;radiomaansa&#8217; johtuen sen sijainnista Suomen ja Ruotsin rajalla ja koska se oli Suomen hallinnoima alue Ahvenanmaan itsehallintoalueen ja Ruotsin rajan v\u00e4liss\u00e4. <a href=\"http:\/\/oh2ap.fi\/wp-content\/uploads\/2025\/10\/RA_8-89_Market-juttu.pdf\" target=\"_blank\" rel=\"noreferrer noopener\">Radioamat\u00f6\u00f6ri-lehden 8\/89 Dx-palsta<\/a> kuvaili siihenastisia M\u00e4rket-peditioita jutussaan.<\/p>\n\n\n\n<p>Kes\u00e4ll\u00e4 1980 teki OH2AP pedition tuolloin viel\u00e4 suhteellisen korkealla &#8217;most wanted&#8217; -listalla olevalle M\u00e4rketille. 80 tunnin aktiviteetin aikana syntyi 9600 QSOa 119 maahan. Peditioryhm\u00e4n muodostivat Pertti OH2JG, Keijo OH2BOZ, Henry OH3JR, Jaska OH5UX ja Mark OH5XL (sittemmin OH3LX).<\/p>\n\n\n\n<p>Kes\u00e4ll\u00e41989 teki kerhon porukka taas OH2AP\/OH0M&nbsp;-pedition M\u00e4rketille. Tuolla retkell\u00e4 syntyi mm. ensimm\u00e4iset satelliitti- (Oscar 13) ja 50 MHz yhteydet luodolta.&nbsp;Koska kerholla ei ollut viel\u00e4 tuohon aikaan vaadittua omaa erillist\u00e4 50 Mhz:n lupaa, niin kuutta metri\u00e4 workittiin Keijon <a href=\"http:\/\/oh2ap.fi\/wp-content\/uploads\/2025\/10\/OH2BOZ_OH0M-m.jpg\" target=\"_blank\" rel=\"noreferrer noopener\" data-rel=\"lightbox-image-7\" data-rl_title=\"\" data-rl_caption=\"\" title=\"\">OH2BOZ\/OH0M-kutsulla<\/a>.<\/p>\n\n\n\n<p><a href=\"http:\/\/oh2ap.fi\/wp-content\/uploads\/2025\/10\/OH0M_QSOtm.jpg\" target=\"_blank\" rel=\"noreferrer noopener\" data-rel=\"lightbox-image-8\" data-rl_title=\"\" data-rl_caption=\"\" title=\"\">Yhteyksi\u00e4 pidettiin kaikkiaan 13.000<\/a>. Peditioryhm\u00e4n muodostivat Matti OH2BDQ, Keijo OH2BOZ, Arska OH2BVM, Jari OH2BVE ja Heikki OH3JF. <a href=\"http:\/\/oh2ap.fi\/wp-content\/uploads\/2025\/10\/OH2AP_OH0M_matkakertomus.pdf\" target=\"_blank\" rel=\"noreferrer noopener\">Jarin ja Matin muistelukset<\/a> matkasta kuvailevat mm. myrskyn aiheuttamia kommelluksia.<\/p>\n\n\n\n<p><a href=\"http:\/\/oh2ap.fi\/wp-content\/uploads\/2025\/10\/OH3JF_Market-peditio.jpg\" target=\"_blank\" rel=\"noreferrer noopener\" data-rel=\"lightbox-image-9\" data-rl_title=\"\" data-rl_caption=\"\" title=\"\">Heikin muisteluksia retkelt\u00e4<\/a> l\u00f6ytyy OH3AD:n 40-vuotishistoriikista v. 89. Tuon pedition lokinpito tapahtui &#8217;on-line&#8217; PC:ll\u00e4 ja&nbsp; QSL:t kaikkine tietoineen tulostettiin sitten Xerox-suurteholaserilla, mik\u00e4 ei siihen aikaan ollut ollenkaan tavallista.<\/p>\n\n\n\n<p>Kes\u00e4ll\u00e4 1990 tekiv\u00e4t OH2AP ja kummikunta T\u00e4byn amat\u00f6\u00f6rikerho T\u00e4by S\u00e4ndaramat\u00f6rer pedition M\u00e4rket-luodolle, mist\u00e4 OH2AP\/OJ0 (operaattoreina Matti OH2BDQ ja Keijo OH2BOZ)&nbsp;workki Suomen puolelta, QSOja lokiin tuli 6449 kpl.&nbsp;SI8MI workki Ruotsin puolelta luodon halki kulkevaa valtakuntien rajaa. Tuosta retkest\u00e4 teki ruotsalainen Svenska Dagbladet varsin n\u00e4ytt\u00e4v\u00e4n artikkelin kes\u00e4sivuilleen.&nbsp; (<a href=\"http:\/\/oh2ap.fi\/wp-content\/uploads\/2025\/10\/Lehdet_SvDgb_26061990.jpg\" target=\"_blank\" rel=\"noreferrer noopener\" data-rel=\"lightbox-image-10\" data-rl_title=\"\" data-rl_caption=\"\" title=\"\">osa 1<\/a>,&nbsp;<a href=\"http:\/\/oh2ap.fi\/wp-content\/uploads\/2025\/10\/Lehdet_SvDgb_26061990-2.jpg\" target=\"_blank\" rel=\"noreferrer noopener\" data-rel=\"lightbox-image-11\" data-rl_title=\"\" data-rl_caption=\"\" title=\"\">osa 2<\/a>, <a href=\"http:\/\/oh2ap.fi\/wp-content\/uploads\/2025\/10\/Lehdet_SvDgb_26061990-3.jpg\" target=\"_blank\" rel=\"noreferrer noopener\" data-rel=\"lightbox-image-12\" data-rl_title=\"\" data-rl_caption=\"\" title=\"\">osa 3<\/a>)<\/p>\n\n\n\n<p>Kes\u00e4ll\u00e4 1991 oli <a href=\"http:\/\/oh2ap.fi\/wp-content\/uploads\/2025\/10\/oh2ap-oj0_-1991_a.jpg\" target=\"_blank\" rel=\"noreferrer noopener\" data-rel=\"lightbox-image-13\" data-rl_title=\"\" data-rl_caption=\"\" title=\"\">OH2AP\/OJ0<\/a> taas \u00e4\u00e4ness\u00e4 M\u00e4rketilt\u00e4. Operaattoreina olivat Keijo OH2BOZ, Heikki OH2AUA, Heikki OH3JF ja Ari OH6MW. Lokiin kertyi yli 8000 yhteytt\u00e4. Samanaikaisesti Bror oli \u00e4\u00e4ness\u00e4 omalla kutsulla OJ0\/SM0RBO\/p. Pedition noteerasi my\u00f6s <a href=\"http:\/\/oh2ap.fi\/wp-content\/uploads\/2025\/10\/Lehdet_VU_26061991.jpg\" target=\"_blank\" rel=\"noreferrer noopener\" data-rel=\"lightbox-image-14\" data-rl_title=\"\" data-rl_caption=\"\" title=\"\">paikallinen lehti<\/a>. T\u00e4ll\u00e4 peditiolla syntyi my\u00f6s ensimm\u00e4inen OJ0:sta pidetty <a href=\"http:\/\/oh2ap.fi\/wp-content\/uploads\/2025\/10\/W5UN-QSL.pdf\" target=\"_blank\" rel=\"noreferrer noopener\">EME-yhteys<\/a>. Vasta-aseman QSL:ssa esitelty antenni-farmi on vaikuttava.<\/p>\n\n\n\n<p>Kuriositeettina mainittakoon, ett\u00e4 Martti OH2BH esitteli M\u00e4rket OJ0-maata kerhon kuukausikokouksessa v. 1971 ja sitten pian taas uudelleen v. 2014.<\/p>\n\n\n\n<p>Kes\u00e4ll\u00e4 2018 j\u00e4rjestiv\u00e4t Majakkaseura, SRAL ja\u00a0OH DX Foundation\u00a0 M\u00e4rketille <a href=\"http:\/\/oh2ap.fi\/wp-content\/uploads\/2025\/10\/V-U-25082018-Market-viikko.jpg\" target=\"_blank\" rel=\"noreferrer noopener\" data-rel=\"lightbox-image-15\" data-rl_title=\"\" data-rl_caption=\"\" title=\"\">koulutuspedition kansainv\u00e4liselle nuorisoryhm\u00e4lle<\/a>, jossa oli mukana my\u00f6s <a href=\"http:\/\/oh2ap.fi\/wp-content\/uploads\/2025\/10\/elias_oj0-asemalla.jpg\" target=\"_blank\" rel=\"noreferrer noopener\" data-rel=\"lightbox-image-16\" data-rl_title=\"\" data-rl_caption=\"\" title=\"\">kerhomme j\u00e4sen Elias OH2EP<\/a>. Muut nuoret olivat Horia YO3IMD Romaniasta, Florian OE3FTA It\u00e4vallasta ja Pieter ON3DI Belgiasta. Kutsuna oli OJ0C. Ohjaajina toimivat Henri OH3JR, Keijo OH2BOZ ja Pasi OH3WS. Muonituksesta koko viikon\u00a0vastasi \u00a0Elina, OH3JR:n XYL. Viikon aikana tehtiin tietysti my\u00f6s tavanomaiset talkooty\u00f6t. Retken p\u00e4iv\u00e4kirja l\u00f6ytyy <a href=\"https:\/\/www.majakkaseura.fi\/week-34-henri-elina-etc-and-the-team-of-young-radio-amateurs\/\" target=\"_blank\" rel=\"noreferrer noopener\">Majakkaseuran sivuilta<\/a>.<\/p>\n\n\n\n<p>&#8230; ja loppukes\u00e4st\u00e4 v. 2020 vietti Keijo OH2BOZ viikon luodolla workkien kutsulla <a href=\"http:\/\/oh2ap.fi\/wp-content\/uploads\/2025\/10\/OJ0_OH2AP_b.jpg\" target=\"_blank\" rel=\"noreferrer noopener\" data-rel=\"lightbox-image-17\" data-rl_title=\"\" data-rl_caption=\"\" title=\"\">OJ0\/OH2AP<\/a> kerhon ensimm\u00e4isen M\u00e4rket-&nbsp;pedition 40-vuotisjuhlan (ja majakan kunnostustalkooty\u00f6n) merkeiss\u00e4. Pedition QSL-kortin etusivulle&nbsp;saatiin hyvin majakkaluotoa Pohjanlahden pohjoistuulten armoilla kuvaava otos, kuvaajana Petri Porkola.<\/p>\n\n\n\n<p>Radioamat\u00f6\u00f6rien kanssa samaan aikaan v. 1990 oli luodolla luontokuvaaja Seppo Ker\u00e4nen valokuvaamassa luodon ymp\u00e4rist\u00f6ss\u00e4 el\u00e4vi\u00e4 It\u00e4meren harmaahylkeit\u00e4 eli halleja.<\/p>\n<\/div>\n<\/div>\n","protected":false},"excerpt":{"rendered":"<p>W5UN kuittaus EME-yhteydest\u00e4 QSL:t: Keijo OH2BOZ ja SRAL arkistoprojekti, hyljekuvan ottaja ja copyright Seppo Ker\u00e4nen. M\u00e4rketin pieni majakkaluoto on ollut oma &#8217;radiomaansa&#8217; johtuen sen sijainnista Suomen ja Ruotsin rajalla ja koska se oli Suomen hallinnoima alue Ahvenanmaan itsehallintoalueen ja Ruotsin rajan v\u00e4liss\u00e4. Radioamat\u00f6\u00f6ri-lehden 8\/89 Dx-palsta kuvaili siihenastisia M\u00e4rket-peditioita jutussaan. Kes\u00e4ll\u00e4 1980 teki OH2AP pedition tuolloin [&hellip;]<\/p>\n","protected":false},"author":20,"featured_media":0,"parent":4641,"menu_order":0,"comment_status":"closed","ping_status":"closed","template":"page-templates\/full-width.php","meta":{"footnotes":""},"class_list":["post-4590","page","type-page","status-publish","hentry"],"_links":{"self":[{"href":"https:\/\/oh2ap.fi\/index.php?rest_route=\/wp\/v2\/pages\/4590","targetHints":{"allow":["GET"]}}],"collection":[{"href":"https:\/\/oh2ap.fi\/index.php?rest_route=\/wp\/v2\/pages"}],"about":[{"href":"https:\/\/oh2ap.fi\/index.php?rest_route=\/wp\/v2\/types\/page"}],"author":[{"embeddable":true,"href":"https:\/\/oh2ap.fi\/index.php?rest_route=\/wp\/v2\/users\/20"}],"replies":[{"embeddable":true,"href":"https:\/\/oh2ap.fi\/index.php?rest_route=%2Fwp%2Fv2%2Fcomments&post=4590"}],"version-history":[{"count":2,"href":"https:\/\/oh2ap.fi\/index.php?rest_route=\/wp\/v2\/pages\/4590\/revisions"}],"predecessor-version":[{"id":5154,"href":"https:\/\/oh2ap.fi\/index.php?rest_route=\/wp\/v2\/pages\/4590\/revisions\/5154"}],"up":[{"embeddable":true,"href":"https:\/\/oh2ap.fi\/index.php?rest_route=\/wp\/v2\/pages\/4641"}],"wp:attachment":[{"href":"https:\/\/oh2ap.fi\/index.php?rest_route=%2Fwp%2Fv2%2Fmedia&parent=4590"}],"curies":[{"name":"wp","href":"https:\/\/api.w.org\/{rel}","templated":true}]}}