{"id":4629,"date":"2025-10-28T00:34:02","date_gmt":"2025-10-27T22:34:02","guid":{"rendered":"https:\/\/oh2ap.fi\/?page_id=4629"},"modified":"2025-11-02T10:35:44","modified_gmt":"2025-11-02T08:35:44","slug":"kerhon-puheenjohtajat-asemillaan","status":"publish","type":"page","link":"https:\/\/oh2ap.fi\/?page_id=4629","title":{"rendered":"Kerhon puheenjohtajat"},"content":{"rendered":"\n<div class=\"wp-block-columns is-layout-flex wp-container-core-columns-is-layout-9d6595d7 wp-block-columns-is-layout-flex\">\n<div class=\"wp-block-column is-layout-flow wp-block-column-is-layout-flow\" style=\"flex-basis:33.33%\">\n<p><a href=\"https:\/\/oh2ap.fi\/?page_id=3724\">Historiikin etusivulle<\/a><\/p>\n<\/div>\n\n\n\n<div class=\"wp-block-column is-layout-flow wp-block-column-is-layout-flow\" style=\"flex-basis:66.66%\">\n<p>Kerhon puheenjohtajista on t\u00e4h\u00e4n ker\u00e4ilty muutamia kuvia ja muisteluksia.<\/p>\n<\/div>\n<\/div>\n\n\n\n<div class=\"wp-block-columns is-layout-flex wp-container-core-columns-is-layout-9d6595d7 wp-block-columns-is-layout-flex\">\n<div class=\"wp-block-column is-layout-flow wp-block-column-is-layout-flow\" style=\"flex-basis:33.33%\">\n<figure class=\"wp-block-image size-full\"><a href=\"https:\/\/oh2ap.fi\/wp-content\/uploads\/2025\/10\/OH5OP-Oke-Kaarela-v.-1957.jpg\" data-rel=\"lightbox-image-0\" data-rl_title=\"\" data-rl_caption=\"\" title=\"\"><img loading=\"lazy\" decoding=\"async\" width=\"896\" height=\"643\" src=\"https:\/\/oh2ap.fi\/wp-content\/uploads\/2025\/10\/OH5OP-Oke-Kaarela-v.-1957.jpg\" alt=\"\" class=\"wp-image-4630\" srcset=\"https:\/\/oh2ap.fi\/wp-content\/uploads\/2025\/10\/OH5OP-Oke-Kaarela-v.-1957.jpg 896w, https:\/\/oh2ap.fi\/wp-content\/uploads\/2025\/10\/OH5OP-Oke-Kaarela-v.-1957-300x215.jpg 300w, https:\/\/oh2ap.fi\/wp-content\/uploads\/2025\/10\/OH5OP-Oke-Kaarela-v.-1957-768x551.jpg 768w, https:\/\/oh2ap.fi\/wp-content\/uploads\/2025\/10\/OH5OP-Oke-Kaarela-v.-1957-624x448.jpg 624w\" sizes=\"auto, (max-width: 896px) 100vw, 896px\" \/><\/a><figcaption class=\"wp-element-caption\">Oke Kaarela, OH5OP, asemallaan v. 1957<\/figcaption><\/figure>\n<\/div>\n\n\n\n<div class=\"wp-block-column is-layout-flow wp-block-column-is-layout-flow\" style=\"flex-basis:66.66%\">\n<p><strong><a href=\"http:\/\/oh2ap.fi\/wp-content\/uploads\/2025\/10\/OH2NP_qsl2x.pdf\" target=\"_blank\" rel=\"noreferrer noopener\">Oke Kaarela OH2NP<\/a><\/strong><\/p>\n\n\n\n<p>Oke oli&nbsp;yksi niist\u00e4, jonka ty\u00f6teht\u00e4v\u00e4t p\u00e4\u00e4kaupunkiseudulla toi 1960-luvulla J\u00e4rvenp\u00e4\u00e4h\u00e4n. Muuton my\u00f6t\u00e4 jo pitk\u00e4\u00e4n Lappeenrannasta bandeilla kuulunut kutsu OH5OP muuttui OH2NP:ksi. Varsin pian h\u00e4n kuitenkin l\u00f6ysi radioamat\u00f6\u00f6rille viel\u00e4 sopivamman asuinpaikan Tuusulan Annivaarasta, jonne h\u00e4n rakennutti omakotitalon perheelleen ja muutti sinne korkean maston juurelle.<\/p>\n\n\n\n<p>Vuonna 1965 Oke <a href=\"http:\/\/oh2ap.fi\/wp-content\/uploads\/2025\/10\/Perustavan-kokouksen-kutsu.pdf\" target=\"_blank\" rel=\"noreferrer noopener\">kutsui<\/a> entisen Suur-Tuusulan alueen radioamat\u00f6\u00f6rit kokoon perustamaan Keski-Uudellemaalle oman radioamat\u00f6\u00f6riyhdistyksen. N\u00e4in J\u00e4rvenp\u00e4\u00e4n Radioamat\u00f6\u00f6rit ry, OH2AP n\u00e4ki p\u00e4iv\u00e4nvalon. Oke toimi vasta perustetun yhdistyksen puheenjohtajana vuosina 1965-1967.&nbsp; Oke oli my\u00f6s Suomen Radioamat\u00f6\u00f6riliiton varapuheenjohtaja 1965-1966 ja puheenjohtaja vuonna 1967. Oke oli saanut SRAL:n Ilmari J\u00e4\u00e4maan palkinnon jo v. 1959.<\/p>\n\n\n\n<p>Ulosp\u00e4in suuntautuneena ja hyvin seurallisena Oke oli se, joka kerholla useimmiten piti yll\u00e4 keskustelua ja oli huomion keskipisteen\u00e4.<\/p>\n\n\n\n<p>Okelle radioamat\u00f6\u00f6ritoiminta ilman leirej\u00e4 ei ollut mit\u00e4\u00e4n, niinp\u00e4 h\u00e4n aloitti leirik\u00e4yt\u00e4nn\u00f6n (kts. <a href=\"http:\/\/oh2ap.fi\/wp-content\/uploads\/2025\/10\/K-U-23081966.jpg\" target=\"_blank\" rel=\"noreferrer noopener\" data-rel=\"lightbox-image-1\" data-rl_title=\"\" data-rl_caption=\"\" title=\"\">lehtileike OH2AP:n ensimm\u00e4isest\u00e4 viikonloppuleirist\u00e4<\/a>) my\u00f6s oman yhdistyksemme puitteissa. Oke ehti vuosien varrella vierailla yli <a href=\"http:\/\/oh2ap.fi\/wp-content\/uploads\/2025\/10\/OH2NP.pdf\" target=\"_blank\" rel=\"noreferrer noopener\">300 radioamat\u00f6\u00f6rileirill\u00e4<\/a>, todenn\u00e4k\u00f6isesti useimmalla kuin kukaan muu toinen koko Suomessa.<\/p>\n\n\n\n<p>Oke piti s\u00e4\u00e4nn\u00f6llisi\u00e4 radioyhteyksi\u00e4 14 265 kHz:ll\u00e4 Amerikan suomalaisiin hameihin ja k\u00e4vi my\u00f6s tapaamassa heit\u00e4 paikan p\u00e4\u00e4ll\u00e4.<\/p>\n\n\n\n<p>El\u00e4kep\u00e4ivi\u00e4\u00e4n Oke muutti viett\u00e4m\u00e4\u00e4n kakkosasuntoonsa Kivij\u00e4rvell\u00e4, josta h\u00e4n oli viel\u00e4 aktiivisesti QRV kutsulla OH6NOP aina vuoteen 1998 saakka, jolloin h\u00e4nest\u00e4 tuli \u201dsilent key\u201d.<\/p>\n\n\n\n<p>Radioamat\u00f6\u00f6rilehdess\u00e4 2\/1996 on artikkeli Okesta ja h\u00e4nen radioaktiviteeteista \u201dviitosissa\u201d ennen J\u00e4rvenp\u00e4\u00e4t\u00e4 ja Tuusulaa.<\/p>\n<\/div>\n<\/div>\n\n\n\n<div class=\"wp-block-columns is-layout-flex wp-container-core-columns-is-layout-9d6595d7 wp-block-columns-is-layout-flex\">\n<div class=\"wp-block-column is-layout-flow wp-block-column-is-layout-flow\" style=\"flex-basis:33.33%\">\n<figure class=\"wp-block-image size-full\"><a href=\"https:\/\/oh2ap.fi\/wp-content\/uploads\/2025\/10\/OH2BAM_asemallaan_n1965.jpg\" data-rel=\"lightbox-image-2\" data-rl_title=\"\" data-rl_caption=\"\" title=\"\"><img loading=\"lazy\" decoding=\"async\" width=\"488\" height=\"675\" src=\"https:\/\/oh2ap.fi\/wp-content\/uploads\/2025\/10\/OH2BAM_asemallaan_n1965.jpg\" alt=\"\" class=\"wp-image-4635\" srcset=\"https:\/\/oh2ap.fi\/wp-content\/uploads\/2025\/10\/OH2BAM_asemallaan_n1965.jpg 488w, https:\/\/oh2ap.fi\/wp-content\/uploads\/2025\/10\/OH2BAM_asemallaan_n1965-217x300.jpg 217w\" sizes=\"auto, (max-width: 488px) 100vw, 488px\" \/><\/a><figcaption class=\"wp-element-caption\">Esko OH2BAM asemallaan 1965 tienoilla.<\/figcaption><\/figure>\n<\/div>\n\n\n\n<div class=\"wp-block-column is-layout-flow wp-block-column-is-layout-flow\" style=\"flex-basis:66.66%\">\n<p><strong><a href=\"https:\/\/oh2ap.fi\/?page_id=4618\" data-type=\"page\" data-id=\"4618\" target=\"_blank\" rel=\"noreferrer noopener\">Esko Vuorenmaa OH2BAM<\/a><\/strong><\/p>\n\n\n\n<p>Esko sai \u201dkipin\u00e4n\u201d hamssihommiin koulun pihalla. Tapani, OH2LU, ja Raimo, OH2DU, olivat saman koulun&nbsp;kasvatteja. Radioamat\u00f6\u00f6riluvan Esko sai 1961. Eskosta tuli heti alusta l\u00e4htien innokas hamssi ja taitava CW-mies. Tuonnempana Esko suoritti varusmiespalveluksen viestimiehen\u00e4 Riihim\u00e4ell\u00e4. .<\/p>\n\n\n\n<p>OH2AP:n toiminnassa Esko oli my\u00f6s innokkaasti mukana toimien yhdistyksen puheenjohtajana vuosina 1968-1974 ja hallituksen j\u00e4senen\u00e4 1975 sek\u00e4 1988-1990.<\/p>\n\n\n\n<p>Palattuaan ty\u00f6komennukselta Lapista&nbsp;Esko asettui Kellokoskelle. Innokkaan CW-uran&nbsp;katkaisi sairaus ennenaikaisesti vuonna 1993.&nbsp; Joukon OH2BAN <a href=\"https:\/\/oh2ap.fi\/?page_id=4618\" data-type=\"page\" data-id=\"4618\">muistelut Eskosta t\u00e4\u00e4ll\u00e4<\/a>.<\/p>\n<\/div>\n<\/div>\n\n\n\n<div class=\"wp-block-columns is-layout-flex wp-container-core-columns-is-layout-9d6595d7 wp-block-columns-is-layout-flex\">\n<div class=\"wp-block-column is-layout-flow wp-block-column-is-layout-flow\" style=\"flex-basis:33.33%\">\n<figure class=\"wp-block-image size-full\"><a href=\"https:\/\/oh2ap.fi\/wp-content\/uploads\/2025\/10\/OH2BMV-JA-COLLINS-KWM2.jpg\" data-rel=\"lightbox-image-3\" data-rl_title=\"\" data-rl_caption=\"\" title=\"\"><img loading=\"lazy\" decoding=\"async\" width=\"760\" height=\"503\" src=\"https:\/\/oh2ap.fi\/wp-content\/uploads\/2025\/10\/OH2BMV-JA-COLLINS-KWM2.jpg\" alt=\"\" class=\"wp-image-4636\" srcset=\"https:\/\/oh2ap.fi\/wp-content\/uploads\/2025\/10\/OH2BMV-JA-COLLINS-KWM2.jpg 760w, https:\/\/oh2ap.fi\/wp-content\/uploads\/2025\/10\/OH2BMV-JA-COLLINS-KWM2-300x199.jpg 300w, https:\/\/oh2ap.fi\/wp-content\/uploads\/2025\/10\/OH2BMV-JA-COLLINS-KWM2-624x413.jpg 624w\" sizes=\"auto, (max-width: 760px) 100vw, 760px\" \/><\/a><figcaption class=\"wp-element-caption\">Tapani OH2BMV pit\u00e4m\u00e4ss\u00e4 yhteytt\u00e4 kotitalonsa pihalla Mehil\u00e4iskujalla J\u00e4rvenp\u00e4\u00e4ss\u00e4 siihen aikaan, kun h\u00e4n oli yhdistyksen puheenjohtaja.<\/figcaption><\/figure>\n<\/div>\n\n\n\n<div class=\"wp-block-column is-layout-flow wp-block-column-is-layout-flow\" style=\"flex-basis:66.66%\">\n<p><strong><a href=\"http:\/\/oh2ap.fi\/wp-content\/uploads\/2025\/10\/OH2BMV-QSL-kortti-15.jpg\" target=\"_blank\" rel=\"noreferrer noopener\" data-rel=\"lightbox-image-4\" data-rl_title=\"\" data-rl_caption=\"\" title=\"\">Tapani Nisula, OH2BMV<\/a><\/strong><\/p>\n\n\n\n<p>Tapani vanhempineen muutti v. 1969 J\u00e4rvenp\u00e4\u00e4h\u00e4n asumaan ns. Aeron alueelle. Se sai nimens\u00e4 siit\u00e4, ett\u00e4 sinne muutti useita Aeron, nyky\u00e4\u00e4n Finnair, palveluksessa olevia henkil\u00f6it\u00e4, kuten Tapanin is\u00e4 perheineen. Tapanin sein\u00e4naapurina asui Heikki Alasen OH2AYT perhe ja naapuritalossa Esko Nevalainen&nbsp;OH2GK perheineen. Tapani sai radioamat\u00f6\u00f6rilupansa v. 1971.<\/p>\n\n\n\n<p>Tapani oli&nbsp;yhdistyksen puheenjohtaja vuonna 1975, sihteeri vuosina 1972-1973 ja hallituksen j\u00e4sen vuonna 1974.<\/p>\n\n\n\n<p>J\u00e4rvenp\u00e4\u00e4ss\u00e4 asuessaan Tapani oli aina valmis auttamaan \u2013 onhan h\u00e4n entinen partiolainen \u2013 aloittelevia amat\u00f6\u00f6rej\u00e4 \u00e4\u00e4neenp\u00e4\u00e4syyn liittyviss\u00e4 asioissa sek\u00e4 muita hameja erilaisissa teknisiss\u00e4 ongelmatilanteissa. Tapanilla oli intohimo p\u00e4\u00e4st\u00e4 kiipeilem\u00e4\u00e4n ja siksi h\u00e4n aina tarjoutui kaikkiin antennitalkoisiin.<\/p>\n\n\n\n<p>Tapani ja h\u00e4nen YL, Tuuli toimivat primus motor&#8217;eina, kun tuohon aikaan yhdistyksemme nuoremman polven radioamat\u00f6\u00f6rit puolisoineen\/seuralaisineen j\u00e4rjestiv\u00e4t yhteisi\u00e4 illanviettoja, pikkujouluja jne ja osallistuivat perhekunnittain oman kerhon ja liiton leireille.<\/p>\n\n\n\n<p>Tapani on ollut mukana useissa OH-amat\u00f6\u00f6rien <a href=\"https:\/\/oh2ap.fi\/?page_id=4641\" data-type=\"page\" data-id=\"4641\" target=\"_blank\" rel=\"noreferrer noopener\">kilpailu- ja peditiohankkeissa<\/a>. Tapanin nykyinen kutsu on OH5BM, jolla h\u00e4n on QRV Simpeleell\u00e4.&nbsp;<\/p>\n<\/div>\n<\/div>\n\n\n\n<div class=\"wp-block-columns is-layout-flex wp-container-core-columns-is-layout-9d6595d7 wp-block-columns-is-layout-flex\">\n<div class=\"wp-block-column is-layout-flow wp-block-column-is-layout-flow\" style=\"flex-basis:33.33%\">\n<figure class=\"wp-block-image size-large\"><a href=\"https:\/\/oh2ap.fi\/wp-content\/uploads\/2025\/10\/Rauno-OH2BPG.jpg\" data-rel=\"lightbox-image-5\" data-rl_title=\"\" data-rl_caption=\"\" title=\"\"><img loading=\"lazy\" decoding=\"async\" width=\"1024\" height=\"684\" src=\"https:\/\/oh2ap.fi\/wp-content\/uploads\/2025\/10\/Rauno-OH2BPG-1024x684.jpg\" alt=\"\" class=\"wp-image-4643\" srcset=\"https:\/\/oh2ap.fi\/wp-content\/uploads\/2025\/10\/Rauno-OH2BPG-1024x684.jpg 1024w, https:\/\/oh2ap.fi\/wp-content\/uploads\/2025\/10\/Rauno-OH2BPG-300x200.jpg 300w, https:\/\/oh2ap.fi\/wp-content\/uploads\/2025\/10\/Rauno-OH2BPG-768x513.jpg 768w, https:\/\/oh2ap.fi\/wp-content\/uploads\/2025\/10\/Rauno-OH2BPG-624x417.jpg 624w, https:\/\/oh2ap.fi\/wp-content\/uploads\/2025\/10\/Rauno-OH2BPG.jpg 1367w\" sizes=\"auto, (max-width: 1024px) 100vw, 1024px\" \/><\/a><figcaption class=\"wp-element-caption\">Rauno OH2BPG<\/figcaption><\/figure>\n<\/div>\n\n\n\n<div class=\"wp-block-column is-layout-flow wp-block-column-is-layout-flow\" style=\"flex-basis:66.66%\">\n<p><strong><a href=\"https:\/\/oh2ap.fi\/wp-content\/uploads\/2025\/10\/Rauno-OH2BPG.jpg\" target=\"_blank\" rel=\"noreferrer noopener\" data-rel=\"lightbox-image-6\" data-rl_title=\"\" data-rl_caption=\"\" title=\"\">Rauno Hoikkala OH2BPG&nbsp;<\/a><\/strong>&nbsp;<\/p>\n\n\n\n<p>Rauno&nbsp;liittyi yhdistyksemme j\u00e4seneksi jo vuonna 1967 ja on t\u00e4t\u00e4 historiikkia kirjoitettaessa vuonna 2015 siten yksi pisimp\u00e4\u00e4n kerhon j\u00e4senen\u00e4 ollut.<\/p>\n\n\n\n<p>Vasta saatuaan insin\u00f6\u00f6rinopintonsa valmiiksi radioamat\u00f6\u00f6riluvan hankinta tuli Raunolle ajankohtaiseksi 1970-luvun puoliv\u00e4liss\u00e4, jolloin OH2BPG oli ensimm\u00e4isen kerran QRV Loutinkadulta J\u00e4rvenp\u00e4\u00e4ss\u00e4. Vaikka Raunon workkimisaktiviteetti ei ole ollut koskaan kovin suurta, niin h\u00e4n on s\u00e4\u00e4nn\u00f6llisesti ottanut osaa kerhon tapahtumiin vuosi toisensa j\u00e4lkeen. Rauno toimi yhdistyksen puheenjohtajana vuosina 1976-1979.<\/p>\n\n\n\n<p>Ty\u00f6ss\u00e4\u00e4n ensin opettajana J\u00e4rvenp\u00e4\u00e4n Ammattikurssikeskuksessa, sittemmin J\u00e4rvenp\u00e4\u00e4n Ammattikoulun radioasentajalinjan opettajana ja t\u00e4m\u00e4n j\u00e4lkeen Keski-Uudenmaan koulutuskuntayhtym\u00e4n (Keuda) rehtorina h\u00e4n ehti kouluttaa monia nuoria ja v\u00e4h\u00e4n vanhempiakin radiotekniikan saloihin.<\/p>\n\n\n\n<p>Raunon vapaa-ajan t\u00e4ytt\u00e4\u00e4 suurimmaksi osaksi musiikki, sill\u00e4 viel\u00e4 el\u00e4kep\u00e4ivin\u00e4\u00e4n h\u00e4n soittaa Tuusulanj\u00e4rvi Big Band -orkesterissa.<\/p>\n<\/div>\n<\/div>\n\n\n\n<div class=\"wp-block-columns is-layout-flex wp-container-core-columns-is-layout-9d6595d7 wp-block-columns-is-layout-flex\">\n<div class=\"wp-block-column is-layout-flow wp-block-column-is-layout-flow\" style=\"flex-basis:33.33%\">\n<figure class=\"wp-block-image size-full\"><a href=\"https:\/\/oh2ap.fi\/wp-content\/uploads\/2025\/10\/Keijo-OH2BOZ-n-1974.jpg\" data-rel=\"lightbox-image-7\" data-rl_title=\"\" data-rl_caption=\"\" title=\"\"><img loading=\"lazy\" decoding=\"async\" width=\"843\" height=\"575\" src=\"https:\/\/oh2ap.fi\/wp-content\/uploads\/2025\/10\/Keijo-OH2BOZ-n-1974.jpg\" alt=\"\" class=\"wp-image-4644\" srcset=\"https:\/\/oh2ap.fi\/wp-content\/uploads\/2025\/10\/Keijo-OH2BOZ-n-1974.jpg 843w, https:\/\/oh2ap.fi\/wp-content\/uploads\/2025\/10\/Keijo-OH2BOZ-n-1974-300x205.jpg 300w, https:\/\/oh2ap.fi\/wp-content\/uploads\/2025\/10\/Keijo-OH2BOZ-n-1974-768x524.jpg 768w, https:\/\/oh2ap.fi\/wp-content\/uploads\/2025\/10\/Keijo-OH2BOZ-n-1974-624x426.jpg 624w\" sizes=\"auto, (max-width: 843px) 100vw, 843px\" \/><\/a><figcaption class=\"wp-element-caption\">Keijo OH2BOZ v. 1974 aikoihin<\/figcaption><\/figure>\n<\/div>\n\n\n\n<div class=\"wp-block-column is-layout-flow wp-block-column-is-layout-flow\" style=\"flex-basis:66.66%\">\n<p><strong><a href=\"https:\/\/oh2ap.fi\/wp-content\/uploads\/2025\/10\/Keijo-OH2BOZ-n-1974.jpg\" target=\"_blank\" rel=\"noreferrer noopener\" data-rel=\"lightbox-image-8\" data-rl_title=\"\" data-rl_caption=\"\" title=\"\">Keijo Loisti OH2BOZ<\/a><\/strong><\/p>\n\n\n\n<p>Keijo aloitti radioharrastuksensa kouluaikanaan 1960-luvun puoliv\u00e4liss\u00e4 DX-kuuntelulla. Perustettuaan perheen ja saatuaan el\u00e4m\u00e4ns\u00e4 niinsanotusti vakiinnutettua h\u00e4n aktivoi radioharrastuksensa liittym\u00e4ll\u00e4 yhdistyksemme j\u00e4seneksi vuonna 1972. Kev\u00e4\u00e4ll\u00e4 1973 l\u00e4p\u00e4isty\u00e4\u00e4n kokelasluokan tutkinnon h\u00e4n piti muutamassa kuukaudessa p\u00e4tevyystodistuksen ylent\u00e4miseen vaadittavat 300 s\u00e4hk\u00f6tysyhteytt\u00e4. Yleisluokan tutkinnon h\u00e4n suoritti viel\u00e4 samana vuonna.<\/p>\n\n\n\n<p>Yhdistyksen hallituksessa sihteerin\u00e4 Keijo toimi 1974 &#8211; 1979,&nbsp;rahastonhoitaja v.1975, ja vastasi yhdistyksen ulkoisesta tiedottamisesta ja j\u00e4senkirjeiden toimittamisesta vv. 1974-1993. Yhdistyksen puheenjohtajana h\u00e4n oli vuodesta 1980 vuoteen 1993, jolloin h\u00e4n luopui puheenjohtajuudesta ty\u00f6teht\u00e4viins\u00e4 vedoten.&nbsp;Toistamiseen puheenjohtajaksi h\u00e4net valittiin vuosina 2012 ja 2013.<\/p>\n\n\n\n<p>Puheenjohtajana toimiessaan h\u00e4n mm. k\u00e4ynnisti aktiviteetit J\u00e4rvenp\u00e4\u00e4n yst\u00e4vyyskaupunkien (T\u00e4by\/Ruotsi ja V\u00e1c\/Unkari) radioamat\u00f6\u00f6rikerhojen kanssa.<\/p>\n\n\n\n<p>Radioamat\u00f6\u00f6rin\u00e4 Keijoa on kiinnostanut erityisesti DX-ty\u00f6skentely. <a href=\"http:\/\/oh2ap.fi\/wp-content\/uploads\/2025\/10\/Lehdet_K-U_07101991.jpg\" target=\"_blank\" rel=\"noreferrer noopener\" data-rel=\"lightbox-image-9\" data-rl_title=\"\" data-rl_caption=\"\" title=\"\">Kaikki DXCC-maat<\/a> h\u00e4n sai workittua vuonna 1991. Bandeista h\u00e4nen suosikkeitaan ovat 28 ja 21 Mhz:n radioamat\u00f6\u00f6rialueet. H\u00e4n oli my\u00f6s aktiivinen OSCAR-sateliiteilla 1980-luvulla.<\/p>\n\n\n\n<p>Keijo opiskeli espanjankielen voidakseen pit\u00e4\u00e4 espanjankielisi\u00e4 QSOja Etel\u00e4- ja V\u00e4li-Amerikkaan, koska radioamat\u00f6\u00f6rien englanninkielen taito oli siell\u00e4 aikanaan hyvin vaatimatonta.<\/p>\n\n\n\n<p>Kerhon <a href=\"https:\/\/oh2ap.fi\/?page_id=4590\" data-type=\"page\" data-id=\"4590\">DX-peditioita M\u00e4rketille<\/a> Keijo johti nelj\u00e4n\u00e4 eri kes\u00e4n\u00e4. Keijo oli mukana hyvin menestyneess\u00e4 suomalaisessa <a href=\"http:\/\/oh2ap.fi\/wp-content\/uploads\/2025\/10\/Lehdet_VU_13101991.jpg\" target=\"_blank\" rel=\"noreferrer noopener\" data-rel=\"lightbox-image-10\" data-rl_title=\"\" data-rl_caption=\"\" title=\"\">PJ9A\/PJ9W-multi\/multi CQWW<\/a>-kilpailujoukkueessa Curacaolla vuonna 1990.<\/p>\n\n\n\n<p>Keijo vastaanotti v. 2015 SRAL:n kerhotoimintamerkin.<\/p>\n<\/div>\n<\/div>\n\n\n\n<div class=\"wp-block-columns is-layout-flex wp-container-core-columns-is-layout-9d6595d7 wp-block-columns-is-layout-flex\">\n<div class=\"wp-block-column is-layout-flow wp-block-column-is-layout-flow\" style=\"flex-basis:33.33%\">\n<figure class=\"wp-block-image size-full\"><a href=\"https:\/\/oh2ap.fi\/wp-content\/uploads\/2025\/10\/Matti-OH2BDQ.jpg\" data-rel=\"lightbox-image-11\" data-rl_title=\"\" data-rl_caption=\"\" title=\"\"><img loading=\"lazy\" decoding=\"async\" width=\"618\" height=\"410\" src=\"https:\/\/oh2ap.fi\/wp-content\/uploads\/2025\/10\/Matti-OH2BDQ.jpg\" alt=\"\" class=\"wp-image-4647\" srcset=\"https:\/\/oh2ap.fi\/wp-content\/uploads\/2025\/10\/Matti-OH2BDQ.jpg 618w, https:\/\/oh2ap.fi\/wp-content\/uploads\/2025\/10\/Matti-OH2BDQ-300x199.jpg 300w\" sizes=\"auto, (max-width: 618px) 100vw, 618px\" \/><\/a><figcaption class=\"wp-element-caption\">Matti OH2BDQ s\u00e4\u00e4t\u00e4m\u00e4ss\u00e4<\/figcaption><\/figure>\n<\/div>\n\n\n\n<div class=\"wp-block-column is-layout-flow wp-block-column-is-layout-flow\" style=\"flex-basis:66.66%\">\n<p><strong><a href=\"https:\/\/oh2ap.fi\/wp-content\/uploads\/2025\/10\/Matti-OH2BDQ.jpg\" target=\"_blank\" rel=\"noreferrer noopener\" data-rel=\"lightbox-image-12\" data-rl_title=\"\" data-rl_caption=\"\" title=\"\">Matti Friman OH2BDQ<\/a><\/strong><\/p>\n\n\n\n<p>Matti on ollut yhdistyksen j\u00e4sen vuodesta 1971 ja osallistunut j\u00e4senyysaikanaan likipit\u00e4en kaikkeen, mit\u00e4 kerholla on tapahtunut. Matti oli yhdistyksen puheenjohtaja vuosina 1994-2011.<\/p>\n\n\n\n<p>Siviility\u00f6ss\u00e4\u00e4n Matin&nbsp;on perehtynyt mm. rannikon&nbsp;radiomajakoihin ja Merenkulkuhallituksen Decca-asemaan Haarajoella. &#8217;Tekniikka-guruna&#8217; Matti on ratkaissut kerhon ja kerholaisten laitteiden&nbsp;ongelmia moninaiset kerrat. H\u00e4n on toiminut l\u00e4hes 30 vuotta p\u00e4tevyystutkintojen vastaanottajana, esitelm\u00f6inyt kerholla, osallistunut kerhon M\u00e4rket-peditioihin sek\u00e4 ollut amat\u00f6\u00f6rikurssien rehtori ja lehtori muiden puuhiensa lomassa.<\/p>\n\n\n\n<p>Matti on harrastusvuosiensa aikana vastaanottanut tunnustuksena <a href=\"http:\/\/oh2ap.fi\/wp-content\/uploads\/2025\/10\/Lehdet_VU_25042012.jpg\" target=\"_blank\" rel=\"noreferrer noopener\" data-rel=\"lightbox-image-13\" data-rl_title=\"\" data-rl_caption=\"\" title=\"\">SRAL:n Arvo Laro -palkinnon<\/a> ja SRAL:n kerhotoimintamerkin.<\/p>\n\n\n\n<p>Matti on OH2AP:n kunniapuheenjohtaja.<\/p>\n<\/div>\n<\/div>\n\n\n\n<div class=\"wp-block-columns is-layout-flex wp-container-core-columns-is-layout-9d6595d7 wp-block-columns-is-layout-flex\">\n<div class=\"wp-block-column is-layout-flow wp-block-column-is-layout-flow\" style=\"flex-basis:33.33%\">\n<figure class=\"wp-block-image size-full\"><a href=\"https:\/\/oh2ap.fi\/wp-content\/uploads\/2025\/10\/OH1ZQ_1969.bmp\" data-rel=\"lightbox-image-14\" data-rl_title=\"\" data-rl_caption=\"\" title=\"\"><img loading=\"lazy\" decoding=\"async\" width=\"422\" height=\"606\" src=\"https:\/\/oh2ap.fi\/wp-content\/uploads\/2025\/10\/OH1ZQ_1969.bmp\" alt=\"\" class=\"wp-image-4649\" srcset=\"https:\/\/oh2ap.fi\/wp-content\/uploads\/2025\/10\/OH1ZQ_1969.bmp 422w, https:\/\/oh2ap.fi\/wp-content\/uploads\/2025\/10\/OH1ZQ_1969-209x300.jpg 209w\" sizes=\"auto, (max-width: 422px) 100vw, 422px\" \/><\/a><figcaption class=\"wp-element-caption\">Jussi&nbsp;ex-OH1ZQ kotiasemallaan v. &#8217;69<\/figcaption><\/figure>\n<\/div>\n\n\n\n<div class=\"wp-block-column is-layout-flow wp-block-column-is-layout-flow\" style=\"flex-basis:66.66%\">\n<p><strong><a href=\"https:\/\/oh2ap.fi\/?page_id=4650\" data-type=\"page\" data-id=\"4650\" target=\"_blank\" rel=\"noreferrer noopener\">Juhani Horelli OH3ZQ<\/a><\/strong><\/p>\n\n\n\n<p>Jussi on my\u00f6s er\u00e4s niist\u00e4, jotka juna toi J\u00e4rvenp\u00e4\u00e4h\u00e4n ty\u00f6n per\u00e4ss\u00e4 vuonna &#8217;89. Kerhoon h\u00e4n liittyi saman tien, ja on ollut vuorollaan puheenjohtajana vuosina 2014-2025.<\/p>\n\n\n\n<p>Teinipoikana alkanut radioharraste johti aikanaan s\u00e4hk\u00f6insin\u00f6\u00f6rin opintoihin, sitten ty\u00f6h\u00f6n teollisuusautomaation parissa ja sen my\u00f6t\u00e4 reissaamiseen ymp\u00e4ri Eurooppaa ja muuta maailmaa. Satunnainen CW-workkija Jussi viihtyy kes\u00e4t mieluimmin veneell\u00e4, jonne\u00a0viel\u00e4 joskus tulee &#8217;..\/mm&#8217; -asema. Talviaikaan sis\u00e4lt\u00f6\u00e4 tuovat kerhon toiminnat ja TURVA-harjoitukset.<\/p>\n<\/div>\n<\/div>\n","protected":false},"excerpt":{"rendered":"<p>Historiikin etusivulle Kerhon puheenjohtajista on t\u00e4h\u00e4n ker\u00e4ilty muutamia kuvia ja muisteluksia. Oke Kaarela OH2NP Oke oli&nbsp;yksi niist\u00e4, jonka ty\u00f6teht\u00e4v\u00e4t p\u00e4\u00e4kaupunkiseudulla toi 1960-luvulla J\u00e4rvenp\u00e4\u00e4h\u00e4n. Muuton my\u00f6t\u00e4 jo pitk\u00e4\u00e4n Lappeenrannasta bandeilla kuulunut kutsu OH5OP muuttui OH2NP:ksi. Varsin pian h\u00e4n kuitenkin l\u00f6ysi radioamat\u00f6\u00f6rille viel\u00e4 sopivamman asuinpaikan Tuusulan Annivaarasta, jonne h\u00e4n rakennutti omakotitalon perheelleen ja muutti sinne korkean maston [&hellip;]<\/p>\n","protected":false},"author":20,"featured_media":0,"parent":3724,"menu_order":0,"comment_status":"closed","ping_status":"closed","template":"page-templates\/full-width.php","meta":{"footnotes":""},"class_list":["post-4629","page","type-page","status-publish","hentry"],"_links":{"self":[{"href":"https:\/\/oh2ap.fi\/index.php?rest_route=\/wp\/v2\/pages\/4629","targetHints":{"allow":["GET"]}}],"collection":[{"href":"https:\/\/oh2ap.fi\/index.php?rest_route=\/wp\/v2\/pages"}],"about":[{"href":"https:\/\/oh2ap.fi\/index.php?rest_route=\/wp\/v2\/types\/page"}],"author":[{"embeddable":true,"href":"https:\/\/oh2ap.fi\/index.php?rest_route=\/wp\/v2\/users\/20"}],"replies":[{"embeddable":true,"href":"https:\/\/oh2ap.fi\/index.php?rest_route=%2Fwp%2Fv2%2Fcomments&post=4629"}],"version-history":[{"count":5,"href":"https:\/\/oh2ap.fi\/index.php?rest_route=\/wp\/v2\/pages\/4629\/revisions"}],"predecessor-version":[{"id":4820,"href":"https:\/\/oh2ap.fi\/index.php?rest_route=\/wp\/v2\/pages\/4629\/revisions\/4820"}],"up":[{"embeddable":true,"href":"https:\/\/oh2ap.fi\/index.php?rest_route=\/wp\/v2\/pages\/3724"}],"wp:attachment":[{"href":"https:\/\/oh2ap.fi\/index.php?rest_route=%2Fwp%2Fv2%2Fmedia&parent=4629"}],"curies":[{"name":"wp","href":"https:\/\/api.w.org\/{rel}","templated":true}]}}