{"id":4650,"date":"2025-10-28T00:34:53","date_gmt":"2025-10-27T22:34:53","guid":{"rendered":"https:\/\/oh2ap.fi\/?page_id=4650"},"modified":"2025-10-28T00:39:07","modified_gmt":"2025-10-27T22:39:07","slug":"juhani-horelli-oh3zq","status":"publish","type":"page","link":"https:\/\/oh2ap.fi\/?page_id=4650","title":{"rendered":"Juhani Horelli OH3ZQ"},"content":{"rendered":"\n<div class=\"wp-block-columns is-layout-flex wp-container-core-columns-is-layout-9d6595d7 wp-block-columns-is-layout-flex\">\n<div class=\"wp-block-column is-layout-flow wp-block-column-is-layout-flow\" style=\"flex-basis:33.33%\">\n<figure class=\"wp-block-image size-full\"><a href=\"http:\/\/oh2ap.fi\/wp-content\/uploads\/2025\/05\/sral3d.png\" data-rel=\"lightbox-image-0\" data-rl_title=\"\" data-rl_caption=\"\" title=\"\"><img loading=\"lazy\" decoding=\"async\" width=\"110\" height=\"200\" src=\"http:\/\/oh2ap.fi\/wp-content\/uploads\/2025\/05\/sral3d.png\" alt=\"\" class=\"wp-image-3735\"\/><\/a><figcaption class=\"wp-element-caption\">SRAL:n j\u00e4sen v.&nbsp;&#8217;64-<\/figcaption><\/figure>\n\n\n\n<figure class=\"wp-block-image size-full\"><a href=\"https:\/\/oh2ap.fi\/wp-content\/uploads\/2025\/10\/OH1ZQ_1969.bmp\" data-rel=\"lightbox-image-1\" data-rl_title=\"\" data-rl_caption=\"\" title=\"\"><img loading=\"lazy\" decoding=\"async\" width=\"422\" height=\"606\" src=\"https:\/\/oh2ap.fi\/wp-content\/uploads\/2025\/10\/OH1ZQ_1969.bmp\" alt=\"\" class=\"wp-image-4649\" srcset=\"https:\/\/oh2ap.fi\/wp-content\/uploads\/2025\/10\/OH1ZQ_1969.bmp 422w, https:\/\/oh2ap.fi\/wp-content\/uploads\/2025\/10\/OH1ZQ_1969-209x300.jpg 209w\" sizes=\"auto, (max-width: 422px) 100vw, 422px\" \/><\/a><figcaption class=\"wp-element-caption\">Teekkaripoika, ex oh1zq, asemallaan v. 1969<\/figcaption><\/figure>\n\n\n\n<p><a href=\"https:\/\/web.archive.org\/web\/20221129203904\/http:\/\/www.mattikaki.fi\/radiomuseo\/geloso\/geloso.htm\" target=\"_blank\" rel=\"noreferrer noopener\">Geloso-sivut &#8211; oh2bio<\/a><\/p>\n\n\n\n<figure class=\"wp-block-image size-full\"><a href=\"https:\/\/oh2ap.fi\/wp-content\/uploads\/2025\/10\/NC100-1.jpg\" data-rel=\"lightbox-image-2\" data-rl_title=\"\" data-rl_caption=\"\" title=\"\"><img loading=\"lazy\" decoding=\"async\" width=\"800\" height=\"487\" src=\"https:\/\/oh2ap.fi\/wp-content\/uploads\/2025\/10\/NC100-1.jpg\" alt=\"\" class=\"wp-image-4652\" srcset=\"https:\/\/oh2ap.fi\/wp-content\/uploads\/2025\/10\/NC100-1.jpg 800w, https:\/\/oh2ap.fi\/wp-content\/uploads\/2025\/10\/NC100-1-300x183.jpg 300w, https:\/\/oh2ap.fi\/wp-content\/uploads\/2025\/10\/NC100-1-768x468.jpg 768w, https:\/\/oh2ap.fi\/wp-content\/uploads\/2025\/10\/NC100-1-624x380.jpg 624w\" sizes=\"auto, (max-width: 800px) 100vw, 800px\" \/><\/a><figcaption class=\"wp-element-caption\"><a href=\"https:\/\/web.archive.org\/web\/20221129191004\/http:\/\/www.radioblvd.com\/NC100.htm\" target=\"_blank\" rel=\"noreferrer noopener\">NC100XA<\/a><\/figcaption><\/figure>\n\n\n\n<figure class=\"wp-block-image size-full\"><a href=\"https:\/\/oh2ap.fi\/wp-content\/uploads\/2025\/10\/Drake2C2CQ.jpg\" data-rel=\"lightbox-image-3\" data-rl_title=\"\" data-rl_caption=\"\" title=\"\"><img loading=\"lazy\" decoding=\"async\" width=\"467\" height=\"206\" src=\"https:\/\/oh2ap.fi\/wp-content\/uploads\/2025\/10\/Drake2C2CQ.jpg\" alt=\"\" class=\"wp-image-4653\" srcset=\"https:\/\/oh2ap.fi\/wp-content\/uploads\/2025\/10\/Drake2C2CQ.jpg 467w, https:\/\/oh2ap.fi\/wp-content\/uploads\/2025\/10\/Drake2C2CQ-300x132.jpg 300w\" sizes=\"auto, (max-width: 467px) 100vw, 467px\" \/><\/a><figcaption class=\"wp-element-caption\"><a href=\"http:\/\/www.universal-radio.com\/catalog\/commrxvr\/2c.html\" target=\"_blank\" rel=\"noreferrer noopener\">Drake 2C<\/a>,&nbsp;<a href=\"http:\/\/www.universal-radio.com\/catalog\/hamhf\/2NT.html\" target=\"_blank\" rel=\"noreferrer noopener\">2NT<\/a><\/figcaption><\/figure>\n\n\n\n<p><a href=\"http:\/\/www.universal-radio.com\/catalog\/hamhf\/ts940s.html\" target=\"_blank\" rel=\"noreferrer noopener\">TS 940<\/a>, <a href=\"http:\/\/www.universal-radio.com\/catalog\/hamhf\/0868.html\" target=\"_blank\" rel=\"noreferrer noopener\">TS50<\/a><\/p>\n\n\n\n<figure class=\"wp-block-image size-full\"><a href=\"https:\/\/oh2ap.fi\/wp-content\/uploads\/2025\/10\/Heathkit_hw8.jpg\" data-rel=\"lightbox-image-4\" data-rl_title=\"\" data-rl_caption=\"\" title=\"\"><img loading=\"lazy\" decoding=\"async\" width=\"150\" height=\"78\" src=\"https:\/\/oh2ap.fi\/wp-content\/uploads\/2025\/10\/Heathkit_hw8.jpg\" alt=\"\" class=\"wp-image-4670\"\/><\/a><\/figure>\n\n\n\n<p><a href=\"http:\/\/wd8rif.com\/hw8.htm\" target=\"_blank\" rel=\"noreferrer noopener\">HW 8 sivut &#8211; wd8rif<\/a><br><a href=\"http:\/\/www.nostalgickitscentral.com\/heath\/mods\/hw8\/hw8.html\" target=\"_blank\" rel=\"noreferrer noopener\">HW8-sivut &#8211; Nostalgic Kits<\/a><\/p>\n\n\n\n<figure class=\"wp-block-image size-full\"><a href=\"https:\/\/oh2ap.fi\/wp-content\/uploads\/2025\/10\/Vibroplex.jpg\" data-rel=\"lightbox-image-5\" data-rl_title=\"\" data-rl_caption=\"\" title=\"\"><img loading=\"lazy\" decoding=\"async\" width=\"350\" height=\"263\" src=\"https:\/\/oh2ap.fi\/wp-content\/uploads\/2025\/10\/Vibroplex.jpg\" alt=\"\" class=\"wp-image-4654\" srcset=\"https:\/\/oh2ap.fi\/wp-content\/uploads\/2025\/10\/Vibroplex.jpg 350w, https:\/\/oh2ap.fi\/wp-content\/uploads\/2025\/10\/Vibroplex-300x225.jpg 300w\" sizes=\"auto, (max-width: 350px) 100vw, 350px\" \/><\/a><figcaption class=\"wp-element-caption\"><a href=\"https:\/\/web.archive.org\/web\/20221129191004\/http:\/\/www.ae4rv.com\/tn\/education\/bug.htm\" target=\"_blank\" rel=\"noreferrer noopener\">Vibroplex &#8217;bugi&#8217;<\/a><br><a href=\"https:\/\/www.youtube.com\/watch?v=w0-eX9iZrdk\" target=\"_blank\" rel=\"noreferrer noopener\">N\u00e4yte &#8211; ng9d<\/a><\/figcaption><\/figure>\n\n\n\n<figure class=\"wp-block-image size-full\"><img loading=\"lazy\" decoding=\"async\" width=\"127\" height=\"77\" src=\"https:\/\/oh2ap.fi\/wp-content\/uploads\/2025\/10\/Ele-K1-tb.jpg\" alt=\"\" class=\"wp-image-4671\"\/><\/figure>\n\n\n\n<p>Elecraft K1<\/p>\n\n\n\n<p><a href=\"https:\/\/oh2ap.fi\/?page_id=4655\" data-type=\"page\" data-id=\"4655\">Lyhyt radioamat\u00f6\u00f6risanasto<\/a><\/p>\n\n\n\n<figure class=\"wp-block-image size-full\"><a href=\"https:\/\/oh2ap.fi\/wp-content\/uploads\/2025\/10\/Taitaja1960_kansi.jpg\" data-rel=\"lightbox-image-6\" data-rl_title=\"\" data-rl_caption=\"\" title=\"\"><img loading=\"lazy\" decoding=\"async\" width=\"481\" height=\"632\" src=\"https:\/\/oh2ap.fi\/wp-content\/uploads\/2025\/10\/Taitaja1960_kansi.jpg\" alt=\"\" class=\"wp-image-4656\" srcset=\"https:\/\/oh2ap.fi\/wp-content\/uploads\/2025\/10\/Taitaja1960_kansi.jpg 481w, https:\/\/oh2ap.fi\/wp-content\/uploads\/2025\/10\/Taitaja1960_kansi-228x300.jpg 228w\" sizes=\"auto, (max-width: 481px) 100vw, 481px\" \/><\/a><\/figure>\n<\/div>\n\n\n\n<div class=\"wp-block-column is-layout-flow wp-block-column-is-layout-flow\" style=\"flex-basis:66.66%\">\n<figure class=\"wp-block-image size-full\"><a href=\"https:\/\/oh2ap.fi\/wp-content\/uploads\/2025\/10\/QSL_osa.jpg\" data-rel=\"lightbox-image-7\" data-rl_title=\"\" data-rl_caption=\"\" title=\"\"><img loading=\"lazy\" decoding=\"async\" width=\"402\" height=\"180\" src=\"https:\/\/oh2ap.fi\/wp-content\/uploads\/2025\/10\/QSL_osa.jpg\" alt=\"\" class=\"wp-image-4651\" srcset=\"https:\/\/oh2ap.fi\/wp-content\/uploads\/2025\/10\/QSL_osa.jpg 402w, https:\/\/oh2ap.fi\/wp-content\/uploads\/2025\/10\/QSL_osa-300x134.jpg 300w\" sizes=\"auto, (max-width: 402px) 100vw, 402px\" \/><\/a><\/figure>\n\n\n\n<p>Kotikylill\u00e4 meit\u00e4 oli kolme poikaa, joilla kouluik\u00e4isin\u00e4 oli s\u00e4hk\u00f6\u00f6n liittyv\u00e4\u00e4 harrastusta: rakenneltiin vanhasta armeijan tapsista puhelinlinjoja toisillemme talosta toiseen, korjailtiin mutta p\u00e4\u00e4asiassa purettiin vanhoja radioita, ja mit\u00e4 muuta nyt poikalapset aikansa kuluksi siihen aikaan keksiv\u00e4t. Meist\u00e4 kolmesta sitten yksi j\u00e4i kotipit\u00e4j\u00e4\u00e4n taloa pit\u00e4m\u00e4\u00e4n ja kaksi l\u00e4hti muihin t\u00f6ihin &#8211; s\u00e4hk\u00f6laitteiden pariin. (Terveisi\u00e4 vaan, Heikki ja Tauno, jos t\u00e4t\u00e4 joskus luette..)<\/p>\n\n\n\n<p>Radioamat\u00f6\u00f6ritouhuista innostuin teinipoikana; innoituksen l\u00e4hde oli &#8211; kuten monella muullakin siihen aikaan &#8211; Osmo A. Wiion (OH2TK, nyt silent key) kirjoitukset ja radionrakenteluohjeet Tekniikan Maailmassa ja Uudessa Radiokirjassa. Taisi sed\u00e4ll\u00e4ni talvisodan titarina olla my\u00f6s osansa.<\/p>\n\n\n\n<p>Ensimm\u00e4inen amat\u00f6\u00f6riradioni oli itse kasattu vastaanotin <a href=\"http:\/\/oh2ap.fi\/wp-content\/uploads\/2025\/10\/Wiio-Somerikko_3-putkinen_rx.pdf\" target=\"_blank\" rel=\"noreferrer noopener\">Wiio-Somerikon jutun<\/a> pohjalta. Siin\u00e4 oli kolme putkea ja kaksi bandia. Kuuli sill\u00e4 ainakin SRAL:n bulletiinit ja 80 m. rinkuloiden juttuja am:lla&nbsp;sek\u00e4 monenlaista pihin\u00e4\u00e4 ja suhinaa. <em>On edelleen aivan erityinen vieh\u00e4tyksens\u00e4 siin\u00e4, kun kuulee jollakin taajuudella heikkoa piipityst\u00e4 ja alkaa selvittelem\u00e4\u00e4n, mist\u00e4 p\u00e4in maailmaa ja millaisen kaverin laitteista tuokin signaali on tulossa ja pystyisik\u00f6 t\u00e4h\u00e4n ehk\u00e4 saamaan omilla laitteillaan yhteyden.<\/em><\/p>\n\n\n\n<p>Kun kokelasluokan tutkinnosta s\u00e4hk\u00f6tyskokeineen oli selvitty ja radioamat\u00f6\u00f6rilupa saatu, seuraava vastaanotin oli sitten jo oikein Geloson kelasarjasta rakennettu. V\u00e4litaajuus- ja pientaajuusasteena oli BC453 armeijan ylij\u00e4\u00e4m\u00e4radio. L\u00e4hetin oli itse tehty kideohjattu <a href=\"http:\/\/oh2ap.fi\/wp-content\/uploads\/2025\/10\/Wiio-Somerikko_10W_kokelaslahetin.pdf\" target=\"_blank\" rel=\"noreferrer noopener\">kaksiputkinen 10 W tehoinen pikku laatikko<\/a> &#8211; ja OH1ZQ (silloisen asuinpaikkani mukaan) oli \u00e4\u00e4ness\u00e4.<\/p>\n\n\n\n<p>Vuosi kokelasluokassa &#8211; kouluty\u00f6n ohella &#8211; riitti yleisluokan kokeeseen tarvittavien s\u00e4hk\u00f6tysyhteyksien pit\u00e4miseen ja tutkinnon selvitt\u00e4miseen. Nyt p\u00e4\u00e4si pit\u00e4m\u00e4\u00e4n oikein puheyhteyksi\u00e4; laitteena Geloson vfo-sarjan per\u00e4\u00e4n itse rakennettu dsb-l\u00e4hetin. Tehoakin tuli lis\u00e4\u00e4, taisi olla jopa 30 W.<\/p>\n\n\n\n<p>Antennikalustona oli noina vuosina windom-lanka pihapuun ja liiterin r\u00e4yst\u00e4\u00e4n v\u00e4liin ripustettuna. Naapurien mielenkiinnon her\u00e4tt\u00e4j\u00e4n\u00e4 toimi talon harjalla kiikkuva 15 m. quad-suunta-antenni. Jossain vaiheessa kouluaikana kalustoon tuli Viestivarikon ylij\u00e4\u00e4m\u00e4tavaran huutokaupasta armeijan Bertta-asema ja radiotiedustelun vanha&nbsp;NC100 -vastaanotin. Koululuokallani&nbsp;oli <a href=\"http:\/\/oh2ap.fi\/wp-content\/uploads\/2025\/10\/OH1ME-MF-ZQ.jpg\" target=\"_blank\" rel=\"noreferrer noopener\" data-rel=\"lightbox-image-8\" data-rl_title=\"\" data-rl_caption=\"\" title=\"\">kolme radioamat\u00f6\u00f6ri\u00e4<\/a>, joten v\u00e4lituntikeskustelujen aiheita ei tarvitse arvailla.<\/p>\n\n\n\n<p>Opiskeluaikana hamssi-harrastusta tyydytti l\u00e4hinn\u00e4 hengailu <a href=\"https:\/\/oh3tr.fi\/\" target=\"_blank\" rel=\"noreferrer noopener\">OH3TR<\/a>:n tiloissa. <a href=\"http:\/\/oh2ap.fi\/wp-content\/uploads\/2025\/10\/Insinoori.jpg\" target=\"_blank\" rel=\"noreferrer noopener\" data-rel=\"lightbox-image-9\" data-rl_title=\"\" data-rl_caption=\"\" title=\"\">S\u00e4hk\u00f6insin\u00f6\u00f6rin<\/a> <em>(mit\u00e4s muuta..)<\/em>&nbsp;opinnot, <a href=\"http:\/\/oh2ap.fi\/wp-content\/uploads\/2025\/10\/DI-olut.jpg\" target=\"_blank\" rel=\"noreferrer noopener\" data-rel=\"lightbox-image-10\" data-rl_title=\"\" data-rl_caption=\"\" title=\"\">opiskelijael\u00e4m\u00e4<\/a> ja muut asiat veiv\u00e4t p\u00e4\u00e4osan energiasta. Kutsu muuttui asuinpaikan mukana OH3ZQ:ksi.<\/p>\n\n\n\n<p>Opintojen p\u00e4\u00e4tytty\u00e4 harrastuskin j\u00e4i taustalle; kaupunkiasunto vaikeutti antennien pystytt\u00e4mist\u00e4, ja perhe ja matkaty\u00f6kin toimivat luonnollisina rajoitteina Kuitenkin ollessani &#8217;81 ty\u00f6komennuksella W-maassa n\u00e4in paikallisessa lehdess\u00e4 pikkuilmoituksen radiosta, jollaisesta nuorena poikana olin haaveksinut: nyt k\u00e4vin ostamassa sen. Drake 2C putkivastaanotin ja kideohjattu 2NT l\u00e4hetin ovat edelleen hyv\u00e4n n\u00e4k\u00f6iset ja toimivatkin kohtuullisesti. <a href=\"http:\/\/oh2ap.fi\/wp-content\/uploads\/2025\/10\/QSL-1982-20.jpg\" target=\"_blank\" rel=\"noreferrer noopener\" data-rel=\"lightbox-image-11\" data-rl_title=\"\" data-rl_caption=\"\" title=\"\">W2:ssa<\/a>&nbsp;vuokra-asunnon pihan puihin nousi dipoliantenni; vuokrais\u00e4nn\u00e4ll\u00e4 ei ollut mit\u00e4\u00e4n t\u00e4t\u00e4 vastaan, kun h\u00e4n sattui olemaan itsekin radioamat\u00f6\u00f6ri.<\/p>\n\n\n\n<p>8 v. my\u00f6hemmin olin taas pidemp\u00e4\u00e4n t\u00f6iss\u00e4 noilla tienoilla. Silt\u00e4 matkalta j\u00e4i mukaan moderni Kenwoodin TS-940 transceiveri, joka oli silloin &#8211; ja on viel\u00e4kin &#8211; varsin tyylikk\u00e4\u00e4n n\u00e4k\u00f6inen vehje ja suorituskyvylt\u00e4\u00e4n vastaa vaatimuksiani edelleenkin. Aivan viime aikoina sille on tullut kaveriksi &#8217;pikkuveli&#8217; TS50, josta aikanaan saan aseman veneeseen.<\/p>\n\n\n\n<p>Palattuani muutimme nykyiseen OH2 -qth:iin J\u00e4rvenp\u00e4\u00e4h\u00e4n. Kun asunnon ymp\u00e4rill\u00e4 oli korkeita puita useampia, niihin ripustettiin antenniksi 80 m. vaakaluuppi: yksinkertainen ja hyv\u00e4 antenni. Aikuinen mies kiipe\u00e4m\u00e4ss\u00e4 puuhun osoittautui hyv\u00e4ksi tavaksi tutustua uusiin naapureihin.&nbsp;Matkaty\u00f6p\u00e4ivi\u00e4 kertyi edelleen, ja yhteyksi\u00e4 tuli pidetty\u00e4 harvakseltaan.<em> Radioamat\u00f6\u00f6ritoiminnalla on &#8211; kuten hyvill\u00e4 harrastuksilla yleens\u00e4 &#8211; monia eri puolia: jotkut pit\u00e4v\u00e4t laitteiden ja antennien rakentelemisesta ja kokeilemisesta, toisille yhteyksien pit\u00e4minen mahdollisimman moneen kaukaiseen kohteeseen eri taajuusalueilla on ykk\u00f6sasia ja sitten on niit\u00e4kin, jotka matkustavat noihin maihin yhteyksi\u00e4 pit\u00e4m\u00e4\u00e4n; on satelliittitoimintaan suuntautuneita kavereita (kyll\u00e4; radioamat\u00f6\u00f6reill\u00e4 on avaruudessa kiert\u00e4m\u00e4ss\u00e4 omia satellittejaan, joiden kautta voi pit\u00e4\u00e4 yhteyksi\u00e4); on kavereita, jotka osallistuvat yhteyksien pitokilpailuihin, ja toisia, joille paikallisen kerhon toiminta on el\u00e4m\u00e4n suola.<\/em><\/p>\n\n\n\n<p>My\u00f6hemmin naapuritontit rakennettiin, ja &#8217;antennimastot&#8217; piti kaataa.&nbsp;Seurasi pitk\u00e4hk\u00f6 hiljainen kausi. <em>(Kuten huomaatte, radioamat\u00f6\u00f6riasiat eiv\u00e4t harrastuksenani ole ihan patologisella asteella)<\/em><\/p>\n\n\n\n<p>Kipin\u00e4 kuitenkin edelleen&nbsp;kytee: &#8217;05 joulun alla Pukki l\u00f6ysi kirppikselt\u00e4 ihan oikean Vibroplexin bugin: hienomekaanisen s\u00e4hk\u00f6tysavaimen, jonka konstruktio on jostain 1800-luvun lopulta. Tervetullut lahja kiltille hamille, joka valtaosin pit\u00e4\u00e4 yhteyksi\u00e4\u00e4n s\u00e4hk\u00f6tyksell\u00e4.&nbsp;Ja kes\u00e4ll\u00e4 &#8217;07 innostuin hankkimaan viel\u00e4 yhden radion &#8211; rakennussarjana.<\/p>\n\n\n\n<p>Nyt, kun henkil\u00f6kohtaista aikaa on enemm\u00e4n k\u00e4yt\u00f6ss\u00e4, heitin&nbsp;v. 2012 jouluna sitten ainoan pihapuun oksille 13 m vertikaalilangan ja sen juurelle automaattitunerin&nbsp;kokeillakseni tulevaa veneasemaani, ja OH3ZQ on taas \u00e4\u00e4ness\u00e4.&nbsp;<\/p>\n\n\n\n<p>Ja vuosi 2015 oli sitten t\u00e4m\u00e4n homman 50-vuotis&#8217;taiteilijajuhlaa&#8217;; niin ne vuodet kuluvat&#8230;<br><br>Edelleenkin pid\u00e4n cw-yhteyksi\u00e4 l\u00e4hialueille, mit\u00e4 signaaleja&nbsp;nyt sattuu t\u00e4\u00e4ll\u00e4 kaupunkikeskustan h\u00e4iri\u00f6iss\u00e4 antenniin sieppaamaan. K\u00e4yt\u00e4n edelleen paperilokia ja l\u00e4hettelen pahvisia qsl-kortteja, koska korttien vastaanottaminen on mielest\u00e4ni kivaa. Navigointit\u00f6ist\u00e4 el\u00e4kkeelle siirretty pikku tabletti on p\u00f6yd\u00e4n nurkalla&nbsp;l\u00e4hinn\u00e4 vasta-asemien tietojen tarkistamiseen qrz.com:sta. Ja olen mukana paikallisen kerhon toiminnassa.<br><br>Takapihan ainoa puu on jouduttu kaatamaan, joten nyt antennina on Turva-harjoituksista tuttu vastusterminoitu vertikaaliluuppi muutaman metrin korkeudella; saa sill\u00e4kin yhteyksi\u00e4 aina silloin t\u00e4ll\u00f6in&#8230;<\/p>\n<\/div>\n\n\n\n<div class=\"wp-block-column is-layout-flow wp-block-column-is-layout-flow\"><\/div>\n<\/div>\n\n\n\n<p><\/p>\n","protected":false},"excerpt":{"rendered":"<p>Geloso-sivut &#8211; oh2bio TS 940, TS50 HW 8 sivut &#8211; wd8rifHW8-sivut &#8211; Nostalgic Kits Elecraft K1 Lyhyt radioamat\u00f6\u00f6risanasto Kotikylill\u00e4 meit\u00e4 oli kolme poikaa, joilla kouluik\u00e4isin\u00e4 oli s\u00e4hk\u00f6\u00f6n liittyv\u00e4\u00e4 harrastusta: rakenneltiin vanhasta armeijan tapsista puhelinlinjoja toisillemme talosta toiseen, korjailtiin mutta p\u00e4\u00e4asiassa purettiin vanhoja radioita, ja mit\u00e4 muuta nyt poikalapset aikansa kuluksi siihen aikaan keksiv\u00e4t. Meist\u00e4 kolmesta [&hellip;]<\/p>\n","protected":false},"author":20,"featured_media":0,"parent":4629,"menu_order":0,"comment_status":"closed","ping_status":"closed","template":"page-templates\/full-width.php","meta":{"footnotes":""},"class_list":["post-4650","page","type-page","status-publish","hentry"],"_links":{"self":[{"href":"https:\/\/oh2ap.fi\/index.php?rest_route=\/wp\/v2\/pages\/4650","targetHints":{"allow":["GET"]}}],"collection":[{"href":"https:\/\/oh2ap.fi\/index.php?rest_route=\/wp\/v2\/pages"}],"about":[{"href":"https:\/\/oh2ap.fi\/index.php?rest_route=\/wp\/v2\/types\/page"}],"author":[{"embeddable":true,"href":"https:\/\/oh2ap.fi\/index.php?rest_route=\/wp\/v2\/users\/20"}],"replies":[{"embeddable":true,"href":"https:\/\/oh2ap.fi\/index.php?rest_route=%2Fwp%2Fv2%2Fcomments&post=4650"}],"version-history":[{"count":3,"href":"https:\/\/oh2ap.fi\/index.php?rest_route=\/wp\/v2\/pages\/4650\/revisions"}],"predecessor-version":[{"id":4672,"href":"https:\/\/oh2ap.fi\/index.php?rest_route=\/wp\/v2\/pages\/4650\/revisions\/4672"}],"up":[{"embeddable":true,"href":"https:\/\/oh2ap.fi\/index.php?rest_route=\/wp\/v2\/pages\/4629"}],"wp:attachment":[{"href":"https:\/\/oh2ap.fi\/index.php?rest_route=%2Fwp%2Fv2%2Fmedia&parent=4650"}],"curies":[{"name":"wp","href":"https:\/\/api.w.org\/{rel}","templated":true}]}}