{"id":4655,"date":"2025-10-28T00:35:58","date_gmt":"2025-10-27T22:35:58","guid":{"rendered":"https:\/\/oh2ap.fi\/?page_id=4655"},"modified":"2025-10-28T00:35:58","modified_gmt":"2025-10-27T22:35:58","slug":"lyhyt-radioamatoorisanasto","status":"publish","type":"page","link":"https:\/\/oh2ap.fi\/?page_id=4655","title":{"rendered":"Lyhyt radioamat\u00f6\u00f6risanasto"},"content":{"rendered":"\n<div class=\"wp-block-columns is-layout-flex wp-container-core-columns-is-layout-9d6595d7 wp-block-columns-is-layout-flex\">\n<div class=\"wp-block-column is-layout-flow wp-block-column-is-layout-flow\" style=\"flex-basis:33.33%\">\n<p><a href=\"https:\/\/oh2ap.fi\/?page_id=4650\" data-type=\"page\" data-id=\"4650\">Takaisin<\/a><\/p>\n<\/div>\n\n\n\n<div class=\"wp-block-column is-layout-flow wp-block-column-is-layout-flow\" style=\"flex-basis:66.66%\">\n<p><strong>Osmo A. Wiio<\/strong>: OH2TK, tekniikan tohtori, emeritusprofessori, pitk\u00e4aikainen radioamat\u00f6\u00f6ri ja Suomen Radioamat\u00f6\u00f6riliiton kunniapuheenjohtaja; nyt &#8217;silent key&#8217;<\/p>\n\n\n\n<p><strong>kolme putkea<\/strong>: radioputki oli transistorien ja mikropiirien edelt\u00e4j\u00e4 radion ja televisionkin komponenttina.<\/p>\n\n\n\n<p><strong>bandi<\/strong>: taajuusalue, joita radioamat\u00f6\u00f6reill\u00e4 on k\u00e4yt\u00f6ss\u00e4\u00e4n useampia.<\/p>\n\n\n\n<p><strong>Hamssi, hami: <\/strong>radioamat\u00f6\u00f6ri (anglismi..)<\/p>\n\n\n\n<p><strong>SRAL:n bulletiinit<\/strong>: Suomen Radioamat\u00f6\u00f6riliiton radioteitse lauantai-iltap\u00e4iv\u00e4ll\u00e4 l\u00e4hett\u00e4m\u00e4 viikottainen tiedote j\u00e4senilleen.<\/p>\n\n\n\n<p><strong>80 m. rinkulat<\/strong>: radioamat\u00f6\u00f6rien kesken\u00e4\u00e4n 80 metrin taajuusalueella p\u00e4ivitt\u00e4in pit\u00e4m\u00e4t &#8217;turpak\u00e4r\u00e4j\u00e4t&#8217;<\/p>\n\n\n\n<p><strong>Geloson kelasarja<\/strong>: italialaisen valmistajan aikanaan valmistama radion rakennussarjan osa. Nyky\u00e4\u00e4n k\u00e4yt\u00f6ss\u00e4 l\u00e4hinn\u00e4 juotoskolvin alustana.<\/p>\n\n\n\n<p><strong>L\u00e4hetin<\/strong>: pienitehoinen radio, jolla amat\u00f6\u00f6ri l\u00e4hett\u00e4\u00e4 oman signaalinsa antennin kautta toiselle amat\u00f6\u00f6rille.<\/p>\n\n\n\n<p><strong>S\u00e4hk\u00f6tysyhteys<\/strong>: morsetuksella pidetty yhteys. Nyky\u00e4\u00e4n s\u00e4hk\u00f6tyksen rinnalle (ja osin tilallekin) on tullut puheyhteyksien lis\u00e4ksi monia uusia digitaalisia yhteysmuotoja.<\/p>\n\n\n\n<p><strong>dsb-l\u00e4hetin<\/strong>: v\u00e4h\u00e4n vanhempi yksinkertainen puhel\u00e4hetintyyppi<\/p>\n\n\n\n<p><strong>Antennikalusto<\/strong>: radioamat\u00f6\u00f6ri tarvitsee antennin voidakseen vastaanottaa ja l\u00e4hett\u00e4\u00e4 signaalejaan muille amat\u00f6\u00f6reille.<\/p>\n\n\n\n<p><strong>windom<\/strong>, <strong>dipoli<\/strong>, <strong>luuppi<\/strong>, <strong>half-square<\/strong>: kuparilangasta rakennettavia yksinkertaisia antenneja. Erilaisten antennien kokeileminen on yksi osa amat\u00f6\u00f6rien harrastetta.<\/p>\n\n\n\n<p><strong>Quad suunta-antenni<\/strong>: ongenvavoista ja kuparilangasta kasattu, alkur\u00e4j\u00e4hdyst\u00e4 muistuttava k\u00e4\u00e4nnelt\u00e4v\u00e4 h\u00e4rveli, joka ohjaa l\u00e4hetett\u00e4vi\u00e4 radiosignaaleja haluttuun suuntaan.<\/p>\n\n\n\n<p><strong>OH3TR<\/strong>: Tampereen Teekkarien Radiokerhon asematunnus.<\/p>\n\n\n\n<p><strong>Drake 2C<\/strong>: Putkiradiomalli, jota amerikkalainen Drake-yhti\u00f6 valmisti 60-ja 70-luvulla. T\u00e4ss\u00e4 on 6 putkea ja jo muutama transistorikin; seuraavassa mallissa olikin sitten en\u00e4\u00e4 kaksi putkea ja kaikki muu hoidettiin transistoreilla.<\/p>\n\n\n\n<p><strong>W-maa<\/strong>, W2: USAn maatunnus on W, ja Pleasantville, NY, sijaitsee sen 2-piiriss\u00e4. Suomi on <strong>&#8217;OH-maa&#8217;<\/strong>..<\/p>\n\n\n\n<p><strong>OH2 -qth<\/strong>: J\u00e4rvenp\u00e4\u00e4 kuuluu Suomessa 2-piiriin. &#8217;<strong>QTH<\/strong>&#8217; on s\u00e4hk\u00f6tyksess\u00e4 k\u00e4ytetty lyhennys &#8217;asemani sijainti on..&#8217;<\/p>\n\n\n\n<p><strong>Transceiveri<\/strong>: uudempi, yleens\u00e4 tehdastekoinen l\u00e4hetin-vastaanotin-yhdistelm\u00e4; kielitieteen kannalta taas osoitus t\u00e4m\u00e4nkin harrasteen anglismeista: <strong>trans<\/strong>mitter-re<strong>ceiver<\/strong><\/p>\n\n\n\n<p><strong>Vibroplex-bugi<\/strong>: hienomekaaninen s\u00e4hk\u00f6tysavaintyyppi, jossa jousen varassa keinahteleva paino tekee s\u00e4hk\u00f6tysmerkkien pisteet ja n\u00e4in s\u00e4\u00e4st\u00e4\u00e4 s\u00e4hk\u00f6tt\u00e4j\u00e4n k\u00e4tt\u00e4 nopeimmilta nakutuksilta. &#8217;Bug&#8217;-nimen avain on saanut siit\u00e4, ett\u00e4 valmistajan logossa on lutikan kuva.<\/p>\n<\/div>\n<\/div>\n","protected":false},"excerpt":{"rendered":"<p>Takaisin Osmo A. Wiio: OH2TK, tekniikan tohtori, emeritusprofessori, pitk\u00e4aikainen radioamat\u00f6\u00f6ri ja Suomen Radioamat\u00f6\u00f6riliiton kunniapuheenjohtaja; nyt &#8217;silent key&#8217; kolme putkea: radioputki oli transistorien ja mikropiirien edelt\u00e4j\u00e4 radion ja televisionkin komponenttina. bandi: taajuusalue, joita radioamat\u00f6\u00f6reill\u00e4 on k\u00e4yt\u00f6ss\u00e4\u00e4n useampia. Hamssi, hami: radioamat\u00f6\u00f6ri (anglismi..) SRAL:n bulletiinit: Suomen Radioamat\u00f6\u00f6riliiton radioteitse lauantai-iltap\u00e4iv\u00e4ll\u00e4 l\u00e4hett\u00e4m\u00e4 viikottainen tiedote j\u00e4senilleen. 80 m. rinkulat: radioamat\u00f6\u00f6rien kesken\u00e4\u00e4n [&hellip;]<\/p>\n","protected":false},"author":20,"featured_media":0,"parent":4650,"menu_order":0,"comment_status":"closed","ping_status":"closed","template":"page-templates\/full-width.php","meta":{"footnotes":""},"class_list":["post-4655","page","type-page","status-publish","hentry"],"_links":{"self":[{"href":"https:\/\/oh2ap.fi\/index.php?rest_route=\/wp\/v2\/pages\/4655","targetHints":{"allow":["GET"]}}],"collection":[{"href":"https:\/\/oh2ap.fi\/index.php?rest_route=\/wp\/v2\/pages"}],"about":[{"href":"https:\/\/oh2ap.fi\/index.php?rest_route=\/wp\/v2\/types\/page"}],"author":[{"embeddable":true,"href":"https:\/\/oh2ap.fi\/index.php?rest_route=\/wp\/v2\/users\/20"}],"replies":[{"embeddable":true,"href":"https:\/\/oh2ap.fi\/index.php?rest_route=%2Fwp%2Fv2%2Fcomments&post=4655"}],"version-history":[{"count":1,"href":"https:\/\/oh2ap.fi\/index.php?rest_route=\/wp\/v2\/pages\/4655\/revisions"}],"predecessor-version":[{"id":4666,"href":"https:\/\/oh2ap.fi\/index.php?rest_route=\/wp\/v2\/pages\/4655\/revisions\/4666"}],"up":[{"embeddable":true,"href":"https:\/\/oh2ap.fi\/index.php?rest_route=\/wp\/v2\/pages\/4650"}],"wp:attachment":[{"href":"https:\/\/oh2ap.fi\/index.php?rest_route=%2Fwp%2Fv2%2Fmedia&parent=4655"}],"curies":[{"name":"wp","href":"https:\/\/api.w.org\/{rel}","templated":true}]}}