{"id":4681,"date":"2025-10-28T17:57:55","date_gmt":"2025-10-28T15:57:55","guid":{"rendered":"https:\/\/oh2ap.fi\/?page_id=4681"},"modified":"2025-11-06T23:43:16","modified_gmt":"2025-11-06T21:43:16","slug":"jouko-helenius-oh2ban","status":"publish","type":"page","link":"https:\/\/oh2ap.fi\/?page_id=4681","title":{"rendered":"Jouko Helenius OH2BAN"},"content":{"rendered":"\n<div class=\"wp-block-columns is-layout-flex wp-container-core-columns-is-layout-9d6595d7 wp-block-columns-is-layout-flex\">\n<div class=\"wp-block-column is-layout-flow wp-block-column-is-layout-flow\" style=\"flex-basis:33.33%\">\n<p><a href=\"https:\/\/oh2ap.fi\/?page_id=3724\">Historiikin etusivulle<\/a><\/p>\n\n\n\n<p><a href=\"https:\/\/oh2ap.fi\/?page_id=4149\" data-type=\"page\" data-id=\"4149\">Nimi\u00e4 ja kutsuja vuosien varrelta<\/a><\/p>\n\n\n\n<p>Joukon lapsuudesta Erkin OH2OV naapurissa voit lukea enemm\u00e4n <a href=\"https:\/\/oh2ap.fi\/?page_id=4170\" data-type=\"page\" data-id=\"4170\">t\u00e4\u00e4ll\u00e4<\/a>.<\/p>\n\n\n\n<p>K\u00e4ynti <a href=\"http:\/\/oh2ap.fi\/wp-content\/uploads\/2025\/10\/Jarvenpaan_Radiohuolto_OH2BAN.pdf\" target=\"_blank\" rel=\"noreferrer noopener\">J\u00e4rvenp\u00e4\u00e4n Radiohuollossa 1950-luvulla.<\/a><\/p>\n\n\n\n<figure class=\"wp-block-image size-full\"><a href=\"http:\/\/oh2ap.fi\/wp-content\/uploads\/2025\/05\/oh2ba-Jouko-Helenius_1962.jpg\" data-rel=\"lightbox-image-0\" data-rl_title=\"\" data-rl_caption=\"\" title=\"\"><img loading=\"lazy\" decoding=\"async\" width=\"495\" height=\"314\" src=\"http:\/\/oh2ap.fi\/wp-content\/uploads\/2025\/05\/oh2ba-Jouko-Helenius_1962.jpg\" alt=\"\" class=\"wp-image-3781\" srcset=\"https:\/\/oh2ap.fi\/wp-content\/uploads\/2025\/05\/oh2ba-Jouko-Helenius_1962.jpg 495w, https:\/\/oh2ap.fi\/wp-content\/uploads\/2025\/05\/oh2ba-Jouko-Helenius_1962-300x190.jpg 300w\" sizes=\"auto, (max-width: 495px) 100vw, 495px\" \/><\/a><\/figure>\n\n\n\n<figure class=\"wp-block-image size-full\"><a href=\"https:\/\/oh2ap.fi\/wp-content\/uploads\/2025\/10\/OH2BAN_Pekka_xx_1961_a.jpg\" data-rel=\"lightbox-image-1\" data-rl_title=\"\" data-rl_caption=\"\" title=\"\"><img loading=\"lazy\" decoding=\"async\" width=\"525\" height=\"821\" src=\"https:\/\/oh2ap.fi\/wp-content\/uploads\/2025\/10\/OH2BAN_Pekka_xx_1961_a.jpg\" alt=\"\" class=\"wp-image-4683\" srcset=\"https:\/\/oh2ap.fi\/wp-content\/uploads\/2025\/10\/OH2BAN_Pekka_xx_1961_a.jpg 525w, https:\/\/oh2ap.fi\/wp-content\/uploads\/2025\/10\/OH2BAN_Pekka_xx_1961_a-192x300.jpg 192w\" sizes=\"auto, (max-width: 525px) 100vw, 525px\" \/><\/a><\/figure>\n\n\n\n<figure class=\"wp-block-image size-full\"><a href=\"https:\/\/oh2ap.fi\/wp-content\/uploads\/2025\/10\/OH2BAN_Pekka_xx_1961_b.jpg\" data-rel=\"lightbox-image-2\" data-rl_title=\"\" data-rl_caption=\"\" title=\"\"><img loading=\"lazy\" decoding=\"async\" width=\"529\" height=\"821\" src=\"https:\/\/oh2ap.fi\/wp-content\/uploads\/2025\/10\/OH2BAN_Pekka_xx_1961_b.jpg\" alt=\"\" class=\"wp-image-4684\" srcset=\"https:\/\/oh2ap.fi\/wp-content\/uploads\/2025\/10\/OH2BAN_Pekka_xx_1961_b.jpg 529w, https:\/\/oh2ap.fi\/wp-content\/uploads\/2025\/10\/OH2BAN_Pekka_xx_1961_b-193x300.jpg 193w\" sizes=\"auto, (max-width: 529px) 100vw, 529px\" \/><\/a><\/figure>\n<\/div>\n\n\n\n<div class=\"wp-block-column is-layout-flow wp-block-column-is-layout-flow\" style=\"flex-basis:66.66%\">\n<p>Jouko Helenius, OH2BAN on yksi yhdistyksemme&nbsp;perustajaj\u00e4senist\u00e4.<\/p>\n\n\n\n<figure class=\"wp-block-image size-full\"><a href=\"https:\/\/oh2ap.fi\/wp-content\/uploads\/2025\/10\/Jouko-OH2BAN.jpg\" data-rel=\"lightbox-image-3\" data-rl_title=\"\" data-rl_caption=\"\" title=\"\"><img loading=\"lazy\" decoding=\"async\" width=\"213\" height=\"309\" src=\"https:\/\/oh2ap.fi\/wp-content\/uploads\/2025\/10\/Jouko-OH2BAN.jpg\" alt=\"\" class=\"wp-image-4685\" srcset=\"https:\/\/oh2ap.fi\/wp-content\/uploads\/2025\/10\/Jouko-OH2BAN.jpg 213w, https:\/\/oh2ap.fi\/wp-content\/uploads\/2025\/10\/Jouko-OH2BAN-207x300.jpg 207w\" sizes=\"auto, (max-width: 213px) 100vw, 213px\" \/><\/a><\/figure>\n\n\n\n<p><em>Jouko muistelee alkuvuosia Juhlakokouksessa 2015<\/em><\/p>\n\n\n\n<p>Radiok\u00e4rp\u00e4sen ensimm\u00e4isen pureman Jouko sai jo lapsena asuessaan <a href=\"https:\/\/oh2ap.fi\/?page_id=4170\" data-type=\"page\" data-id=\"4170\">Ekin, OH2OV naapurissa <\/a>J\u00e4rvenp\u00e4\u00e4ss\u00e4. My\u00f6hemmin puremaa viel\u00e4 pahensivat J\u00e4rvenp\u00e4\u00e4n Yhteiskoulussa opiskelevat yl\u00e4luokkien radioamat\u00f6\u00f6ripojat kuten Tapani, OH2LU ja Raimo, OH2DU.<\/p>\n\n\n\n<p>Jouko sai kokelasluokan luvan ja kutsun OH2BA vuonna 1961. Kohta ty\u00f6t veiv\u00e4t h\u00e4net kuitenkin muutamaksi vuodeksi Vaasaan, jossa kutsuna oli OH6VA. Palattuaan takaisin J\u00e4rvenp\u00e4\u00e4h\u00e4n kutsuksi tuli sitten tuntemamme OH2BAN.<\/p>\n\n\n\n<p>Radioamat\u00f6\u00f6rin\u00e4 Jouko on enemm\u00e4n painottanut QSOjen laatua kuin m\u00e4\u00e4r\u00e4\u00e4. Pitk\u00e4hk\u00f6t jutusteluyhteydet jo tutuiksi tulleisiin hameihin on h\u00e4nelle t\u00e4rke\u00e4mpi\u00e4 kuin pikayhteydet aina vain uusiin tuttavuuksiin. Ven\u00e4j\u00e4nkielentaitoisena h\u00e4n mielell\u00e4\u00e4n QSOilee UA-hamien kanssa.<\/p>\n\n\n\n<p>Joukon kohdalla voi hyv\u00e4ll\u00e4 syyll\u00e4 todeta, ett\u00e4 h\u00e4n harrastaa radioamat\u00f6\u00f6ri-toimintaa el\u00e4\u00e4kseen paremmin.<\/p>\n\n\n\n<p>Jouko kutsuttiin yhdistyksemme kunniaj\u00e4seneksi vuonna 2016.<\/p>\n\n\n\n<p><em>Jouko muistelee kutsunsa taustoja<\/em>: <strong><em>Joulukortti vuodelta 1961<\/em><\/strong><\/p>\n\n\n\n<p><em>&#8221;El\u00e4m\u00e4ss\u00e4 on usein sattumia ja omituisuuksia. T\u00e4ss\u00e4 er\u00e4s, jossa punaisena lankana on kutsumerkki OH2BAN. Avaintekij\u00e4n\u00e4 on oheinen joulukortti vuodelta 1961. Sen mukaan pidin CW-yhteyden Pekan, OH2BAN:n kanssa joulun alla 1961. Itsell\u00e4ni oli tuolloin kutsuna OH2BA. Pekka asui Helsingin <\/em><em>maalaiskunnan Rekolassa ja kyseinen QSO oli h\u00e4nen ensimm\u00e4isens\u00e4.<\/em><\/p>\n\n\n\n<p><em>Meni l\u00e4hes kaksi vuotta ja marraskuussa 1963 tapahtui Maarian-haminassa lento-onnettomuus, jossa silloisen Aero Oy:n DC-3 murskaantui juuri ennen kiitorataa. Koneen pyrst\u00f6ss\u00e4 olleista j\u00e4i eloon lentoem\u00e4nt\u00e4 ja kaksi matkustajaa, muut menehtyiv\u00e4t. Koneen kapteenina oli Pekka, OH2BAN.<\/em><\/p>\n\n\n\n<p><em>Keskustelin kerran Lassen, OH0RJ:n kanssa tapauksesta. H\u00e4n tunsi paikallisena tapauksen ja oli ollut j\u00e4rjest\u00e4m\u00e4ss\u00e4 onnettomuuspaikan valaistusta. Pekka l\u00f6ydettiin kuolleena ohjaamosta molemmat k\u00e4det tiukasti kiinni ohjaimissa. Ohjaamosta l\u00f6ytyi my\u00f6s \u201cj\u00e4nis\u201d, er\u00e4s yhti\u00f6st\u00e4<\/em><\/p>\n\n\n\n<p><em>aikaisemmin erotettu lent\u00e4j\u00e4, joka oli tullut kyytiin Helsingiss\u00e4 ja jatkoi mukana Turkuun tehdyss\u00e4 v\u00e4lilaskussa.<\/em><\/p>\n\n\n\n<p><em>Asuin v\u00e4liaikaisesti 1970-luvun alussa Vaasassa. SRAL:n toimistonhoitaja Nipa, OH2XK ehdotti, ett\u00e4 olisi syyt\u00e4 vaihtaa kutsua ja melkein paluupostissa tuli minulle uusi kutsu, OH6VA. J\u00e4tin kuitenkin aika pian Vaasan ja palasin J\u00e4rvenp\u00e4\u00e4h\u00e4n ja taas Nipa l\u00e4hetti minulle postissa uuden kutsun, t\u00e4ll\u00e4 kertaa nykyisen kutsuni, OH2BAN.&#8221;<\/em><\/p>\n<\/div>\n<\/div>\n","protected":false},"excerpt":{"rendered":"<p>Historiikin etusivulle Nimi\u00e4 ja kutsuja vuosien varrelta Joukon lapsuudesta Erkin OH2OV naapurissa voit lukea enemm\u00e4n t\u00e4\u00e4ll\u00e4. K\u00e4ynti J\u00e4rvenp\u00e4\u00e4n Radiohuollossa 1950-luvulla. Jouko Helenius, OH2BAN on yksi yhdistyksemme&nbsp;perustajaj\u00e4senist\u00e4. Jouko muistelee alkuvuosia Juhlakokouksessa 2015 Radiok\u00e4rp\u00e4sen ensimm\u00e4isen pureman Jouko sai jo lapsena asuessaan Ekin, OH2OV naapurissa J\u00e4rvenp\u00e4\u00e4ss\u00e4. My\u00f6hemmin puremaa viel\u00e4 pahensivat J\u00e4rvenp\u00e4\u00e4n Yhteiskoulussa opiskelevat yl\u00e4luokkien radioamat\u00f6\u00f6ripojat kuten Tapani, OH2LU [&hellip;]<\/p>\n","protected":false},"author":20,"featured_media":0,"parent":4149,"menu_order":0,"comment_status":"closed","ping_status":"closed","template":"page-templates\/full-width.php","meta":{"footnotes":""},"class_list":["post-4681","page","type-page","status-publish","hentry"],"_links":{"self":[{"href":"https:\/\/oh2ap.fi\/index.php?rest_route=\/wp\/v2\/pages\/4681","targetHints":{"allow":["GET"]}}],"collection":[{"href":"https:\/\/oh2ap.fi\/index.php?rest_route=\/wp\/v2\/pages"}],"about":[{"href":"https:\/\/oh2ap.fi\/index.php?rest_route=\/wp\/v2\/types\/page"}],"author":[{"embeddable":true,"href":"https:\/\/oh2ap.fi\/index.php?rest_route=\/wp\/v2\/users\/20"}],"replies":[{"embeddable":true,"href":"https:\/\/oh2ap.fi\/index.php?rest_route=%2Fwp%2Fv2%2Fcomments&post=4681"}],"version-history":[{"count":2,"href":"https:\/\/oh2ap.fi\/index.php?rest_route=\/wp\/v2\/pages\/4681\/revisions"}],"predecessor-version":[{"id":5123,"href":"https:\/\/oh2ap.fi\/index.php?rest_route=\/wp\/v2\/pages\/4681\/revisions\/5123"}],"up":[{"embeddable":true,"href":"https:\/\/oh2ap.fi\/index.php?rest_route=\/wp\/v2\/pages\/4149"}],"wp:attachment":[{"href":"https:\/\/oh2ap.fi\/index.php?rest_route=%2Fwp%2Fv2%2Fmedia&parent=4681"}],"curies":[{"name":"wp","href":"https:\/\/api.w.org\/{rel}","templated":true}]}}