{"id":4688,"date":"2025-10-28T18:05:09","date_gmt":"2025-10-28T16:05:09","guid":{"rendered":"https:\/\/oh2ap.fi\/?page_id=4688"},"modified":"2025-11-06T23:46:43","modified_gmt":"2025-11-06T21:46:43","slug":"paul-mether-myoh-meisalo-oh2ph-oh4nf-ja-oh2nx","status":"publish","type":"page","link":"https:\/\/oh2ap.fi\/?page_id=4688","title":{"rendered":"Paul Mether (my\u00f6h. Meisalo) OH2PH, OH4NF ja OH2NX"},"content":{"rendered":"\n<div class=\"wp-block-columns is-layout-flex wp-container-core-columns-is-layout-9d6595d7 wp-block-columns-is-layout-flex\">\n<div class=\"wp-block-column is-layout-flow wp-block-column-is-layout-flow\" style=\"flex-basis:33.33%\">\n<p><a href=\"https:\/\/oh2ap.fi\/?page_id=3724\">Historiikin etusivulle<\/a><\/p>\n\n\n\n<p><a href=\"https:\/\/oh2ap.fi\/?page_id=3756\" data-type=\"page\" data-id=\"3756\">Prologi<\/a><\/p>\n\n\n\n<figure class=\"wp-block-image size-full\"><a href=\"http:\/\/oh2ap.fi\/wp-content\/uploads\/2025\/05\/oh2ph-Paul-Mether_1931.jpg\" data-rel=\"lightbox-image-0\" data-rl_title=\"\" data-rl_caption=\"\" title=\"\"><img loading=\"lazy\" decoding=\"async\" width=\"800\" height=\"522\" src=\"http:\/\/oh2ap.fi\/wp-content\/uploads\/2025\/05\/oh2ph-Paul-Mether_1931.jpg\" alt=\"\" class=\"wp-image-3761\" srcset=\"https:\/\/oh2ap.fi\/wp-content\/uploads\/2025\/05\/oh2ph-Paul-Mether_1931.jpg 800w, https:\/\/oh2ap.fi\/wp-content\/uploads\/2025\/05\/oh2ph-Paul-Mether_1931-300x196.jpg 300w, https:\/\/oh2ap.fi\/wp-content\/uploads\/2025\/05\/oh2ph-Paul-Mether_1931-768x501.jpg 768w, https:\/\/oh2ap.fi\/wp-content\/uploads\/2025\/05\/oh2ph-Paul-Mether_1931-624x407.jpg 624w\" sizes=\"auto, (max-width: 800px) 100vw, 800px\" \/><\/a><figcaption class=\"wp-element-caption\">Paulin kortti v. 1931<\/figcaption><\/figure>\n\n\n\n<figure class=\"wp-block-image size-large\"><a href=\"https:\/\/oh2ap.fi\/wp-content\/uploads\/2025\/10\/OH2PH-Paul-Mether-asema-1930-luku.jpg\" data-rel=\"lightbox-image-1\" data-rl_title=\"\" data-rl_caption=\"\" title=\"\"><img loading=\"lazy\" decoding=\"async\" width=\"1024\" height=\"635\" src=\"https:\/\/oh2ap.fi\/wp-content\/uploads\/2025\/10\/OH2PH-Paul-Mether-asema-1930-luku-1024x635.jpg\" alt=\"\" class=\"wp-image-4689\" srcset=\"https:\/\/oh2ap.fi\/wp-content\/uploads\/2025\/10\/OH2PH-Paul-Mether-asema-1930-luku-1024x635.jpg 1024w, https:\/\/oh2ap.fi\/wp-content\/uploads\/2025\/10\/OH2PH-Paul-Mether-asema-1930-luku-300x186.jpg 300w, https:\/\/oh2ap.fi\/wp-content\/uploads\/2025\/10\/OH2PH-Paul-Mether-asema-1930-luku-768x476.jpg 768w, https:\/\/oh2ap.fi\/wp-content\/uploads\/2025\/10\/OH2PH-Paul-Mether-asema-1930-luku-624x387.jpg 624w, https:\/\/oh2ap.fi\/wp-content\/uploads\/2025\/10\/OH2PH-Paul-Mether-asema-1930-luku.jpg 1080w\" sizes=\"auto, (max-width: 1024px) 100vw, 1024px\" \/><\/a><figcaption class=\"wp-element-caption\">Asema 1930-luvulla<\/figcaption><\/figure>\n\n\n\n<figure class=\"wp-block-image size-large\"><a href=\"https:\/\/oh2ap.fi\/wp-content\/uploads\/2025\/10\/1933-OH2OB-OH2YL-OH2PH.jpg\" data-rel=\"lightbox-image-2\" data-rl_title=\"\" data-rl_caption=\"\" title=\"\"><img loading=\"lazy\" decoding=\"async\" width=\"1024\" height=\"708\" src=\"https:\/\/oh2ap.fi\/wp-content\/uploads\/2025\/10\/1933-OH2OB-OH2YL-OH2PH-1024x708.jpg\" alt=\"\" class=\"wp-image-4690\" srcset=\"https:\/\/oh2ap.fi\/wp-content\/uploads\/2025\/10\/1933-OH2OB-OH2YL-OH2PH-1024x708.jpg 1024w, https:\/\/oh2ap.fi\/wp-content\/uploads\/2025\/10\/1933-OH2OB-OH2YL-OH2PH-300x208.jpg 300w, https:\/\/oh2ap.fi\/wp-content\/uploads\/2025\/10\/1933-OH2OB-OH2YL-OH2PH-768x531.jpg 768w, https:\/\/oh2ap.fi\/wp-content\/uploads\/2025\/10\/1933-OH2OB-OH2YL-OH2PH-624x432.jpg 624w, https:\/\/oh2ap.fi\/wp-content\/uploads\/2025\/10\/1933-OH2OB-OH2YL-OH2PH.jpg 1236w\" sizes=\"auto, (max-width: 1024px) 100vw, 1024px\" \/><\/a><figcaption class=\"wp-element-caption\">OH2OB Voitto Eloranta, OH2YL Margareta Eloranta ja OH2PH Granbackassa v. 1933<\/figcaption><\/figure>\n\n\n\n<figure class=\"wp-block-image size-full\"><a href=\"https:\/\/oh2ap.fi\/wp-content\/uploads\/2025\/10\/oh4nf-Paul-Meisalo_1948.jpg\" data-rel=\"lightbox-image-3\" data-rl_title=\"\" data-rl_caption=\"\" title=\"\"><img loading=\"lazy\" decoding=\"async\" width=\"975\" height=\"622\" src=\"https:\/\/oh2ap.fi\/wp-content\/uploads\/2025\/10\/oh4nf-Paul-Meisalo_1948.jpg\" alt=\"\" class=\"wp-image-4691\" srcset=\"https:\/\/oh2ap.fi\/wp-content\/uploads\/2025\/10\/oh4nf-Paul-Meisalo_1948.jpg 975w, https:\/\/oh2ap.fi\/wp-content\/uploads\/2025\/10\/oh4nf-Paul-Meisalo_1948-300x191.jpg 300w, https:\/\/oh2ap.fi\/wp-content\/uploads\/2025\/10\/oh4nf-Paul-Meisalo_1948-768x490.jpg 768w, https:\/\/oh2ap.fi\/wp-content\/uploads\/2025\/10\/oh4nf-Paul-Meisalo_1948-624x398.jpg 624w\" sizes=\"auto, (max-width: 975px) 100vw, 975px\" \/><\/a><figcaption class=\"wp-element-caption\">Paulin kortti v. 1948<\/figcaption><\/figure>\n<\/div>\n\n\n\n<div class=\"wp-block-column is-layout-flow wp-block-column-is-layout-flow\" style=\"flex-basis:66.66%\">\n<p>Paul Mether syntyi 6.12.1910. H\u00e4nen kotinsa oli Granbacka-niminen tila Pohjois-Tuusulassa, Hornankallion etel\u00e4puolella. Paul itse katsoi asuvansa J\u00e4rvenp\u00e4\u00e4n (asema)kyl\u00e4ss\u00e4, mik\u00e4 k\u00e4y ilmi h\u00e4nen tuon ajan qsl-kortistaan.<\/p>\n\n\n\n<p>Paul liittyi Suomen Radioamat\u00f6\u00f6riliiton j\u00e4seneksi 11.12.1929 ollen siten ensimm\u00e4isi\u00e4 radioamat\u00f6\u00f6rej\u00e4 Keski-Uudellamaalla. Samana vuonna muuten otettiin OH-prefiksi Suomen kansallisuustunnukseksi radioamat\u00f6\u00f6rikutsuissa.<\/p>\n\n\n\n<p>Paul oli oikein QRP-mies, sill\u00e4 yhden watin teholla h\u00e4n ty\u00f6skenteli Irakiin ja laivoihin Pohjoisella J\u00e4\u00e4merell\u00e4 k\u00e4ytt\u00e4en 40 metrin aaltopituutta. Kuvassa n\u00e4kyv\u00e4t Paulin rigit k\u00e4sitt\u00e4v\u00e4t l\u00e4hettimen Valve Re 304 -putkella ja vastaanottimen 0-V-1. Antennina oli long-wire.<\/p>\n\n\n\n<p>Paul tuli tunnetuksi aktiivisena CW-miehen\u00e4, joka mielell\u00e4\u00e4n osallistui my\u00f6s radioamat\u00f6\u00f6rikilpailuihin.<\/p>\n\n\n\n<p>Paul oli Posti- ja Lenn\u00e4tinlaitoksen palveluksessa. Ty\u00f6t veiv\u00e4t h\u00e4net sittemmin Pieks\u00e4m\u00e4lle, jossa h\u00e4n oli \u00e4\u00e4ness\u00e4 kutsulla OH4NF.&nbsp;Kun Paul palasi \u201dnelosista\u201d perheineen asumaan Tuusulan Vanhakyl\u00e4\u00e4n, h\u00e4n sai kutsun OH2NX.<\/p>\n\n\n\n<p>Paul menehtyi liikenneonnettomuudessa <a href=\"http:\/\/oh2ap.fi\/wp-content\/uploads\/2025\/10\/K-U_22121959.jpg\" target=\"_blank\" rel=\"noreferrer noopener\" data-rel=\"lightbox-image-4\" data-rl_title=\"\" data-rl_caption=\"\" title=\"\">20.12.1959<\/a>.<\/p>\n<\/div>\n<\/div>\n\n\n\n<p><\/p>\n","protected":false},"excerpt":{"rendered":"<p>Historiikin etusivulle Prologi Paul Mether syntyi 6.12.1910. H\u00e4nen kotinsa oli Granbacka-niminen tila Pohjois-Tuusulassa, Hornankallion etel\u00e4puolella. Paul itse katsoi asuvansa J\u00e4rvenp\u00e4\u00e4n (asema)kyl\u00e4ss\u00e4, mik\u00e4 k\u00e4y ilmi h\u00e4nen tuon ajan qsl-kortistaan. Paul liittyi Suomen Radioamat\u00f6\u00f6riliiton j\u00e4seneksi 11.12.1929 ollen siten ensimm\u00e4isi\u00e4 radioamat\u00f6\u00f6rej\u00e4 Keski-Uudellamaalla. Samana vuonna muuten otettiin OH-prefiksi Suomen kansallisuustunnukseksi radioamat\u00f6\u00f6rikutsuissa. Paul oli oikein QRP-mies, sill\u00e4 yhden watin teholla [&hellip;]<\/p>\n","protected":false},"author":20,"featured_media":0,"parent":3756,"menu_order":0,"comment_status":"closed","ping_status":"closed","template":"page-templates\/full-width.php","meta":{"footnotes":""},"class_list":["post-4688","page","type-page","status-publish","hentry"],"_links":{"self":[{"href":"https:\/\/oh2ap.fi\/index.php?rest_route=\/wp\/v2\/pages\/4688","targetHints":{"allow":["GET"]}}],"collection":[{"href":"https:\/\/oh2ap.fi\/index.php?rest_route=\/wp\/v2\/pages"}],"about":[{"href":"https:\/\/oh2ap.fi\/index.php?rest_route=\/wp\/v2\/types\/page"}],"author":[{"embeddable":true,"href":"https:\/\/oh2ap.fi\/index.php?rest_route=\/wp\/v2\/users\/20"}],"replies":[{"embeddable":true,"href":"https:\/\/oh2ap.fi\/index.php?rest_route=%2Fwp%2Fv2%2Fcomments&post=4688"}],"version-history":[{"count":2,"href":"https:\/\/oh2ap.fi\/index.php?rest_route=\/wp\/v2\/pages\/4688\/revisions"}],"predecessor-version":[{"id":5144,"href":"https:\/\/oh2ap.fi\/index.php?rest_route=\/wp\/v2\/pages\/4688\/revisions\/5144"}],"up":[{"embeddable":true,"href":"https:\/\/oh2ap.fi\/index.php?rest_route=\/wp\/v2\/pages\/3756"}],"wp:attachment":[{"href":"https:\/\/oh2ap.fi\/index.php?rest_route=%2Fwp%2Fv2%2Fmedia&parent=4688"}],"curies":[{"name":"wp","href":"https:\/\/api.w.org\/{rel}","templated":true}]}}