{"id":4755,"date":"2025-10-28T23:26:22","date_gmt":"2025-10-28T21:26:22","guid":{"rendered":"https:\/\/oh2ap.fi\/?page_id=4755"},"modified":"2025-11-02T23:01:28","modified_gmt":"2025-11-02T21:01:28","slug":"vuosikertomuksista-1975-1984","status":"publish","type":"page","link":"https:\/\/oh2ap.fi\/?page_id=4755","title":{"rendered":"Vuosikertomuksista 1975\u20131984"},"content":{"rendered":"\n<div class=\"wp-block-columns is-layout-flex wp-container-core-columns-is-layout-9d6595d7 wp-block-columns-is-layout-flex\">\n<div class=\"wp-block-column is-layout-flow wp-block-column-is-layout-flow\" style=\"flex-basis:33.33%\">\n<p><a href=\"https:\/\/oh2ap.fi\/?page_id=3724\">Historiikin etusivulle<\/a><\/p>\n<\/div>\n\n\n\n<div class=\"wp-block-column is-layout-flow wp-block-column-is-layout-flow\" style=\"flex-basis:66.66%\">\n<p>Yhteenvedot on editoitu toimintakertomusten tai sen puuttuessa toimintasuunnitelman pohjalta.<\/p>\n<\/div>\n<\/div>\n\n\n\n<div class=\"wp-block-columns is-layout-flex wp-container-core-columns-is-layout-9d6595d7 wp-block-columns-is-layout-flex\">\n<div class=\"wp-block-column is-layout-flow wp-block-column-is-layout-flow\" style=\"flex-basis:33.33%\">\n<p><\/p>\n<\/div>\n\n\n\n<div class=\"wp-block-column is-layout-flow wp-block-column-is-layout-flow\" style=\"flex-basis:66.66%\">\n<h2 class=\"wp-block-heading\"><strong>1975<\/strong><\/h2>\n\n\n\n<p>Kokouksia J\u00e4rvenp\u00e4\u00e4n kaupungin Nuorisotalolla, osallistujia 5-25. Kuukauden ensimm\u00e4inen torstai kuukausikokous, jolloin on ollut esitelm\u00e4 tai vastaava sek\u00e4 jaettu saapuneet qsl-kortit ja kerho tarjonnut kahvit.<\/p>\n\n\n\n<p>Toukokuussa leiri Orimattilassa Kiili\u00f6n kalliolla. K\u00e4vij\u00f6it\u00e4 30. Syysleiri Vanhankyl\u00e4nniemess\u00e4 Niemennokan huvilassa, k\u00e4vij\u00f6it\u00e4 40. Syyskuun kk-kokouksessa Oke OH2NP esitelm\u00f6i matkastaan Borholm-saarelle Tanskassa.<\/p>\n\n\n\n<p>Tutustumisk\u00e4ynti Yle:n Laajasalon mittausasemalle marraskuussa. Kerho osallistui K.S. Sainion muistokilpailuun kerholuokassa cw:lla, tuloksena 4. sija. Joulukuussa kerhon j\u00e4senille j\u00e4rjestettyyn 80 m. cw-tapaamiseen otti osaa 11 j\u00e4sent\u00e4.<\/p>\n\n\n\n<p>Kerhon kalustoon hankittu Stolle-rotaattori ja elbugi sek\u00e4 pari k\u00e4sikirjaa. Markus OH2BEP lahjoitti kerholle kokelasvastaanottimen.<\/p>\n\n\n\n<h2 class=\"wp-block-heading\"><strong>1976<\/strong><\/h2>\n\n\n\n<p>Kerhoillat jatkuivat torstaisin Nuorisotalolla, kuukauden ensimm\u00e4isen\u00e4 torstaina kuukausikokous. Iltarinkulat py\u00f6riv\u00e4t&nbsp;taajuudella 14105 kHz alkaen 19:45 GMT.<\/p>\n\n\n\n<p id=\"yui_3_16_0_ym19_1_1494870598081_3075\">Kev\u00e4tleiri pidettiin toukokuussa Tuusulan Maatalousnaisten kes\u00e4nviettopaikassa Isoj\u00e4rven rannalla M\u00e4nts\u00e4l\u00e4ss\u00e4. Perinteinen syysleiri oli Vanhankyl\u00e4nniemess\u00e4.<\/p>\n\n\n\n<p>Selvitettiin kerholaisten osallistumista paikkakunnan pelastuspalvelutoimintaan.<\/p>\n\n\n\n<h2 class=\"wp-block-heading\"><strong>1977<\/strong><\/h2>\n\n\n\n<p>Torstai-kokoukset jatkuneet Nuorisotalolla. Kuukausikokouksien aiheita ovat olleet: laite-esittely; filmi Okino Tori-Shiman dx-peditiosta; Unto OH3UK esitteli rtty-workkimista; Oke OH2NP kertoi Andorran matkasta; Esko OH2ME esitelm\u00f6i s\u00e4hk\u00f6asennuksista ja maadoituksista; ja joulukuun kokouksessa dia-sarja USA:n yleisradiohistoriasta.<\/p>\n\n\n\n<p>Kiertokirjeit\u00e4 j\u00e4senist\u00f6lle postitettiin 5 kpl.<\/p>\n\n\n\n<p>Syysleirill\u00e4 Niemennokan huvilalla k\u00e4vi 20 j\u00e4sent\u00e4. Mauri OH2BMB esitteli radio-ohjattavaa pienoishelikopteriaan.<\/p>\n\n\n\n<p>Kerhon Heathkit SB-100 transceiver myytiin ja tilattiin Yeasu FT200.<\/p>\n\n\n\n<h2 class=\"wp-block-heading\"><strong>1978<\/strong><\/h2>\n\n\n\n<p>Torstai-kokoukset jatkuneet, keskim\u00e4\u00e4rin 10 h. voimin. Kuukausikokouksiakin pidetty.<\/p>\n\n\n\n<p>Syysleiri pidettiin Vanhankyl\u00e4nniemess\u00e4. Kolmisenkymment\u00e4 j\u00e4sent\u00e4 nauttivat mm. kerhon unkarilaisen j\u00e4senen tekem\u00e4\u00e4 gulashia. Pikkujoulu vietettiin J\u00e4rvenp\u00e4\u00e4n HS:n hiihtomajalla, paikalla 20 j\u00e4sent\u00e4.<\/p>\n\n\n\n<p>J\u00e4senkirjeit\u00e4 postiteltu 4 kpl.<\/p>\n\n\n\n<p>Kerhon uusi transceiver FT200 saatiin k\u00e4ytt\u00f6\u00f6n. Hankittiin &#8217;Radioamat\u00f6\u00f6rin k\u00e4sikirja&#8217; ja 3 kpl Orr&#8217;in antennik\u00e4sikirjoja.<\/p>\n\n\n\n<p>Vuosikokouksessa Unto OH2BTU sai Vuoden Kokelas -palkinnon. Aktiivisuuspalkinnon pokkasi Erkki OH2OV<\/p>\n\n\n\n<h2 class=\"wp-block-heading\"><strong>1979<\/strong><\/h2>\n\n\n\n<p>Torstai-kokoukset jatkuneet Seuratalolla, paikalla keskim\u00e4\u00e4rin viitisen j\u00e4sent\u00e4. Kerhohuoneen remontti on pahasti haitannut kuluneen vuoden toimintaa.<\/p>\n\n\n\n<p>J\u00e4senkirjeit\u00e4 postitettiin 3 kertaa.<\/p>\n\n\n\n<p>Kokelaspalkinon sai Unto OH2BTU, aktiivisuuspalkinnon Arvo OH2PW.<\/p>\n\n\n\n<p>Ote toimintakertomuksesta: \u201d<em>Kerhotoiminta yleens\u00e4 ottaen on ollut lamassa. Kerhohuoneen remontti on osoittautunut ty\u00f6l\u00e4\u00e4mm\u00e4ksi ja muutaman j\u00e4senen urakaksi, toisin kuin alkuun odoteltiin. Remonttia on tehty kaksilla lauantai-talkoilla ja muuten torstai-iltaisin<\/em>.\u201d<\/p>\n<\/div>\n<\/div>\n\n\n\n<div class=\"wp-block-columns is-layout-flex wp-container-core-columns-is-layout-9d6595d7 wp-block-columns-is-layout-flex\">\n<div class=\"wp-block-column is-layout-flow wp-block-column-is-layout-flow\" style=\"flex-basis:33.33%\">\n<figure class=\"wp-block-image size-large\"><a href=\"http:\/\/oh2ap.fi\/wp-content\/uploads\/2025\/10\/1980-OH2BYK-Heli-Kankanen-kuva-m.jpg\" data-rel=\"lightbox-image-0\" data-rl_title=\"\" data-rl_caption=\"\" title=\"\"><img loading=\"lazy\" decoding=\"async\" width=\"1024\" height=\"685\" src=\"http:\/\/oh2ap.fi\/wp-content\/uploads\/2025\/10\/1980-OH2BYK-Heli-Kankanen-kuva-m-1024x685.jpg\" alt=\"\" class=\"wp-image-4673\" srcset=\"https:\/\/oh2ap.fi\/wp-content\/uploads\/2025\/10\/1980-OH2BYK-Heli-Kankanen-kuva-m-1024x685.jpg 1024w, https:\/\/oh2ap.fi\/wp-content\/uploads\/2025\/10\/1980-OH2BYK-Heli-Kankanen-kuva-m-300x201.jpg 300w, https:\/\/oh2ap.fi\/wp-content\/uploads\/2025\/10\/1980-OH2BYK-Heli-Kankanen-kuva-m-768x513.jpg 768w, https:\/\/oh2ap.fi\/wp-content\/uploads\/2025\/10\/1980-OH2BYK-Heli-Kankanen-kuva-m-624x417.jpg 624w, https:\/\/oh2ap.fi\/wp-content\/uploads\/2025\/10\/1980-OH2BYK-Heli-Kankanen-kuva-m.jpg 1300w\" sizes=\"auto, (max-width: 1024px) 100vw, 1024px\" \/><\/a><figcaption class=\"wp-element-caption\">0H2AP:n osallistuessa harrastenayttelyyn syyskuussa 1980 oli paikalla 3 asemaa. Kokelasasemalle sattui kuvanottohetkella YL Heli 0H2BYK (my\u00f6h. OH1BYK), joka on ollut reilut puoli vuotta QRV.<br>(Kuva OH2BBL)<\/figcaption><\/figure>\n\n\n\n<figure class=\"wp-block-image size-large\"><a href=\"https:\/\/oh2ap.fi\/wp-content\/uploads\/2025\/10\/oh2byk_QSL_1980.jpg\" data-rel=\"lightbox-image-1\" data-rl_title=\"\" data-rl_caption=\"\" title=\"\"><img loading=\"lazy\" decoding=\"async\" width=\"1024\" height=\"598\" src=\"https:\/\/oh2ap.fi\/wp-content\/uploads\/2025\/10\/oh2byk_QSL_1980-1024x598.jpg\" alt=\"\" class=\"wp-image-4756\" srcset=\"https:\/\/oh2ap.fi\/wp-content\/uploads\/2025\/10\/oh2byk_QSL_1980-1024x598.jpg 1024w, https:\/\/oh2ap.fi\/wp-content\/uploads\/2025\/10\/oh2byk_QSL_1980-300x175.jpg 300w, https:\/\/oh2ap.fi\/wp-content\/uploads\/2025\/10\/oh2byk_QSL_1980-768x448.jpg 768w, https:\/\/oh2ap.fi\/wp-content\/uploads\/2025\/10\/oh2byk_QSL_1980-1536x896.jpg 1536w, https:\/\/oh2ap.fi\/wp-content\/uploads\/2025\/10\/oh2byk_QSL_1980-624x364.jpg 624w, https:\/\/oh2ap.fi\/wp-content\/uploads\/2025\/10\/oh2byk_QSL_1980.jpg 1700w\" sizes=\"auto, (max-width: 1024px) 100vw, 1024px\" \/><\/a><\/figure>\n<\/div>\n\n\n\n<div class=\"wp-block-column is-layout-flow wp-block-column-is-layout-flow\" style=\"flex-basis:66.66%\">\n<h2 class=\"wp-block-heading\"><strong>1980<\/strong><\/h2>\n\n\n\n<p>Torstain kerhoillat Seuratalolla jatkuvat. Kuukausikokouksia pidettiin nelj\u00e4: OH2BAD esitelm\u00f6i ty\u00f6skentelymahdollisuuksista auringonpilkkumaksimin aikaan; tehtiin retki Viestimuseoon Riihim\u00e4elle; katsottiin kaitafilmi ja dioja M\u00e4rketilt\u00e4; ja OH2BBR esitelm\u00f6i radio- ja tv-h\u00e4iri\u00f6iden poistamisesta. Lis\u00e4ksi olivat kuukausittain jaossa qsl-kortit.<\/p>\n\n\n\n<p>Syksyll\u00e4 osallistuttiin \u201druutiukkojen\u201d syysleirille Rusutj\u00e4rvell\u00e4. Marraskuussa oli vapaamuotoinen illanvietto ravintola \u201dHummerissa\u201d. Kerho osallistui J\u00e4rvenp\u00e4\u00e4ss\u00e4 pidettyyn Harrasten\u00e4yttelyyn asemalla, joka her\u00e4tti mielenkiintoa. Kiertokirjeit\u00e4 postitettiin 6 kertaa.<\/p>\n\n\n\n<p>Aktiivisuuspalkinnon sai Arvi P\u00e4ivi\u00f6 OH2CL erityisesti keskeisist\u00e4 ansioistaan kerhotilan kuntoon saattamisessa, Kokelaspalkinnon pokkasi Pekka Saari OH2BAK.<\/p>\n\n\n\n<p>Kalusto lis\u00e4\u00e4ntyi AT-3 suunta-antennilla ja rotaattorilla.<\/p>\n\n\n\n<p>\u201d<em>Pieni anemia on leimannut toimintavuoden aikaista kerhotoimintaa, mutta koska ilahduttavan useita nuoria j\u00e4seni\u00e4 on yhdistykseen liittynyt.. ja kerhohuoneen remontti on lopuillaan, tulevaisuuteen voidaan katsoa luottavaisesti<\/em>.\u201d<\/p>\n<\/div>\n<\/div>\n\n\n\n<div class=\"wp-block-columns is-layout-flex wp-container-core-columns-is-layout-9d6595d7 wp-block-columns-is-layout-flex\">\n<div class=\"wp-block-column is-layout-flow wp-block-column-is-layout-flow\" style=\"flex-basis:33.33%\">\n<figure class=\"wp-block-image size-full\"><a href=\"https:\/\/oh2ap.fi\/wp-content\/uploads\/2025\/10\/Kerhon_antenni.jpg\" data-rel=\"lightbox-image-2\" data-rl_title=\"\" data-rl_caption=\"\" title=\"\"><img loading=\"lazy\" decoding=\"async\" width=\"773\" height=\"522\" src=\"https:\/\/oh2ap.fi\/wp-content\/uploads\/2025\/10\/Kerhon_antenni.jpg\" alt=\"\" class=\"wp-image-4758\" srcset=\"https:\/\/oh2ap.fi\/wp-content\/uploads\/2025\/10\/Kerhon_antenni.jpg 773w, https:\/\/oh2ap.fi\/wp-content\/uploads\/2025\/10\/Kerhon_antenni-300x203.jpg 300w, https:\/\/oh2ap.fi\/wp-content\/uploads\/2025\/10\/Kerhon_antenni-768x519.jpg 768w, https:\/\/oh2ap.fi\/wp-content\/uploads\/2025\/10\/Kerhon_antenni-624x421.jpg 624w\" sizes=\"auto, (max-width: 773px) 100vw, 773px\" \/><\/a><figcaption class=\"wp-element-caption\">Kerhon suunta-antennin masto taipui syysmyrskyss\u00e4 1980-luvulla<\/figcaption><\/figure>\n<\/div>\n\n\n\n<div class=\"wp-block-column is-layout-flow wp-block-column-is-layout-flow\" style=\"flex-basis:66.66%\">\n<h2 class=\"wp-block-heading\"><strong>1981<\/strong><\/h2>\n\n\n\n<p>(toimintasuunnitelmasta)<\/p>\n\n\n\n<p>\u201d<em>Kerhohuone on vihdoin valmistunut, ja saatuamme viel\u00e4 loput antennit yl\u00f6s, voimme aloittaa varsinaisen workkimisen, jossa on ollutkin yli kahden vuoden katkos<\/em>.\u201d<\/p>\n\n\n\n<p>Kuukausikokouksien aiheita: antennin viritt\u00e4misen mittarit (OH2BDQ), yleismittari (OH2BPG), Decca-aseman tutustuminen.<\/p>\n\n\n\n<p>Kerholle hankittiin vieraskirja, johon k\u00e4vij\u00e4t laittavat puumerkkins\u00e4. Kerholla pidet\u00e4\u00e4n s\u00e4hk\u00f6tyskurssi. Kokelasaseman hankkiminen oli suunnitelmissa.<\/p>\n\n\n\n<h2 class=\"wp-block-heading\"><strong>1982<\/strong><\/h2>\n\n\n\n<p>Torstai-kokouksia jatketaan Seuratalolla, paikalla keskim\u00e4\u00e4rin 10 j\u00e4sent\u00e4. Kuukausikokouksien aiheita olivat: Kari-Pekka OH2PO esitelm\u00f6i awardeista; vierailu Yle:n Lahden pitk\u00e4aaltoasemalle ja radiomuseoon; k\u00e4ynti Yle:n mittausasemalla Jokelassa.<\/p>\n\n\n\n<p>Syysleiri pidettiin Niemennokan huvilalla, ohjelmassa mm. satelliittien workkimista. Partiolaisten JOTA-tapahtumaan osallistuttiin lokakuussa, paikalla l\u00e4hes 20 partiolippukuntalaista.<\/p>\n\n\n\n<p>J\u00e4senkirjeit\u00e4 postiteltiin 5. Paikallisiin lehtiin saatiin muutama juttu amat\u00f6\u00f6ritoiminnasta.<\/p>\n\n\n\n<p>Valmentautumista kokelasluokan kokeisiin vetiv\u00e4t Matti OH2BDQ ja Kari OH2BBL.<\/p>\n\n\n\n<p>SAC-maaottelun cw-osaan osallistui joukkue OH2BDQ, OH2BOZ, OH2BAK ja OH8QK; yhteyksi\u00e4 550 kpl.<\/p>\n\n\n\n<p>Uusi transceiver TS-830S saatiin k\u00e4ytt\u00f6\u00f6n ja vanha FT-250 myytiin. Kirjahylly\u00e4kin t\u00e4ydenneltiin. Helmikuussa 1981 kerhoaseman antennivarustus parani j\u00e4lleen, kun <a href=\"https:\/\/oh2ap.fi\/wp-content\/uploads\/2025\/11\/Lehdet_K-U_12021981.jpg\" data-type=\"attachment\" data-id=\"4861\" target=\"_blank\" rel=\"noreferrer noopener\" data-rel=\"lightbox-image-3\" data-rl_title=\"\" data-rl_caption=\"\" title=\"\">kolmen bandin yagi asennettiin Seuriksen<\/a> katolle.<\/p>\n\n\n\n<p>Aktiivisuus-palkinnon pokkasi Matti OH2BDQ, ja vuoden kokelaaksi valittiin Antti OH2BYX.<\/p>\n<\/div>\n<\/div>\n\n\n\n<div class=\"wp-block-columns is-layout-flex wp-container-core-columns-is-layout-9d6595d7 wp-block-columns-is-layout-flex\">\n<div class=\"wp-block-column is-layout-flow wp-block-column-is-layout-flow\" style=\"flex-basis:33.33%\">\n<figure class=\"wp-block-image size-full\"><a href=\"https:\/\/oh2ap.fi\/wp-content\/uploads\/2025\/10\/Finnair_kortti.jpg\" data-rel=\"lightbox-image-4\" data-rl_title=\"\" data-rl_caption=\"\" title=\"\"><img loading=\"lazy\" decoding=\"async\" width=\"869\" height=\"618\" src=\"https:\/\/oh2ap.fi\/wp-content\/uploads\/2025\/10\/Finnair_kortti.jpg\" alt=\"\" class=\"wp-image-4759\" srcset=\"https:\/\/oh2ap.fi\/wp-content\/uploads\/2025\/10\/Finnair_kortti.jpg 869w, https:\/\/oh2ap.fi\/wp-content\/uploads\/2025\/10\/Finnair_kortti-300x213.jpg 300w, https:\/\/oh2ap.fi\/wp-content\/uploads\/2025\/10\/Finnair_kortti-768x546.jpg 768w, https:\/\/oh2ap.fi\/wp-content\/uploads\/2025\/10\/Finnair_kortti-624x444.jpg 624w\" sizes=\"auto, (max-width: 869px) 100vw, 869px\" \/><\/a><\/figure>\n<\/div>\n\n\n\n<div class=\"wp-block-column is-layout-flow wp-block-column-is-layout-flow\" style=\"flex-basis:66.66%\">\n<h2 class=\"wp-block-heading\"><strong>1983<\/strong><\/h2>\n\n\n\n<p>Kerhoiltoja torstaisin, paikalla kymmenkunta j\u00e4sent\u00e4, ja pari kuukausikokousta, joissa parikymment\u00e4 osallistujaa; aiheina tutustuminen Finnairin radiokorjaamoon ja k\u00e4ynti Tekniikan Museossa Helsingiss\u00e4. Loppuvuoden kokouksissa pohdittu UHF-toistinaseman rakentamista.<\/p>\n\n\n\n<p>3 kiertokirjett\u00e4 postiteltu.<\/p>\n\n\n\n<p>Kev\u00e4\u00e4n kokelaskurssia vetiv\u00e4t Matti OH2BDQ ja Kari OH2BBL. Syksyll\u00e4 saatiin amat\u00f6\u00f6rikurssi J\u00e4rvenp\u00e4\u00e4n ty\u00f6v\u00e4enopiston ohjelmaan, opettajina samaiset herrat.<\/p>\n\n\n\n<p>Syysleiri Louhelan kurssikeskuksessa Keravanj\u00e4rvell\u00e4. Leirill\u00e4 phone- ja cw-asemien lis\u00e4ksi sstv- ja video-rtty-asemat.<\/p>\n\n\n\n<p>Kerholle hankittiin antenninviritin ja keinokuorma, Oke OH2NP lahjoitti HRO-500 liikennevastaanottimen.<\/p>\n\n\n\n<p>Lainaus vuosikertomuksesta: \u201d<em>Toimintavuoden aikana varsinaista yhdistystoimintaa on leimannut pieni anemia. Toiminta on p\u00e4\u00e4osin keskittynyt koti-hamshackeihin, sill\u00e4 vuoden aikana on todelliseen kukoistukseen p\u00e4\u00e4ssyt mikrotietokoneiden hy\u00f6dynt\u00e4minen amat\u00f6\u00f6riasemalla, RTTY-ty\u00f6skentely ja sateliittity\u00f6skentely yhdistyksemme j\u00e4senist\u00f6n keskuudessa<\/em>. \u201d<\/p>\n\n\n\n<h2 class=\"wp-block-heading\"><strong>1984<\/strong><\/h2>\n\n\n\n<p>Kerhoillat kev\u00e4\u00e4ll\u00e4 maanantaisin ja syksyll\u00e4 taas torstai-iltaisin. Kolme kuukausikokousta: mikrotietokoneet radioamat\u00f6\u00f6riasemalla RTTY- ja CW- ty\u00f6skentelyss\u00e4 kertojana Matti OH2BDQ, Pasin OH6UM:n alustus kilpailuty\u00f6skentelyst\u00e4, tutustuminen Anteron OH2ZK:n satelliitti- ja s\u00e4\u00e4kuvienvastaanottoasemaan.<\/p>\n\n\n\n<p>Kokelasluokan kurssi jatkui ty\u00f6v\u00e4enopistossa. Kurssin loppuun k\u00e4ynneist\u00e4 kaksi l\u00e4p\u00e4isi radioamat\u00f6\u00f6ritutkinnon. Vapaaehtoisen pelastuspalvelun (PePa) 20-vuotis tapahtumaan 31.3 Hyryl\u00e4ss\u00e4 varuskunnan lippukent\u00e4lle pystytettiin &#8217;field day-asema&#8217;.<\/p>\n\n\n\n<p>Kev\u00e4tleiri pidettiin Louhelan kurssikeskuksessa Keravanj\u00e4rvell\u00e4. K\u00e4vij\u00f6it\u00e4 paikalla oli noin 30 henkil\u00f6\u00e4. Leirill\u00e4 osallistuttiin my\u00f6s K. S. Sainion kilpaan. Syysleiri pidettiin Niemennokan huvilassa J\u00e4rvenp\u00e4\u00e4n Vanhankyl\u00e4nniemess\u00e4. K\u00e4vij\u00e4m\u00e4\u00e4r\u00e4 oli noin 25. Tavanomaisten s\u00e4hk\u00f6tys- ja puheasemien lis\u00e4ksi paikalla olivat toimiva RTTY- ja sateliittiasema. OSCAR 10:n kautta ajettiin tukku eritt\u00e4in onnistuneita yhteyksi\u00e4. Kerhoasema oli my\u00f6s mukana Viitosten syysottelussa.<\/p>\n\n\n\n<p>J\u00e4rvenp\u00e4\u00e4n kaupungin j\u00e4rjest\u00e4m\u00e4\u00e4n harrasten\u00e4yttelyyn osallistuttiin omalla osastolla toimivine asemineen ja SRAL:lta lainassa olleilla esitemateriaaleilla<\/p>\n<\/div>\n<\/div>\n\n\n\n<div class=\"wp-block-columns is-layout-flex wp-container-core-columns-is-layout-9d6595d7 wp-block-columns-is-layout-flex\">\n<div class=\"wp-block-column is-layout-flow wp-block-column-is-layout-flow\">\n<p><a href=\"https:\/\/oh2ap.fi\/?page_id=4749\" data-type=\"page\" data-id=\"4749\">Vuosikertomuksista 1965\u20131974<\/a><\/p>\n<\/div>\n\n\n\n<div class=\"wp-block-column is-layout-flow wp-block-column-is-layout-flow\">\n<p class=\"has-text-align-right\"><a href=\"https:\/\/oh2ap.fi\/?page_id=4762\" data-type=\"page\" data-id=\"4762\">Vuosikertomuksista 1985\u20131994<\/a><\/p>\n<\/div>\n<\/div>\n","protected":false},"excerpt":{"rendered":"<p>Historiikin etusivulle Yhteenvedot on editoitu toimintakertomusten tai sen puuttuessa toimintasuunnitelman pohjalta. 1975 Kokouksia J\u00e4rvenp\u00e4\u00e4n kaupungin Nuorisotalolla, osallistujia 5-25. Kuukauden ensimm\u00e4inen torstai kuukausikokous, jolloin on ollut esitelm\u00e4 tai vastaava sek\u00e4 jaettu saapuneet qsl-kortit ja kerho tarjonnut kahvit. Toukokuussa leiri Orimattilassa Kiili\u00f6n kalliolla. K\u00e4vij\u00f6it\u00e4 30. Syysleiri Vanhankyl\u00e4nniemess\u00e4 Niemennokan huvilassa, k\u00e4vij\u00f6it\u00e4 40. Syyskuun kk-kokouksessa Oke OH2NP esitelm\u00f6i matkastaan [&hellip;]<\/p>\n","protected":false},"author":20,"featured_media":0,"parent":3838,"menu_order":0,"comment_status":"closed","ping_status":"closed","template":"page-templates\/full-width.php","meta":{"footnotes":""},"class_list":["post-4755","page","type-page","status-publish","hentry"],"_links":{"self":[{"href":"https:\/\/oh2ap.fi\/index.php?rest_route=\/wp\/v2\/pages\/4755","targetHints":{"allow":["GET"]}}],"collection":[{"href":"https:\/\/oh2ap.fi\/index.php?rest_route=\/wp\/v2\/pages"}],"about":[{"href":"https:\/\/oh2ap.fi\/index.php?rest_route=\/wp\/v2\/types\/page"}],"author":[{"embeddable":true,"href":"https:\/\/oh2ap.fi\/index.php?rest_route=\/wp\/v2\/users\/20"}],"replies":[{"embeddable":true,"href":"https:\/\/oh2ap.fi\/index.php?rest_route=%2Fwp%2Fv2%2Fcomments&post=4755"}],"version-history":[{"count":3,"href":"https:\/\/oh2ap.fi\/index.php?rest_route=\/wp\/v2\/pages\/4755\/revisions"}],"predecessor-version":[{"id":5090,"href":"https:\/\/oh2ap.fi\/index.php?rest_route=\/wp\/v2\/pages\/4755\/revisions\/5090"}],"up":[{"embeddable":true,"href":"https:\/\/oh2ap.fi\/index.php?rest_route=\/wp\/v2\/pages\/3838"}],"wp:attachment":[{"href":"https:\/\/oh2ap.fi\/index.php?rest_route=%2Fwp%2Fv2%2Fmedia&parent=4755"}],"curies":[{"name":"wp","href":"https:\/\/api.w.org\/{rel}","templated":true}]}}