{"id":4762,"date":"2025-10-29T00:16:22","date_gmt":"2025-10-28T22:16:22","guid":{"rendered":"https:\/\/oh2ap.fi\/?page_id=4762"},"modified":"2025-11-06T23:44:43","modified_gmt":"2025-11-06T21:44:43","slug":"vuosikertomuksista-1985-1994","status":"publish","type":"page","link":"https:\/\/oh2ap.fi\/?page_id=4762","title":{"rendered":"Vuosikertomuksista 1985\u20131994"},"content":{"rendered":"\n<div class=\"wp-block-columns is-layout-flex wp-container-core-columns-is-layout-9d6595d7 wp-block-columns-is-layout-flex\">\n<div class=\"wp-block-column is-layout-flow wp-block-column-is-layout-flow\" style=\"flex-basis:33.33%\">\n<p><a href=\"https:\/\/oh2ap.fi\/?page_id=3724\">Historiikin etusivulle<\/a><\/p>\n<\/div>\n\n\n\n<div class=\"wp-block-column is-layout-flow wp-block-column-is-layout-flow\" style=\"flex-basis:66.66%\">\n<p>Yhteenvedot on editoitu toimintakertomusten tai sen puuttuessa toimintasuunnitelman pohjalta.<\/p>\n\n\n\n<h2 class=\"wp-block-heading\"><strong>1985<\/strong><\/h2>\n\n\n\n<p>Kerhoillat jatkuivat torstaisin Seuratalolla. Kuukausikokouksia viisi: Unto OH2BTU esitteli Doctor DX-kilpailusimulaattoria, vierailu P\u00e4\u00e4kaupunkiseudun tietokeskuskuntainliiton atk-keskukseen Keijon OH2BOZ is\u00e4nn\u00f6im\u00e4n\u00e4, Kaj OH6EH esitteli amat\u00f6\u00f6risatelliittity\u00f6skentely\u00e4, Esko OH2ME is\u00e4nn\u00f6i tutustumista J\u00e4rvenp\u00e4\u00e4n Ammatillisen kurssikeskukseen, ja joulukuussa tutustuttiin Yle:n Jokelan mittausasemaan.<\/p>\n\n\n\n<p>Syysleiri oli Tuusulan Mets\u00e4pirtiss\u00e4 \u201druutiukkojen\u201d kanssa. Paikalla oli parikymment\u00e4 j\u00e4sent\u00e4. J\u00e4senkirjeit\u00e4 l\u00e4hetettiin nelj\u00e4.<\/p>\n\n\n\n<p>Kerholle ostettiin t\u00e4ydellinen satelliittiasema, jonka varustuksiin kuuluvat 2m ja 70cm transceiverit, lineaariset ja antennit. Toistinasemaa rakenneltiin testausta vaille valmiiksi; lupa-anomus viipyi kuukausikaupalla.<\/p>\n\n\n\n<p>Nuorisolautakunnan j\u00e4rjest\u00e4m\u00e4\u00e4n Harrastusn\u00e4yttelyyn osallistuttiin taas omalla asemalla.<\/p>\n\n\n\n<p>Aktiivisuuspalkinto jaettiin Harrille OH2BJQ.<\/p>\n\n\n\n<h2 class=\"wp-block-heading\"><strong>1986<\/strong><\/h2>\n\n\n\n<p>Toistinasemalle OH2RUP my\u00f6nnettiin radiolupa ja sen rakentaminen aloitettiin talkooty\u00f6n\u00e4.<\/p>\n\n\n\n<p>Tunnustuspalkinnot aktiivisuudesta my\u00f6nnettiin Kari Ahoselle OH2BBL ja Eero Kyll\u00f6selle OH2BTG.<\/p>\n\n\n\n<h2 class=\"wp-block-heading\"><strong>1987<\/strong><\/h2>\n\n\n\n<p>Kuukausikokouksissa oli ohjelmaa seuraavasti:<\/p>\n\n\n\n<p>tammikuu: \u201dRadio ja radioaallot ilmailussa\u201d,Sakari Launonen OH2WC ja Olavi Uotela OH2DW; maaliskuussa vierailu YLEn Radio- ja TV-keskuksessa, is\u00e4nt\u00e4n\u00e4 oli Olavi Korkia-Aho OH2IP; huhtikuussa \u201dKyynel-radio ja liikenn\u00f6inti sit\u00e4 k\u00e4ytt\u00e4en&#8221; -esitelm\u00e4n piti Unto Lind\u00e9n OH2BTU; syyskuussa Veli-Matti Eerola OH2BVD kertoi pakettiradiosta; lokakuussa Radioamat\u00f6\u00f6ritekniikan seura ry.:n puheenjohtaja Timo Knuutila OH1QC vieraili kerholla.<br><br>Kev\u00e4tleiri pidettiin M\u00e4nts\u00e4l\u00e4n Urheilijoiden Hiihtokeskuksessa Hirvihaarassa. Leirill\u00e4 k\u00e4vij\u00f6it\u00e4 viihdytti V\u00e4in\u00f6 \u201dV\u00e4iski\u201d Lehtoranta OH2LX s\u00e4hk\u00f6uruillaan.<br>Syysleiri pidettiin 24.-25.9. yhdess\u00e4 \u201dRuutiukkojen\u201d kanssa Rusutj\u00e4rvell\u00e4. Leiriohjelmassa oli seuraavat esitykset: Kauko Rahko OH2PZ \u201dTietoturva\u201d; Pekka Juvonen OH2BSL: &nbsp;\u201dPuhelin-laitteissa esiintyv\u00e4t h\u00e4iri\u00f6t ja niiden poistaminen\u201d; Pauli T\u00f6yryl\u00e4 OH2GV \u201dGiga-taajuudet\u201d .<\/p>\n\n\n\n<p>Kartanon yl\u00e4-asteella J\u00e4rvenp\u00e4\u00e4ss\u00e4 pidettyyn harrasten\u00e4yttelyyn osallistuttiin lokakuussa omalla osastolla,&nbsp;teemana \u201dPakettiradio ja tietokoneistuva radioamat\u00f6\u00f6ritoiminta\u201d.<\/p>\n\n\n\n<p>J\u00e4senkirjeit\u00e4 l\u00e4hetettiin kuusi kertaa. Aktiivisuuskilpailun voitto&nbsp;Matti Frimanille OH2BDQ.<br><br>J\u00e4rvenp\u00e4\u00e4n kaupungin nuorisolautakunnan j\u00e4rjest\u00e4m\u00e4lle nuorisomatkalle hein\u00e4kuussa yst\u00e4vyyskaupunki V\u00e1ciin yhten\u00e4 matkan ohjaajista oli Keijo Loisti OH2BOZ k\u00e4yden my\u00f6s paikallisella radioamat\u00f6\u00f6rikerholla.<\/p>\n\n\n\n<p>Kerhon 70 cm:n&nbsp;toistinasema OH2RUP siirrettiin kerholta Hyryl\u00e4n vesitorniin.<\/p>\n\n\n\n<p>J\u00e4senm\u00e4\u00e4r\u00e4 oli toimintavuoden lopussa 87. Yhdistyksen perustaja- ja kunniaj\u00e4sen Arvo Kallio OH2PW kuoli.<\/p>\n\n\n\n<h2 class=\"wp-block-heading\"><strong>1988<\/strong><\/h2>\n\n\n\n<p>Pakettiradio oli \u201dhot\u201d ja esill\u00e4 kerhokouksissa useampanakin iltana.<\/p>\n\n\n\n<h2 class=\"wp-block-heading\"><strong>1989<\/strong><\/h2>\n\n\n\n<p>Kerho aktiivisesti mukana omalla panoksellaan SRAL:n (jolla mm. 15 TV-mainosta) uusien j\u00e4senien v\u00e4rv\u00e4yskampajassa. Koulutusta jatkettiin pit\u00e4m\u00e4ll\u00e4 radioamat\u00f6\u00f6ritutkintoon valmentava kurssi nyt ensimm\u00e4ist\u00e4 kertaa Keravan kansalaisopistossa, opettajina Hannu Lattu OH6KT ja Antti Jokinen OH2BYX. Kerho sai ensimm\u00e4isen oman radioamat\u00f6\u00f6ritutkintoja vastaanottavan henkil\u00f6n, Matti Friman OH2BDQ.<\/p>\n\n\n\n<p>Kerhoasema OH2AP\/OH0M oli QRV M\u00e4rketill\u00e4 \u2013 logiin saatiin 13 500 QSOa.<\/p>\n\n\n\n<p>Kanssak\u00e4ymist\u00e4 J\u00e4rvenp\u00e4\u00e4n yst\u00e4vyyskaupunki T\u00e4byn radiokerhon kanssa viritell\u00e4\u00e4n.<\/p>\n<\/div>\n<\/div>\n\n\n\n<div class=\"wp-block-columns is-layout-flex wp-container-core-columns-is-layout-9d6595d7 wp-block-columns-is-layout-flex\">\n<div class=\"wp-block-column is-layout-flow wp-block-column-is-layout-flow\" style=\"flex-basis:33.33%\">\n<figure class=\"wp-block-image size-full\"><a href=\"https:\/\/oh2ap.fi\/wp-content\/uploads\/2025\/10\/Loviisa_IjaII_kortti.jpg\" data-rel=\"lightbox-image-0\" data-rl_title=\"\" data-rl_caption=\"\" title=\"\"><img loading=\"lazy\" decoding=\"async\" width=\"869\" height=\"618\" src=\"https:\/\/oh2ap.fi\/wp-content\/uploads\/2025\/10\/Loviisa_IjaII_kortti.jpg\" alt=\"\" class=\"wp-image-4767\" srcset=\"https:\/\/oh2ap.fi\/wp-content\/uploads\/2025\/10\/Loviisa_IjaII_kortti.jpg 869w, https:\/\/oh2ap.fi\/wp-content\/uploads\/2025\/10\/Loviisa_IjaII_kortti-300x213.jpg 300w, https:\/\/oh2ap.fi\/wp-content\/uploads\/2025\/10\/Loviisa_IjaII_kortti-768x546.jpg 768w, https:\/\/oh2ap.fi\/wp-content\/uploads\/2025\/10\/Loviisa_IjaII_kortti-624x444.jpg 624w\" sizes=\"auto, (max-width: 869px) 100vw, 869px\" \/><\/a><\/figure>\n<\/div>\n\n\n\n<div class=\"wp-block-column is-layout-flow wp-block-column-is-layout-flow\" style=\"flex-basis:66.66%\">\n<h2 class=\"wp-block-heading\"><strong>1990<\/strong><\/h2>\n\n\n\n<p>Kerhoiltoja torstaisin Seuratalolla. Kuukausikokouksia my\u00f6s J\u00e4rvenp\u00e4\u00e4-talolla: Paavon OH2SN esitys amat\u00f6\u00f6risatelliiteista, vierailu IVO:n Loviisan ydinvoimalaan, ja liiton puheenjohtaja Jarin OH2BU esitys mm. s\u00e4\u00e4nt\u00f6muutoksista. J\u00e4senkirjeit\u00e4 l\u00e4hetettiin nelj\u00e4.<\/p>\n\n\n\n<p>Keravan Kansalaisopistossa j\u00e4rjestettiin kev\u00e4t- etta syyslukukaudella radioamat\u00f6\u00f6rikurssit. Opettajina Antti OH2BYX ja Hannu OH6KT. Yhdistys j\u00e4rjesti radioamat\u00f6\u00f6ritutkintoja kolme kertaa, tutkijoina Antti OH2BYX, Matti OH2BDQ, Harri OH2AVQ ja Hannu OH6KT.<\/p>\n\n\n\n<p>Kerhon 70cm toistin rakennettiin valmiiksi ja sijoitettiin Hyryl\u00e4n vesitorniin. Kerhon laitteisiin hankittiin satelliittiantenni ja kurssimateriaalia. Simo OH2HW lahjoitti Drake 2B vastaanottimen ja 3-elementtisen beamin.<\/p>\n\n\n\n<p>Kes\u00e4kuussa tehtiin retki J\u00e4rvenp\u00e4\u00e4n yst\u00e4vyyskaupungin T\u00e4by S\u00e4ndaramat\u00f6rer rf. -radiokerhon kanssa M\u00e4rketin majakkaluodolle. Yhteyksi\u00e4 kutsulla OH2AP\/OJ0 kertyi kerhon lokiin kaikkiaan 6 449 kappaletta. T\u00e4bylaiset olivat \u00e4\u00e4ness\u00e4 luodon ruotsinpuoleisesta osasta kutsulla SI8MI.<\/p>\n\n\n\n<p>Kev\u00e4tleiri pidettiin Lepp\u00e4rannassa Rusutj\u00e4rvell\u00e4. Syysleirill\u00e4 Niemennokassa Matti OH2BDQ esitteli pakettiradiota.<\/p>\n\n\n\n<p>J\u00e4rvenp\u00e4\u00e4n kaupungin j\u00e4rjest\u00e4m\u00e4\u00e4n harrasten\u00e4yttelyyn Kartanon koululla osallistuttiin usealla omalla asemalla.&nbsp;<\/p>\n\n\n\n<p>Muutamia yhdistyksen j\u00e4seni\u00e4 oli vahvistamassa maailmanmestaruuden voittanutta PJ9A\/PJ9W-multi\/multi kilpailujoukkuetta Curacaolla CQWW-contestissa.<\/p>\n<\/div>\n<\/div>\n\n\n\n<div class=\"wp-block-columns is-layout-flex wp-container-core-columns-is-layout-9d6595d7 wp-block-columns-is-layout-flex\">\n<div class=\"wp-block-column is-layout-flow wp-block-column-is-layout-flow\" style=\"flex-basis:33.33%\">\n<p>T\u00e4by S\u00e4ndaramat\u00f6rer:<\/p>\n\n\n\n<p><a href=\"http:\/\/oh2ap.fi\/wp-content\/uploads\/2025\/10\/TSA-kirje-1981.pdf\" target=\"_blank\" rel=\"noreferrer noopener\">Kirje 1981<\/a><\/p>\n\n\n\n<p><a href=\"http:\/\/oh2ap.fi\/wp-content\/uploads\/2025\/10\/TSA-visit-1991.pdf\" target=\"_blank\" rel=\"noreferrer noopener\">Visiitti 1991<\/a><\/p>\n\n\n\n<p><a href=\"http:\/\/oh2ap.fi\/wp-content\/uploads\/2025\/10\/TSA-visit-2-1991.pdf\" target=\"_blank\" rel=\"noreferrer noopener\">Visiitti 1991 (2)<\/a><\/p>\n\n\n\n<p><a href=\"http:\/\/oh2ap.fi\/wp-content\/uploads\/2025\/10\/visiitti-TSAlla-1992.pdf\" target=\"_blank\" rel=\"noreferrer noopener\">Visiitti TSA:lla 1992<\/a><\/p>\n<\/div>\n\n\n\n<div class=\"wp-block-column is-layout-flow wp-block-column-is-layout-flow\" style=\"flex-basis:66.66%\">\n<h2 class=\"wp-block-heading\"><strong>1991<\/strong><\/h2>\n\n\n\n<p>Kerhoiltoja vietetty torstaisin Seuratalolla, paikalla yleens\u00e4 15..20 j\u00e4sent\u00e4.<\/p>\n\n\n\n<p>Vuosikokous pidettiin J\u00e4rvenp\u00e4\u00e4-talolla. Kuukausikokouksissa Olavi Lehti esitelm\u00f6i aiheesta TVI ja BCI; pari kertaa pidettiin saunailta Niemennokassa, kerran tehtiin vierailuk\u00e4ynti Yleisradion mittausasemalla Jokelassa, is\u00e4nt\u00e4n\u00e4 V\u00e4ino OH2LX. Pikkujoulua vietettiin kerholla.<\/p>\n\n\n\n<p>Perinteisten kahden j\u00e4sentiedotteen lis\u00e4ksi toimitettiin 3 numeroa j\u00e4senjulkaisua, A5-kokoisena yhteens\u00e4 28 sivua. Ulkoinen tiedottaminen oli aktiivista: artikkeleita kerhosta oli paikallisissa lehdiss\u00e4 kaikkiaan 11 kpl.<\/p>\n\n\n\n<p>VHF- ja UHF-alueiden antennien teoria- ja rakentelukurssi j\u00e4rjestettiin J\u00e4rvenp\u00e4\u00e4n ty\u00f6v\u00e4enopiston kanssa: teoriailtoja oli kaikkiaan nelj\u00e4, opettajana toimi Olavi OH2BBR. Antennien rakentaminen tehtiin kolmena lauantaina metallity\u00f6nopettaja Timo Kurkelan johdolla. Kurssilla oli mukana 32 henkil\u00f6\u00e4. Kurssisihteerin\u00e4 toimi Eero OH2LCT.<\/p>\n\n\n\n<p>Keravan Kansalaisopistossa j\u00e4rjestettiin kev\u00e4t- ja syyslukukaudella radioamat\u00f6\u00f6rikurssit. Opettajina toimivat Antti OH2BYX ja Hannu OH6KT. Kerho j\u00e4rjesti radioamat\u00f6\u00f6ritutkintoja kolme kertaa. Tutkijalautakunnassa olivat Antti OH2BYX, Matti OH2BDQ, Harri OH2AVQ ja Hannu OH6KT.<\/p>\n\n\n\n<p>Suomen Radioamat\u00f6\u00f6riliitto ry:n vuosikokous pidettiin J\u00e4rvenp\u00e4\u00e4ss\u00e4 16.2.1991. Kokouspaikkana oli J\u00e4rvenp\u00e4\u00e4-talo ja illanvietto pidettiin Hotelli Rivolissa. Kokoukseen osallistui yli 300 liiton j\u00e4sent\u00e4. J\u00e4rjestelytoimikuntaan kuuluivat Hannu OH6KT, Keijo OH2BOZ ja Tuomo OH2NFN. Kokousj\u00e4rjestelyiss\u00e4 oli kaikkiaan mukana parikymment\u00e4 yhdistyksen j\u00e4sent\u00e4. Kokouksen l\u00e4pivienti yhdess\u00e4 liiton toimiston, J\u00e4rvenp\u00e4\u00e4-talon ja Hotelli Rivolin kanssa onnistui mainiosti.<\/p>\n\n\n\n<p>Kev\u00e4tleiri pidettiin kes\u00e4kuun 1. ja 2. p\u00e4ivin\u00e4 Niemennokan kiinteist\u00f6ss\u00e4 Tuusulanj\u00e4rven rannalla. Leirill\u00e4 oli mukana yhdeks\u00e4n hengen ryhm\u00e4 T\u00e4by S\u00e4ndaramat\u00f6rer rf:n j\u00e4seni\u00e4. Yhteisesti nautitun illallisen valmistamisesta ja tarjoilusta huolehtivat J\u00e4rvenp\u00e4\u00e4n Martat. Ennen leiri\u00e4 olleella kaupungin vastaanotolla oli mukana nuorisosihteeri Jari Ahonen. Lis\u00e4ksi T\u00e4bylaisille esiteltiin J\u00e4rvenp\u00e4\u00e4t\u00e4 ja sen ymp\u00e4rist\u00f6\u00e4, tehtiin retki Artj\u00e4rvelle seka k\u00e4ytiin Viestimuseossa Riihim\u00e4ell\u00e4 ja Yleisradion mittausasemalla Jokelassa.<\/p>\n\n\n\n<p>Kes\u00e4kuun 7.-15. p\u00e4ivin\u00e4 tehtiin retki J\u00e4rvenp\u00e4\u00e4n yst\u00e4vyyskaupungin T\u00e4by S\u00e4ndaramat\u00f6rer rf. -radiokerhon kanssa M\u00e4rketin majakkaluodolle. Yhteyksi\u00e4 kerhon kutsulla OH2AP\/OJ0 kertyi lokiin kaikkiaan 8150, joiden joukossa oli M\u00e4rketin ja kerhon ensimm\u00e4inen EME-yhteys W5UN:n asemalle Texasiin.<\/p>\n\n\n\n<p>Yhdistyksen edustajana SRAL:n tiedotusp\u00e4iville 12-13.10. osallistui Keijo OH2BOZ, joka piti piti alustuksen aiheesta &#8221;suhteet paikallislehtiin&#8221;.<\/p>\n\n\n\n<p>Hy\u00f6kk\u00e4l\u00e4n ala-asteella Tuusulassa pidettyyn harrasten\u00e4yttelyyn osallistuttiin 23. p\u00e4iv\u00e4n\u00e4 lokakuuta. N\u00e4yttelyaseman lis\u00e4ksi radioamat\u00f6\u00f6ritoimintaa esiteltiin sek\u00e4 kuvallisella ett\u00e4 kirjallisella materiaalilla.<\/p>\n\n\n\n<p>J\u00e4rvenp\u00e4\u00e4n kaupungilta saatiin 2800 mk nuorisom\u00e4\u00e4r\u00e4rahaa ja lis\u00e4ksi vapaa-ajan lautakunta my\u00f6nsi 1000 mk yst\u00e4vyyskuntatoimintaan varatusta m\u00e4\u00e4r\u00e4rtahasta kev\u00e4tleirij\u00e4rjestelyihin.<\/p>\n\n\n\n<p>Aktiivisuuskilpailun palkinnon sai Eero OH2LCT.<\/p>\n\n\n\n<p><strong>1992:<\/strong><\/p>\n\n\n\n<p>J\u00e4rvenp\u00e4\u00e4n Rintamiesveteraanien kokouksessa helmikuussa oli Keijo Loisti, OH2BOZ kertomassa radioamat\u00f6\u00f6ritoiminnasta.<\/p>\n\n\n\n<p>Maaliskuussa pidettiin nostalgia-ilta, jossa old-timerit Teuvo Py\u00f6k\u00e4ri, OH2NY, Erkki Koponen, OH2PP ja Matti H\u00e4rk\u00f6nen, OH2XO muistelivat menneit\u00e4.<\/p>\n\n\n\n<p>Huhtikuun kuukausikokouksessa radiosta ja radioaaltojen hy\u00f6dynt\u00e4misest\u00e4 ilmailussa kertoi Sakari Launonen, OH2WC.<\/p>\n\n\n\n<p>Kartanon yl\u00e4-asteella J\u00e4rvenp\u00e4\u00e4ss\u00e4 pidettyyn harrasten\u00e4yttelyyn osallistuttiin 16.-17. toukokuuta.<\/p>\n\n\n\n<p>Kes\u00e4kuun 5.-8. p\u00e4ivin\u00e4 tehtiin retki J\u00e4rvenp\u00e4\u00e4n yst\u00e4vyyskaupungin T\u00e4by S\u00e4ndaramat\u00f6rer rf. -radiokerhon Field Day -tapahtumaan. Leiriohjelman lis\u00e4ksi tutustuttiin paikallisiin n\u00e4ht\u00e4vyyksiin. Leirill\u00e4 pidetyn T\u00e4by-J\u00e4rvenp\u00e4\u00e4 -maaottelun, jossa tavoitteena oli pit\u00e4\u00e4 mahdollisimman monta radioyhteytt\u00e4 30 minuutin aikana, voitti ylivoimaisesti J\u00e4rvenp\u00e4\u00e4n joukkue.<\/p>\n\n\n\n<p>Syyskuussa tehtiin vierailuk\u00e4ynti Finnairin radiolaboratorioon Esko Nevalaisen, OH2GK ja tutustuminen uusimpaan lentokalustoon Sakari Launosen, OH2WC johdolla.<\/p>\n\n\n\n<p>Lokakuun kuukausikokouksessa oli esill\u00e4 TV-sateliitit ja niiden katselussa tarvittavat laitteet; esitelm\u00f6itsij\u00e4n\u00e4 oli Kivist\u00f6 Ykk\u00f6santenni Oy:st\u00e4.<\/p>\n\n\n\n<p>Perinteisten kolmen kiertokirjeen lis\u00e4ksi toimitettiin j\u00e4senjulkaisua nelj\u00e4 numeroa. Toimittajana oli Eero Tynkkynen, OH2LCT.<br>Ulkoinen tiedottaminen oli aktiivista. Artikkeleita yhdistyksest\u00e4mme ja yleens\u00e4 radioamat\u00f6\u00f6ritoiminnasta paikallisissa lehdiss\u00e4 oli kaikkiaan viisi kertaa. Lis\u00e4ksi Keijo Loisti, OH2BOZ oli mukana Radio Etel\u00e4n \u00c4\u00e4nen radiomat\u00f6\u00f6ritoimintaa k\u00e4sitelleess\u00e4 ohjelmassa tammikuussa.<\/p>\n\n\n\n<p>Keravan Kansalaisopistossa j\u00e4rjestettiin sek\u00e4 kev\u00e4t- ett\u00e4 syyslukukaudella radioamat\u00f6\u00f6ritutkintoon valmentavat kurssit. Opettajina toimivat Antti Jokinen. OH2BYX, Hannu Lattu, OH6KT ja Matti Friman, OH2BDQ.<\/p>\n\n\n\n<p>Telehallintokeskuksen luvalla yhdistys j\u00e4rjesti radioamat\u00f6\u00f6ritutkintoja kolme kertaa. Tutkijalautakunnan kokoonpano oli Antti Jokinen, OH2BYX (puheenjohtaja), Matti Friman, OH2BDQ, Harri Hautala, OH2AVQ ja Hannu Lattu, OH6KT.<br><br>Kerhon laitteistoon hankittiin VHF- ja UHF-alueiden transceiver YEASU FT-736R.&nbsp; Kerhon 70 cm:n alueen toistinasema, OH2RUP on ollut sijoitettuna&nbsp;kunnan vesitorniin Hyryl\u00e4ss\u00e4.<\/p>\n\n\n\n<p>J\u00e4senm\u00e4\u00e4r\u00e4 oli toimintavuoden lopussa 113. Yhdistyksen kunniaj\u00e4sen Unto Lind\u00e9n, OH2BTU kuoli huhtikuussa.<\/p>\n\n\n\n<p>J\u00e4rvenp\u00e4\u00e4n kaupungilta saatiin 3 000 markkaa nuorisom\u00e4\u00e4r\u00e4rahaa ja lis\u00e4ksi vapaa-aikalautakunta my\u00f6nsi 2 000 markkaa yst\u00e4vyyskuntatoimintaan varatusta m\u00e4\u00e4r\u00e4rahasta T\u00e4byn matkaa varten.<\/p>\n\n\n\n<h2 class=\"wp-block-heading\"><strong>1993<\/strong><\/h2>\n\n\n\n<p>Maaliskuun kuukausikokouksessa tutustuttiiin vasta hankittiin YAESU FT-736R VHF\/UHF-tranceiveriin ja satelliittity\u00f6skentelyyn.<\/p>\n\n\n\n<p>Toukokuussa teimme retken Radiomuseoon Kouvolassa ja Yleisradiomuseoon Lahdessa.<\/p>\n\n\n\n<p>Kev\u00e4tleiri pidettiin 29.-30. toukokuuta Esko Aallon, OH2LBS:n kes\u00e4m\u00f6kill\u00e4 Heinolan maalaiskunnassa Kannusj\u00e4rvell\u00e4. Leirill\u00e4 Mikko Rantio, OH2MEK piti esitelm\u00e4n vapaaehtoisesta pelastuspalvelusta.<\/p>\n\n\n\n<p>Syysleiri pidettiin 11.-12. syyskuuta Mets\u00e4pirtill\u00e4, Tuusulan kunnan leirikeskuksessa Rusutj\u00e4rvell\u00e4. Mikko Rantio, OH2MEK piti esitelm\u00e4n vapaaehtoisesta pelastuspalvelusta ja Riku Kalinen, OH2LWO kertoi kerhon PePa-ryhm\u00e4n omista kokemuksista.<\/p>\n\n\n\n<p>Syyskuun kuukausikokousiltana tutustuimme Keski-Uudenmaan Ammattioppilaitoksen toimintaan ja siell\u00e4 annettavaan atk-koulutukseen. Lis\u00e4ksi opettajat Esko Millaskangas, OH2ME ja Tapani Tuominen esitelm\u00f6iv\u00e4t maadoituksesta ja ns. viisijohdinj\u00e4rjestelm\u00e4st\u00e4.<br><\/p>\n\n\n\n<p>Lokakuussa oli ohjelmassa vierailuk\u00e4ynti Helsinki-Vantaan lentoasemalle, jossa tutustuttiin lennonjohtoon ja sen toimintaan, is\u00e4nt\u00e4n\u00e4 oli Ilkka Hyttinen OH2BCU<br><br>HF-alueiden antennien rakentaminen -kurssi pidettiin marraskuussa Keski-Uudenmaan Ammattioppilaitoksen tiloissa J\u00e4rvenp\u00e4\u00e4ss\u00e4. Opettajana toimi Olavi Lehti, OH2BBR.<\/p>\n\n\n\n<p>Marraskuun kuukausiesitelm\u00e4n aiheena oli Digital Signal Processing (DSP) ja pit\u00e4j\u00e4n\u00e4 toimi Antti Jokinen, OH2BYX.<\/p>\n\n\n\n<p>Tiedot yhdistyksen toiminnasta on v\u00e4litetty j\u00e4senille toimittamalla kaksi numeroa<br>kerholehte\u00e4 ja kolmella kiertokirjeell\u00e4.<br><br>Keravan Kansalaisopistossa j\u00e4rjestettiin kev\u00e4tlukukaudella perus- ja yleisluokan tutkintoihin osallistuville valmennuskurssit. Syyslukukaudella aloitettu perusluokan radioamat\u00f6\u00f6ritutkintoon valmentava kurssi keskeytyi pienen oppilasm\u00e4\u00e4r\u00e4n takia. Opettajina toimivat Antti Jokinen, OH2BYX, Hannu Lattu, OH6KT ja Matti Friman, OH2BDQ.<\/p>\n\n\n\n<p>Telehallintokeskuksen luvalla yhdistys j\u00e4rjesti radioamat\u00f6\u00f6ritutkintoja kolme kertaa. Tutkijalautakunnan j\u00e4senet olivat Antti Jokinen,OH2BYX (puheenjohtaja), Matti Friman,OH2BDQ ja Hannu Lattu, OH6KT.<\/p>\n\n\n\n<p>Pelastuspalvelumanagerina aloitti Riku Kalinen, OH2LWO, joka organisoi toiminnan ja<br>koordinoi yhdistyksen osallistumisen vapaaehtoiseen pelastuspalvelutoimintaan. Yhdistyksen PePa-ryhm\u00e4\u00e4n on kuulunut yhdeks\u00e4n henkil\u00f6\u00e4. Toimintakauden aikana ryhm\u00e4 oli mukana kahdessa PePa-harjoituksessa ja kahdessa etsinn\u00e4ss\u00e4.<\/p>\n\n\n\n<p>Kerholle hankittiin k\u00e4ytetty HF-alueen transceiver Kenwood TS-520 ja VHF-alueen FM-mobilerigi YAESU FT-2200. Kerhon 70 cm:n alueen toistinasema OH2RUP on ollut sijoitettuna Tuusulan kunnan vesitorniin Hyryl\u00e4ss\u00e4<br><br>J\u00e4rvenp\u00e4\u00e4n kaupungin vapaa-aikalautakunnalta saatiin 3 000 markkaa ns. nuorisom\u00e4\u00e4r\u00e4rahaa ja lis\u00e4ksi J\u00e4rvenp\u00e4\u00e4n kaupunki my\u00f6nsi 5 000 markan kohdem\u00e4\u00e4r\u00e4rahan pelastuspalvelu-toiminnassa k\u00e4ytett\u00e4vien v\u00e4lineiden hankintaan.<\/p>\n\n\n\n<p>Yhdistyksen perustajaj\u00e4sen ja monivuotinen puheenjohtaja Esko Vuorenmaa, OH2BAM kuoli lokakuussa. J\u00e4senm\u00e4\u00e4r\u00e4 oli vuoden lopussa 121.<\/p>\n\n\n\n<h2 class=\"wp-block-heading\"><strong>1994<\/strong><\/h2>\n\n\n\n<p>Kerho sai Mikrokauppa Oy:lta lahjoituksena kaksi PC-tietokonetta: p\u00f6yt\u00e4mallisen ja kannettavan.<\/p>\n\n\n\n<p>Telehallintokeskuksen luvalla yhdistys j\u00e4rjesti radioamat\u00f6\u00f6ritutkintoja kolme kertaa. Tutkijalautakunnan j\u00e4senet olivat Antti Jokinen OH2BYX (puheenjohtaja), Matti Friman OH2BDQ, Hannu Lattu OH6KT ja Eero Tynkkynen OH2LCT.<\/p>\n\n\n\n<p>Kev\u00e4tleiri pidettiin 16.-17. huhtikuuta Mets\u00e4pirtill\u00e4, Tuusulan kunnan leirikeskuksessa Rusutj\u00e4rvell\u00e4. Ohjelmassa oli workkimista, illanvietto ja saunomista. Syysleiri pidettiin 24.-25. syyskuuta my\u00f6s Mets\u00e4pirtill\u00e4. Leirill\u00e4 esiteltiin ja p\u00e4\u00e4stiin n\u00e4kem\u00e4\u00e4n PC-tietokoneessa toimiva SSTV-ohjelma.<\/p>\n\n\n\n<p>Pelastuspalvelumanagerina toimi Riku Kalinen OH2LWO, joka organisoi toiminnan ja koordinoi yhdistyksen PePa-ryhm\u00e4n (9 henke\u00e4). osallistumisen vapaaehtoiseen pelastuspalvelutoimintaan. Vuoden aikana ryhm\u00e4 oli mukana useissa harjoituksissa ja etsinn\u00f6iss\u00e4. PePa-toiminnan esittelyyn osallistuttiin kiert\u00e4v\u00e4ss\u00e4 juhlavuosin\u00e4yttelyss\u00e4 J\u00e4rvenp\u00e4\u00e4n torilla. Riku Kalinen OH2LWO osallistui PePa-viestip\u00e4\u00e4llikk\u00f6kurssille.<\/p>\n\n\n\n<p>Kerhon 70cm alueen toistinasema OH2RUP oli sijoitettuna Tuusulan kunnan vesitorniin Hyryl\u00e4ss\u00e4..<\/p>\n\n\n\n<p>J\u00e4rvenp\u00e4\u00e4n kaupungilta saatiin 3000.- mk ns. nuorisom\u00e4\u00e4r\u00e4rahaa.<\/p>\n\n\n\n<p>J\u00e4seni\u00e4 oli vuoden lopussa yhteens\u00e4 124.<\/p>\n<\/div>\n<\/div>\n\n\n\n<div class=\"wp-block-columns is-layout-flex wp-container-core-columns-is-layout-9d6595d7 wp-block-columns-is-layout-flex\">\n<div class=\"wp-block-column is-layout-flow wp-block-column-is-layout-flow\">\n<p><a href=\"https:\/\/oh2ap.fi\/?page_id=4755\" data-type=\"page\" data-id=\"4755\">Vuosikertomuksista 1975\u20131984<\/a><\/p>\n<\/div>\n\n\n\n<div class=\"wp-block-column is-layout-flow wp-block-column-is-layout-flow\">\n<p class=\"has-text-align-right\"><a href=\"https:\/\/oh2ap.fi\/?page_id=4774\" data-type=\"page\" data-id=\"4774\">Vuosikertomuksista 1995\u20132004<\/a><\/p>\n<\/div>\n<\/div>\n","protected":false},"excerpt":{"rendered":"<p>Historiikin etusivulle Yhteenvedot on editoitu toimintakertomusten tai sen puuttuessa toimintasuunnitelman pohjalta. 1985 Kerhoillat jatkuivat torstaisin Seuratalolla. Kuukausikokouksia viisi: Unto OH2BTU esitteli Doctor DX-kilpailusimulaattoria, vierailu P\u00e4\u00e4kaupunkiseudun tietokeskuskuntainliiton atk-keskukseen Keijon OH2BOZ is\u00e4nn\u00f6im\u00e4n\u00e4, Kaj OH6EH esitteli amat\u00f6\u00f6risatelliittity\u00f6skentely\u00e4, Esko OH2ME is\u00e4nn\u00f6i tutustumista J\u00e4rvenp\u00e4\u00e4n Ammatillisen kurssikeskukseen, ja joulukuussa tutustuttiin Yle:n Jokelan mittausasemaan. Syysleiri oli Tuusulan Mets\u00e4pirtiss\u00e4 \u201druutiukkojen\u201d kanssa. Paikalla oli [&hellip;]<\/p>\n","protected":false},"author":20,"featured_media":0,"parent":3845,"menu_order":0,"comment_status":"closed","ping_status":"closed","template":"page-templates\/full-width.php","meta":{"footnotes":""},"class_list":["post-4762","page","type-page","status-publish","hentry"],"_links":{"self":[{"href":"https:\/\/oh2ap.fi\/index.php?rest_route=\/wp\/v2\/pages\/4762","targetHints":{"allow":["GET"]}}],"collection":[{"href":"https:\/\/oh2ap.fi\/index.php?rest_route=\/wp\/v2\/pages"}],"about":[{"href":"https:\/\/oh2ap.fi\/index.php?rest_route=\/wp\/v2\/types\/page"}],"author":[{"embeddable":true,"href":"https:\/\/oh2ap.fi\/index.php?rest_route=\/wp\/v2\/users\/20"}],"replies":[{"embeddable":true,"href":"https:\/\/oh2ap.fi\/index.php?rest_route=%2Fwp%2Fv2%2Fcomments&post=4762"}],"version-history":[{"count":3,"href":"https:\/\/oh2ap.fi\/index.php?rest_route=\/wp\/v2\/pages\/4762\/revisions"}],"predecessor-version":[{"id":5131,"href":"https:\/\/oh2ap.fi\/index.php?rest_route=\/wp\/v2\/pages\/4762\/revisions\/5131"}],"up":[{"embeddable":true,"href":"https:\/\/oh2ap.fi\/index.php?rest_route=\/wp\/v2\/pages\/3845"}],"wp:attachment":[{"href":"https:\/\/oh2ap.fi\/index.php?rest_route=%2Fwp%2Fv2%2Fmedia&parent=4762"}],"curies":[{"name":"wp","href":"https:\/\/api.w.org\/{rel}","templated":true}]}}