{"id":4774,"date":"2025-10-29T00:24:59","date_gmt":"2025-10-28T22:24:59","guid":{"rendered":"https:\/\/oh2ap.fi\/?page_id=4774"},"modified":"2025-11-06T23:44:58","modified_gmt":"2025-11-06T21:44:58","slug":"vuosikertomukset-1995-2004","status":"publish","type":"page","link":"https:\/\/oh2ap.fi\/?page_id=4774","title":{"rendered":"Vuosikertomuksista 1995\u20132004"},"content":{"rendered":"\n<div class=\"wp-block-columns is-layout-flex wp-container-core-columns-is-layout-9d6595d7 wp-block-columns-is-layout-flex\">\n<div class=\"wp-block-column is-layout-flow wp-block-column-is-layout-flow\" style=\"flex-basis:33.33%\">\n<p><a href=\"https:\/\/oh2ap.fi\/?page_id=3724\">Historiikin etusivulle<\/a><\/p>\n<\/div>\n\n\n\n<div class=\"wp-block-column is-layout-flow wp-block-column-is-layout-flow\" style=\"flex-basis:66.66%\">\n<p>Yhteenvedot on editoitu toimintakertomusten tai sen puuttuessa toimintasuunnitelman pohjalta.<\/p>\n\n\n\n<h2 class=\"wp-block-heading\"><strong>1995<\/strong><\/h2>\n\n\n\n<p>J\u00e4senrekisterist\u00e4 poistettiin j\u00e4senmaksunsa laiminly\u00f6neet, jonka j\u00e4lkeen j\u00e4senm\u00e4\u00e4r\u00e4 oli 111.<\/p>\n\n\n\n<p>Kaupungin nuorisolautakunnalta saatiin taas avustusta 3000.- mk.<\/p>\n\n\n\n<p>Kerhoiltoja pidettiin torstaisin, kuukausikokousten aiheina mm. tammikuussa k\u00e4ynti J\u00e4rvenp\u00e4\u00e4n Ammattikoululla ja syyskuussa vierailu Ilmailuhallituksessa Helsinki-Vantaan lentokent\u00e4ll\u00e4 tutustumassa lennonjohtosimulaattoriin.<\/p>\n\n\n\n<p>Kerho osallistu i 8.4. J\u00e4rvenp\u00e4\u00e4n kaupungin Nuorisotoimen&nbsp;j\u00e4rjest\u00e4m\u00e4\u00e4n Harraste 95 -n\u00e4yttelyyn Nuorten pajalla. N\u00e4yttelyosastolla oli toiminnassa hf-asema, jota olivat pystytt\u00e4m\u00e4ss\u00e4 ja operoimassa Esko OH2LBS, Matti OH2BDQ ja Jorma OH2LCV.<\/p>\n\n\n\n<p>Kev\u00e4tleiri pidettiin 28.-29.4. Tuusulan Mets\u00e4pirtill\u00e4. Ohjelmassa oli workkimista, illanvietto ja saunomista.<\/p>\n\n\n\n<p>Telehallintokeskuksen luvalla yhdistys j\u00e4rjesti radioamat\u00f6\u00f6ritutkintoja kolme kertaa. Tutkijalautakunnan j\u00e4senet olivat Antti Jokinen OH2BYX (puheenjohtaja), Matti Friman OH2BDQ, Hannu Lattu OH6KT ja Eero Tynkkynen OH2LCT.<\/p>\n\n\n\n<p>Pelastuspalvelumanagerina toimi Riku Kalinen OH2LWO, joka organisoi toiminnan ja koordinoi yhdistyksen PePa-ryhm\u00e4n (9 henke\u00e4) toimintaa. Vuoden aikana ryhm\u00e4 oli mukana useissa harjoituksissa ja etsinn\u00f6iss\u00e4.<\/p>\n\n\n\n<p>Kerhon 70cm alueen toistinasema OH2RUP oli sijoitettuna vesitorniin Hyryl\u00e4ss\u00e4..<\/p>\n\n\n\n<h2 class=\"wp-block-heading\"><strong>1996<\/strong><\/h2>\n\n\n\n<p>J\u00e4seni\u00e4 oli vuoden lopussa 114.<\/p>\n\n\n\n<p>Kaupungin nuorisolautakunnalta saatiin&nbsp;avustusta 2000.- mk.<\/p>\n\n\n\n<p>Maaliskuun kuukausikokous pidettiin J\u00e4rvenp\u00e4\u00e4n ammattioppilaitoksella tutustuen internetiin. Huhtikuun kk-kokouksessa esitelm\u00f6i Timo OH2BMH antennitekniikasta. Joulukuun kk-kokouksessa kerholla oli esitelm\u00e4 kiinteist\u00f6- ja automurtoh\u00e4lytyslaitteista.<\/p>\n\n\n\n<p>Kev\u00e4tleiri pidettiin&nbsp;huhtikuussa Mets\u00e4pirtill\u00e4,&nbsp;Ohjelmassa oli workkimista, illanvietto ja saunomista. Syysleiri pidettiin 24.-25. syyskuuta my\u00f6s Mets\u00e4pirtill\u00e4. Leirill\u00e4esiteltiin ja p\u00e4\u00e4stiin n\u00e4kem\u00e4\u00e4n PC-tietokoneessa toimiva SSTV-ohjelma.<\/p>\n\n\n\n<p>Kerho osallistui toukokuussa J\u00e4rvenp\u00e4\u00e4n Nuorkauppakamarin j\u00e4rjest\u00e4m\u00e4\u00e4n J\u00e4rvenp\u00e4\u00e4n Nuorisomessuihin J\u00e4rvenp\u00e4\u00e4-talolla. N\u00e4yttelyosastoilla oli toiminnassa hf- ja pakettiradioasemat, joita olivat pystytt\u00e4m\u00e4ss\u00e4 ja operoimassa Esko OH2LBS, Esko OH2ME, Matti OH2BDQ ja Seppo Kyt\u00f6laakso OH2JPR.<\/p>\n\n\n\n<p>Vuoden aikana j\u00e4rjestettiin kerhon tiloissa radioamat\u00f6\u00f6ritutkinnon K- ja T1-moduleihin valmentava kurssi. Kurssille osallistui 7 henke\u00e4, joista 6 l\u00e4p\u00e4isi tutkinnon. Telehallintokeskuksen luvalla yhdistys j\u00e4rjesti radioamat\u00f6\u00f6ritutkintoja kolme kertaa.<\/p>\n\n\n\n<p>Pelastuspalvelumanagerina toimi Riku Kalinen OH2LWO. Vuoden aikana ryhm\u00e4 (9 h.) oli mukana useissa harjoituksissa ja etsinn\u00f6iss\u00e4. Lis\u00e4ksi ryhm\u00e4 joutui tositoimiin Jokelassa sattuneen ison rautatieonnettomuuden seurauksena.<\/p>\n\n\n\n<p>Kerhoasemalla on ollut hf- vhf-, ja uhf-alueiden transceiverit sek\u00e4 erillinen satelliittiasema. Kerholle ostettiin uutena IC-736 transceiver. Vaihdossa annettiin TS-520. Kerhon 70cm alueen toistinasema OH2RUP oli sijoitettuna Tuusulan kunnan vesitorniin Hyryl\u00e4ss\u00e4<\/p>\n\n\n\n<h2 class=\"wp-block-heading\"><strong>1997<\/strong><\/h2>\n\n\n\n<p>Kev\u00e4\u00e4ll\u00e4 osallistuttiin Selv\u00e4t S\u00e4velet -tapahtumaan. Kev\u00e4tleiri pidettiin Hirvihaarassa perjantaista sunnuntaihin, syysleiri Mets\u00e4pirtill\u00e4 Tuusulassa my\u00f6s kolmip\u00e4iv\u00e4isen\u00e4.<\/p>\n\n\n\n<p>Tutkijalautakunnassa tehtiin heenkil\u00f6muutos. Kokoonpanoksi tuli Matti Friman OH2BDQ(puheenjohtaja),&nbsp;Hannu Lattu OH6KT, Keijo Loisti OH2BOZ&nbsp;ja Eero Tynkkynen OH2LCT.<\/p>\n\n\n\n<p>Aarno OH2HAI aloitti rahastonhoitajan teht\u00e4vien ohella j\u00e4sentiedotteiden teon ja jakelun.<\/p>\n\n\n\n<p>Pelastuspalvelumanagerina toimi edelleen Riku Kalinen OH2LWO,&nbsp;Vuoden aikana PePa-ryhm\u00e4 (9 h.)&nbsp;oli mukana muutamissa harjoituksessa ja etsinn\u00f6iss\u00e4<\/p>\n\n\n\n<p>Helmikuun kk-kokouksessa tutustuttiin yhdess\u00e4 vastahankittuun IC-736 hf-transceiveriin pit\u00e4en sill\u00e4 ensimm\u00e4iset yhteydet.<\/p>\n\n\n\n<p>Pystytettiin 432 MHz:n paikallinen solmuasema pakettiradioliikennett\u00e4 varten. Toistin OH2RUP toimi edelleen Hyryl\u00e4n vesitornissa.<\/p>\n\n\n\n<h2 class=\"wp-block-heading\"><strong>1998<\/strong><\/h2>\n\n\n\n<p>Kuukausipalaverien aiheita mm. SRAL:n pj Jari-Pekka, OH1CF vierailu, SSTV-ilta, vierailu Valmetin J\u00e4rvenp\u00e4\u00e4n tehtaalla, RTTY-ilta, ja ekskursio Lahden Radiomuseoon.<\/p>\n\n\n\n<p>Vapaaehtoinen Pelastuspalvelu VaPePa py\u00f6ri&nbsp;9 hengen tiimill\u00e4, pepa-managerina Riku OH2LWO.<\/p>\n\n\n\n<p>Syysleiri pidettiin j\u00e4lleen Mets\u00e4pirtill\u00e4. Ohjelmassa oli mm. Win95-yhteensopivan lokiohjelman esittely ja SSTV-qsoilua.<\/p>\n\n\n\n<p>Syksyll\u00e4 pidettiin kerholla radioamat\u00f6\u00f6rikurssi.<\/p>\n\n\n\n<p>Kerholla oli hf-, vhf- ja uhf-laitteet sek\u00e4 satelliitti-asema ja pakettiradiolaitteet. OH2RUP 70 cm toistinasema&nbsp;on ollut sijoitettuna Hyryl\u00e4n vesitorniin.<\/p>\n\n\n\n<h2 class=\"wp-block-heading\"><strong>1999<\/strong><\/h2>\n\n\n\n<p>Kerhon kev\u00e4tretki suuntautui Lahden Radiomuseoon, syksyll\u00e4 pidettiin antennitalkoot. Kerhoillat jatkuivat entiseen tapaan. RTTY-qsoilua kokeiltiin. Syysleiri j\u00e4lleen Mets\u00e4pirtill\u00e4, ohjelmassa tutstumista PSK31-modeen..<\/p>\n\n\n\n<p>Radioamat\u00f6\u00f6ritutkintoja j\u00e4rjestettiin 3 kertaa. J\u00e4senm\u00e4\u00e4r\u00e4 vuoden lopussa oli 121.<\/p>\n\n\n\n<p>Kerholla oli hf-, vhf- ja uhf-laitteet sek\u00e4 satelliitti-yhteyksien varustus ja pakettiradiolaitteet. Pelastuspalveluryhm\u00e4 osallistui useisiin harjoituksiin ja etsint\u00f6ihin; ryhm\u00e4ss\u00e4 toimi 9 henke\u00e4,<\/p>\n\n\n\n<h2 class=\"wp-block-heading\"><strong>2000<\/strong><\/h2>\n\n\n\n<p>Kev\u00e4tleiri maaliskuussa Mets\u00e4pirtill\u00e4, mist\u00e4 osallistuttiin CQ WPX-kisaan. Ohjelma-aiheita mm. amat\u00f6\u00f6riaseman ukkossuojaus. Syysleiri samoilla tienoilla syyskuussa.<\/p>\n\n\n\n<p>Kakkos-piirin bulletiinia kuunneltiin lauantaisin SRAL:n bulletiinin j\u00e4lkeen.<\/p>\n\n\n\n<p>J\u00e4senkirjeiss\u00e4 jatkui siirtyminen s\u00e4hk\u00f6postijakeluun kustannusten s\u00e4\u00e4st\u00e4miseksi. Kerhohuoneistossa aloitettiin remontti huoneiden yhdist\u00e4miseksi.<\/p>\n<\/div>\n<\/div>\n\n\n\n<div class=\"wp-block-columns is-layout-flex wp-container-core-columns-is-layout-9d6595d7 wp-block-columns-is-layout-flex\">\n<div class=\"wp-block-column is-layout-flow wp-block-column-is-layout-flow\" style=\"flex-basis:33.33%\">\n<figure class=\"wp-block-image size-large\"><a href=\"http:\/\/oh2ap.fi\/wp-content\/uploads\/2025\/10\/OG2XK.pdf\"><img loading=\"lazy\" decoding=\"async\" width=\"771\" height=\"1024\" src=\"https:\/\/oh2ap.fi\/wp-content\/uploads\/2025\/10\/OG2XK-771x1024.jpg\" alt=\"\" class=\"wp-image-4776\" srcset=\"https:\/\/oh2ap.fi\/wp-content\/uploads\/2025\/10\/OG2XK-771x1024.jpg 771w, https:\/\/oh2ap.fi\/wp-content\/uploads\/2025\/10\/OG2XK-226x300.jpg 226w, https:\/\/oh2ap.fi\/wp-content\/uploads\/2025\/10\/OG2XK-768x1020.jpg 768w, https:\/\/oh2ap.fi\/wp-content\/uploads\/2025\/10\/OG2XK-1157x1536.jpg 1157w, https:\/\/oh2ap.fi\/wp-content\/uploads\/2025\/10\/OG2XK-1542x2048.jpg 1542w, https:\/\/oh2ap.fi\/wp-content\/uploads\/2025\/10\/OG2XK-624x829.jpg 624w, https:\/\/oh2ap.fi\/wp-content\/uploads\/2025\/10\/OG2XK.jpg 1650w\" sizes=\"auto, (max-width: 771px) 100vw, 771px\" \/><\/a><\/figure>\n<\/div>\n\n\n\n<div class=\"wp-block-column is-layout-flow wp-block-column-is-layout-flow\" style=\"flex-basis:66.66%\">\n<h2 class=\"wp-block-heading\"><strong>2001<\/strong><\/h2>\n\n\n\n<p>Kerhoillat jatkuvat torstaisin. Syysleiri j\u00e4rjestettiin Mets\u00e4pirtill\u00e4. Matti OH7SV esitelm\u00f6i suunnittelemastaan trx:sta (JuMa trx2).&nbsp; Kuukausikokouksissa esitelm\u00f6iv\u00e4t SRAL:n pj Pasi OH3WS, Jarmo OH2GJL dx-kuunteluantenneista, ja Matti OH2BDQ demosi psk-31 -modea.<\/p>\n\n\n\n<p>Amat\u00f6\u00f6rikurssin 12 osallistujasta&nbsp;suoritti tutkinnon 6 henke\u00e4, kerholla my\u00f6s oma tutkinnonj\u00e4rjest\u00e4j\u00e4 Matti OH2BDQ.<\/p>\n\n\n\n<p>Paavo OH2SN lahjoitti kerholle rigin ja linukan sek\u00e4 2 m. ja 70 cm satelliittiasemat linukoilla ja&nbsp;KT34 -beamin. Lahjoituksen arvo on merkitt\u00e4v\u00e4.<\/p>\n\n\n\n<p>Kerhoasemalla oon ollut hf-, vhf- ja uhf-laitteet, satelliittiasema&nbsp;ja aprs-solmuasema OH2RDP sek\u00e4 pakettiradiolaitteisto ja Hyryl\u00e4ss\u00e4 uhf-toistinasema OH2RUP. Lanka-antenneiksi lis\u00e4ttiin 40 m. dipoli ja 80 m. looppi ja beamiksi Paavon OH2SN lahjoittama KT34.<\/p>\n\n\n\n<p>VaPePa-tiimi py\u00f6ri 9 hengen voimin, osallistuen useisiin harjoituksiin ja etsint\u00f6ihin. Vet\u00e4j\u00e4n\u00e4 toimi Riku OH2LWO.<\/p>\n\n\n\n<p>Kerho j\u00e4rjesti SRAL:n 80-vuotisp\u00e4iv\u00e4t ja Syysp\u00e4iv\u00e4t &#8217;Hami 80&#8217; J\u00e4rvenp\u00e4\u00e4ss\u00e4. Tapahtumaan osallistui 400 amat\u00f6\u00f6ri\u00e4. J\u00e4rjestelyt ty\u00f6llistiv\u00e4t j\u00e4seni\u00e4 ja heid\u00e4n perheit\u00e4\u00e4n usean kuukauden ajan. Erikoiskutsulla OH2XK pidettiin 1000 yhteytt\u00e4 p\u00e4ivien aikana.<\/p>\n\n\n\n<h2 class=\"wp-block-heading\"><strong>2002<\/strong><\/h2>\n\n\n\n<p>Mets\u00e4pirtill\u00e4 j\u00e4rjestettiin &#8217;Syysp\u00e4ivien kertaus&#8217; huhtikuussa. Kerhoillat jatkuivat vanhaan tapaan, aiheina mm. WRTC-kilpailu ja SRAL:n pj Jari OH2BU vierailu. Syysleiri pidettiin taas Mets\u00e4pirtill\u00e4, aiheena digimodet. Syyskuussa k\u00e4ytiin tutustumassa MTV3:n tiloihin ja laitteistoon Pasilassa.<\/p>\n\n\n\n<p>VaPePa-tiimi py\u00f6ri edelleen 9 hengen voimin, vet\u00e4j\u00e4n\u00e4 toimi Riku OH2LWO.<\/p>\n\n\n\n<p>Jokelan kansalaisopistossa j\u00e4rjestettiin \u201dPerustietoa radioamat\u00f6\u00f6riliikenteest\u00e4\u201d-kurssi, maisterina Matti OH2BDQ, osallistujia 10 h.<\/p>\n\n\n\n<p>Kerholla oli hf-, vhf- ja uhf-laitteet sek\u00e4 satelliitti-yhteyksien varustus ja pakettiradiolaitteet. OH2RUP Hyryl\u00e4n vesitornissa sai uudet rx\/tx\/ps-laitteet ja siin\u00e4 otettiin k\u00e4ytt\u00f6\u00f6n ali\u00e4\u00e4ni.<\/p>\n\n\n\n<p>Vuonna 2002 aloitettiin my\u00f6s tiedotteiden v\u00e4litys s\u00e4hk\u00f6postilla niille j\u00e4senille, joiden s\u00e4hk\u00f6postiosoite oli tiedossa.<\/p>\n\n\n\n<h2 class=\"wp-block-heading\"><strong>2003<\/strong><\/h2>\n\n\n\n<p>Turva 2003-harjoitukseen liittyv\u00e4 koulutustilaisuus pidettiin kerhotiloissa. Kouluttajina toimivat Olavi Kalliom\u00e4ki OH2KFB; SRAL:n toiminnanjohtaja Jukka Heikinheimo, OH2BR ja Turva 2003-harjoituksen johtoryhm\u00e4n puheenjohtaja Seppo Sis\u00e4tt\u00f6, OH1VR.<\/p>\n\n\n\n<p>Perinteinen syysleiri&nbsp;Mets\u00e4pirtill\u00e4 perjantai-illasta sunnuntaihin. Perjantain&nbsp;ohjelmassa radioasemien kasaus- ja antennitalkoot. Lauantaina olivat kyl\u00e4ss\u00e4 Hyvink\u00e4\u00e4n ja Vantaan kerhot. Ohjelmassa nokkakusoilun, saunomisen ja makkaranpaiston ohessa mielenkiintoinen demo APRS:st\u00e4 (Automatic Position Reporting System). Sunnuntaina leirin p\u00e4\u00e4tt\u00e4j\u00e4iset ja leirin purku.<\/p>\n\n\n\n<p>Talousarvion kulupuolen loppusumma oli 1.375 \u20ac, joka katettiin valtaosin j\u00e4senmaksuilla.<\/p>\n\n\n\n<h2 class=\"wp-block-heading\"><strong>2004<\/strong><\/h2>\n\n\n\n<p>Kerhoillat jatkuivat torstaisin, toukokuussa puhuttiin mm. antenniasioista. Bussimatkaa Friedrichshafenin radiomessuille suunniteltiin Hyvink\u00e4\u00e4n kerhon mukana. Syysleiri oli taasen Mets\u00e4pirtill\u00e4, ohjelmassa mm. Matin OH7SV esitys &#8217;vaiheistusmenetelm\u00e4\u00e4n perustuva ssb-transceiver&#8217;.<\/p>\n\n\n\n<p>Kuukausikokouksien aiheina olivat mm. Jarmon OH2GJL esitys antennikokeiluista, Matin OH2BDQ PSK31-esitys sek\u00e4 vierailu Arimon Kirjassa Railin OH2HOD ja Keken OH2OT kutsumana.<\/p>\n\n\n\n<p>J\u00e4seni\u00e4 oli vuoden lopussa 122.<\/p>\n<\/div>\n<\/div>\n\n\n\n<div class=\"wp-block-columns is-layout-flex wp-container-core-columns-is-layout-9d6595d7 wp-block-columns-is-layout-flex\">\n<div class=\"wp-block-column is-layout-flow wp-block-column-is-layout-flow\">\n<p><a href=\"https:\/\/oh2ap.fi\/?page_id=4762\" data-type=\"page\" data-id=\"4762\">Vuosikertomuksista 1985\u20131994<\/a><\/p>\n<\/div>\n\n\n\n<div class=\"wp-block-column is-layout-flow wp-block-column-is-layout-flow\">\n<p class=\"has-text-align-right\"><a href=\"https:\/\/oh2ap.fi\/?page_id=4784\" data-type=\"page\" data-id=\"4784\">Vuosikertomuksista 2005\u20132014<\/a><\/p>\n<\/div>\n<\/div>\n","protected":false},"excerpt":{"rendered":"<p>Historiikin etusivulle Yhteenvedot on editoitu toimintakertomusten tai sen puuttuessa toimintasuunnitelman pohjalta. 1995 J\u00e4senrekisterist\u00e4 poistettiin j\u00e4senmaksunsa laiminly\u00f6neet, jonka j\u00e4lkeen j\u00e4senm\u00e4\u00e4r\u00e4 oli 111. Kaupungin nuorisolautakunnalta saatiin taas avustusta 3000.- mk. Kerhoiltoja pidettiin torstaisin, kuukausikokousten aiheina mm. tammikuussa k\u00e4ynti J\u00e4rvenp\u00e4\u00e4n Ammattikoululla ja syyskuussa vierailu Ilmailuhallituksessa Helsinki-Vantaan lentokent\u00e4ll\u00e4 tutustumassa lennonjohtosimulaattoriin. Kerho osallistu i 8.4. J\u00e4rvenp\u00e4\u00e4n kaupungin Nuorisotoimen&nbsp;j\u00e4rjest\u00e4m\u00e4\u00e4n Harraste 95 [&hellip;]<\/p>\n","protected":false},"author":20,"featured_media":0,"parent":3850,"menu_order":0,"comment_status":"closed","ping_status":"closed","template":"page-templates\/full-width.php","meta":{"footnotes":""},"class_list":["post-4774","page","type-page","status-publish","hentry"],"_links":{"self":[{"href":"https:\/\/oh2ap.fi\/index.php?rest_route=\/wp\/v2\/pages\/4774","targetHints":{"allow":["GET"]}}],"collection":[{"href":"https:\/\/oh2ap.fi\/index.php?rest_route=\/wp\/v2\/pages"}],"about":[{"href":"https:\/\/oh2ap.fi\/index.php?rest_route=\/wp\/v2\/types\/page"}],"author":[{"embeddable":true,"href":"https:\/\/oh2ap.fi\/index.php?rest_route=\/wp\/v2\/users\/20"}],"replies":[{"embeddable":true,"href":"https:\/\/oh2ap.fi\/index.php?rest_route=%2Fwp%2Fv2%2Fcomments&post=4774"}],"version-history":[{"count":4,"href":"https:\/\/oh2ap.fi\/index.php?rest_route=\/wp\/v2\/pages\/4774\/revisions"}],"predecessor-version":[{"id":5134,"href":"https:\/\/oh2ap.fi\/index.php?rest_route=\/wp\/v2\/pages\/4774\/revisions\/5134"}],"up":[{"embeddable":true,"href":"https:\/\/oh2ap.fi\/index.php?rest_route=\/wp\/v2\/pages\/3850"}],"wp:attachment":[{"href":"https:\/\/oh2ap.fi\/index.php?rest_route=%2Fwp%2Fv2%2Fmedia&parent=4774"}],"curies":[{"name":"wp","href":"https:\/\/api.w.org\/{rel}","templated":true}]}}