{"id":4784,"date":"2025-10-29T00:33:34","date_gmt":"2025-10-28T22:33:34","guid":{"rendered":"https:\/\/oh2ap.fi\/?page_id=4784"},"modified":"2025-11-06T23:45:14","modified_gmt":"2025-11-06T21:45:14","slug":"vuosikertomuksista-2005-2014","status":"publish","type":"page","link":"https:\/\/oh2ap.fi\/?page_id=4784","title":{"rendered":"Vuosikertomuksista 2005\u20132014"},"content":{"rendered":"\n<div class=\"wp-block-columns is-layout-flex wp-container-core-columns-is-layout-9d6595d7 wp-block-columns-is-layout-flex\">\n<div class=\"wp-block-column is-layout-flow wp-block-column-is-layout-flow\" style=\"flex-basis:33.33%\">\n<p><a href=\"https:\/\/oh2ap.fi\/?page_id=3724\">Historiikin etusivulle<\/a><\/p>\n<\/div>\n\n\n\n<div class=\"wp-block-column is-layout-flow wp-block-column-is-layout-flow\" style=\"flex-basis:66.66%\">\n<p>Yhteenvedot on editoitu toimintakertomusten tai sen puuttuessa toimintasuunnitelman pohjalta.<\/p>\n\n\n\n<h2 class=\"wp-block-heading\"><strong>2005<\/strong><\/h2>\n\n\n\n<p>Amat\u00f6\u00f6ritutkintoja j\u00e4rjestettiin vuoden aikana nelj\u00e4 kertaa, tutkinnonpit\u00e4j\u00e4n\u00e4 Matti OH2BDQ. Kerhoasemalla on ollut HF, VHF ja UHF-asemat sek\u00e4 APRS-toistinasema OH2RDP&nbsp;ja pakettiradiolaitteisto. Kerhon toistinasema OH2RUP toimi Hyryl\u00e4n vesitornissa.<\/p>\n\n\n\n<p>Kerhoiltoja pidettiin torstaisin, kuukausikokousten aiheina mm. ilmailun radioj\u00e4rjestelm\u00e4t sek\u00e4 radioaseman et\u00e4k\u00e4ytt\u00f6 internetin yli.<\/p>\n\n\n\n<p>Syysleiri pidettiin Mets\u00e4pirtill\u00e4: kerhon 40v-juhlassa oli mukana my\u00f6s kutsuvieraita. Kerhon 40-vuotisen taipaleen kunniaksi OH2AP j\u00e4rjesti kotimaan aktiviteetin <a href=\"http:\/\/oh2ap.fi\/wp-content\/uploads\/2025\/10\/Kuntaralli_2005.pdf\" target=\"_blank\" rel=\"noreferrer noopener\">&#8217;Kuntamaratonin&#8217;<\/a><\/p>\n\n\n\n<p>PePa-ryhm\u00e4 toimi 9 hengen vahvuudella, vet\u00e4j\u00e4n\u00e4 Riku OH2RK. Vapaaehtoisen Pelastuspalvelun&nbsp;kunniamerkkej\u00e4 jaettiin ensimm\u00e4isen kerran&nbsp;v. 2005, ja kerhon j\u00e4senist\u00e4 sellaisen saivat OH2RK, OH2LBS, OH2JBB, OH2RL, OH2BDQ, OH2LFM ja OH2LWN. Merkit jaettiin&nbsp;nimenomaan aktiivisesti ja pitk\u00e4j\u00e4nteisesti toiminnassa mukana olleille.<\/p>\n\n\n\n<p>J\u00e4senm\u00e4\u00e4r\u00e4 vuoden lopussa oli 109.<\/p>\n\n\n\n<h2 class=\"wp-block-heading\"><strong>2006<\/strong><\/h2>\n\n\n\n<p>Maaliskuussa Risto, OH3UU esitelm\u00f6i aiheina kotimaan kilpailut, kilpaty\u00f6skentely, lokiohjelmat ja \u201dCaprillo-loki\u201d. Kerho vieraili huhtikuussa Tekniikan museossa Helsingiss\u00e4.&nbsp; Marraskuun kerhoillassa Matti, OH2BDQ luennoi GPS-j\u00e4rjestelm\u00e4st\u00e4. Joulukuussa pikkujoulussa kuulimme tuoreita SRAL:n kuulumisia.<\/p>\n\n\n\n<p>Syysleiri j\u00e4rjestettiin Mets\u00e4pirtill\u00e4 9.-10.9.2006. Ohjelmaosuudessa Heikki Antman, OH2BGC kertoi antennikokeiluista ja Tauno Ruppola esitelm\u00f6i painokytkent\u00e4levyjen valmistuksesta kotikonstein. Leirill\u00e4 oli my\u00f6s kirpputori Kaikkiaan 38 k\u00e4vij\u00e4\u00e4.<\/p>\n\n\n\n<p>OH2AP:lle avattiin kotisivut webissa&nbsp;ja listattiin ne&nbsp;SRAL:in kerhojen kotisivuluettelossa. J\u00e4senkirjeit\u00e4 l\u00e4hti 4 kpl.<\/p>\n\n\n\n<h2 class=\"wp-block-heading\"><strong>2007<\/strong><\/h2>\n\n\n\n<p>Kerhoillassa tammikuussa SRALin uusi puheenjohtaja Raimo Lehto, OH2BCI kertoi tuoreimmat kuulumiset. Jukka OH2BR jutusteli huhtikuun kerhoillassa matkastaan Pitcairnille. Toukokuussa opiskeltiin rigien kauko-ohjausta HamRadio Deluxe \u2013ohjelmallaMatin OH2BDQ, johdolla. J\u00e4senkirjeit\u00e4 l\u00e4hetettiin 3 kpl.<\/p>\n\n\n\n<p>Kerhon perinteinen syysleiri j\u00e4rjestettiin Tuusulan Mets\u00e4pirtill\u00e4 lauantaista sunnuntaihin 8.-9. 9.&nbsp;Ohjelma-osuudessa&nbsp;Janne Hatakka, OH3DD ja D2DX kertoi Angolasta ty\u00f6skentelyst\u00e4, Jarmo Salmi, OH2GJL esitelm\u00f6i SDR-radiosta ja Matti Friman, OH2BDQ opasti rigien kauko-ohjauksessa.<\/p>\n\n\n\n<h2 class=\"wp-block-heading\"><strong>2008<\/strong><\/h2>\n\n\n\n<p>Maaliskuun&nbsp;kerhoillassa&nbsp;Raili OH2HOD, Keke OH2OT ja Esko OH2ME kertoivat matkastaan Gran Canarialle, n\u00e4yttiv\u00e4t valokuvia ja pienen videop\u00e4tk\u00e4n.&nbsp; Matti, OH2BDQ jutusteli huhtikuun&nbsp;kerhoillassa digimodeista.<\/p>\n\n\n\n<p>Toinen valtakunnallinen Turva-harjoitus j\u00e4rjestettiin syyskuussa. OH2AP osallistui harjoitukseen kuten edellisell\u00e4kin kerralla 2003. T\u00e4ll\u00e4kin kertaa harjoituksen tavoitteena oli saada v\u00e4ke\u00e4 kaikkiin alueemme kuntiin pit\u00e4m\u00e4\u00e4n yhteyksi\u00e4 ilman valtakunnan verkon s\u00e4hk\u00f6\u00e4. Johtokeskus oli t\u00e4ll\u00e4 kertaa J\u00e4rvenp\u00e4\u00e4n seurakunnan puutalossa, os. Kirkkotie 6,<\/p>\n\n\n\n<p>Marraskuussa tehtiin retki Viestimuseoon Riihim\u00e4elle erikoisn\u00e4yttelyyn &#8221;Jatkosodan liikkuva radiotiedustelu&#8221;. Oppaana museolla toimi insin\u00f6\u00f6rikapteeni Paavo Kotilainen, OH2SN. Mukana on my\u00f6s n\u00e4yttelyn pystytt\u00e4miseen osallistunut, maavoimien elektronisen sodank\u00e4ynnin killan historiavastaava Marko Saloranta, OH2LGW.<\/p>\n\n\n\n<h2 class=\"wp-block-heading\"><strong>2009<\/strong><\/h2>\n\n\n\n<p>Kerhotilan k\u00e4ytt\u00f6 on jatkunut uuden J\u00e4rvenp\u00e4\u00e4n kaupungin kulttuuritoimen kanssa tehdyn sopimuksen mukaisesti. Kohonnut vuokra kerhotilasta on kuitenkin rasittanut taloutta niin, ett\u00e4 kerhon p\u00e4\u00e4oma on supistunut. Alakerran kokoustilan k\u00e4yt\u00f6st\u00e4 kuukausikokouksiin&nbsp;on kustannussyist\u00e4 luovuttu. Uusi kokouspaikka l\u00f6ytyi Ollin OH2OW luona Torpantie 7:ssa.<\/p>\n\n\n\n<p>Kuukausikokouksia: Jukka&nbsp;OH2BR kertoi helmikuussa k\u00e4ynnistym\u00e4ss\u00e4 olevasta nuority\u00f6projektista, jota h\u00e4n vet\u00e4\u00e4 uutena SRAL:n projektip\u00e4\u00e4llik\u00f6n\u00e4. Liittimien juottamiskurssilla maaliskuussa&nbsp;opettajana oli Timo, OH2BHS.&nbsp; Marraskuussa pidettiin kerholla siivoustalkoot ja raivattiin turhaa roinaa pois kerhotilasta.<\/p>\n\n\n\n<p>Tilaisuuksissa on ollut paikalla yleens\u00e4 5-15 j\u00e4sent\u00e4. QSL-manageri on noutanut saapuneet QSL-kortit kerholle noin kuukauden v\u00e4lein.<\/p>\n\n\n\n<p>Tiedot yhdistyksen toiminnasta on v\u00e4litetty j\u00e4senille viidell\u00e4 j\u00e4senkirjeell\u00e4. Lis\u00e4ksi tietoa on annettu SRAL:n bulletiineilla ja yhdistyksen kotisivuilla .<\/p>\n\n\n\n<p>SRAL\u2013nuorisotoiminta: Matti OH2BDQ, Arska OH2EC ja Esko OH2ME ovat ovat osallistuneet Jukan OH2BR kanssa radioamat\u00f6\u00f6ritoiminnan esittelyyn kouluissa.<\/p>\n\n\n\n<p>Kerhon perinteinen syysleiri j\u00e4rjestettiin Tuusulan seurakunnan leirikeskuksessa Rusutj\u00e4rvell\u00e4. Ohjelmassa Jarmo, OH2GJL kertoi DX-kuuntelusta, ja liitinesittelyss\u00e4 oli mahdollisuus tutustua erilaisiin liittimiin.<\/p>\n\n\n\n<p>Kerhon pikkujoulua vietettiin Ollin OH2OW luona: Miika OH2BAD esitelm\u00f6i aiheenaan &#8217;Loma paratiisisaarella&#8217;.<\/p>\n\n\n\n<h2 class=\"wp-block-heading\"><strong>2010<\/strong><\/h2>\n\n\n\n<p>Vuosikokouksessa Kari,OH2NFZ&nbsp; ehdotti kerhoprojektiksi lineaarisia vahvistimia. Materiaalit hankittiin porukalla USA:sta.<\/p>\n\n\n\n<p>Maaliskuun kerhoillassa aiheena oli SSTV, esittelij\u00e4n\u00e4&nbsp;Helge OH2DY.&nbsp; Marko , OH2LRD, alusti marraskuun kerhoiltaan aiheena &#8217;Sotilasdigimodet&#8217;. J\u00e4senkirjeit\u00e4 4 kpl.<\/p>\n\n\n\n<p>Mets\u00e4pirtin viel\u00e4 kuluvan syksyn jatkuvan remontin vuoksi syysleiri pidettiin nyt toisen kerran Tuusulan seurakunnan leirikeskuksessa Rusutj\u00e4rven rannassa.&nbsp;<\/p>\n\n\n\n<h2 class=\"wp-block-heading\"><strong>2011<\/strong><\/h2>\n\n\n\n<p>Kaupungin kulttuuritoimi irtisanoi j\u00e4lleen kerhotilan sopimuksen. My\u00f6hemmin kulttuuritoimi kuitenkin muutti kantaansa asiaan siten, ett\u00e4 he vuokraavat kerhotilan, mutta korottavat vuokran noin kaksinkertaiseksi.<\/p>\n\n\n\n<p>Kerhoiltoihin on kokoonnuttu l\u00e4pi vuoden torstaisin. Paikalla on ollut yleens\u00e4 5..15 j\u00e4sent\u00e4.<\/p>\n\n\n\n<p>Jukka OH2BR piti hiihtolomaviikolla kerholla <a href=\"https:\/\/oh2ap.fi\/wp-content\/uploads\/2025\/11\/RA-kurssi_2011.pdf\" data-type=\"attachment\" data-id=\"5010\" target=\"_blank\" rel=\"noreferrer noopener\">intensiivikurssin <\/a>ja p\u00e4tevyystutkinnon. Kurssilta valmistui 2 uutta amat\u00f6\u00f6ri\u00e4 ja yksi luokan korotus.<\/p>\n\n\n\n<p>Huhtikuun kuukausikokouksessa 14.4.2011 Marko Saarela OH2LRD esitelm\u00f6i sotilasradioj\u00e4rjestelmist\u00e4 &#8217;kotirintamalla&#8217;.<\/p>\n\n\n\n<p>Kerhon perinteinen syysleiri j\u00e4rjestettiin Rusutj\u00e4rven leirikeskuksessa. Ohjelmaa: Matti OH2BDQ esitteli JT65HF digimide-ohjelmaa, jolla saatiin muutama yhteys maailmalle. Jarmo OH2GJL kertoi sotien aikaisista, rintamien tuntumassa toimineista tilap\u00e4isist\u00e4 yleisradioasemista. Esitelm\u00e4n yhteydess\u00e4 Jarmo n\u00e4ytti kuvia retkist\u00e4\u00e4n kyseisiss\u00e4 paikoissa.<\/p>\n\n\n\n<p>Kerhon pikkujoulua vietettiin Ollin OH2OW luona. Jarmo OH2GJL esitteli yleis\u00f6n pyynn\u00f6st\u00e4 uudelleen rintamaradioasemia.<\/p>\n\n\n\n<p>Kerhon 70 cm:n alueen toistinasema OH2RUP, on poistettu vesitornista Hyryl\u00e4ss\u00e4 ja siirret\u00e4\u00e4n J\u00e4rvenp\u00e4\u00e4h\u00e4n korkeaan kerrostaloon. R-net-verkkoon liitynt\u00e4\u00e4 tutkitaan.<\/p>\n\n\n\n<h2 class=\"wp-block-heading\"><strong>2012<\/strong><\/h2>\n\n\n\n<p>Kerhoiltoihin kokoonnuttiin l\u00e4pi vuoden torstai-iltaisin klo 18. Paikalla oli yleens\u00e4 5-10 j\u00e4sent\u00e4.<\/p>\n\n\n\n<p>Kuukausikokouksien ohjelmaa: tammikuussa esitelm\u00f6i radioastronomiasta Seppo, OH2BEA; huhtikuussa Jari OH2BU esitteli ja demosi LogOfTheWorld (LOTW) -palvelua; marraskuussa Esa OH2AWG esitteli PIC-pohjaisen PICAXE-mikroprosessorilaitteen; joulukuussa SRALin toiminnanjohtaja Jan &#8221;Zaba&#8221; Hubach, OH1ZAA vieraili kerholla tuoden SRAL:n tuoreimmat kuulumiset.<\/p>\n\n\n\n<p>Kalustoa t\u00e4ydennettiin hankkimalla TS-480AT HF-transceiver, siihen lis\u00e4ksi irrallinen etutaulu ja &#8221;ruotsalaispurkit&#8221; et\u00e4k\u00e4ytt\u00f6\u00e4 varten, PC-laitteisto OH2RUPin ohjausta varten sek\u00e4 VHF\/UHFalueen antenni leirik\u00e4ytt\u00f6\u00f6n.<\/p>\n\n\n\n<p>Kerhon perinteinen syysleiri j\u00e4rjestettiin Tuusulan kunnan leirikeskuksessa Rusutj\u00e4rvell\u00e4 syyskuussa. Leirin ohjelmaosuudessa Mari OH2FPK\/OH2O kertoi kerhon remote-asemasta ja piti sen kautta n\u00e4yteyhteyden, Jarmo OH2GJL piti esitelm\u00e4n miniVNA-antennianalysaattorista, ja Matti OH7SV esitteli JUMA-rakennussarjoja ja erityisesti uutta JUMA PA1000 -lineaarista vahvistinta, jossa teho tehdaan yhdell\u00e4 FETilla.<\/p>\n\n\n\n<p>Kyr\u00f6l\u00e4n koulussa J\u00e4rvenp\u00e4\u00e4ss\u00e4 toimi kev\u00e4tkaudella viikottain kokoontunut elektroniikkarakentelukerho, jonka toisena vet\u00e4j\u00e4n\u00e4 toimi Arska OH2EC.<\/p>\n\n\n\n<p>Yhdistys osallistui J\u00e4rvenp\u00e4\u00e4-p\u00e4iv\u00e4\u00e4n 12.5.2012 omalla osastollaan k\u00e4velykatu &#8217;Jannella&#8217;, jossa oli toimiva HF-radioamat\u00f6\u00f6riasema. Kaukaisin yhteys oli Tahitille Ranskan Polynesiaan.<\/p>\n\n\n\n<h2 class=\"wp-block-heading\"><strong>2013<\/strong><\/h2>\n\n\n\n<p>Yhdistys jatkoi vuokrasopimusta kolmeksi vuodeksi J\u00e4rvenp\u00e4\u00e4n kaupungin kulttuuritoimen kanssa kerhon noin 30 m2:n huoneistosta J\u00e4rvenp\u00e4\u00e4n Seuratalolla.<\/p>\n\n\n\n<p>Kuukausikokouksissa oli ohjelmaa seuraavasti: Jukka, OH2BR kertoi lomapeditiostaan Bahamalle sanoin ja kuvin; Jarmo, OH2GJL kertoi DX-kuuntelusta aiheena &#8221;Aihkiniemen DX-kuunteluasema &#8211; Suomen suurin radioasema?&#8221;; Kimmo, OH2JKU koulutti radiosuunnistuksen eli kettujahdin teoriaa, seuraavassa kuussa pidettiin kettujahtiharjoitus Terholan kuntoradan alueella; SRAL:n toiminnanjohtaja Jan &#8221;Zaba&#8221; Hubach, OH1ZAA esitelm\u00f6i otsikolla &#8221;Bandi n\u00e4ytt\u00e4m\u00f6n\u00e4: stereofoninen taajuustarkkailu, kaksi antennia yhdell\u00e4 puomilla&#8221; ja toi tuoreimmat terveiset liitosta.; joulukuun &#8217;kirjaillassa&#8217; Jarmo, OH2GJL piti lyhyen alustuksen itselleen t\u00e4rkeist\u00e4 radiokirjoista. Sen j\u00e4lkeen itse kukin paikallaolijoista sai kertoa radioharrasteeseen liittyv\u00e4st\u00e4 kirjasta.<\/p>\n\n\n\n<p>Kerhon perinteinen syysleiri j\u00e4rjestettiin Tuusulan kunnan leirikeskuksessa Rusutj\u00e4rvell\u00e4. Ohjelmaosuudessa oli Youngsters On The Air -tapahtuma (Mari, OH2FPK); Parannettu trappidipoli (Arska, OH2EC); Hamien matka m\/s Kristina Katarinalla Karibialla (Raimo, OH2BCI); &#8221;Baluni-klinikka&#8221; (Matti , OH7SV).<\/p>\n\n\n\n<p>Tiedot yhdistyksen kokouksista ja muista aktiviteeteista toimitettiin j\u00e4senille s\u00e4hk\u00f6postilla ja\/tai kirjeitse.<\/p>\n\n\n\n<h2 class=\"wp-block-heading\"><strong>2014<\/strong><\/h2>\n\n\n\n<p>Kerhotilana on edelleen ollut J\u00e4rvenp\u00e4\u00e4n Seurojentalon yl\u00e4kerran tila. HF-asemana on k\u00e4yt\u00f6ss\u00e4 IC 736, varalla TS 430. Kerhon j\u00e4senten k\u00e4yt\u00f6ss\u00e4 on ollut et\u00e4k\u00e4ytt\u00f6asema TS 480 &#8217;ruotsalaispurkein&#8217; ssb-k\u00e4ytt\u00f6\u00f6n. Kerhon toistinasema OH2RUP toimii entisess\u00e4 gsm-linkkiaseman tilassa kerrostalossa ja digipiitteriasema OH2RDP kerhon tiloissa.<\/p>\n\n\n\n<p>Kuukausikokouksissa Timo, OH2BHS ja Arska, OH2EC esitteliv\u00e4t X1M QRP-rigin &#8217;rakennussarjan&#8217;; Matti OH2BDQ k\u00e4vi l\u00e4pi digimode-aseman perustamista ja k\u00e4ytt\u00f6\u00f6nottoa; Matti OH2BDQ piti k\u00e4sikapulaklinikan; Ralfin, OH2BPF, luona pidettiin mastonkaatotalkoot; vierailimme OH2AU:n mukana Mets\u00e4hovin radiotutkimusasemalla; k\u00e4ytiin katsomassa Suomen Majakkaseuran filmiesitys; ja joulugl\u00f6gien kanssa kuunneltiin Martin, OH2BH, vet\u00e4v\u00e4 esitys M\u00e4rketist\u00e4, OJ0 -maasta (Martin ensiesitys kerholle samasta aiheesta oli&nbsp;v. 1971 !).<\/p>\n\n\n\n<p>OH2AP syysleiri pidettiin taasen Mets\u00e4pirtill\u00e4, nyt yksip\u00e4iv\u00e4isen\u00e4. Ohjelmassa mm. SRAL:n puheenjohtaja Memman, OH1EG, katsaus liiton asioihin; Kari OH4KA esitteli Kanarian peditiota ja RTTY-kilpailua; Timo OH2BMH esitteli Hyvink\u00e4\u00e4n kerhon Tankar-peditiota; Mari OH2FPK k\u00e4vi l\u00e4pi kes\u00e4n Youngsters-on-the-Air YOTA 2014 aktiviteettia; ja Arska OH2EC ja Timo OH2BHS esitteliv\u00e4t kiinalaista QRP-radiota.<\/p>\n\n\n\n<p>Antennikurssilla syyskuussa tehtiin trappi-dipoleita: mestareina Esko OH2ME (sk) ja Arska OH2EC. Toisella kurssilla uusille amat\u00f6\u00f6reille tehtiin trappi-dipolit, mestarina Arska OH2EC.<\/p>\n\n\n\n<p>Kerholla oli Harrastemessuilla J\u00e4rvenp\u00e4\u00e4n j\u00e4\u00e4hallissa oma osasto. Radioaktiivisuutta nosti my\u00f6s LA Studio -kerhon osasto vieress\u00e4. Partiolaisten JotA-aktiviteettiin osallistuttiin.<\/p>\n\n\n\n<p>Kerava Opiston syksyn ohjelmassa oli Radioamat\u00f6\u00f6rin peruskurssi. Kun Opiston 10 h. osallistujam\u00e4\u00e4r\u00e4 ei t\u00e4yttynyt, kerho j\u00e4rjesti ilmoittautuneille kurssin nelj\u00e4n\u00e4 maanantai-iltana kerhotiloissaan, opettajana Jukka OH2BR. Kurssilta sai todistuksen ensi vaiheessa 4 uutta amat\u00f6\u00f6ri\u00e4.<\/p>\n<\/div>\n<\/div>\n\n\n\n<div class=\"wp-block-columns is-layout-flex wp-container-core-columns-is-layout-9d6595d7 wp-block-columns-is-layout-flex\">\n<div class=\"wp-block-column is-layout-flow wp-block-column-is-layout-flow\">\n<p><a href=\"https:\/\/oh2ap.fi\/?page_id=4774\" data-type=\"page\" data-id=\"4774\">Vuosikertomuksista 1995\u20132004<\/a><\/p>\n<\/div>\n\n\n\n<div class=\"wp-block-column is-layout-flow wp-block-column-is-layout-flow\"><\/div>\n<\/div>\n","protected":false},"excerpt":{"rendered":"<p>Historiikin etusivulle Yhteenvedot on editoitu toimintakertomusten tai sen puuttuessa toimintasuunnitelman pohjalta. 2005 Amat\u00f6\u00f6ritutkintoja j\u00e4rjestettiin vuoden aikana nelj\u00e4 kertaa, tutkinnonpit\u00e4j\u00e4n\u00e4 Matti OH2BDQ. Kerhoasemalla on ollut HF, VHF ja UHF-asemat sek\u00e4 APRS-toistinasema OH2RDP&nbsp;ja pakettiradiolaitteisto. Kerhon toistinasema OH2RUP toimi Hyryl\u00e4n vesitornissa. Kerhoiltoja pidettiin torstaisin, kuukausikokousten aiheina mm. ilmailun radioj\u00e4rjestelm\u00e4t sek\u00e4 radioaseman et\u00e4k\u00e4ytt\u00f6 internetin yli. Syysleiri pidettiin Mets\u00e4pirtill\u00e4: kerhon [&hellip;]<\/p>\n","protected":false},"author":20,"featured_media":0,"parent":3852,"menu_order":0,"comment_status":"closed","ping_status":"closed","template":"page-templates\/full-width.php","meta":{"footnotes":""},"class_list":["post-4784","page","type-page","status-publish","hentry"],"_links":{"self":[{"href":"https:\/\/oh2ap.fi\/index.php?rest_route=\/wp\/v2\/pages\/4784","targetHints":{"allow":["GET"]}}],"collection":[{"href":"https:\/\/oh2ap.fi\/index.php?rest_route=\/wp\/v2\/pages"}],"about":[{"href":"https:\/\/oh2ap.fi\/index.php?rest_route=\/wp\/v2\/types\/page"}],"author":[{"embeddable":true,"href":"https:\/\/oh2ap.fi\/index.php?rest_route=\/wp\/v2\/users\/20"}],"replies":[{"embeddable":true,"href":"https:\/\/oh2ap.fi\/index.php?rest_route=%2Fwp%2Fv2%2Fcomments&post=4784"}],"version-history":[{"count":3,"href":"https:\/\/oh2ap.fi\/index.php?rest_route=\/wp\/v2\/pages\/4784\/revisions"}],"predecessor-version":[{"id":5138,"href":"https:\/\/oh2ap.fi\/index.php?rest_route=\/wp\/v2\/pages\/4784\/revisions\/5138"}],"up":[{"embeddable":true,"href":"https:\/\/oh2ap.fi\/index.php?rest_route=\/wp\/v2\/pages\/3852"}],"wp:attachment":[{"href":"https:\/\/oh2ap.fi\/index.php?rest_route=%2Fwp%2Fv2%2Fmedia&parent=4784"}],"curies":[{"name":"wp","href":"https:\/\/api.w.org\/{rel}","templated":true}]}}