{"id":505,"date":"2017-03-18T12:12:27","date_gmt":"2017-03-18T10:12:27","guid":{"rendered":"http:\/\/oh2ap.fi\/?page_id=505"},"modified":"2024-03-31T21:42:34","modified_gmt":"2024-03-31T18:42:34","slug":"lineaariteholahteet","status":"publish","type":"page","link":"https:\/\/oh2ap.fi\/?page_id=505","title":{"rendered":"Lineaaritehol\u00e4hteet"},"content":{"rendered":"<p>T\u00e4\u00e4lt\u00e4 l\u00f6yd\u00e4t tietoa Kari Sir\u00e9nin, OH2NFZ, rakenteluprojekteista.<\/p>\n<p>Linearinen j\u00e4nnitel\u00e4hde:\u00a0 <a href=\"http:\/\/oh2ap.fi\/wp-content\/uploads\/2024\/03\/Lineaarinen-jannitelahde-24-26-28-V-40-A.pdf\">Lineaarinen jannitelahde 24-26-28 V 40 A <\/a>\u00a0 (03\/2024)\u00a0<\/p>\n<p>Lineaarij\u00e4nnitel\u00e4hde 24V 22A\u00a0\u00a0 (11\/2023):\u00a0<\/p>\n<ul>\n<li>\u00a0<a href=\"http:\/\/oh2ap.fi\/wp-content\/uploads\/2023\/11\/Jannitelahde-24-V-22-A-esittely.pdf\">Jannitelahde 24 V 22 A esittely<\/a> ;\u00a0\u00a0<a href=\"http:\/\/oh2ap.fi\/wp-content\/uploads\/2023\/11\/Jannitelahde-24-V-22-A-piirikaavio.pdf\"> piirikaavio<\/a> ;\u00a0 <a href=\"http:\/\/oh2ap.fi\/wp-content\/uploads\/2023\/11\/Jannitelahde-24-V-22-A-osiensijoittelu.pdf\">osiensijoittelu<\/a> ;\u00a0\u00a0 <a href=\"http:\/\/oh2ap.fi\/wp-content\/uploads\/2023\/11\/Jannitel\u00e4hde-24V-22A-muuntajayksikko.pdf\">muuntajayksikko<\/a> ; <a href=\"http:\/\/oh2ap.fi\/wp-content\/uploads\/2023\/11\/Jannitelahde-24-V-22-A-valotusmaski-1.pdf\">valotusmaski <\/a>\u00a0\u00a0 .<\/li>\n<\/ul>\n<p>Lineaaritehol\u00e4hde \u00a0 (3\/2017):<\/p>\n<ul>\n<li><a href=\"http:\/\/oh2ap.fi\/wp-content\/uploads\/2017\/03\/Lineaariteholahteet.pdf\" target=\"_blank\" rel=\"noopener\">Lineaaritehol\u00e4hteen rakentaminen<br \/><\/a>\n\n\t\t<style type=\"text\/css\">\n\t\t\t#gallery-1 {\n\t\t\t\tmargin: auto;\n\t\t\t}\n\t\t\t#gallery-1 .gallery-item {\n\t\t\t\tfloat: left;\n\t\t\t\tmargin-top: 10px;\n\t\t\t\ttext-align: center;\n\t\t\t\twidth: 33%;\n\t\t\t}\n\t\t\t#gallery-1 img {\n\t\t\t\tborder: 2px solid #cfcfcf;\n\t\t\t}\n\t\t\t#gallery-1 .gallery-caption {\n\t\t\t\tmargin-left: 0;\n\t\t\t}\n\t\t\t\/* see gallery_shortcode() in wp-includes\/media.php *\/\n\t\t<\/style>\n\t\t<div id='gallery-1' class='gallery galleryid-505 gallery-columns-3 gallery-size-thumbnail'><dl class='gallery-item'>\n\t\t\t<dt class='gallery-icon landscape'>\n\t\t\t\t<a href='https:\/\/oh2ap.fi\/wp-content\/uploads\/2017\/03\/Kotivalmisteinen-piirikortti.jpg' title=\"\" data-rl_title=\"\" class=\"rl-gallery-link\" data-rl_caption=\"\" data-rel=\"lightbox-gallery-1\"><img loading=\"lazy\" decoding=\"async\" width=\"150\" height=\"150\" src=\"https:\/\/oh2ap.fi\/wp-content\/uploads\/2017\/03\/Kotivalmisteinen-piirikortti-150x150.jpg\" class=\"attachment-thumbnail size-thumbnail\" alt=\"\" aria-describedby=\"gallery-1-509\" \/><\/a>\n\t\t\t<\/dt>\n\t\t\t\t<dd class='wp-caption-text gallery-caption' id='gallery-1-509'>\n\t\t\t\tKuvassa esimerkki kotona sy\u00f6vytt\u00e4m\u00e4st\u00e4ni piirikortista, koko 80 x 100 mm. Kapeimpien\njohteiden leveys on 0,05&#8243; eli 1,25 mm. Teksti on viel\u00e4 paljon hennompaa.\n\t\t\t\t<\/dd><\/dl>\n\t\t\t<br style='clear: both' \/>\n\t\t<\/div>\n\n<\/li>\n<li><a href=\"http:\/\/oh2ap.fi\/wp-content\/uploads\/2017\/03\/Jannitelahde-50-V-40-A-ilovepdf-compressed.pdf\">J\u00e4nnitel\u00e4hde 50 V 40 A<\/a><br \/>\n\n\t\t<style type=\"text\/css\">\n\t\t\t#gallery-2 {\n\t\t\t\tmargin: auto;\n\t\t\t}\n\t\t\t#gallery-2 .gallery-item {\n\t\t\t\tfloat: left;\n\t\t\t\tmargin-top: 10px;\n\t\t\t\ttext-align: center;\n\t\t\t\twidth: 33%;\n\t\t\t}\n\t\t\t#gallery-2 img {\n\t\t\t\tborder: 2px solid #cfcfcf;\n\t\t\t}\n\t\t\t#gallery-2 .gallery-caption {\n\t\t\t\tmargin-left: 0;\n\t\t\t}\n\t\t\t\/* see gallery_shortcode() in wp-includes\/media.php *\/\n\t\t<\/style>\n\t\t<div id='gallery-2' class='gallery galleryid-505 gallery-columns-3 gallery-size-thumbnail'><dl class='gallery-item'>\n\t\t\t<dt class='gallery-icon landscape'>\n\t\t\t\t<a href='https:\/\/oh2ap.fi\/wp-content\/uploads\/2017\/03\/Komponenttisijoittelu-50V-40A.png' title=\"\" data-rl_title=\"\" class=\"rl-gallery-link\" data-rl_caption=\"\" data-rel=\"lightbox-gallery-2\"><img loading=\"lazy\" decoding=\"async\" width=\"150\" height=\"150\" src=\"https:\/\/oh2ap.fi\/wp-content\/uploads\/2017\/03\/Komponenttisijoittelu-50V-40A-150x150.png\" class=\"attachment-thumbnail size-thumbnail\" alt=\"\" \/><\/a>\n\t\t\t<\/dt><\/dl><dl class='gallery-item'>\n\t\t\t<dt class='gallery-icon portrait'>\n\t\t\t\t<a href='https:\/\/oh2ap.fi\/wp-content\/uploads\/2017\/03\/Valotusmaski-50V-40A.png' title=\"\" data-rl_title=\"\" class=\"rl-gallery-link\" data-rl_caption=\"\" data-rel=\"lightbox-gallery-2\"><img loading=\"lazy\" decoding=\"async\" width=\"150\" height=\"150\" src=\"https:\/\/oh2ap.fi\/wp-content\/uploads\/2017\/03\/Valotusmaski-50V-40A-150x150.png\" class=\"attachment-thumbnail size-thumbnail\" alt=\"\" \/><\/a>\n\t\t\t<\/dt><\/dl><dl class='gallery-item'>\n\t\t\t<dt class='gallery-icon landscape'>\n\t\t\t\t<a href='https:\/\/oh2ap.fi\/wp-content\/uploads\/2017\/03\/Piirikortti-50V-40A.png' title=\"\" data-rl_title=\"\" class=\"rl-gallery-link\" data-rl_caption=\"\" data-rel=\"lightbox-gallery-2\"><img loading=\"lazy\" decoding=\"async\" width=\"150\" height=\"150\" src=\"https:\/\/oh2ap.fi\/wp-content\/uploads\/2017\/03\/Piirikortti-50V-40A-150x150.png\" class=\"attachment-thumbnail size-thumbnail\" alt=\"\" \/><\/a>\n\t\t\t<\/dt><\/dl><br style=\"clear: both\" \/><dl class='gallery-item'>\n\t\t\t<dt class='gallery-icon landscape'>\n\t\t\t\t<a href='https:\/\/oh2ap.fi\/wp-content\/uploads\/2017\/03\/Jannitelahde-50V-40A.png' title=\"\" data-rl_title=\"\" class=\"rl-gallery-link\" data-rl_caption=\"\" data-rel=\"lightbox-gallery-2\"><img loading=\"lazy\" decoding=\"async\" width=\"150\" height=\"150\" src=\"https:\/\/oh2ap.fi\/wp-content\/uploads\/2017\/03\/Jannitelahde-50V-40A-150x150.png\" class=\"attachment-thumbnail size-thumbnail\" alt=\"\" \/><\/a>\n\t\t\t<\/dt><\/dl><dl class='gallery-item'>\n\t\t\t<dt class='gallery-icon landscape'>\n\t\t\t\t<a href='https:\/\/oh2ap.fi\/wp-content\/uploads\/2017\/03\/Muuntajayksikko-50V-40A.png' title=\"\" data-rl_title=\"\" class=\"rl-gallery-link\" data-rl_caption=\"\" data-rel=\"lightbox-gallery-2\"><img loading=\"lazy\" decoding=\"async\" width=\"150\" height=\"150\" src=\"https:\/\/oh2ap.fi\/wp-content\/uploads\/2017\/03\/Muuntajayksikko-50V-40A-150x150.png\" class=\"attachment-thumbnail size-thumbnail\" alt=\"\" \/><\/a>\n\t\t\t<\/dt><\/dl>\n\t\t\t<br style='clear: both' \/>\n\t\t<\/div>\n\n<p>\u00a0<\/p>\n<\/li>\n<li><a href=\"http:\/\/oh2ap.fi\/wp-content\/uploads\/2017\/03\/Jannitelahde-5V-6V-9V-X.pdf\" target=\"_blank\" rel=\"noopener\">J\u00e4nnitel\u00e4hde 5V 6V ja 9V 10 A<\/a><br \/>\n\n\t\t<style type=\"text\/css\">\n\t\t\t#gallery-3 {\n\t\t\t\tmargin: auto;\n\t\t\t}\n\t\t\t#gallery-3 .gallery-item {\n\t\t\t\tfloat: left;\n\t\t\t\tmargin-top: 10px;\n\t\t\t\ttext-align: center;\n\t\t\t\twidth: 33%;\n\t\t\t}\n\t\t\t#gallery-3 img {\n\t\t\t\tborder: 2px solid #cfcfcf;\n\t\t\t}\n\t\t\t#gallery-3 .gallery-caption {\n\t\t\t\tmargin-left: 0;\n\t\t\t}\n\t\t\t\/* see gallery_shortcode() in wp-includes\/media.php *\/\n\t\t<\/style>\n\t\t<div id='gallery-3' class='gallery galleryid-505 gallery-columns-3 gallery-size-thumbnail'><dl class='gallery-item'>\n\t\t\t<dt class='gallery-icon portrait'>\n\t\t\t\t<a href='https:\/\/oh2ap.fi\/wp-content\/uploads\/2017\/03\/Valotusmaski-5-V-ja-6-V.png' title=\"\" data-rl_title=\"\" class=\"rl-gallery-link\" data-rl_caption=\"\" data-rel=\"lightbox-gallery-3\"><img loading=\"lazy\" decoding=\"async\" width=\"150\" height=\"150\" src=\"https:\/\/oh2ap.fi\/wp-content\/uploads\/2017\/03\/Valotusmaski-5-V-ja-6-V-150x150.png\" class=\"attachment-thumbnail size-thumbnail\" alt=\"\" \/><\/a>\n\t\t\t<\/dt><\/dl><dl class='gallery-item'>\n\t\t\t<dt class='gallery-icon portrait'>\n\t\t\t\t<a href='https:\/\/oh2ap.fi\/wp-content\/uploads\/2017\/03\/Valotusmaski-9-V.png' title=\"\" data-rl_title=\"\" class=\"rl-gallery-link\" data-rl_caption=\"\" data-rel=\"lightbox-gallery-3\"><img loading=\"lazy\" decoding=\"async\" width=\"150\" height=\"150\" src=\"https:\/\/oh2ap.fi\/wp-content\/uploads\/2017\/03\/Valotusmaski-9-V-150x150.png\" class=\"attachment-thumbnail size-thumbnail\" alt=\"\" \/><\/a>\n\t\t\t<\/dt><\/dl><dl class='gallery-item'>\n\t\t\t<dt class='gallery-icon landscape'>\n\t\t\t\t<a href='https:\/\/oh2ap.fi\/wp-content\/uploads\/2017\/03\/Piirikortti-9-V.png' title=\"\" data-rl_title=\"\" class=\"rl-gallery-link\" data-rl_caption=\"\" data-rel=\"lightbox-gallery-3\"><img loading=\"lazy\" decoding=\"async\" width=\"150\" height=\"150\" src=\"https:\/\/oh2ap.fi\/wp-content\/uploads\/2017\/03\/Piirikortti-9-V-150x150.png\" class=\"attachment-thumbnail size-thumbnail\" alt=\"\" \/><\/a>\n\t\t\t<\/dt><\/dl><br style=\"clear: both\" \/><dl class='gallery-item'>\n\t\t\t<dt class='gallery-icon landscape'>\n\t\t\t\t<a href='https:\/\/oh2ap.fi\/wp-content\/uploads\/2017\/03\/Piirikortti-5-V-ja-6-V.png' title=\"\" data-rl_title=\"\" class=\"rl-gallery-link\" data-rl_caption=\"\" data-rel=\"lightbox-gallery-3\"><img loading=\"lazy\" decoding=\"async\" width=\"150\" height=\"150\" src=\"https:\/\/oh2ap.fi\/wp-content\/uploads\/2017\/03\/Piirikortti-5-V-ja-6-V-150x150.png\" class=\"attachment-thumbnail size-thumbnail\" alt=\"\" \/><\/a>\n\t\t\t<\/dt><\/dl><dl class='gallery-item'>\n\t\t\t<dt class='gallery-icon landscape'>\n\t\t\t\t<a href='https:\/\/oh2ap.fi\/wp-content\/uploads\/2017\/03\/Kytkentakaavio-9-V-0.png' title=\"\" data-rl_title=\"\" class=\"rl-gallery-link\" data-rl_caption=\"\" data-rel=\"lightbox-gallery-3\"><img loading=\"lazy\" decoding=\"async\" width=\"150\" height=\"150\" src=\"https:\/\/oh2ap.fi\/wp-content\/uploads\/2017\/03\/Kytkentakaavio-9-V-0-150x150.png\" class=\"attachment-thumbnail size-thumbnail\" alt=\"\" \/><\/a>\n\t\t\t<\/dt><\/dl><dl class='gallery-item'>\n\t\t\t<dt class='gallery-icon landscape'>\n\t\t\t\t<a href='https:\/\/oh2ap.fi\/wp-content\/uploads\/2017\/03\/Kytkentakaavio-9-V-1.png' title=\"\" data-rl_title=\"\" class=\"rl-gallery-link\" data-rl_caption=\"\" data-rel=\"lightbox-gallery-3\"><img loading=\"lazy\" decoding=\"async\" width=\"150\" height=\"150\" src=\"https:\/\/oh2ap.fi\/wp-content\/uploads\/2017\/03\/Kytkentakaavio-9-V-1-150x150.png\" class=\"attachment-thumbnail size-thumbnail\" alt=\"\" \/><\/a>\n\t\t\t<\/dt><\/dl><br style=\"clear: both\" \/>\n\t\t<\/div>\n\n<p>\u00a0<\/p>\n<\/li>\n<li><a href=\"http:\/\/oh2ap.fi\/wp-content\/uploads\/2017\/03\/Jannitelahde-120-V-138-V-40-A.pdf\" target=\"_blank\" rel=\"noopener\">J\u00e4nnitel\u00e4hde 12,0 V 13,8 V 40 A<\/a><br \/>\n\n\t\t<style type=\"text\/css\">\n\t\t\t#gallery-4 {\n\t\t\t\tmargin: auto;\n\t\t\t}\n\t\t\t#gallery-4 .gallery-item {\n\t\t\t\tfloat: left;\n\t\t\t\tmargin-top: 10px;\n\t\t\t\ttext-align: center;\n\t\t\t\twidth: 33%;\n\t\t\t}\n\t\t\t#gallery-4 img {\n\t\t\t\tborder: 2px solid #cfcfcf;\n\t\t\t}\n\t\t\t#gallery-4 .gallery-caption {\n\t\t\t\tmargin-left: 0;\n\t\t\t}\n\t\t\t\/* see gallery_shortcode() in wp-includes\/media.php *\/\n\t\t<\/style>\n\t\t<div id='gallery-4' class='gallery galleryid-505 gallery-columns-3 gallery-size-thumbnail'><dl class='gallery-item'>\n\t\t\t<dt class='gallery-icon landscape'>\n\t\t\t\t<a href='https:\/\/oh2ap.fi\/wp-content\/uploads\/2017\/03\/Muuntajayksikko-ja-6-diodin-silta.png' title=\"\" data-rl_title=\"\" class=\"rl-gallery-link\" data-rl_caption=\"\" data-rel=\"lightbox-gallery-4\"><img loading=\"lazy\" decoding=\"async\" width=\"150\" height=\"150\" src=\"https:\/\/oh2ap.fi\/wp-content\/uploads\/2017\/03\/Muuntajayksikko-ja-6-diodin-silta-150x150.png\" class=\"attachment-thumbnail size-thumbnail\" alt=\"\" \/><\/a>\n\t\t\t<\/dt><\/dl><dl class='gallery-item'>\n\t\t\t<dt class='gallery-icon landscape'>\n\t\t\t\t<a href='https:\/\/oh2ap.fi\/wp-content\/uploads\/2017\/03\/Komponenttisijoittelu-12V-ja-13V.png' title=\"\" data-rl_title=\"\" class=\"rl-gallery-link\" data-rl_caption=\"\" data-rel=\"lightbox-gallery-4\"><img loading=\"lazy\" decoding=\"async\" width=\"150\" height=\"150\" src=\"https:\/\/oh2ap.fi\/wp-content\/uploads\/2017\/03\/Komponenttisijoittelu-12V-ja-13V-150x150.png\" class=\"attachment-thumbnail size-thumbnail\" alt=\"\" \/><\/a>\n\t\t\t<\/dt><\/dl><dl class='gallery-item'>\n\t\t\t<dt class='gallery-icon landscape'>\n\t\t\t\t<a href='https:\/\/oh2ap.fi\/wp-content\/uploads\/2017\/03\/Muuntajayksikko-12-V-ja-13-V-3-siltaa-1.png' title=\"\" data-rl_title=\"\" class=\"rl-gallery-link\" data-rl_caption=\"\" data-rel=\"lightbox-gallery-4\"><img loading=\"lazy\" decoding=\"async\" width=\"150\" height=\"150\" src=\"https:\/\/oh2ap.fi\/wp-content\/uploads\/2017\/03\/Muuntajayksikko-12-V-ja-13-V-3-siltaa-1-150x150.png\" class=\"attachment-thumbnail size-thumbnail\" alt=\"\" \/><\/a>\n\t\t\t<\/dt><\/dl><br style=\"clear: both\" \/><dl class='gallery-item'>\n\t\t\t<dt class='gallery-icon landscape'>\n\t\t\t\t<a href='https:\/\/oh2ap.fi\/wp-content\/uploads\/2017\/03\/Kytkentakaavio-12V-ja-13V.png' title=\"\" data-rl_title=\"\" class=\"rl-gallery-link\" data-rl_caption=\"\" data-rel=\"lightbox-gallery-4\"><img loading=\"lazy\" decoding=\"async\" width=\"150\" height=\"150\" src=\"https:\/\/oh2ap.fi\/wp-content\/uploads\/2017\/03\/Kytkentakaavio-12V-ja-13V-150x150.png\" class=\"attachment-thumbnail size-thumbnail\" alt=\"\" \/><\/a>\n\t\t\t<\/dt><\/dl><dl class='gallery-item'>\n\t\t\t<dt class='gallery-icon landscape'>\n\t\t\t\t<a href='https:\/\/oh2ap.fi\/wp-content\/uploads\/2017\/03\/Piirikortti-12V-ja-13V.png' title=\"\" data-rl_title=\"\" class=\"rl-gallery-link\" data-rl_caption=\"\" data-rel=\"lightbox-gallery-4\"><img loading=\"lazy\" decoding=\"async\" width=\"150\" height=\"150\" src=\"https:\/\/oh2ap.fi\/wp-content\/uploads\/2017\/03\/Piirikortti-12V-ja-13V-150x150.png\" class=\"attachment-thumbnail size-thumbnail\" alt=\"\" \/><\/a>\n\t\t\t<\/dt><\/dl><dl class='gallery-item'>\n\t\t\t<dt class='gallery-icon landscape'>\n\t\t\t\t<a href='https:\/\/oh2ap.fi\/wp-content\/uploads\/2017\/03\/Valotusmaski.png' title=\"\" data-rl_title=\"\" class=\"rl-gallery-link\" data-rl_caption=\"\" data-rel=\"lightbox-gallery-4\"><img loading=\"lazy\" decoding=\"async\" width=\"150\" height=\"150\" src=\"https:\/\/oh2ap.fi\/wp-content\/uploads\/2017\/03\/Valotusmaski-150x150.png\" class=\"attachment-thumbnail size-thumbnail\" alt=\"\" \/><\/a>\n\t\t\t<\/dt><\/dl><br style=\"clear: both\" \/>\n\t\t<\/div>\n\n<p>\u00a0<\/p>\n<\/li>\n<li><a href=\"http:\/\/oh2ap.fi\/wp-content\/uploads\/2017\/03\/Jannitelahde-15-V.pdf\" target=\"_blank\" rel=\"noopener\">J\u00e4nnitel\u00e4hde + 15 V<\/a><br \/>\n\n\t\t<style type=\"text\/css\">\n\t\t\t#gallery-5 {\n\t\t\t\tmargin: auto;\n\t\t\t}\n\t\t\t#gallery-5 .gallery-item {\n\t\t\t\tfloat: left;\n\t\t\t\tmargin-top: 10px;\n\t\t\t\ttext-align: center;\n\t\t\t\twidth: 33%;\n\t\t\t}\n\t\t\t#gallery-5 img {\n\t\t\t\tborder: 2px solid #cfcfcf;\n\t\t\t}\n\t\t\t#gallery-5 .gallery-caption {\n\t\t\t\tmargin-left: 0;\n\t\t\t}\n\t\t\t\/* see gallery_shortcode() in wp-includes\/media.php *\/\n\t\t<\/style>\n\t\t<div id='gallery-5' class='gallery galleryid-505 gallery-columns-3 gallery-size-thumbnail'><dl class='gallery-item'>\n\t\t\t<dt class='gallery-icon portrait'>\n\t\t\t\t<a href='https:\/\/oh2ap.fi\/wp-content\/uploads\/2017\/03\/Valotusmaski-15-V.png' title=\"\" data-rl_title=\"\" class=\"rl-gallery-link\" data-rl_caption=\"\" data-rel=\"lightbox-gallery-5\"><img loading=\"lazy\" decoding=\"async\" width=\"150\" height=\"150\" src=\"https:\/\/oh2ap.fi\/wp-content\/uploads\/2017\/03\/Valotusmaski-15-V-150x150.png\" class=\"attachment-thumbnail size-thumbnail\" alt=\"\" \/><\/a>\n\t\t\t<\/dt><\/dl><dl class='gallery-item'>\n\t\t\t<dt class='gallery-icon landscape'>\n\t\t\t\t<a href='https:\/\/oh2ap.fi\/wp-content\/uploads\/2017\/03\/Piirikortti-15-V.png' title=\"\" data-rl_title=\"\" class=\"rl-gallery-link\" data-rl_caption=\"\" data-rel=\"lightbox-gallery-5\"><img loading=\"lazy\" decoding=\"async\" width=\"150\" height=\"150\" src=\"https:\/\/oh2ap.fi\/wp-content\/uploads\/2017\/03\/Piirikortti-15-V-150x150.png\" class=\"attachment-thumbnail size-thumbnail\" alt=\"\" \/><\/a>\n\t\t\t<\/dt><\/dl><dl class='gallery-item'>\n\t\t\t<dt class='gallery-icon landscape'>\n\t\t\t\t<a href='https:\/\/oh2ap.fi\/wp-content\/uploads\/2017\/03\/Kytkentakaavio-15-V.png' title=\"\" data-rl_title=\"\" class=\"rl-gallery-link\" data-rl_caption=\"\" data-rel=\"lightbox-gallery-5\"><img loading=\"lazy\" decoding=\"async\" width=\"150\" height=\"150\" src=\"https:\/\/oh2ap.fi\/wp-content\/uploads\/2017\/03\/Kytkentakaavio-15-V-150x150.png\" class=\"attachment-thumbnail size-thumbnail\" alt=\"\" \/><\/a>\n\t\t\t<\/dt><\/dl><br style=\"clear: both\" \/><dl class='gallery-item'>\n\t\t\t<dt class='gallery-icon landscape'>\n\t\t\t\t<a href='https:\/\/oh2ap.fi\/wp-content\/uploads\/2017\/03\/Komponenttisijoittelu-15-V.png' title=\"\" data-rl_title=\"\" class=\"rl-gallery-link\" data-rl_caption=\"\" data-rel=\"lightbox-gallery-5\"><img loading=\"lazy\" decoding=\"async\" width=\"150\" height=\"150\" src=\"https:\/\/oh2ap.fi\/wp-content\/uploads\/2017\/03\/Komponenttisijoittelu-15-V-150x150.png\" class=\"attachment-thumbnail size-thumbnail\" alt=\"\" \/><\/a>\n\t\t\t<\/dt><\/dl>\n\t\t\t<br style='clear: both' \/>\n\t\t<\/div>\n\n<p>\u00a0<\/p>\n<\/li>\n<li><a href=\"http:\/\/oh2ap.fi\/wp-content\/uploads\/2017\/03\/Jannitelahde-15-V-1.pdf\" target=\"_blank\" rel=\"noopener\">J\u00e4nnitel\u00e4hde &#8211; 15 V<\/a><br \/>\n\n\t\t<style type=\"text\/css\">\n\t\t\t#gallery-6 {\n\t\t\t\tmargin: auto;\n\t\t\t}\n\t\t\t#gallery-6 .gallery-item {\n\t\t\t\tfloat: left;\n\t\t\t\tmargin-top: 10px;\n\t\t\t\ttext-align: center;\n\t\t\t\twidth: 33%;\n\t\t\t}\n\t\t\t#gallery-6 img {\n\t\t\t\tborder: 2px solid #cfcfcf;\n\t\t\t}\n\t\t\t#gallery-6 .gallery-caption {\n\t\t\t\tmargin-left: 0;\n\t\t\t}\n\t\t\t\/* see gallery_shortcode() in wp-includes\/media.php *\/\n\t\t<\/style>\n\t\t<div id='gallery-6' class='gallery galleryid-505 gallery-columns-3 gallery-size-thumbnail'><dl class='gallery-item'>\n\t\t\t<dt class='gallery-icon portrait'>\n\t\t\t\t<a href='https:\/\/oh2ap.fi\/wp-content\/uploads\/2017\/03\/Valotusmaski-15-V-1.png' title=\"\" data-rl_title=\"\" class=\"rl-gallery-link\" data-rl_caption=\"\" data-rel=\"lightbox-gallery-6\"><img loading=\"lazy\" decoding=\"async\" width=\"150\" height=\"150\" src=\"https:\/\/oh2ap.fi\/wp-content\/uploads\/2017\/03\/Valotusmaski-15-V-1-150x150.png\" class=\"attachment-thumbnail size-thumbnail\" alt=\"\" \/><\/a>\n\t\t\t<\/dt><\/dl><dl class='gallery-item'>\n\t\t\t<dt class='gallery-icon landscape'>\n\t\t\t\t<a href='https:\/\/oh2ap.fi\/wp-content\/uploads\/2017\/03\/Piirikortti-15-V-1.png' title=\"\" data-rl_title=\"\" class=\"rl-gallery-link\" data-rl_caption=\"\" data-rel=\"lightbox-gallery-6\"><img loading=\"lazy\" decoding=\"async\" width=\"150\" height=\"150\" src=\"https:\/\/oh2ap.fi\/wp-content\/uploads\/2017\/03\/Piirikortti-15-V-1-150x150.png\" class=\"attachment-thumbnail size-thumbnail\" alt=\"\" \/><\/a>\n\t\t\t<\/dt><\/dl><dl class='gallery-item'>\n\t\t\t<dt class='gallery-icon landscape'>\n\t\t\t\t<a href='https:\/\/oh2ap.fi\/wp-content\/uploads\/2017\/03\/Kytkentakaavio-15-V-1.png' title=\"\" data-rl_title=\"\" class=\"rl-gallery-link\" data-rl_caption=\"\" data-rel=\"lightbox-gallery-6\"><img loading=\"lazy\" decoding=\"async\" width=\"150\" height=\"150\" src=\"https:\/\/oh2ap.fi\/wp-content\/uploads\/2017\/03\/Kytkentakaavio-15-V-1-150x150.png\" class=\"attachment-thumbnail size-thumbnail\" alt=\"\" \/><\/a>\n\t\t\t<\/dt><\/dl><br style=\"clear: both\" \/><dl class='gallery-item'>\n\t\t\t<dt class='gallery-icon landscape'>\n\t\t\t\t<a href='https:\/\/oh2ap.fi\/wp-content\/uploads\/2017\/03\/Komponenttisijoittelu-15-V-1.png' title=\"\" data-rl_title=\"\" class=\"rl-gallery-link\" data-rl_caption=\"\" data-rel=\"lightbox-gallery-6\"><img loading=\"lazy\" decoding=\"async\" width=\"150\" height=\"150\" src=\"https:\/\/oh2ap.fi\/wp-content\/uploads\/2017\/03\/Komponenttisijoittelu-15-V-1-150x150.png\" class=\"attachment-thumbnail size-thumbnail\" alt=\"\" \/><\/a>\n\t\t\t<\/dt><\/dl>\n\t\t\t<br style='clear: both' \/>\n\t\t<\/div>\n\n<p>\u00a0<\/p>\n<\/li>\n<li><a href=\"http:\/\/oh2ap.fi\/wp-content\/uploads\/2017\/03\/Jannitelahde-24-V-28-V.pdf\" target=\"_blank\" rel=\"noopener\">J\u00e4nnitel\u00e4hde 24 V 28 V<\/a><br \/>\n\n\t\t<style type=\"text\/css\">\n\t\t\t#gallery-7 {\n\t\t\t\tmargin: auto;\n\t\t\t}\n\t\t\t#gallery-7 .gallery-item {\n\t\t\t\tfloat: left;\n\t\t\t\tmargin-top: 10px;\n\t\t\t\ttext-align: center;\n\t\t\t\twidth: 33%;\n\t\t\t}\n\t\t\t#gallery-7 img {\n\t\t\t\tborder: 2px solid #cfcfcf;\n\t\t\t}\n\t\t\t#gallery-7 .gallery-caption {\n\t\t\t\tmargin-left: 0;\n\t\t\t}\n\t\t\t\/* see gallery_shortcode() in wp-includes\/media.php *\/\n\t\t<\/style>\n\t\t<div id='gallery-7' class='gallery galleryid-505 gallery-columns-3 gallery-size-thumbnail'><dl class='gallery-item'>\n\t\t\t<dt class='gallery-icon portrait'>\n\t\t\t\t<a href='https:\/\/oh2ap.fi\/wp-content\/uploads\/2017\/03\/Valotusmaski-24-V-ja-28-V.png' title=\"\" data-rl_title=\"\" class=\"rl-gallery-link\" data-rl_caption=\"\" data-rel=\"lightbox-gallery-7\"><img loading=\"lazy\" decoding=\"async\" width=\"150\" height=\"150\" src=\"https:\/\/oh2ap.fi\/wp-content\/uploads\/2017\/03\/Valotusmaski-24-V-ja-28-V-150x150.png\" class=\"attachment-thumbnail size-thumbnail\" alt=\"\" \/><\/a>\n\t\t\t<\/dt><\/dl><dl class='gallery-item'>\n\t\t\t<dt class='gallery-icon landscape'>\n\t\t\t\t<a href='https:\/\/oh2ap.fi\/wp-content\/uploads\/2017\/03\/Piirikortti-24-V-ja-28-V.png' title=\"\" data-rl_title=\"\" class=\"rl-gallery-link\" data-rl_caption=\"\" data-rel=\"lightbox-gallery-7\"><img loading=\"lazy\" decoding=\"async\" width=\"150\" height=\"150\" src=\"https:\/\/oh2ap.fi\/wp-content\/uploads\/2017\/03\/Piirikortti-24-V-ja-28-V-150x150.png\" class=\"attachment-thumbnail size-thumbnail\" alt=\"\" \/><\/a>\n\t\t\t<\/dt><\/dl><dl class='gallery-item'>\n\t\t\t<dt class='gallery-icon landscape'>\n\t\t\t\t<a href='https:\/\/oh2ap.fi\/wp-content\/uploads\/2017\/03\/Kytkentakaavio-24-V-ja-28-V.png' title=\"\" data-rl_title=\"\" class=\"rl-gallery-link\" data-rl_caption=\"\" data-rel=\"lightbox-gallery-7\"><img loading=\"lazy\" decoding=\"async\" width=\"150\" height=\"150\" src=\"https:\/\/oh2ap.fi\/wp-content\/uploads\/2017\/03\/Kytkentakaavio-24-V-ja-28-V-150x150.png\" class=\"attachment-thumbnail size-thumbnail\" alt=\"\" \/><\/a>\n\t\t\t<\/dt><\/dl><br style=\"clear: both\" \/><dl class='gallery-item'>\n\t\t\t<dt class='gallery-icon landscape'>\n\t\t\t\t<a href='https:\/\/oh2ap.fi\/wp-content\/uploads\/2017\/03\/Komponenttisijoittelu-24-V-28-V.png' title=\"\" data-rl_title=\"\" class=\"rl-gallery-link\" data-rl_caption=\"\" data-rel=\"lightbox-gallery-7\"><img loading=\"lazy\" decoding=\"async\" width=\"150\" height=\"150\" src=\"https:\/\/oh2ap.fi\/wp-content\/uploads\/2017\/03\/Komponenttisijoittelu-24-V-28-V-150x150.png\" class=\"attachment-thumbnail size-thumbnail\" alt=\"\" \/><\/a>\n\t\t\t<\/dt><\/dl>\n\t\t\t<br style='clear: both' \/>\n\t\t<\/div>\n\n<\/li>\n<\/ul>\n\n\n<div class=\"wp-block-media-text is-stacked-on-mobile\"><figure class=\"wp-block-media-text__media\"><\/figure><div class=\"wp-block-media-text__content\">\n<p><\/p>\n<\/div><\/div>\n\n\n\n<figure class=\"wp-block-gallery has-nested-images columns-default is-cropped wp-block-gallery-1 is-layout-flex wp-block-gallery-is-layout-flex\"><\/figure>\n\n\n\n\n\n\n","protected":false},"excerpt":{"rendered":"<p>T\u00e4\u00e4lt\u00e4 l\u00f6yd\u00e4t tietoa Kari Sir\u00e9nin, OH2NFZ, rakenteluprojekteista. Linearinen j\u00e4nnitel\u00e4hde:\u00a0 Lineaarinen jannitelahde 24-26-28 V 40 A \u00a0 (03\/2024)\u00a0 Lineaarij\u00e4nnitel\u00e4hde 24V 22A\u00a0\u00a0 (11\/2023):\u00a0 \u00a0Jannitelahde 24 V 22 A esittely ;\u00a0\u00a0 piirikaavio ;\u00a0 osiensijoittelu ;\u00a0\u00a0 muuntajayksikko ; valotusmaski \u00a0\u00a0 . Lineaaritehol\u00e4hde \u00a0 (3\/2017): Lineaaritehol\u00e4hteen rakentaminen J\u00e4nnitel\u00e4hde 50 V 40 A \u00a0 J\u00e4nnitel\u00e4hde 5V 6V ja 9V 10 A [&hellip;]<\/p>\n","protected":false},"author":8,"featured_media":0,"parent":502,"menu_order":10,"comment_status":"closed","ping_status":"closed","template":"","meta":{"footnotes":""},"class_list":["post-505","page","type-page","status-publish","hentry"],"_links":{"self":[{"href":"https:\/\/oh2ap.fi\/index.php?rest_route=\/wp\/v2\/pages\/505","targetHints":{"allow":["GET"]}}],"collection":[{"href":"https:\/\/oh2ap.fi\/index.php?rest_route=\/wp\/v2\/pages"}],"about":[{"href":"https:\/\/oh2ap.fi\/index.php?rest_route=\/wp\/v2\/types\/page"}],"author":[{"embeddable":true,"href":"https:\/\/oh2ap.fi\/index.php?rest_route=\/wp\/v2\/users\/8"}],"replies":[{"embeddable":true,"href":"https:\/\/oh2ap.fi\/index.php?rest_route=%2Fwp%2Fv2%2Fcomments&post=505"}],"version-history":[{"count":32,"href":"https:\/\/oh2ap.fi\/index.php?rest_route=\/wp\/v2\/pages\/505\/revisions"}],"predecessor-version":[{"id":2994,"href":"https:\/\/oh2ap.fi\/index.php?rest_route=\/wp\/v2\/pages\/505\/revisions\/2994"}],"up":[{"embeddable":true,"href":"https:\/\/oh2ap.fi\/index.php?rest_route=\/wp\/v2\/pages\/502"}],"wp:attachment":[{"href":"https:\/\/oh2ap.fi\/index.php?rest_route=%2Fwp%2Fv2%2Fmedia&parent=505"}],"curies":[{"name":"wp","href":"https:\/\/api.w.org\/{rel}","templated":true}]}}