{"id":593,"date":"2017-03-25T11:23:47","date_gmt":"2017-03-25T09:23:47","guid":{"rendered":"http:\/\/oh2ap.fi\/?page_id=593"},"modified":"2026-02-18T16:48:22","modified_gmt":"2026-02-18T14:48:22","slug":"kurssit","status":"publish","type":"page","link":"https:\/\/oh2ap.fi\/?page_id=593","title":{"rendered":"Kurssit"},"content":{"rendered":"<p>Radioamat\u00f6\u00f6rien liikennett\u00e4 voit kuunnella vastaanottimellasi vaikka heti, mutta l\u00e4hetinlaitteiden k\u00e4ytt\u00f6\u00f6n tarvitset radioamat\u00f6\u00f6riluvan, jonka saat Traficom:lta suoritettuasi p\u00e4tevyystutkinnon. Tutkintoja j\u00e4rjest\u00e4\u00e4 <strong>Suomen Radioamat\u00f6\u00f6riliitto<\/strong> toimistollaan. Useat kerhot eri puolilla Suomea j\u00e4rjest\u00e4v\u00e4t kursseja ja my\u00f6s tutkintotilaisuuksia.<\/p>\n<p>P\u00e4tevyystutkintoon vaadittavat asiat voit opiskella aivan hyvin itse tai jonkun radioamat\u00f6\u00f6rin tuella. Jos tukea ei ole l\u00e4helt\u00e4 saatavissa, kerhon j\u00e4rjest\u00e4m\u00e4 kurssi on hyv\u00e4 vaihtoehto. T\u00e4ss\u00e4 esimerkki kerhomme OH2AP j\u00e4rjest\u00e4m\u00e4st\u00e4 perusluokan kurssista:<\/p>\n<blockquote class=\"wp-embedded-content\" data-secret=\"4HI3sghqdX\"><p><a href=\"https:\/\/oh2ap.fi\/?page_id=4309\">Perusluokan valmennuskurssi, syksy 2025<\/a><\/p><\/blockquote>\n<p><iframe loading=\"lazy\" class=\"wp-embedded-content\" sandbox=\"allow-scripts\" security=\"restricted\" style=\"position: absolute; visibility: hidden;\" title=\"&#8221;Perusluokan valmennuskurssi, syksy 2025&#8221; &#8212; OH2AP\" src=\"https:\/\/oh2ap.fi\/?page_id=4309&#038;embed=true#?secret=74IXrB7dCq#?secret=4HI3sghqdX\" data-secret=\"4HI3sghqdX\" width=\"600\" height=\"338\" frameborder=\"0\" marginwidth=\"0\" marginheight=\"0\" scrolling=\"no\"><\/iframe><\/p>\n<p><strong>Keski-Uudenmaan Radioamat\u00f6\u00f6rit OH2AP<\/strong> j\u00e4rjest\u00e4\u00e4 perusluokan tutkintoon valmistavia\u00a0 kursseja vuosittain. Kurssit pidet\u00e4\u00e4n p\u00e4\u00e4s\u00e4\u00e4nt\u00f6isesti &#8217;hybridin\u00e4&#8217; eli voit osallistua paikan p\u00e4\u00e4ll\u00e4 kerholla J\u00e4rvenp\u00e4\u00e4n keskustassa tai et\u00e4n\u00e4 Teams-yhteydell\u00e4.<\/p>\n<p>Kurssilla perehdyt\u00e4\u00e4n radioamat\u00f6\u00f6rin p\u00e4tevyystutkintomateriaaleihin, jotka koostuvat kahdesta osasta: radioliikenteeseen liittyv\u00e4t kansainv\u00e4liset m\u00e4\u00e4r\u00e4ykset ja liikenn\u00f6inti, sek\u00e4 radioamat\u00f6\u00f6ritoimintaan kuuluvan tekniikan perusteet.\u00a0 Tekniikka-osuuskaan ei ole rakettitiedett\u00e4 vaan ihan tavallisen kaverin osattavaa perusasiaa.<\/p>\n<p>Kurssin lopussa on mahdollisuus osallistua p\u00e4tevyystutkintoon paikan p\u00e4\u00e4ll\u00e4. Tutkintoon voi tulla my\u00f6hemminkin.<\/p>\n<p><strong>Kurssimaksua<\/strong>\u00a0ei ole vaan kurssi on kerhon j\u00e4senyyteen kuuluva etu. Ellet jo ole j\u00e4sen, voit liitty\u00e4 kerhoon kurssin alkaessa..<\/p>\n<p><strong>Seuraavan kurssin tiedot<\/strong> saat klikkaamalla yl\u00e4palkissa &#8217;Kurssit&#8217; -otsikon alaotsikkoa.<\/p>\n<p><strong>Viikonloppukurssit:<\/strong> Jos sopiva ryhm\u00e4 ilmoittautuu, viikonlopun p\u00e4iville sijoittuva intensiivikurssi voi soveltua paremmin niille, jotka esim. ty\u00f6- tai opiskelusyist\u00e4 eiv\u00e4t p\u00e4\u00e4se arki-illan kursseille. Kurssin sis\u00e4lt\u00f6 on sama kuin normaalissa perusluokan kurssissa, mutta jaoteltuna muutaman viikonlopun lauantai- ja sunnuntaip\u00e4iville 6 tunnin istunnoiksi. Ohjelmaesimerkki:\u00a0 <a href=\"http:\/\/oh2ap.fi\/?page_id=1070\">Intensiivikurssi talvi 2020<\/a><\/p>\n<p>OH2AP j\u00e4rjest\u00e4\u00e4 kurssien aikana lis\u00e4ksi torstaisin kerhoiltojen yhteydess\u00e4 kysely- ja kertaustilaisuuksia sek\u00e4 radioamat\u00f6\u00f6rilaitteisiin tutustumista kerholla. T\u00e4m\u00e4 antaa valmiutta oman aseman perustamiseen sitten, kun tutkinto on suoritettu ja oma kutsu ja asemalupa saatu.<\/p>\n<p>Jos kursseista ja opiskelusta on jotain keskusteltavaa tai kysymyksi\u00e4 mit\u00e4 vain, tervetuloa kerhoiltaan jonakin torstai-iltana klo 18 .<\/p>\n<p>Ps: kurssien kirjoittamaton periaate on, ett\u00e4 asiaa hierotaan kunkin kurssilaisen kanssa niin kauan, ett\u00e4 tutkinto on saatu l\u00e4pi\u00a0 ;)<\/p>\n<p>Pss: p\u00e4tevyystutkintohan on vain &#8217;p\u00e4\u00e4sylippu&#8217;; radioamat\u00f6\u00f6riluvan saatuasi jatkuu uusien asioiden oppiminen omaan tahtiin kiehtovan harrastuksen parissa.<\/p>\n<p><strong>Yleisluokan<\/strong> p\u00e4tevyystodistukseen vaaditavaan Tekniikka 2 -moduulin tutkintoon valmistava\u00a0 T2-kurssi j\u00e4rjestet\u00e4\u00e4n tarvittaessa, kun kiinnostuneita ilmaantuu. T2- eli yleisluokan p\u00e4tevyydell\u00e4h\u00e4n saat k\u00e4ytt\u00e4\u00e4 \u2019t\u00e4yden lain salliman l\u00e4hetystehon\u2019. Tietoa kurssista l\u00f6ytyy yl\u00e4rivin &#8217;Kurssit&#8217;-otsikon alta. Kiinnostuessasi ota yhteytt\u00e4 kerhoon.<\/p>\n<p><strong>S\u00e4hk\u00f6tyst\u00e4 eli morse-koodia<\/strong> ei vaadita radioamat\u00f6\u00f6ritutkinnossa. Joitakin t\u00e4m\u00e4 hieno &#8217;taidemuoto&#8217; kiehtoo niin, ett\u00e4 s\u00e4hk\u00f6tyksen eli cw:n opetteluun j\u00e4rjestet\u00e4\u00e4n haluttaessa kursseja. Tietoa aiheesta l\u00f6ytyy yl\u00e4rivin &#8217;Kurssit&#8217; -otsikon alla.<\/p>\n","protected":false},"excerpt":{"rendered":"<p>Radioamat\u00f6\u00f6rien liikennett\u00e4 voit kuunnella vastaanottimellasi vaikka heti, mutta l\u00e4hetinlaitteiden k\u00e4ytt\u00f6\u00f6n tarvitset radioamat\u00f6\u00f6riluvan, jonka saat Traficom:lta suoritettuasi p\u00e4tevyystutkinnon. Tutkintoja j\u00e4rjest\u00e4\u00e4 Suomen Radioamat\u00f6\u00f6riliitto toimistollaan. Useat kerhot eri puolilla Suomea j\u00e4rjest\u00e4v\u00e4t kursseja ja my\u00f6s tutkintotilaisuuksia. P\u00e4tevyystutkintoon vaadittavat asiat voit opiskella aivan hyvin itse tai jonkun radioamat\u00f6\u00f6rin tuella. Jos tukea ei ole l\u00e4helt\u00e4 saatavissa, kerhon j\u00e4rjest\u00e4m\u00e4 kurssi on hyv\u00e4 [&hellip;]<\/p>\n","protected":false},"author":8,"featured_media":0,"parent":0,"menu_order":3,"comment_status":"closed","ping_status":"closed","template":"page-templates\/full-width.php","meta":{"footnotes":""},"class_list":["post-593","page","type-page","status-publish","hentry"],"_links":{"self":[{"href":"https:\/\/oh2ap.fi\/index.php?rest_route=\/wp\/v2\/pages\/593","targetHints":{"allow":["GET"]}}],"collection":[{"href":"https:\/\/oh2ap.fi\/index.php?rest_route=\/wp\/v2\/pages"}],"about":[{"href":"https:\/\/oh2ap.fi\/index.php?rest_route=\/wp\/v2\/types\/page"}],"author":[{"embeddable":true,"href":"https:\/\/oh2ap.fi\/index.php?rest_route=\/wp\/v2\/users\/8"}],"replies":[{"embeddable":true,"href":"https:\/\/oh2ap.fi\/index.php?rest_route=%2Fwp%2Fv2%2Fcomments&post=593"}],"version-history":[{"count":25,"href":"https:\/\/oh2ap.fi\/index.php?rest_route=\/wp\/v2\/pages\/593\/revisions"}],"predecessor-version":[{"id":5320,"href":"https:\/\/oh2ap.fi\/index.php?rest_route=\/wp\/v2\/pages\/593\/revisions\/5320"}],"wp:attachment":[{"href":"https:\/\/oh2ap.fi\/index.php?rest_route=%2Fwp%2Fv2%2Fmedia&parent=593"}],"curies":[{"name":"wp","href":"https:\/\/api.w.org\/{rel}","templated":true}]}}