{"id":597,"date":"2017-03-25T11:32:54","date_gmt":"2017-03-25T09:32:54","guid":{"rendered":"http:\/\/oh2ap.fi\/?page_id=597"},"modified":"2026-01-05T19:57:59","modified_gmt":"2026-01-05T17:57:59","slug":"cw-kurssi","status":"publish","type":"page","link":"https:\/\/oh2ap.fi\/?page_id=597","title":{"rendered":"CW-kurssi"},"content":{"rendered":"\n<p>S\u00e4hk\u00f6tt\u00e4minen &#8211; tuo digitaalisista l\u00e4hetemuodoista vanhin &#8211; on parhaimmillaan kuin tanssia hyv\u00e4n orkesterin tahdittamana. Vaikka s\u00e4hk\u00f6tys ei moniin vuosiin ole ollut tutkinnnon vaatimuksena, aina siihen joku innostuu. T\u00e4ss\u00e4 alla on v. 2016 s\u00e4hk\u00f6tys (&#8217;cw&#8217;) -kurssin materiaali tutustumista varten.<\/p>\n\n\n\n<p>Kun muutama kiinnostunut l\u00f6ytyy, cw-kurssi voidaan j\u00e4rjest\u00e4\u00e4 taas uudelleen.<\/p>\n\n\n\n<p><strong>OH2AP:lla j\u00e4rjestetyn cw-s\u00e4hk\u00f6tyskurssin materiaali:<\/strong><\/p>\n\n\n\n<p><strong>Kurssin tavoite<\/strong><br>Kurssin tavoitteena on, ett\u00e4 osallistuja saa sellaisen k\u00e4yp\u00e4isen s\u00e4hk\u00f6tyksen vastaanotto- ja antotason, jolla rohkenee aloittaa cw-bandeilla QSOjen pidon ja sitten k\u00e4yt\u00e4nn\u00f6ss\u00e4 vied\u00e4 taitoaan eteenp\u00e4in.<br><strong>Kurssin muoto:<\/strong><br>Kurssi on tuettua itseopiskelua. Harjoitteluun k\u00e4ytet\u00e4\u00e4n omalle PC:lle, tabletille, \u00e4lyk\u00e4nnykk\u00e4\u00e4n tms. ladattavaa s\u00e4hk\u00f6tyksenopetusmodulia.<\/p>\n\n\n\n<p><strong>Opiskelutapa:<\/strong> <strong>Koch&#8217;in menetelm\u00e4<\/strong><br>Nykyinen viisaus sanoo, ett\u00e4 Koch&#8217;in menetelm\u00e4 (merkit annetaan nopeasti mutta harvakseltaan, aloitetaan parilla merkill\u00e4 ja lis\u00e4t\u00e4\u00e4n merkkej\u00e4 sit\u00e4 mukaan kun aikaisempien merkkien rytmit ovat sopivasti iskostuneet mieleen) on oppimisen kannalta tuloksellisin ja sille on saatavissa k\u00e4yp\u00e4isi\u00e4 &#8217;harjoitusautomaatteja&#8217;.&nbsp; (<a href=\"http:\/\/oh2ap.fi\/wp-content\/uploads\/2017\/03\/NiIRZ-k\u00e4\u00e4nn\u00f6s.pdf\">t\u00e4ss\u00e4 lis\u00e4\u00e4 Koch&#8217;in menetelm\u00e4st\u00e4 )<\/a><\/p>\n\n\n\n<p>Opiskeluun k\u00e4ytet\u00e4\u00e4n netist\u00e4 ladattavia cw-treenausohjelmia: lcwo.net ja G4FON: ohjelmia k\u00e4ytet\u00e4\u00e4n omatoimiseen harjoitteluun, ohjeellisesti 15&#8230;30 min p\u00e4iv\u00e4ss\u00e4. Muutaman viikon v\u00e4lein istutaan porukalla, vedet\u00e4\u00e4n kokemuksia yhteen ja tutkitaan avoimia kysymyksi\u00e4 sek\u00e4 katsotaan mm. erilaisia s\u00e4hk\u00f6tysavaimia, workkimistapoja jne.<\/p>\n\n\n\n<p><em>Oppiminen edellytt\u00e4\u00e4 sinulta sis\u00e4ist\u00e4 sitoutumista siihen, ett\u00e4 joka p\u00e4iv\u00e4 otat inakin tuon 20 min. omaa aikaa harjoituksen tekemiseen;&nbsp; n\u00e4in &#8217;merkkien soundit&#8217; tarttuvat mieleen ja asia etenee.&nbsp; Silloin olet maalissa 2 kk kuluessa.<\/em><\/p>\n\n\n\n<p>Koch&#8217;in menetelm\u00e4ss\u00e4 opetellaan vastaanotto &#8211; &#8217;kopitus&#8217; &#8211; kunnolla ensin; l\u00e4hett\u00e4mist\u00e4 &#8211; &#8217;antoa&#8217; &#8211; harjoitellaan sitten, kun vastaanotto sujuu. Eli s\u00e4hk\u00f6tysavainta ei tarvitse eik\u00e4 pid\u00e4k\u00e4\u00e4n menn\u00e4 heti ostamaan..<\/p>\n\n\n\n<p><strong>Ohjelmistoty\u00f6kalut:<\/strong><br>S\u00e4hk\u00f6tyksen treenausohjelma windowsille: http:\/\/www.g4fon.net\/&nbsp;&nbsp;&nbsp;&nbsp;&nbsp;&nbsp;&nbsp;&nbsp;&nbsp;&nbsp;&nbsp;&nbsp;&nbsp;&nbsp;&nbsp;&nbsp;&nbsp;&nbsp;&nbsp;&nbsp;&nbsp;&nbsp;&nbsp;&nbsp;&nbsp;&nbsp;&nbsp;&nbsp;&nbsp;&nbsp;&nbsp;&nbsp;&nbsp;&nbsp;&nbsp; Selaimella toimiva harjoitusty\u00f6kalu: https:\/\/noseynick.net\/va3nnw\/cw\/<br>S\u00e4hk\u00f6tyksen opettelun sivusto: lcwo.net<br>S\u00e4hk\u00f6tyksen ty\u00f6kalu androidille: http:\/\/www.iz2uuf.net\/wp\/index.php\/2012\/07\/02\/koch\/ Kooditaulukkoja l\u00e4het\u00e4misen harjoitteluun ym. SRAL:n sivuilta:<br>https:\/\/www.ar-x.fi\/related_data\/oppaat\/Sahkotysaapinen.ja.harjoituskirjaimisto.arx.pdf<br>Taustaa Koch-menetelm\u00e4n k\u00e4yt\u00f6lle: http:\/\/www.qsl.net\/n1irz\/finley.morse.html (k\u00e4\u00e4nn\u00f6s: <a href=\"http:\/\/oh2ap.fi\/wp-content\/uploads\/2017\/03\/NiIRZ-k\u00e4\u00e4nn\u00f6s.pdf\">NiIRZ k\u00e4\u00e4nn\u00f6s<\/a><\/p>\n\n\n\n<p>Kurssin aikana laitetut materiaalit t\u00e4ss\u00e4 alla:<\/p>\n\n\n\n<p>Kurssipalaveri 2: <a href=\"http:\/\/oh2ap.fi\/wp-content\/uploads\/2017\/03\/Cw-kurssi-2.pdf\">Cw-kurssi 2<\/a>&nbsp; (s\u00e4hk\u00f6tysavaimista)<\/p>\n\n\n\n<p>Kurssipalaveri 3:&nbsp; <a href=\"http:\/\/oh2ap.fi\/wp-content\/uploads\/2017\/03\/Cw-kurssi-3.pdf\">Cw-kurssi 3<\/a> ( s\u00e4hk\u00f6tysnopeuksista k\u00e4yt\u00e4nn\u00f6ss\u00e4)<\/p>\n\n\n\n<p>Kurssipalaveri 4: <a href=\"http:\/\/oh2ap.fi\/wp-content\/uploads\/2017\/03\/Cw-kurssi-4.pdf\">Cw-kurssi 4&nbsp;<\/a> (s\u00e4hk\u00f6tysopetteluvideo &#8211; linkkej\u00e4)<\/p>\n\n\n\n<p>Kurssipalaveri 5:&nbsp; <a href=\"http:\/\/oh2ap.fi\/wp-content\/uploads\/2021\/06\/Cw-kurssimateriaali-5.pdf\">Cw-kurssimateriaali 5<\/a>&nbsp;&nbsp;&nbsp;&nbsp; (Harjoitusrutiineja, -&#8217;robotteja&#8217; ja muutakin &#8211; p\u00e4ivitys)<\/p>\n\n\n\n<p>Kurssipalaveri 6:&nbsp; <a href=\"http:\/\/oh2ap.fi\/wp-content\/uploads\/2017\/03\/Cw-kurssimateriaali-6.pdf\">Cw-kurssimateriaali 6<\/a>&nbsp;&nbsp; (harjoitus- ja tarkistusnauhoituksia ARRL:n sivuilla)<\/p>\n\n\n\n<p>Rakennussarjoja ym:&nbsp; <a href=\"http:\/\/oh2ap.fi\/wp-content\/uploads\/2017\/03\/Cw-rakennussarjoja.pdf\">Cw-rakennussarjoja<\/a>&nbsp;&nbsp; (pari el-bugia ym.)<\/p>\n\n\n\n<p>ja lopuksi tavoitteenasetantaa:&nbsp; <a href=\"http:\/\/oh2ap.fi\/wp-content\/uploads\/2017\/03\/Paras_sahkottaja.pdf\">Paras_sahkottaja<\/a><\/p>\n\n\n\n<p>..&nbsp; ja niille, jotka intiss\u00e4 eiv\u00e4t ehtineet t\u00e4h\u00e4n mukaan: <a href=\"https:\/\/g4foc.org\/\">First Class CW Operators&#8217; Club<\/a><\/p>\n\n\n\n<p>.. ja jos nyt ehdottomasti kuitenkin haluaa aloittaa hitaalla nopeudella jne., hyv\u00e4\u00e4 pohjaa saa vaikka kuuntelemalla W1AW:n cw-harjoitustekstej\u00e4, joita tulee liki p\u00e4ivitt\u00e4in aseman taajuuksilla ja my\u00f6skin webist\u00e4 mp3- ja text-fileina: https:\/\/www.arrl.org\/w1aw-operating-schedule<\/p>\n","protected":false},"excerpt":{"rendered":"<p>S\u00e4hk\u00f6tt\u00e4minen &#8211; tuo digitaalisista l\u00e4hetemuodoista vanhin &#8211; on parhaimmillaan kuin tanssia hyv\u00e4n orkesterin tahdittamana. Vaikka s\u00e4hk\u00f6tys ei moniin vuosiin ole ollut tutkinnnon vaatimuksena, aina siihen joku innostuu. T\u00e4ss\u00e4 alla on v. 2016 s\u00e4hk\u00f6tys (&#8217;cw&#8217;) -kurssin materiaali tutustumista varten. Kun muutama kiinnostunut l\u00f6ytyy, cw-kurssi voidaan j\u00e4rjest\u00e4\u00e4 taas uudelleen. OH2AP:lla j\u00e4rjestetyn cw-s\u00e4hk\u00f6tyskurssin materiaali: Kurssin tavoiteKurssin tavoitteena on, [&hellip;]<\/p>\n","protected":false},"author":8,"featured_media":0,"parent":593,"menu_order":4,"comment_status":"closed","ping_status":"closed","template":"page-templates\/full-width.php","meta":{"footnotes":""},"class_list":["post-597","page","type-page","status-publish","hentry"],"_links":{"self":[{"href":"https:\/\/oh2ap.fi\/index.php?rest_route=\/wp\/v2\/pages\/597","targetHints":{"allow":["GET"]}}],"collection":[{"href":"https:\/\/oh2ap.fi\/index.php?rest_route=\/wp\/v2\/pages"}],"about":[{"href":"https:\/\/oh2ap.fi\/index.php?rest_route=\/wp\/v2\/types\/page"}],"author":[{"embeddable":true,"href":"https:\/\/oh2ap.fi\/index.php?rest_route=\/wp\/v2\/users\/8"}],"replies":[{"embeddable":true,"href":"https:\/\/oh2ap.fi\/index.php?rest_route=%2Fwp%2Fv2%2Fcomments&post=597"}],"version-history":[{"count":21,"href":"https:\/\/oh2ap.fi\/index.php?rest_route=\/wp\/v2\/pages\/597\/revisions"}],"predecessor-version":[{"id":5229,"href":"https:\/\/oh2ap.fi\/index.php?rest_route=\/wp\/v2\/pages\/597\/revisions\/5229"}],"up":[{"embeddable":true,"href":"https:\/\/oh2ap.fi\/index.php?rest_route=\/wp\/v2\/pages\/593"}],"wp:attachment":[{"href":"https:\/\/oh2ap.fi\/index.php?rest_route=%2Fwp%2Fv2%2Fmedia&parent=597"}],"curies":[{"name":"wp","href":"https:\/\/api.w.org\/{rel}","templated":true}]}}