{"id":6,"date":"2013-08-03T18:11:33","date_gmt":"2013-08-03T15:11:33","guid":{"rendered":"http:\/\/oh2ap.hosting.evecy.fi\/?page_id=6"},"modified":"2025-11-03T12:38:12","modified_gmt":"2025-11-03T10:38:12","slug":"kerho","status":"publish","type":"page","link":"https:\/\/oh2ap.fi\/?page_id=6","title":{"rendered":"Kerho"},"content":{"rendered":"\n<p><strong>Kerhoillat<\/strong><\/p>\n\n\n\n<p>Kerhoillat pidet\u00e4\u00e4n torstaisin kello 18 eteenp\u00e4in Seurojentalon yl\u00e4kerrassa. Osoite on Kartanontie 20, J\u00e4rvenp\u00e4\u00e4. Keltainen talo sijaitsee m\u00e4en p\u00e4\u00e4ll\u00e4 ja kerhotila sijaitsee yl\u00e4kerrassa.<\/p>\n\n\n\n<figure class=\"wp-block-gallery has-nested-images columns-3 is-cropped wp-block-gallery-1 is-layout-flex wp-block-gallery-is-layout-flex\">\n<figure class=\"wp-block-image size-large\"><img loading=\"lazy\" decoding=\"async\" width=\"800\" height=\"450\" data-id=\"88\" src=\"https:\/\/oh2ap.fi\/wp-content\/uploads\/2014\/05\/20140515_002.jpg\" alt=\"\" class=\"wp-image-88\" srcset=\"https:\/\/oh2ap.fi\/wp-content\/uploads\/2014\/05\/20140515_002.jpg 800w, https:\/\/oh2ap.fi\/wp-content\/uploads\/2014\/05\/20140515_002-300x168.jpg 300w, https:\/\/oh2ap.fi\/wp-content\/uploads\/2014\/05\/20140515_002-624x351.jpg 624w\" sizes=\"auto, (max-width: 800px) 100vw, 800px\" \/><\/figure>\n\n\n\n<figure class=\"wp-block-image size-large\"><img loading=\"lazy\" decoding=\"async\" width=\"800\" height=\"450\" data-id=\"87\" src=\"https:\/\/oh2ap.fi\/wp-content\/uploads\/2013\/08\/20140515_005.jpg\" alt=\"\" class=\"wp-image-87\" srcset=\"https:\/\/oh2ap.fi\/wp-content\/uploads\/2013\/08\/20140515_005.jpg 800w, https:\/\/oh2ap.fi\/wp-content\/uploads\/2013\/08\/20140515_005-300x168.jpg 300w, https:\/\/oh2ap.fi\/wp-content\/uploads\/2013\/08\/20140515_005-250x140.jpg 250w, https:\/\/oh2ap.fi\/wp-content\/uploads\/2013\/08\/20140515_005-150x84.jpg 150w\" sizes=\"auto, (max-width: 800px) 100vw, 800px\" \/><\/figure>\n<\/figure>\n\n\n\n<p>Tietoa kuluvan viikon ohjelmasta saa n\u00e4iden sivujen etusivulta.<\/p>\n\n\n\n<p><\/p>\n","protected":false},"excerpt":{"rendered":"<p>Kerhoillat Kerhoillat pidet\u00e4\u00e4n torstaisin kello 18 eteenp\u00e4in Seurojentalon yl\u00e4kerrassa. Osoite on Kartanontie 20, J\u00e4rvenp\u00e4\u00e4. Keltainen talo sijaitsee m\u00e4en p\u00e4\u00e4ll\u00e4 ja kerhotila sijaitsee yl\u00e4kerrassa. Tietoa kuluvan viikon ohjelmasta saa n\u00e4iden sivujen etusivulta.<\/p>\n","protected":false},"author":8,"featured_media":0,"parent":0,"menu_order":2,"comment_status":"closed","ping_status":"open","template":"page-templates\/full-width.php","meta":{"footnotes":""},"class_list":["post-6","page","type-page","status-publish","hentry"],"_links":{"self":[{"href":"https:\/\/oh2ap.fi\/index.php?rest_route=\/wp\/v2\/pages\/6","targetHints":{"allow":["GET"]}}],"collection":[{"href":"https:\/\/oh2ap.fi\/index.php?rest_route=\/wp\/v2\/pages"}],"about":[{"href":"https:\/\/oh2ap.fi\/index.php?rest_route=\/wp\/v2\/types\/page"}],"author":[{"embeddable":true,"href":"https:\/\/oh2ap.fi\/index.php?rest_route=\/wp\/v2\/users\/8"}],"replies":[{"embeddable":true,"href":"https:\/\/oh2ap.fi\/index.php?rest_route=%2Fwp%2Fv2%2Fcomments&post=6"}],"version-history":[{"count":18,"href":"https:\/\/oh2ap.fi\/index.php?rest_route=\/wp\/v2\/pages\/6\/revisions"}],"predecessor-version":[{"id":5102,"href":"https:\/\/oh2ap.fi\/index.php?rest_route=\/wp\/v2\/pages\/6\/revisions\/5102"}],"wp:attachment":[{"href":"https:\/\/oh2ap.fi\/index.php?rest_route=%2Fwp%2Fv2%2Fmedia&parent=6"}],"curies":[{"name":"wp","href":"https:\/\/api.w.org\/{rel}","templated":true}]}}