{"id":7,"date":"2013-08-03T18:11:52","date_gmt":"2013-08-03T15:11:52","guid":{"rendered":"http:\/\/oh2ap.hosting.evecy.fi\/?page_id=7"},"modified":"2025-11-03T12:41:17","modified_gmt":"2025-11-03T10:41:17","slug":"kuvia","status":"publish","type":"page","link":"https:\/\/oh2ap.fi\/?page_id=7","title":{"rendered":"Juhlakokous"},"content":{"rendered":"\n<p>Kuvia Juhlakokouksesta 10.12.2015 Korona-baarissa ja Pikkujoulup\u00e4iv\u00e4lliselt\u00e4:<\/p>\n\n\n\n<figure class=\"wp-block-gallery has-nested-images columns-3 is-cropped wp-block-gallery-1 is-layout-flex wp-block-gallery-is-layout-flex\">\n<figure class=\"wp-block-image size-large\"><img loading=\"lazy\" decoding=\"async\" width=\"858\" height=\"570\" data-id=\"336\" src=\"https:\/\/oh2ap.fi\/wp-content\/uploads\/2013\/08\/3214a20.jpg\" alt=\"\" class=\"wp-image-336\" srcset=\"https:\/\/oh2ap.fi\/wp-content\/uploads\/2013\/08\/3214a20.jpg 858w, https:\/\/oh2ap.fi\/wp-content\/uploads\/2013\/08\/3214a20-300x199.jpg 300w, https:\/\/oh2ap.fi\/wp-content\/uploads\/2013\/08\/3214a20-624x414.jpg 624w\" sizes=\"auto, (max-width: 858px) 100vw, 858px\" \/><\/figure>\n\n\n\n<figure class=\"wp-block-image size-large\"><img loading=\"lazy\" decoding=\"async\" width=\"858\" height=\"570\" data-id=\"332\" src=\"https:\/\/oh2ap.fi\/wp-content\/uploads\/2013\/08\/3210a20.jpg\" alt=\"\" class=\"wp-image-332\" srcset=\"https:\/\/oh2ap.fi\/wp-content\/uploads\/2013\/08\/3210a20.jpg 858w, https:\/\/oh2ap.fi\/wp-content\/uploads\/2013\/08\/3210a20-300x199.jpg 300w, https:\/\/oh2ap.fi\/wp-content\/uploads\/2013\/08\/3210a20-624x414.jpg 624w\" sizes=\"auto, (max-width: 858px) 100vw, 858px\" \/><\/figure>\n<\/figure>\n\n\n\n<p>Jouko OH2BAN kertoi Juhlakokouksessa perustamisajankohdan aktiviteeteista:<\/p>\n\n\n\n<figure class=\"wp-block-gallery has-nested-images columns-3 is-cropped wp-block-gallery-2 is-layout-flex wp-block-gallery-is-layout-flex\">\n<figure class=\"wp-block-image size-large\"><img loading=\"lazy\" decoding=\"async\" width=\"858\" height=\"570\" data-id=\"334\" src=\"https:\/\/oh2ap.fi\/wp-content\/uploads\/2013\/08\/3237a20.jpg\" alt=\"\" class=\"wp-image-334\" srcset=\"https:\/\/oh2ap.fi\/wp-content\/uploads\/2013\/08\/3237a20.jpg 858w, https:\/\/oh2ap.fi\/wp-content\/uploads\/2013\/08\/3237a20-300x199.jpg 300w, https:\/\/oh2ap.fi\/wp-content\/uploads\/2013\/08\/3237a20-624x414.jpg 624w\" sizes=\"auto, (max-width: 858px) 100vw, 858px\" \/><\/figure>\n\n\n\n<figure class=\"wp-block-image size-large\"><img loading=\"lazy\" decoding=\"async\" width=\"858\" height=\"570\" data-id=\"330\" src=\"https:\/\/oh2ap.fi\/wp-content\/uploads\/2013\/08\/3236a20.jpg\" alt=\"\" class=\"wp-image-330\" srcset=\"https:\/\/oh2ap.fi\/wp-content\/uploads\/2013\/08\/3236a20.jpg 858w, https:\/\/oh2ap.fi\/wp-content\/uploads\/2013\/08\/3236a20-300x199.jpg 300w, https:\/\/oh2ap.fi\/wp-content\/uploads\/2013\/08\/3236a20-624x414.jpg 624w\" sizes=\"auto, (max-width: 858px) 100vw, 858px\" \/><\/figure>\n\n\n\n<figure class=\"wp-block-image size-large\"><img loading=\"lazy\" decoding=\"async\" width=\"858\" height=\"570\" data-id=\"333\" src=\"https:\/\/oh2ap.fi\/wp-content\/uploads\/2013\/08\/3241a20.jpg\" alt=\"\" class=\"wp-image-333\" srcset=\"https:\/\/oh2ap.fi\/wp-content\/uploads\/2013\/08\/3241a20.jpg 858w, https:\/\/oh2ap.fi\/wp-content\/uploads\/2013\/08\/3241a20-300x199.jpg 300w, https:\/\/oh2ap.fi\/wp-content\/uploads\/2013\/08\/3241a20-624x414.jpg 624w\" sizes=\"auto, (max-width: 858px) 100vw, 858px\" \/><\/figure>\n<\/figure>\n\n\n\n<p>Lis\u00e4\u00e4 kuvia l\u00f6ytyy kerhon kautta.<\/p>\n","protected":false},"excerpt":{"rendered":"<p>Kuvia Juhlakokouksesta 10.12.2015 Korona-baarissa ja Pikkujoulup\u00e4iv\u00e4lliselt\u00e4: Jouko OH2BAN kertoi Juhlakokouksessa perustamisajankohdan aktiviteeteista: Lis\u00e4\u00e4 kuvia l\u00f6ytyy kerhon kautta.<\/p>\n","protected":false},"author":8,"featured_media":0,"parent":360,"menu_order":0,"comment_status":"closed","ping_status":"closed","template":"page-templates\/full-width.php","meta":{"footnotes":""},"class_list":["post-7","page","type-page","status-publish","hentry"],"_links":{"self":[{"href":"https:\/\/oh2ap.fi\/index.php?rest_route=\/wp\/v2\/pages\/7","targetHints":{"allow":["GET"]}}],"collection":[{"href":"https:\/\/oh2ap.fi\/index.php?rest_route=\/wp\/v2\/pages"}],"about":[{"href":"https:\/\/oh2ap.fi\/index.php?rest_route=\/wp\/v2\/types\/page"}],"author":[{"embeddable":true,"href":"https:\/\/oh2ap.fi\/index.php?rest_route=\/wp\/v2\/users\/8"}],"replies":[{"embeddable":true,"href":"https:\/\/oh2ap.fi\/index.php?rest_route=%2Fwp%2Fv2%2Fcomments&post=7"}],"version-history":[{"count":8,"href":"https:\/\/oh2ap.fi\/index.php?rest_route=\/wp\/v2\/pages\/7\/revisions"}],"predecessor-version":[{"id":5105,"href":"https:\/\/oh2ap.fi\/index.php?rest_route=\/wp\/v2\/pages\/7\/revisions\/5105"}],"up":[{"embeddable":true,"href":"https:\/\/oh2ap.fi\/index.php?rest_route=\/wp\/v2\/pages\/360"}],"wp:attachment":[{"href":"https:\/\/oh2ap.fi\/index.php?rest_route=%2Fwp%2Fv2%2Fmedia&parent=7"}],"curies":[{"name":"wp","href":"https:\/\/api.w.org\/{rel}","templated":true}]}}