{"id":8,"date":"2013-08-03T18:12:15","date_gmt":"2013-08-03T15:12:15","guid":{"rendered":"http:\/\/oh2ap.hosting.evecy.fi\/?page_id=8"},"modified":"2025-11-03T12:38:50","modified_gmt":"2025-11-03T10:38:50","slug":"jaseneksi","status":"publish","type":"page","link":"https:\/\/oh2ap.fi\/?page_id=8","title":{"rendered":"J\u00e4seneksi"},"content":{"rendered":"\n<p>Oletko kiinnostunut liittym\u00e4\u00e4n j\u00e4seneksi Keski-Uudenmaan Radioamat\u00f6\u00f6rikerhoon? Ota yhteys Aarnoon, OH2HAI, osoitteeseen oh2ap &#8221;\u00e4t&#8221; oh2ap piste fi tai poikkea kerhoiltaan jonain torstai-iltana.<\/p>\n\n\n\n<p>J\u00e4senlomakkeen voit tulostaa itsellesi <a href=\"http:\/\/oh2ap.fi\/wp-content\/uploads\/2024\/03\/JASENLOMAKE-2024.doc\">J\u00c4SENLOMAKE-2024<\/a> &nbsp; (.doc)&nbsp; tai <a href=\"http:\/\/oh2ap.fi\/wp-content\/uploads\/2024\/03\/JASENLOMAKE-2024.pdf\">J\u00c4SENLOMAKE-2024<\/a>&nbsp; (.pdf), ja tuoda sen t\u00e4ytettyn\u00e4 vaikkapa torstain kerhoiltaan.<\/p>\n","protected":false},"excerpt":{"rendered":"<p>Oletko kiinnostunut liittym\u00e4\u00e4n j\u00e4seneksi Keski-Uudenmaan Radioamat\u00f6\u00f6rikerhoon? Ota yhteys Aarnoon, OH2HAI, osoitteeseen oh2ap &#8221;\u00e4t&#8221; oh2ap piste fi tai poikkea kerhoiltaan jonain torstai-iltana. J\u00e4senlomakkeen voit tulostaa itsellesi J\u00c4SENLOMAKE-2024 &nbsp; (.doc)&nbsp; tai J\u00c4SENLOMAKE-2024&nbsp; (.pdf), ja tuoda sen t\u00e4ytettyn\u00e4 vaikkapa torstain kerhoiltaan.<\/p>\n","protected":false},"author":8,"featured_media":0,"parent":6,"menu_order":2,"comment_status":"closed","ping_status":"open","template":"page-templates\/full-width.php","meta":{"footnotes":""},"class_list":["post-8","page","type-page","status-publish","hentry"],"_links":{"self":[{"href":"https:\/\/oh2ap.fi\/index.php?rest_route=\/wp\/v2\/pages\/8","targetHints":{"allow":["GET"]}}],"collection":[{"href":"https:\/\/oh2ap.fi\/index.php?rest_route=\/wp\/v2\/pages"}],"about":[{"href":"https:\/\/oh2ap.fi\/index.php?rest_route=\/wp\/v2\/types\/page"}],"author":[{"embeddable":true,"href":"https:\/\/oh2ap.fi\/index.php?rest_route=\/wp\/v2\/users\/8"}],"replies":[{"embeddable":true,"href":"https:\/\/oh2ap.fi\/index.php?rest_route=%2Fwp%2Fv2%2Fcomments&post=8"}],"version-history":[{"count":8,"href":"https:\/\/oh2ap.fi\/index.php?rest_route=\/wp\/v2\/pages\/8\/revisions"}],"predecessor-version":[{"id":5103,"href":"https:\/\/oh2ap.fi\/index.php?rest_route=\/wp\/v2\/pages\/8\/revisions\/5103"}],"up":[{"embeddable":true,"href":"https:\/\/oh2ap.fi\/index.php?rest_route=\/wp\/v2\/pages\/6"}],"wp:attachment":[{"href":"https:\/\/oh2ap.fi\/index.php?rest_route=%2Fwp%2Fv2%2Fmedia&parent=8"}],"curies":[{"name":"wp","href":"https:\/\/api.w.org\/{rel}","templated":true}]}}