{"id":874,"date":"2018-06-06T20:21:19","date_gmt":"2018-06-06T17:21:19","guid":{"rendered":"http:\/\/oh2ap.fi\/?page_id=874"},"modified":"2025-06-05T17:09:55","modified_gmt":"2025-06-05T14:09:55","slug":"jasenrekisterin-rekisteriseloste","status":"publish","type":"page","link":"https:\/\/oh2ap.fi\/?page_id=874","title":{"rendered":"J\u00e4senrekisterin rekisteriseloste"},"content":{"rendered":"<div dir=\"ltr\">\n<div dir=\"ltr\">EU:n tietosuoja-asetus (GDPR) edellytt\u00e4\u00e4, ett\u00e4 asetusta noudatetaan kaikessa henkil\u00f6tietojen k\u00e4sittelyss\u00e4, my\u00f6s yhdistystoiminnassa.<\/div>\n<div dir=\"ltr\"><\/div>\n<div dir=\"ltr\">Keski-Uudenmaan Radioamat\u00f6\u00f6rit ry OH2AP:n j\u00e4senrekisterin GDPR:n mukainen rekisteriseloste on n\u00e4ht\u00e4viss\u00e4 liitteen\u00e4 alla. Yhteenvetona seuraavaa:<\/div>\n<div dir=\"ltr\">&#8211; OH2AP pit\u00e4\u00e4 yll\u00e4 j\u00e4senrekisteriss\u00e4 luetteloa j\u00e4senist\u00e4\u00e4n sen mukaan kuin yhdistyslaki velvoittaa;<\/div>\n<div dir=\"ltr\">&#8211; nimen ja yhteystietojen lis\u00e4ksi tietoihin kuuluu kutsu, jota tarvitaan QSL-korttipalvelun hoitamiseen. Tiedot ker\u00e4t\u00e4\u00e4n j\u00e4senelt\u00e4 itselt\u00e4\u00e4n;<\/div>\n<div dir=\"ltr\">&#8211; rekisteri\u00e4 yll\u00e4pit\u00e4\u00e4 yhdistyksen rahastonhoitaja;<\/div>\n<div dir=\"ltr\">&#8211; tietoja k\u00e4ytet\u00e4\u00e4n j\u00e4senasioiden hoitoon ja j\u00e4sentiedotteisiin sek\u00e4 QSL-palvelun hoitoon;<\/div>\n<div dir=\"ltr\">&#8211; j\u00e4senen tietoja ei luovuteta ulkopuolisille mainos- tms. tarkoituksiin;<\/div>\n<div dir=\"ltr\">&#8211; j\u00e4senell\u00e4 on oikeus halutessaan saada omat tietonsa tarkastettaviksi.<\/div>\n<div dir=\"ltr\"><\/div>\n<div dir=\"ltr\"><\/div>\n<\/div>\n<div dir=\"ltr\"><\/div>\n<div dir=\"ltr\"><a href=\"http:\/\/oh2ap.fi\/wp-content\/uploads\/2018\/06\/REKISTERISELOSTE.pdf\">REKISTERISELOSTE<\/a><\/div>\n<div dir=\"ltr\"><\/div>\n<div dir=\"ltr\"><\/div>\n","protected":false},"excerpt":{"rendered":"<p>EU:n tietosuoja-asetus (GDPR) edellytt\u00e4\u00e4, ett\u00e4 asetusta noudatetaan kaikessa henkil\u00f6tietojen k\u00e4sittelyss\u00e4, my\u00f6s yhdistystoiminnassa. Keski-Uudenmaan Radioamat\u00f6\u00f6rit ry OH2AP:n j\u00e4senrekisterin GDPR:n mukainen rekisteriseloste on n\u00e4ht\u00e4viss\u00e4 liitteen\u00e4 alla. Yhteenvetona seuraavaa: &#8211; OH2AP pit\u00e4\u00e4 yll\u00e4 j\u00e4senrekisteriss\u00e4 luetteloa j\u00e4senist\u00e4\u00e4n sen mukaan kuin yhdistyslaki velvoittaa; &#8211; nimen ja yhteystietojen lis\u00e4ksi tietoihin kuuluu kutsu, jota tarvitaan QSL-korttipalvelun hoitamiseen. Tiedot ker\u00e4t\u00e4\u00e4n j\u00e4senelt\u00e4 itselt\u00e4\u00e4n; &#8211; [&hellip;]<\/p>\n","protected":false},"author":8,"featured_media":0,"parent":6,"menu_order":5,"comment_status":"closed","ping_status":"closed","template":"page-templates\/full-width.php","meta":{"footnotes":""},"class_list":["post-874","page","type-page","status-publish","hentry"],"_links":{"self":[{"href":"https:\/\/oh2ap.fi\/index.php?rest_route=\/wp\/v2\/pages\/874","targetHints":{"allow":["GET"]}}],"collection":[{"href":"https:\/\/oh2ap.fi\/index.php?rest_route=\/wp\/v2\/pages"}],"about":[{"href":"https:\/\/oh2ap.fi\/index.php?rest_route=\/wp\/v2\/types\/page"}],"author":[{"embeddable":true,"href":"https:\/\/oh2ap.fi\/index.php?rest_route=\/wp\/v2\/users\/8"}],"replies":[{"embeddable":true,"href":"https:\/\/oh2ap.fi\/index.php?rest_route=%2Fwp%2Fv2%2Fcomments&post=874"}],"version-history":[{"count":6,"href":"https:\/\/oh2ap.fi\/index.php?rest_route=\/wp\/v2\/pages\/874\/revisions"}],"predecessor-version":[{"id":881,"href":"https:\/\/oh2ap.fi\/index.php?rest_route=\/wp\/v2\/pages\/874\/revisions\/881"}],"up":[{"embeddable":true,"href":"https:\/\/oh2ap.fi\/index.php?rest_route=\/wp\/v2\/pages\/6"}],"wp:attachment":[{"href":"https:\/\/oh2ap.fi\/index.php?rest_route=%2Fwp%2Fv2%2Fmedia&parent=874"}],"curies":[{"name":"wp","href":"https:\/\/api.w.org\/{rel}","templated":true}]}}